{"id":174604,"date":"2022-08-22T09:36:25","date_gmt":"2022-08-22T09:36:27","guid":{"rendered":"https:\/\/www.erresse-shop.it\/?post_type=product&#038;p=174604"},"modified":"2022-08-22T09:42:25","modified_gmt":"2022-08-22T09:42:25","slug":"ruffoni-historia-decor-bratpfanne-26-cm","status":"publish","type":"product","link":"https:\/\/www.erresse-shop.it\/de\/shop\/toepfe-pfannen\/pfannen\/ruffoni-historia-decor-bratpfanne-26-cm\/","title":{"rendered":"RUFFONI Historia Decor Bratpfanne 26 cm"},"content":{"rendered":"<p>Die Verarbeitung von Kupfer ist nun Ruffoni eine echte Leidenschaft , die Verwirklichung der hohen Qualit\u00e4tsstandards der Hauptzweck ist , ist die \u00dcberwindung aller Welt Ma\u00dfst\u00e4be in puncto Sicherheit f\u00fcr den Verkauf von Blei in Lebensmitteln eine grundlegende Pflicht, dem hat immer eingehalten starr . Das hohe Ansehen , dass das Team Ruffoni Feeds, um ihre Arbeit sie in v\u00f6lliger Gr\u00fcndlichkeit Verwendung von wiederverwertbaren Materialien sowohl f\u00fcr Produkte als auch f\u00fcr Verpackung und lieber manuelle Techniken auf g\u00fcnstigere chemische Prozesse und mechanische Bearbeitung erfordert handeln . Made in Italy<\/p>\n<p><strong>DAS PRODUKT<\/strong><br \/>\nUnsere Philosophie ist es, professionelle Produkte zu produzieren , ohne Schn\u00f6rkel , wie wir Privileg N\u00fctzlichkeit , Benutzerfreundlichkeit und pr\u00e4zise Verarbeitung zu erleichtern. Als f\u00fcr den Erfolg des Kochens , jedem dieser St\u00fccke machen wir als wesentlich f\u00fcr die Auswahl der Zutaten und der Arbeitsweise .<\/p>\n<p><strong>KUPFER<\/strong><br \/>\nDa wir nur gekauft bei zertifizierten Anbietern und die Dicke verwendet wird je nach Produkt und Art der K\u00fcche bestimmt.<\/p>\n<p><strong>HISTORIA DECOR<\/strong><\/p>\n<p>Das mit Zinn ausgekleidete legend\u00e4re geh\u00e4mmerte Kupferkochgeschirr, mit dem wir Jahrhunderte der Geschichte, Erfahrung und Traditionen neu erleben. In der Werkstatt der Familie Ruffoni in den italienischen Alpen von einem einzigen Kupferblech geh\u00e4mmert, sorgen diese Kochgeschirre f\u00fcr maximale W\u00e4rmeleitf\u00e4higkeit und Temperaturkontrolle. Der Innenraum wird von Hand mit der reinsten, haltbaren nichtreaktiven Dose ausgekleidet. Vernietete, handgegossene Bronzegriffe und Deckelkn\u00f6pfe verleihen der einzigartigen Qualit\u00e4t dieser Objekte einen kr\u00f6nenden Abschluss. Empfohlen zum Kochen auf dem Gasherd oder im Ofen und f\u00fcr eine umwerfende Pr\u00e4sentation am Tisch.<\/p>\n<p>Hand in den italienischen Alpen geh\u00e4mmert Kupferschmiede von Meister, es ist perfekt f\u00fcr einen Ofen zu Tisch Pr\u00e4sentation.<\/p>\n<p>Geeignet f\u00fcr den Einsatz auf allen Brennern ( au\u00dfer Induktion ) .<\/p>\n<p><strong>Made in Italy<\/strong><\/p>\n","protected":false},"excerpt":{"rendered":"<p>Die Verarbeitung von Kupfer ist nun Ruffoni eine echte Leidenschaft , die Verwirklichung der hohen Qualit\u00e4tsstandards der Hauptzweck ist ,<\/p>\n","protected":false},"featured_media":21414,"template":"","meta":{"_acf_changed":false,"inline_featured_image":false},"product_cat":[6709,14801],"product_tag":[24681,11718,11605],"acf":[],"yoast_head":"<!-- This site is optimized with the Yoast SEO Premium plugin v18.6 (Yoast SEO v19.13) - https:\/\/yoast.com\/wordpress\/plugins\/seo\/ -->\n<title>RUFFONI Historia Decor Bratpfanne 26 cm - Erresse Shop<\/title>\n<meta name=\"description\" content=\"Die Verarbeitung von Kupfer ist nun Ruffoni eine echte Leidenschaft , die Verwirklichung der hohen Qualit\u00e4tsstandards der Hauptzweck ist , ist die\" \/>\n<meta name=\"robots\" content=\"index, follow, max-snippet:-1, max-image-preview:large, max-video-preview:-1\" \/>\n<link rel=\"canonical\" href=\"https:\/\/www.erresse-shop.it\/de\/shop\/toepfe-pfannen\/pfannen\/ruffoni-historia-decor-bratpfanne-26-cm\/\" \/>\n<meta property=\"og:locale\" content=\"de_DE\" \/>\n<meta property=\"og:type\" content=\"article\" \/>\n<meta property=\"og:title\" content=\"RUFFONI Historia Decor Bratpfanne 26 cm\" \/>\n<meta property=\"og:description\" content=\"Die Verarbeitung von Kupfer ist nun Ruffoni eine echte Leidenschaft , die Verwirklichung der hohen Qualit\u00e4tsstandards der Hauptzweck ist , ist die\" \/>\n<meta property=\"og:url\" content=\"https:\/\/www.erresse-shop.it\/de\/shop\/toepfe-pfannen\/pfannen\/ruffoni-historia-decor-bratpfanne-26-cm\/\" \/>\n<meta property=\"og:site_name\" content=\"Erresse Shop\" \/>\n<meta property=\"article:modified_time\" content=\"2022-08-22T09:42:25+00:00\" \/>\n<meta property=\"og:image\" content=\"https:\/\/www.erresse-shop.it\/wp-content\/uploads\/2017\/04\/products-3106-2.jpg\" \/>\n\t<meta property=\"og:image:width\" content=\"1500\" \/>\n\t<meta property=\"og:image:height\" content=\"660\" \/>\n\t<meta property=\"og:image:type\" content=\"image\/jpeg\" \/>\n<meta name=\"twitter:card\" content=\"summary_large_image\" \/>\n<script type=\"application\/ld+json\" class=\"yoast-schema-graph\">{\"@context\":\"https:\/\/schema.org\",\"@graph\":[{\"@type\":\"WebPage\",\"@id\":\"https:\/\/www.erresse-shop.it\/de\/shop\/toepfe-pfannen\/pfannen\/ruffoni-historia-decor-bratpfanne-26-cm\/\",\"url\":\"https:\/\/www.erresse-shop.it\/de\/shop\/toepfe-pfannen\/pfannen\/ruffoni-historia-decor-bratpfanne-26-cm\/\",\"name\":\"RUFFONI Historia Decor Bratpfanne 26 cm - Erresse Shop\",\"isPartOf\":{\"@id\":\"https:\/\/www.erresse-shop.it\/de\/#website\"},\"datePublished\":\"2022-08-22T09:36:27+00:00\",\"dateModified\":\"2022-08-22T09:42:25+00:00\",\"description\":\"Die Verarbeitung von Kupfer ist nun Ruffoni eine echte Leidenschaft , die Verwirklichung der hohen Qualit\u00e4tsstandards der Hauptzweck ist , ist die\",\"breadcrumb\":{\"@id\":\"https:\/\/www.erresse-shop.it\/de\/shop\/toepfe-pfannen\/pfannen\/ruffoni-historia-decor-bratpfanne-26-cm\/#breadcrumb\"},\"inLanguage\":\"de-DE\",\"potentialAction\":[{\"@type\":\"ReadAction\",\"target\":[\"https:\/\/www.erresse-shop.it\/de\/shop\/toepfe-pfannen\/pfannen\/ruffoni-historia-decor-bratpfanne-26-cm\/\"]}]},{\"@type\":\"BreadcrumbList\",\"@id\":\"https:\/\/www.erresse-shop.it\/de\/shop\/toepfe-pfannen\/pfannen\/ruffoni-historia-decor-bratpfanne-26-cm\/#breadcrumb\",\"itemListElement\":[{\"@type\":\"ListItem\",\"position\":1,\"name\":\"Home\",\"item\":\"https:\/\/www.erresse-shop.it\/de\/\"},{\"@type\":\"ListItem\",\"position\":2,\"name\":\"Shop\",\"item\":\"https:\/\/www.erresse-shop.it\/de\/shop\/\"},{\"@type\":\"ListItem\",\"position\":3,\"name\":\"RUFFONI Historia Decor Bratpfanne 26 cm\"}]},{\"@type\":\"WebSite\",\"@id\":\"https:\/\/www.erresse-shop.it\/de\/#website\",\"url\":\"https:\/\/www.erresse-shop.it\/de\/\",\"name\":\"Erresse Shop\",\"description\":\"Articoli di qualit\u00e0 per la casa\",\"potentialAction\":[{\"@type\":\"SearchAction\",\"target\":{\"@type\":\"EntryPoint\",\"urlTemplate\":\"https:\/\/www.erresse-shop.it\/de\/?s={search_term_string}\"},\"query-input\":\"required name=search_term_string\"}],\"inLanguage\":\"de-DE\"}]}<\/script>\n<!-- \/ Yoast SEO Premium plugin. -->","yoast_head_json":{"title":"RUFFONI Historia Decor Bratpfanne 26 cm - Erresse Shop","description":"Die Verarbeitung von Kupfer ist nun Ruffoni eine echte Leidenschaft , die Verwirklichung der hohen Qualit\u00e4tsstandards der Hauptzweck ist , ist die","robots":{"index":"index","follow":"follow","max-snippet":"max-snippet:-1","max-image-preview":"max-image-preview:large","max-video-preview":"max-video-preview:-1"},"canonical":"https:\/\/www.erresse-shop.it\/de\/shop\/toepfe-pfannen\/pfannen\/ruffoni-historia-decor-bratpfanne-26-cm\/","og_locale":"de_DE","og_type":"article","og_title":"RUFFONI Historia Decor Bratpfanne 26 cm","og_description":"Die Verarbeitung von Kupfer ist nun Ruffoni eine echte Leidenschaft , die Verwirklichung der hohen Qualit\u00e4tsstandards der Hauptzweck ist , ist die","og_url":"https:\/\/www.erresse-shop.it\/de\/shop\/toepfe-pfannen\/pfannen\/ruffoni-historia-decor-bratpfanne-26-cm\/","og_site_name":"Erresse Shop","article_modified_time":"2022-08-22T09:42:25+00:00","og_image":[{"width":"1500","height":"660","url":"https:\/\/www.erresse-shop.it\/wp-content\/uploads\/2017\/04\/products-3106-2.jpg","type":"image\/jpeg"}],"twitter_card":"summary_large_image","schema":{"@context":"https:\/\/schema.org","@graph":[{"@type":"WebPage","@id":"https:\/\/www.erresse-shop.it\/de\/shop\/toepfe-pfannen\/pfannen\/ruffoni-historia-decor-bratpfanne-26-cm\/","url":"https:\/\/www.erresse-shop.it\/de\/shop\/toepfe-pfannen\/pfannen\/ruffoni-historia-decor-bratpfanne-26-cm\/","name":"RUFFONI Historia Decor Bratpfanne 26 cm - Erresse Shop","isPartOf":{"@id":"https:\/\/www.erresse-shop.it\/de\/#website"},"datePublished":"2022-08-22T09:36:27+00:00","dateModified":"2022-08-22T09:42:25+00:00","description":"Die Verarbeitung von Kupfer ist nun Ruffoni eine echte Leidenschaft , die Verwirklichung der hohen Qualit\u00e4tsstandards der Hauptzweck ist , ist die","breadcrumb":{"@id":"https:\/\/www.erresse-shop.it\/de\/shop\/toepfe-pfannen\/pfannen\/ruffoni-historia-decor-bratpfanne-26-cm\/#breadcrumb"},"inLanguage":"de-DE","potentialAction":[{"@type":"ReadAction","target":["https:\/\/www.erresse-shop.it\/de\/shop\/toepfe-pfannen\/pfannen\/ruffoni-historia-decor-bratpfanne-26-cm\/"]}]},{"@type":"BreadcrumbList","@id":"https:\/\/www.erresse-shop.it\/de\/shop\/toepfe-pfannen\/pfannen\/ruffoni-historia-decor-bratpfanne-26-cm\/#breadcrumb","itemListElement":[{"@type":"ListItem","position":1,"name":"Home","item":"https:\/\/www.erresse-shop.it\/de\/"},{"@type":"ListItem","position":2,"name":"Shop","item":"https:\/\/www.erresse-shop.it\/de\/shop\/"},{"@type":"ListItem","position":3,"name":"RUFFONI Historia Decor Bratpfanne 26 cm"}]},{"@type":"WebSite","@id":"https:\/\/www.erresse-shop.it\/de\/#website","url":"https:\/\/www.erresse-shop.it\/de\/","name":"Erresse Shop","description":"Articoli di qualit\u00e0 per la casa","potentialAction":[{"@type":"SearchAction","target":{"@type":"EntryPoint","urlTemplate":"https:\/\/www.erresse-shop.it\/de\/?s={search_term_string}"},"query-input":"required name=search_term_string"}],"inLanguage":"de-DE"}]}},"df_price":114,"df_sale_price":114,"df_regular_price":228,"df_image_link":"https:\/\/www.erresse-shop.it\/wp-content\/uploads\/2017\/04\/products-3106-2.jpg","_links":{"self":[{"href":"https:\/\/www.erresse-shop.it\/de\/wp-json\/wp\/v2\/product\/174604"}],"collection":[{"href":"https:\/\/www.erresse-shop.it\/de\/wp-json\/wp\/v2\/product"}],"about":[{"href":"https:\/\/www.erresse-shop.it\/de\/wp-json\/wp\/v2\/types\/product"}],"wp:featuredmedia":[{"embeddable":true,"href":"https:\/\/www.erresse-shop.it\/de\/wp-json\/wp\/v2\/media\/21414"}],"wp:attachment":[{"href":"https:\/\/www.erresse-shop.it\/de\/wp-json\/wp\/v2\/media?parent=174604"}],"wp:term":[{"taxonomy":"product_cat","embeddable":true,"href":"https:\/\/www.erresse-shop.it\/de\/wp-json\/wp\/v2\/product_cat?post=174604"},{"taxonomy":"product_tag","embeddable":true,"href":"https:\/\/www.erresse-shop.it\/de\/wp-json\/wp\/v2\/product_tag?post=174604"}],"curies":[{"name":"wp","href":"https:\/\/api.w.org\/{rel}","templated":true}]}}