{"id":172662,"date":"2022-07-27T07:38:28","date_gmt":"2022-07-27T07:38:32","guid":{"rendered":"https:\/\/www.erresse-shop.it\/?post_type=product&#038;p=172662"},"modified":"2025-01-16T14:58:44","modified_gmt":"2025-01-16T14:58:44","slug":"demeyere-wok-26-cm","status":"publish","type":"product","link":"https:\/\/www.erresse-shop.it\/de\/shop\/toepfe-pfannen\/wok-topf-pfanne\/demeyere-wok-26-cm\/","title":{"rendered":"DEMEYERE Wok 26 cm"},"content":{"rendered":"<p>In diesem Demeyere-Wok mit flachem Boden k\u00f6nnen Sie delikate fern\u00f6stliche Gerichte braten, d\u00e4mpfen und kochen. Das 7-lagige Material des 26-cm-Woks sorgt daf\u00fcr, dass die Speisen in der Mitte sehr hei\u00df werden, w\u00e4hrend die Speisen an den Seiten k\u00fchler bleiben, so dass alle Speisen beim Pfannenr\u00fchren gleichm\u00e4\u00dfig gegart werden. Gem\u00fcse, Fleisch, Fisch und Gefl\u00fcgel werden durch Anbraten zubereitet, d. h. durch Schwenken und Wenden der Zutaten in etwas \u00d6l. Die Innen- und Au\u00dfenseite des Woks sind mit Silvinox\u00ae beschichtet. Vergessen Sie verf\u00e4rbte Oberfl\u00e4chen und Rost. Der flache Boden kann auf jeder Art von Kochfeld verwendet werden, auch auf Induktionskochfeldern. Mit der TriplInduc-Technologie k\u00f6nnen Sie w\u00e4hrend des Kochens die Energiequelle wechseln, ohne dass es zu einem Leistungsverlust kommt. Die W\u00e4rmeleitung ist dank des 2,3 mm dicken Mehrschichtmaterials hervorragend. Mit diesem Wok mit flachem Boden aus der Wok-Serie von Demeyere k\u00f6nnen Sie eine Vielzahl k\u00f6stlicher, authentischer asiatischer Gerichte zubereiten, die Sie und Ihre G\u00e4ste in den Fernen Osten entf\u00fchren.<\/p>\n<ul>\n<li>Edelstahl 18\/10 mit Silvinox\u00ae: hygienisch und leicht zu reinigen<\/li>\n<li>7-Schicht-Material bis zum Rand (2,3 mm): perfekte W\u00e4rmeverteilung f\u00fcr Pommes frites<\/li>\n<li>Geschwei\u00dfte Edelstahlgriffe: extrem robust und hygienisch<\/li>\n<li>Geeignet f\u00fcr den Backofen und alle Arten von Kochfeldern, aucH Induktionskochfelder<\/li>\n<\/ul>\n<p><strong>Farbe:<\/strong> Silber<br \/>\n<strong>Material:<\/strong> Edelstahl 18\/10<br \/>\n<strong>Grifftyp:<\/strong> langer Griff<br \/>\n<strong>Oberfl\u00e4chenbehandlung:<\/strong> Silvinox<br \/>\n<strong>Untere Technologie:<\/strong> 7 Schichten<br \/>\n<strong>Vorhandener Deckel:<\/strong> nein<br \/>\n<strong>Induktion:<\/strong> Ja<br \/>\n<strong>F\u00fcr den Backofen geeignet:<\/strong> Ja<br \/>\n<strong>Zum Grillen geeignet:<\/strong> Ja<br \/>\n<strong>Unempfindlich gegen Metallgegenst\u00e4nde:<\/strong> Ja<br \/>\n<strong>Sp\u00fclmaschinenfest:<\/strong> Ja<\/p>\n","protected":false},"excerpt":{"rendered":"<p>In diesem Demeyere-Wok mit flachem Boden k\u00f6nnen Sie delikate fern\u00f6stliche Gerichte braten, d\u00e4mpfen und kochen. Das 7-lagige Material des 26-cm-Woks<\/p>\n","protected":false},"featured_media":509449,"template":"","meta":{"_acf_changed":false,"inline_featured_image":false},"product_cat":[6709,6781],"product_tag":[25027,11395,23911,24398,25022,11690],"acf":[],"yoast_head":"<!-- This site is optimized with the Yoast SEO Premium plugin v18.6 (Yoast SEO v19.13) - https:\/\/yoast.com\/wordpress\/plugins\/seo\/ -->\n<title>DEMEYERE Wok 26 cm<\/title>\n<meta name=\"description\" content=\"Entdecken Sie DEMEYERE Wok 26 cm bei ErresseShop. Qualit\u00e4t, Stil und Funktionalit\u00e4t \u2013 jetzt online bestellen!\" \/>\n<meta name=\"robots\" content=\"index, follow, max-snippet:-1, max-image-preview:large, max-video-preview:-1\" \/>\n<link rel=\"canonical\" href=\"https:\/\/www.erresse-shop.it\/de\/shop\/toepfe-pfannen\/wok-topf-pfanne\/demeyere-wok-26-cm\/\" \/>\n<meta property=\"og:locale\" content=\"de_DE\" \/>\n<meta property=\"og:type\" content=\"article\" \/>\n<meta property=\"og:title\" content=\"DEMEYERE Wok 26 cm\" \/>\n<meta property=\"og:description\" content=\"Entdecken Sie DEMEYERE Wok 26 cm bei ErresseShop. Qualit\u00e4t, Stil und Funktionalit\u00e4t \u2013 jetzt online bestellen!\" \/>\n<meta property=\"og:url\" content=\"https:\/\/www.erresse-shop.it\/de\/shop\/toepfe-pfannen\/wok-topf-pfanne\/demeyere-wok-26-cm\/\" \/>\n<meta property=\"og:site_name\" content=\"Erresse Shop\" \/>\n<meta property=\"article:modified_time\" content=\"2025-01-16T14:58:44+00:00\" \/>\n<meta property=\"og:image\" content=\"https:\/\/www.erresse-shop.it\/wp-content\/uploads\/2022\/07\/DEMEYERE-Wok-26-cm.png\" \/>\n\t<meta property=\"og:image:width\" content=\"800\" \/>\n\t<meta property=\"og:image:height\" content=\"800\" \/>\n\t<meta property=\"og:image:type\" content=\"image\/png\" \/>\n<meta name=\"twitter:card\" content=\"summary_large_image\" \/>\n<script type=\"application\/ld+json\" class=\"yoast-schema-graph\">{\"@context\":\"https:\/\/schema.org\",\"@graph\":[{\"@type\":\"WebPage\",\"@id\":\"https:\/\/www.erresse-shop.it\/de\/shop\/toepfe-pfannen\/wok-topf-pfanne\/demeyere-wok-26-cm\/\",\"url\":\"https:\/\/www.erresse-shop.it\/de\/shop\/toepfe-pfannen\/wok-topf-pfanne\/demeyere-wok-26-cm\/\",\"name\":\"DEMEYERE Wok 26 cm\",\"isPartOf\":{\"@id\":\"https:\/\/www.erresse-shop.it\/de\/#website\"},\"datePublished\":\"2022-07-27T07:38:32+00:00\",\"dateModified\":\"2025-01-16T14:58:44+00:00\",\"description\":\"Entdecken Sie DEMEYERE Wok 26 cm bei ErresseShop. Qualit\u00e4t, Stil und Funktionalit\u00e4t \u2013 jetzt online bestellen!\",\"breadcrumb\":{\"@id\":\"https:\/\/www.erresse-shop.it\/de\/shop\/toepfe-pfannen\/wok-topf-pfanne\/demeyere-wok-26-cm\/#breadcrumb\"},\"inLanguage\":\"de-DE\",\"potentialAction\":[{\"@type\":\"ReadAction\",\"target\":[\"https:\/\/www.erresse-shop.it\/de\/shop\/toepfe-pfannen\/wok-topf-pfanne\/demeyere-wok-26-cm\/\"]}]},{\"@type\":\"BreadcrumbList\",\"@id\":\"https:\/\/www.erresse-shop.it\/de\/shop\/toepfe-pfannen\/wok-topf-pfanne\/demeyere-wok-26-cm\/#breadcrumb\",\"itemListElement\":[{\"@type\":\"ListItem\",\"position\":1,\"name\":\"Home\",\"item\":\"https:\/\/www.erresse-shop.it\/de\/\"},{\"@type\":\"ListItem\",\"position\":2,\"name\":\"Shop\",\"item\":\"https:\/\/www.erresse-shop.it\/de\/shop\/\"},{\"@type\":\"ListItem\",\"position\":3,\"name\":\"DEMEYERE Wok 26 cm\"}]},{\"@type\":\"WebSite\",\"@id\":\"https:\/\/www.erresse-shop.it\/de\/#website\",\"url\":\"https:\/\/www.erresse-shop.it\/de\/\",\"name\":\"Erresse Shop\",\"description\":\"Articoli di qualit\u00e0 per la casa\",\"potentialAction\":[{\"@type\":\"SearchAction\",\"target\":{\"@type\":\"EntryPoint\",\"urlTemplate\":\"https:\/\/www.erresse-shop.it\/de\/?s={search_term_string}\"},\"query-input\":\"required name=search_term_string\"}],\"inLanguage\":\"de-DE\"}]}<\/script>\n<!-- \/ Yoast SEO Premium plugin. -->","yoast_head_json":{"title":"DEMEYERE Wok 26 cm","description":"Entdecken Sie DEMEYERE Wok 26 cm bei ErresseShop. Qualit\u00e4t, Stil und Funktionalit\u00e4t \u2013 jetzt online bestellen!","robots":{"index":"index","follow":"follow","max-snippet":"max-snippet:-1","max-image-preview":"max-image-preview:large","max-video-preview":"max-video-preview:-1"},"canonical":"https:\/\/www.erresse-shop.it\/de\/shop\/toepfe-pfannen\/wok-topf-pfanne\/demeyere-wok-26-cm\/","og_locale":"de_DE","og_type":"article","og_title":"DEMEYERE Wok 26 cm","og_description":"Entdecken Sie DEMEYERE Wok 26 cm bei ErresseShop. Qualit\u00e4t, Stil und Funktionalit\u00e4t \u2013 jetzt online bestellen!","og_url":"https:\/\/www.erresse-shop.it\/de\/shop\/toepfe-pfannen\/wok-topf-pfanne\/demeyere-wok-26-cm\/","og_site_name":"Erresse Shop","article_modified_time":"2025-01-16T14:58:44+00:00","og_image":[{"width":800,"height":800,"url":"https:\/\/www.erresse-shop.it\/wp-content\/uploads\/2022\/07\/DEMEYERE-Wok-26-cm.png","type":"image\/png"}],"twitter_card":"summary_large_image","schema":{"@context":"https:\/\/schema.org","@graph":[{"@type":"WebPage","@id":"https:\/\/www.erresse-shop.it\/de\/shop\/toepfe-pfannen\/wok-topf-pfanne\/demeyere-wok-26-cm\/","url":"https:\/\/www.erresse-shop.it\/de\/shop\/toepfe-pfannen\/wok-topf-pfanne\/demeyere-wok-26-cm\/","name":"DEMEYERE Wok 26 cm","isPartOf":{"@id":"https:\/\/www.erresse-shop.it\/de\/#website"},"datePublished":"2022-07-27T07:38:32+00:00","dateModified":"2025-01-16T14:58:44+00:00","description":"Entdecken Sie DEMEYERE Wok 26 cm bei ErresseShop. Qualit\u00e4t, Stil und Funktionalit\u00e4t \u2013 jetzt online bestellen!","breadcrumb":{"@id":"https:\/\/www.erresse-shop.it\/de\/shop\/toepfe-pfannen\/wok-topf-pfanne\/demeyere-wok-26-cm\/#breadcrumb"},"inLanguage":"de-DE","potentialAction":[{"@type":"ReadAction","target":["https:\/\/www.erresse-shop.it\/de\/shop\/toepfe-pfannen\/wok-topf-pfanne\/demeyere-wok-26-cm\/"]}]},{"@type":"BreadcrumbList","@id":"https:\/\/www.erresse-shop.it\/de\/shop\/toepfe-pfannen\/wok-topf-pfanne\/demeyere-wok-26-cm\/#breadcrumb","itemListElement":[{"@type":"ListItem","position":1,"name":"Home","item":"https:\/\/www.erresse-shop.it\/de\/"},{"@type":"ListItem","position":2,"name":"Shop","item":"https:\/\/www.erresse-shop.it\/de\/shop\/"},{"@type":"ListItem","position":3,"name":"DEMEYERE Wok 26 cm"}]},{"@type":"WebSite","@id":"https:\/\/www.erresse-shop.it\/de\/#website","url":"https:\/\/www.erresse-shop.it\/de\/","name":"Erresse Shop","description":"Articoli di qualit\u00e0 per la casa","potentialAction":[{"@type":"SearchAction","target":{"@type":"EntryPoint","urlTemplate":"https:\/\/www.erresse-shop.it\/de\/?s={search_term_string}"},"query-input":"required name=search_term_string"}],"inLanguage":"de-DE"}]}},"df_price":149.95,"df_sale_price":149.95,"df_regular_price":199,"df_image_link":"https:\/\/www.erresse-shop.it\/wp-content\/uploads\/2022\/07\/DEMEYERE-Wok-26-cm-300x300.jpg","_links":{"self":[{"href":"https:\/\/www.erresse-shop.it\/de\/wp-json\/wp\/v2\/product\/172662"}],"collection":[{"href":"https:\/\/www.erresse-shop.it\/de\/wp-json\/wp\/v2\/product"}],"about":[{"href":"https:\/\/www.erresse-shop.it\/de\/wp-json\/wp\/v2\/types\/product"}],"wp:featuredmedia":[{"embeddable":true,"href":"https:\/\/www.erresse-shop.it\/de\/wp-json\/wp\/v2\/media\/509449"}],"wp:attachment":[{"href":"https:\/\/www.erresse-shop.it\/de\/wp-json\/wp\/v2\/media?parent=172662"}],"wp:term":[{"taxonomy":"product_cat","embeddable":true,"href":"https:\/\/www.erresse-shop.it\/de\/wp-json\/wp\/v2\/product_cat?post=172662"},{"taxonomy":"product_tag","embeddable":true,"href":"https:\/\/www.erresse-shop.it\/de\/wp-json\/wp\/v2\/product_tag?post=172662"}],"curies":[{"name":"wp","href":"https:\/\/api.w.org\/{rel}","templated":true}]}}