{"id":172417,"date":"2022-07-25T12:58:39","date_gmt":"2022-07-25T12:58:49","guid":{"rendered":"https:\/\/www.erresse-shop.it\/?post_type=product&#038;p=172417"},"modified":"2025-01-22T07:20:28","modified_gmt":"2025-01-22T07:20:28","slug":"zwilling-sous-vide-stick-vakuum-beutel","status":"publish","type":"product","link":"https:\/\/www.erresse-shop.it\/de\/shop\/kuche\/vakuum\/zwilling-sous-vide-stick-vakuum-beutel\/","title":{"rendered":"ZWILLING Sous-Vide Stick + Vakuum-Beutel"},"content":{"rendered":"<p><span style=\"text-decoration: underline;\"><strong>ACHTUNG: kostenlos 9 Vakuumbeutel Gr\u00f6\u00dfe L (in der Anhang)<\/strong><\/span><\/p>\n<p>Dein Gargut geht baden und das kann dich freuen: Mit dem ZWILLING ENFINIGY Sous-vide-Stick in Wei\u00df ist Sous-vide-Garen wirklich leicht. Als Sous-vide-Kochen oder auch Vakuum-Garen bezeichnet man das Garen im Wasserbad von klassischerweise Fleisch oder Fisch, aber auch Gem\u00fcse oder Obst. Dabei wird alles sicher verpackt im Vakuumbeutel. \u00dcber den gesamten Garzeitraum wird dabei die optimale Gartemperatur f\u00fcr das jeweilige Lebensmittel gehalten, was besonders schonendes und gleichm\u00e4\u00dfiges Garen erm\u00f6glicht. Der kompakte und handliche ZWILLING ENFINIGY Sous-vide-Stick \u00fcbernimmt nicht nur die Kontrolle \u00fcber die Wassertemperatur und Garzeit, sondern ist dar\u00fcber hinaus auch leicht zu bedienen: Die gew\u00fcnschte Temperatur und Garzeit werden einfach auf dem LED-Touch-Display eingestellt. Dank den kleinen Temperaturschritten von 0,5 \u00b0C und einer Genauigkeit von +\/- 0,1\u00b0C &#8211; 0,2 \u00b0C zwischen 40 &#8211; 70 \u00b0C kannst du den Sous-vide-Garer besonders pr\u00e4zise einstellen. W\u00e4hrend du dich unbesorgt anderen Arbeiten in der K\u00fcche widmen kannst, h\u00e4lt die Timerfunktion die Garzeit im Blick. Nach Ablauf dieser Zeit gibt der Stick ein akustisches Signal und stoppt automatisch. Und wenn du doch etwas sp\u00e4ter essen m\u00f6chtest oder deine G\u00e4ste sich versp\u00e4ten, kein Problem! Lass das Gargut einfach bei der eingestellten Temperatur im Wasserbad. Der Garpunkt ver\u00e4ndert sich nicht weiter und bleibt perfekt. Voil\u00e0, so einfach ist Sous-vide!<\/p>\n<ul>\n<li>Intuitives LED-Touch-Display mit integrierter Anzeige f\u00fcr Temperatur und Timer<\/li>\n<li>Pr\u00e4zise Temperatureinstellung von 0 \u00b0C bis 90 C\u00b0 in 0,5 \u00b0C Schritten<\/li>\n<li>Hohe Temperaturstabilit\u00e4t von +\/- 0,1 \u00b0C &#8211; 0,2 \u00b0C im Bereich von 40 \u00b0C &#8211; 70 \u00b0C<\/li>\n<li>Timerfunktion von 0 bis 99:59 Stunden jeweils in 1-Minuten-Schritten \/ Akustisches Signal nach Ablaufen der Zeit und Stick stoppt automatisch<\/li>\n<li>1200 Watt f\u00fcr besonders schnelles Aufheizen des Wassers<\/li>\n<li>Integrierte Halteklammer zur Fixierung Topf oder Beh\u00e4lter<\/li>\n<li>H\u00f6chste Sicherheit dank IPX7 Zertifizierung<\/li>\n<li>Heizk\u00f6rper aus Edelstahl mit hitzebest\u00e4ndiger Kunststoffkomponente an der Unterseite, um ein Verkratzen des Topfes zu vermeiden<\/li>\n<li>Kabell\u00e4nge 1,25 m<\/li>\n<li>Ebenfalls im Lieferumfang enthalten: Textil-Aufbewahrungstasche zum kratzsicheren Verstauen, Gartabellen und Rezeptideen<\/li>\n<\/ul>\n<p><strong>Farbe:<\/strong> Wei\u00df<br \/>\n<strong>Material:<\/strong> Edelstahl<br \/>\n<strong>Voltzahl:<\/strong> 220-240 V<br \/>\n<strong>Netzfrequenz:<\/strong> 50\/60 Hz<br \/>\n<strong>Programme:<\/strong> 3<br \/>\n<strong>LCD Display:<\/strong> Ja<br \/>\n<strong>Leistung:<\/strong> 1.200 W<\/p>\n","protected":false},"excerpt":{"rendered":"<p>ACHTUNG: kostenlos 9 Vakuumbeutel Gr\u00f6\u00dfe L (in der Anhang) Dein Gargut geht baden und das kann dich freuen: Mit dem<\/p>\n","protected":false},"featured_media":172977,"template":"","meta":{"_acf_changed":false,"inline_featured_image":false},"product_cat":[6742,26043],"product_tag":[25038,16875,23911,11905,23661,24416,25022,16876,21822],"acf":[],"yoast_head":"<!-- This site is optimized with the Yoast SEO Premium plugin v18.6 (Yoast SEO v19.13) - https:\/\/yoast.com\/wordpress\/plugins\/seo\/ -->\n<title>ZWILLING Sous-Vide Stick + Vakuum-Beutel<\/title>\n<meta name=\"description\" content=\"Entdecken Sie ZWILLING Sous-Vide Stick + Vakuum-Beutel bei ErresseShop. Qualit\u00e4t, Stil und Funktionalit\u00e4t \u2013 jetzt online bestellen!\" \/>\n<meta name=\"robots\" content=\"index, follow, max-snippet:-1, max-image-preview:large, max-video-preview:-1\" \/>\n<link rel=\"canonical\" href=\"https:\/\/www.erresse-shop.it\/de\/shop\/kuche\/vakuum\/zwilling-sous-vide-stick-vakuum-beutel\/\" \/>\n<meta property=\"og:locale\" content=\"de_DE\" \/>\n<meta property=\"og:type\" content=\"article\" \/>\n<meta property=\"og:title\" content=\"ZWILLING Sous-Vide Stick + Vakuum-Beutel\" \/>\n<meta property=\"og:description\" content=\"Entdecken Sie ZWILLING Sous-Vide Stick + Vakuum-Beutel bei ErresseShop. Qualit\u00e4t, Stil und Funktionalit\u00e4t \u2013 jetzt online bestellen!\" \/>\n<meta property=\"og:url\" content=\"https:\/\/www.erresse-shop.it\/de\/shop\/kuche\/vakuum\/zwilling-sous-vide-stick-vakuum-beutel\/\" \/>\n<meta property=\"og:site_name\" content=\"Erresse Shop\" \/>\n<meta property=\"article:modified_time\" content=\"2025-01-22T07:20:28+00:00\" \/>\n<meta property=\"og:image\" content=\"https:\/\/www.erresse-shop.it\/wp-content\/uploads\/2022\/07\/ZWILLING-Set-Sacchetti-Sottovuoto-1.jpg\" \/>\n\t<meta property=\"og:image:width\" content=\"800\" \/>\n\t<meta property=\"og:image:height\" content=\"800\" \/>\n\t<meta property=\"og:image:type\" content=\"image\/jpeg\" \/>\n<meta name=\"twitter:card\" content=\"summary_large_image\" \/>\n<script type=\"application\/ld+json\" class=\"yoast-schema-graph\">{\"@context\":\"https:\/\/schema.org\",\"@graph\":[{\"@type\":\"WebPage\",\"@id\":\"https:\/\/www.erresse-shop.it\/de\/shop\/kuche\/vakuum\/zwilling-sous-vide-stick-vakuum-beutel\/\",\"url\":\"https:\/\/www.erresse-shop.it\/de\/shop\/kuche\/vakuum\/zwilling-sous-vide-stick-vakuum-beutel\/\",\"name\":\"ZWILLING Sous-Vide Stick + Vakuum-Beutel\",\"isPartOf\":{\"@id\":\"https:\/\/www.erresse-shop.it\/de\/#website\"},\"datePublished\":\"2022-07-25T12:58:49+00:00\",\"dateModified\":\"2025-01-22T07:20:28+00:00\",\"description\":\"Entdecken Sie ZWILLING Sous-Vide Stick + Vakuum-Beutel bei ErresseShop. Qualit\u00e4t, Stil und Funktionalit\u00e4t \u2013 jetzt online bestellen!\",\"breadcrumb\":{\"@id\":\"https:\/\/www.erresse-shop.it\/de\/shop\/kuche\/vakuum\/zwilling-sous-vide-stick-vakuum-beutel\/#breadcrumb\"},\"inLanguage\":\"de-DE\",\"potentialAction\":[{\"@type\":\"ReadAction\",\"target\":[\"https:\/\/www.erresse-shop.it\/de\/shop\/kuche\/vakuum\/zwilling-sous-vide-stick-vakuum-beutel\/\"]}]},{\"@type\":\"BreadcrumbList\",\"@id\":\"https:\/\/www.erresse-shop.it\/de\/shop\/kuche\/vakuum\/zwilling-sous-vide-stick-vakuum-beutel\/#breadcrumb\",\"itemListElement\":[{\"@type\":\"ListItem\",\"position\":1,\"name\":\"Home\",\"item\":\"https:\/\/www.erresse-shop.it\/de\/\"},{\"@type\":\"ListItem\",\"position\":2,\"name\":\"Shop\",\"item\":\"https:\/\/www.erresse-shop.it\/de\/shop\/\"},{\"@type\":\"ListItem\",\"position\":3,\"name\":\"ZWILLING Sous-Vide Stick + Vakuum-Beutel\"}]},{\"@type\":\"WebSite\",\"@id\":\"https:\/\/www.erresse-shop.it\/de\/#website\",\"url\":\"https:\/\/www.erresse-shop.it\/de\/\",\"name\":\"Erresse Shop\",\"description\":\"Articoli di qualit\u00e0 per la casa\",\"potentialAction\":[{\"@type\":\"SearchAction\",\"target\":{\"@type\":\"EntryPoint\",\"urlTemplate\":\"https:\/\/www.erresse-shop.it\/de\/?s={search_term_string}\"},\"query-input\":\"required name=search_term_string\"}],\"inLanguage\":\"de-DE\"}]}<\/script>\n<!-- \/ Yoast SEO Premium plugin. -->","yoast_head_json":{"title":"ZWILLING Sous-Vide Stick + Vakuum-Beutel","description":"Entdecken Sie ZWILLING Sous-Vide Stick + Vakuum-Beutel bei ErresseShop. Qualit\u00e4t, Stil und Funktionalit\u00e4t \u2013 jetzt online bestellen!","robots":{"index":"index","follow":"follow","max-snippet":"max-snippet:-1","max-image-preview":"max-image-preview:large","max-video-preview":"max-video-preview:-1"},"canonical":"https:\/\/www.erresse-shop.it\/de\/shop\/kuche\/vakuum\/zwilling-sous-vide-stick-vakuum-beutel\/","og_locale":"de_DE","og_type":"article","og_title":"ZWILLING Sous-Vide Stick + Vakuum-Beutel","og_description":"Entdecken Sie ZWILLING Sous-Vide Stick + Vakuum-Beutel bei ErresseShop. Qualit\u00e4t, Stil und Funktionalit\u00e4t \u2013 jetzt online bestellen!","og_url":"https:\/\/www.erresse-shop.it\/de\/shop\/kuche\/vakuum\/zwilling-sous-vide-stick-vakuum-beutel\/","og_site_name":"Erresse Shop","article_modified_time":"2025-01-22T07:20:28+00:00","og_image":[{"width":800,"height":800,"url":"https:\/\/www.erresse-shop.it\/wp-content\/uploads\/2022\/07\/ZWILLING-Set-Sacchetti-Sottovuoto-1.jpg","type":"image\/jpeg"}],"twitter_card":"summary_large_image","schema":{"@context":"https:\/\/schema.org","@graph":[{"@type":"WebPage","@id":"https:\/\/www.erresse-shop.it\/de\/shop\/kuche\/vakuum\/zwilling-sous-vide-stick-vakuum-beutel\/","url":"https:\/\/www.erresse-shop.it\/de\/shop\/kuche\/vakuum\/zwilling-sous-vide-stick-vakuum-beutel\/","name":"ZWILLING Sous-Vide Stick + Vakuum-Beutel","isPartOf":{"@id":"https:\/\/www.erresse-shop.it\/de\/#website"},"datePublished":"2022-07-25T12:58:49+00:00","dateModified":"2025-01-22T07:20:28+00:00","description":"Entdecken Sie ZWILLING Sous-Vide Stick + Vakuum-Beutel bei ErresseShop. Qualit\u00e4t, Stil und Funktionalit\u00e4t \u2013 jetzt online bestellen!","breadcrumb":{"@id":"https:\/\/www.erresse-shop.it\/de\/shop\/kuche\/vakuum\/zwilling-sous-vide-stick-vakuum-beutel\/#breadcrumb"},"inLanguage":"de-DE","potentialAction":[{"@type":"ReadAction","target":["https:\/\/www.erresse-shop.it\/de\/shop\/kuche\/vakuum\/zwilling-sous-vide-stick-vakuum-beutel\/"]}]},{"@type":"BreadcrumbList","@id":"https:\/\/www.erresse-shop.it\/de\/shop\/kuche\/vakuum\/zwilling-sous-vide-stick-vakuum-beutel\/#breadcrumb","itemListElement":[{"@type":"ListItem","position":1,"name":"Home","item":"https:\/\/www.erresse-shop.it\/de\/"},{"@type":"ListItem","position":2,"name":"Shop","item":"https:\/\/www.erresse-shop.it\/de\/shop\/"},{"@type":"ListItem","position":3,"name":"ZWILLING Sous-Vide Stick + Vakuum-Beutel"}]},{"@type":"WebSite","@id":"https:\/\/www.erresse-shop.it\/de\/#website","url":"https:\/\/www.erresse-shop.it\/de\/","name":"Erresse Shop","description":"Articoli di qualit\u00e0 per la casa","potentialAction":[{"@type":"SearchAction","target":{"@type":"EntryPoint","urlTemplate":"https:\/\/www.erresse-shop.it\/de\/?s={search_term_string}"},"query-input":"required name=search_term_string"}],"inLanguage":"de-DE"}]}},"df_price":64.5,"df_sale_price":64.5,"df_regular_price":129,"df_image_link":"https:\/\/www.erresse-shop.it\/wp-content\/uploads\/2022\/07\/ZWILLING-Set-Sacchetti-Sottovuoto-1-300x300.jpg","_links":{"self":[{"href":"https:\/\/www.erresse-shop.it\/de\/wp-json\/wp\/v2\/product\/172417"}],"collection":[{"href":"https:\/\/www.erresse-shop.it\/de\/wp-json\/wp\/v2\/product"}],"about":[{"href":"https:\/\/www.erresse-shop.it\/de\/wp-json\/wp\/v2\/types\/product"}],"wp:featuredmedia":[{"embeddable":true,"href":"https:\/\/www.erresse-shop.it\/de\/wp-json\/wp\/v2\/media\/172977"}],"wp:attachment":[{"href":"https:\/\/www.erresse-shop.it\/de\/wp-json\/wp\/v2\/media?parent=172417"}],"wp:term":[{"taxonomy":"product_cat","embeddable":true,"href":"https:\/\/www.erresse-shop.it\/de\/wp-json\/wp\/v2\/product_cat?post=172417"},{"taxonomy":"product_tag","embeddable":true,"href":"https:\/\/www.erresse-shop.it\/de\/wp-json\/wp\/v2\/product_tag?post=172417"}],"curies":[{"name":"wp","href":"https:\/\/api.w.org\/{rel}","templated":true}]}}