{"id":172398,"date":"2022-07-25T10:45:13","date_gmt":"2022-07-25T10:45:14","guid":{"rendered":"https:\/\/www.erresse-shop.it\/?post_type=product&#038;p=172398"},"modified":"2025-01-22T07:10:34","modified_gmt":"2025-01-22T07:10:34","slug":"zafferano-poldina-pro-micro-tischlampe-rot","status":"publish","type":"product","link":"https:\/\/www.erresse-shop.it\/de\/shop\/einrichtung-haus\/lampen\/zafferano-poldina-pro-micro-tischlampe-rot\/","title":{"rendered":"ZAFFERANO Poldina PRO Micro Tischlampe Rot"},"content":{"rendered":"<p>Wiederaufladbare Tischleuchte, einschlie\u00dflich Kontaktladestation, mit lackiertem Aluminiumgeh\u00e4use, Polycarbonat-Diffusor und LED-Lichtquelle.<\/p>\n<p>Das Ein- und Ausschalten der Lampe erfolgt \u00fcber eine Ber\u00fchrungstaste auf der Oberseite des Diffusors; mit derselben Taste lassen sich auch die Farbtemperatur des Lichts (2200, 2700 oder 3000K) und die Lichtstromst\u00e4rke einstellen. Die Leuchte verf\u00fcgt \u00fcber die Schutzart IP65 und ist damit sowohl f\u00fcr den Innen- als auch f\u00fcr den Au\u00dfenbereich geeignet. <strong>Die Batterielebensdauer betr\u00e4gt garantiert 7\/8 Stunden<\/strong><\/p>\n<p><strong>FUNKTION ZUR AUSWAHL DER FARBTEMPERATUR<\/strong><br \/>\nSie k\u00f6nnen ein mehr oder weniger warmes Licht w\u00e4hlen, zwischen den Optionen 2700 und 3000K. Der unterschiedliche Farbton des Lichts wird als &#8220;Farbtemperatur&#8221; bezeichnet und in Kelvin-Graden (K) gemessen: 2700K bedeutet warmes Licht, 4000K entspricht komplett wei\u00dfem Licht und 6500K bedeutet kaltes, blau-wei\u00dfes Licht.<\/p>\n<ul>\n<li>Dr\u00fccken Sie bei ausgeschalteter Lampe 4 Sekunden lang leicht auf die Taste, bis eine blaue LED konstant leuchtet.<\/li>\n<li>Durch eine kurze Ber\u00fchrung des Touchpanels wird die Farbtemperatur der Lampe ge\u00e4ndert.<\/li>\n<li>Lichtdruck f\u00fcr 4 Sekunden, um die neue Farbtemperatur zu speichern und die Lampe auszuschalten.<\/li>\n<\/ul>\n<p><strong>Schutzart IP65<\/strong><br \/>\nDer IP-Schutzindex ist ein internationaler Parameter, der den Grad des Schutzes einer Leuchte gegen das Eindringen von festen und fl\u00fcssigen Partikeln klassifiziert. Die neue Poldina hat die neuen Labortests bestanden und ist daher jetzt in einer h\u00f6heren Schutzklasse: IP65.<\/p>\n<p><strong>Dimm-Speicherfunktion<\/strong><br \/>\nDiese Funktion speichert die Dimmstufen: Bei jedem Einschalten der Leuchte wird die Lichtintensit\u00e4t nicht maximal sein, sondern der zuvor eingestellten entsprechen.<\/p>\n<p><strong>ABMESSUNGEN<\/strong><br \/>\n<strong>H\u00f6he:<\/strong> 380 mm<br \/>\n<strong>Durchmesser:<\/strong> 110 mm<\/p>\n","protected":false},"excerpt":{"rendered":"<p>Wiederaufladbare Tischleuchte, einschlie\u00dflich Kontaktladestation, mit lackiertem Aluminiumgeh\u00e4use, Polycarbonat-Diffusor und LED-Lichtquelle. Das Ein- und Ausschalten der Lampe erfolgt \u00fcber eine Ber\u00fchrungstaste<\/p>\n","protected":false},"featured_media":172353,"template":"","meta":{"_acf_changed":false,"inline_featured_image":false},"product_cat":[6817,6862],"product_tag":[11593,24604,12183,11949,12218,12196,12221,12219,12181,12182],"acf":[],"yoast_head":"<!-- This site is optimized with the Yoast SEO Premium plugin v18.6 (Yoast SEO v19.13) - https:\/\/yoast.com\/wordpress\/plugins\/seo\/ -->\n<title>ZAFFERANO Poldina PRO Micro Tischlampe Rot<\/title>\n<meta name=\"description\" content=\"Entdecken Sie ZAFFERANO Poldina PRO Micro Tischlampe Rot bei ErresseShop. Qualit\u00e4t, Stil und Funktionalit\u00e4t \u2013 jetzt online bestellen!\" \/>\n<meta name=\"robots\" content=\"index, follow, max-snippet:-1, max-image-preview:large, max-video-preview:-1\" \/>\n<link rel=\"canonical\" href=\"https:\/\/www.erresse-shop.it\/de\/shop\/einrichtung-haus\/lampen\/zafferano-poldina-pro-micro-tischlampe-rot\/\" \/>\n<meta property=\"og:locale\" content=\"de_DE\" \/>\n<meta property=\"og:type\" content=\"article\" \/>\n<meta property=\"og:title\" content=\"ZAFFERANO Poldina PRO Micro Tischlampe Rot\" \/>\n<meta property=\"og:description\" content=\"Entdecken Sie ZAFFERANO Poldina PRO Micro Tischlampe Rot bei ErresseShop. Qualit\u00e4t, Stil und Funktionalit\u00e4t \u2013 jetzt online bestellen!\" \/>\n<meta property=\"og:url\" content=\"https:\/\/www.erresse-shop.it\/de\/shop\/einrichtung-haus\/lampen\/zafferano-poldina-pro-micro-tischlampe-rot\/\" \/>\n<meta property=\"og:site_name\" content=\"Erresse Shop\" \/>\n<meta property=\"article:modified_time\" content=\"2025-01-22T07:10:34+00:00\" \/>\n<meta property=\"og:image\" content=\"https:\/\/www.erresse-shop.it\/wp-content\/uploads\/2022\/07\/ZAFFERANO-Poldina-Pro-Micro-Rosso.jpg\" \/>\n\t<meta property=\"og:image:width\" content=\"800\" \/>\n\t<meta property=\"og:image:height\" content=\"800\" \/>\n\t<meta property=\"og:image:type\" content=\"image\/jpeg\" \/>\n<meta name=\"twitter:card\" content=\"summary_large_image\" \/>\n<script type=\"application\/ld+json\" class=\"yoast-schema-graph\">{\"@context\":\"https:\/\/schema.org\",\"@graph\":[{\"@type\":\"WebPage\",\"@id\":\"https:\/\/www.erresse-shop.it\/de\/shop\/einrichtung-haus\/lampen\/zafferano-poldina-pro-micro-tischlampe-rot\/\",\"url\":\"https:\/\/www.erresse-shop.it\/de\/shop\/einrichtung-haus\/lampen\/zafferano-poldina-pro-micro-tischlampe-rot\/\",\"name\":\"ZAFFERANO Poldina PRO Micro Tischlampe Rot\",\"isPartOf\":{\"@id\":\"https:\/\/www.erresse-shop.it\/de\/#website\"},\"datePublished\":\"2022-07-25T10:45:14+00:00\",\"dateModified\":\"2025-01-22T07:10:34+00:00\",\"description\":\"Entdecken Sie ZAFFERANO Poldina PRO Micro Tischlampe Rot bei ErresseShop. Qualit\u00e4t, Stil und Funktionalit\u00e4t \u2013 jetzt online bestellen!\",\"breadcrumb\":{\"@id\":\"https:\/\/www.erresse-shop.it\/de\/shop\/einrichtung-haus\/lampen\/zafferano-poldina-pro-micro-tischlampe-rot\/#breadcrumb\"},\"inLanguage\":\"de-DE\",\"potentialAction\":[{\"@type\":\"ReadAction\",\"target\":[\"https:\/\/www.erresse-shop.it\/de\/shop\/einrichtung-haus\/lampen\/zafferano-poldina-pro-micro-tischlampe-rot\/\"]}]},{\"@type\":\"BreadcrumbList\",\"@id\":\"https:\/\/www.erresse-shop.it\/de\/shop\/einrichtung-haus\/lampen\/zafferano-poldina-pro-micro-tischlampe-rot\/#breadcrumb\",\"itemListElement\":[{\"@type\":\"ListItem\",\"position\":1,\"name\":\"Home\",\"item\":\"https:\/\/www.erresse-shop.it\/de\/\"},{\"@type\":\"ListItem\",\"position\":2,\"name\":\"Shop\",\"item\":\"https:\/\/www.erresse-shop.it\/de\/shop\/\"},{\"@type\":\"ListItem\",\"position\":3,\"name\":\"ZAFFERANO Poldina PRO Micro Tischlampe Rot\"}]},{\"@type\":\"WebSite\",\"@id\":\"https:\/\/www.erresse-shop.it\/de\/#website\",\"url\":\"https:\/\/www.erresse-shop.it\/de\/\",\"name\":\"Erresse Shop\",\"description\":\"Articoli di qualit\u00e0 per la casa\",\"potentialAction\":[{\"@type\":\"SearchAction\",\"target\":{\"@type\":\"EntryPoint\",\"urlTemplate\":\"https:\/\/www.erresse-shop.it\/de\/?s={search_term_string}\"},\"query-input\":\"required name=search_term_string\"}],\"inLanguage\":\"de-DE\"}]}<\/script>\n<!-- \/ Yoast SEO Premium plugin. -->","yoast_head_json":{"title":"ZAFFERANO Poldina PRO Micro Tischlampe Rot","description":"Entdecken Sie ZAFFERANO Poldina PRO Micro Tischlampe Rot bei ErresseShop. Qualit\u00e4t, Stil und Funktionalit\u00e4t \u2013 jetzt online bestellen!","robots":{"index":"index","follow":"follow","max-snippet":"max-snippet:-1","max-image-preview":"max-image-preview:large","max-video-preview":"max-video-preview:-1"},"canonical":"https:\/\/www.erresse-shop.it\/de\/shop\/einrichtung-haus\/lampen\/zafferano-poldina-pro-micro-tischlampe-rot\/","og_locale":"de_DE","og_type":"article","og_title":"ZAFFERANO Poldina PRO Micro Tischlampe Rot","og_description":"Entdecken Sie ZAFFERANO Poldina PRO Micro Tischlampe Rot bei ErresseShop. Qualit\u00e4t, Stil und Funktionalit\u00e4t \u2013 jetzt online bestellen!","og_url":"https:\/\/www.erresse-shop.it\/de\/shop\/einrichtung-haus\/lampen\/zafferano-poldina-pro-micro-tischlampe-rot\/","og_site_name":"Erresse Shop","article_modified_time":"2025-01-22T07:10:34+00:00","og_image":[{"width":800,"height":800,"url":"https:\/\/www.erresse-shop.it\/wp-content\/uploads\/2022\/07\/ZAFFERANO-Poldina-Pro-Micro-Rosso.jpg","type":"image\/jpeg"}],"twitter_card":"summary_large_image","schema":{"@context":"https:\/\/schema.org","@graph":[{"@type":"WebPage","@id":"https:\/\/www.erresse-shop.it\/de\/shop\/einrichtung-haus\/lampen\/zafferano-poldina-pro-micro-tischlampe-rot\/","url":"https:\/\/www.erresse-shop.it\/de\/shop\/einrichtung-haus\/lampen\/zafferano-poldina-pro-micro-tischlampe-rot\/","name":"ZAFFERANO Poldina PRO Micro Tischlampe Rot","isPartOf":{"@id":"https:\/\/www.erresse-shop.it\/de\/#website"},"datePublished":"2022-07-25T10:45:14+00:00","dateModified":"2025-01-22T07:10:34+00:00","description":"Entdecken Sie ZAFFERANO Poldina PRO Micro Tischlampe Rot bei ErresseShop. Qualit\u00e4t, Stil und Funktionalit\u00e4t \u2013 jetzt online bestellen!","breadcrumb":{"@id":"https:\/\/www.erresse-shop.it\/de\/shop\/einrichtung-haus\/lampen\/zafferano-poldina-pro-micro-tischlampe-rot\/#breadcrumb"},"inLanguage":"de-DE","potentialAction":[{"@type":"ReadAction","target":["https:\/\/www.erresse-shop.it\/de\/shop\/einrichtung-haus\/lampen\/zafferano-poldina-pro-micro-tischlampe-rot\/"]}]},{"@type":"BreadcrumbList","@id":"https:\/\/www.erresse-shop.it\/de\/shop\/einrichtung-haus\/lampen\/zafferano-poldina-pro-micro-tischlampe-rot\/#breadcrumb","itemListElement":[{"@type":"ListItem","position":1,"name":"Home","item":"https:\/\/www.erresse-shop.it\/de\/"},{"@type":"ListItem","position":2,"name":"Shop","item":"https:\/\/www.erresse-shop.it\/de\/shop\/"},{"@type":"ListItem","position":3,"name":"ZAFFERANO Poldina PRO Micro Tischlampe Rot"}]},{"@type":"WebSite","@id":"https:\/\/www.erresse-shop.it\/de\/#website","url":"https:\/\/www.erresse-shop.it\/de\/","name":"Erresse Shop","description":"Articoli di qualit\u00e0 per la casa","potentialAction":[{"@type":"SearchAction","target":{"@type":"EntryPoint","urlTemplate":"https:\/\/www.erresse-shop.it\/de\/?s={search_term_string}"},"query-input":"required name=search_term_string"}],"inLanguage":"de-DE"}]}},"df_price":44.1,"df_sale_price":44.1,"df_regular_price":98,"df_image_link":"https:\/\/www.erresse-shop.it\/wp-content\/uploads\/2022\/07\/ZAFFERANO-Poldina-Pro-Micro-Rosso-300x300.jpg","_links":{"self":[{"href":"https:\/\/www.erresse-shop.it\/de\/wp-json\/wp\/v2\/product\/172398"}],"collection":[{"href":"https:\/\/www.erresse-shop.it\/de\/wp-json\/wp\/v2\/product"}],"about":[{"href":"https:\/\/www.erresse-shop.it\/de\/wp-json\/wp\/v2\/types\/product"}],"wp:featuredmedia":[{"embeddable":true,"href":"https:\/\/www.erresse-shop.it\/de\/wp-json\/wp\/v2\/media\/172353"}],"wp:attachment":[{"href":"https:\/\/www.erresse-shop.it\/de\/wp-json\/wp\/v2\/media?parent=172398"}],"wp:term":[{"taxonomy":"product_cat","embeddable":true,"href":"https:\/\/www.erresse-shop.it\/de\/wp-json\/wp\/v2\/product_cat?post=172398"},{"taxonomy":"product_tag","embeddable":true,"href":"https:\/\/www.erresse-shop.it\/de\/wp-json\/wp\/v2\/product_tag?post=172398"}],"curies":[{"name":"wp","href":"https:\/\/api.w.org\/{rel}","templated":true}]}}