{"id":171819,"date":"2022-07-21T14:32:12","date_gmt":"2022-07-21T14:32:14","guid":{"rendered":"https:\/\/www.erresse-shop.it\/?post_type=product&#038;p=171819"},"modified":"2024-04-29T00:07:46","modified_gmt":"2024-04-29T00:07:46","slug":"seletti-melted-heart-roter-spiegelrahmen","status":"publish","type":"product","link":"https:\/\/www.erresse-shop.it\/de\/shop\/einrichtung-haus\/rahmen\/seletti-melted-heart-roter-spiegelrahmen\/","title":{"rendered":"SELETTI MELTED HEART Roter Spiegelrahmen"},"content":{"rendered":"<p>Dieses Objekt hat einen goldenen Rahmen, der zu schmelzen scheint, als w\u00e4re er fl\u00fcssige Materie, eine S\u00fc\u00dfe, die Lust macht, sie zu essen, fast so, als w\u00e4re sie geschmolzene Schokolade. Die Kombination aus Schokolade und Herz ist perfekt.<\/p>\n<p>Spiegel und Rahmen<\/p>\n<p>Entwurf: Marcantonio<\/p>\n<p>Material: Porzellan, Glas<\/p>\n<p>Abmessungen: Cm. 30 h. 35<\/p>\n","protected":false},"excerpt":{"rendered":"<p>Dieses Objekt hat einen goldenen Rahmen, der zu schmelzen scheint, als w\u00e4re er fl\u00fcssige Materie, eine S\u00fc\u00dfe, die Lust macht,<\/p>\n","protected":false},"featured_media":490997,"template":"","meta":{"_acf_changed":false,"inline_featured_image":false},"product_cat":[6817,16962],"product_tag":[23661,24416,20027,14557,20028,20029,16972,25022,22579,24301],"acf":[],"yoast_head":"<!-- This site is optimized with the Yoast SEO Premium plugin v18.6 (Yoast SEO v19.13) - https:\/\/yoast.com\/wordpress\/plugins\/seo\/ -->\n<title>SELETTI MELTED HEART Roter Spiegelrahmen - Erresse Shop<\/title>\n<meta name=\"description\" content=\"Dieses Objekt hat einen goldenen Rahmen, der zu schmelzen scheint, als w\u00e4re er fl\u00fcssige Materie, eine S\u00fc\u00dfe, die Lust macht, sie zu essen, fast so, als\" \/>\n<meta name=\"robots\" content=\"index, follow, max-snippet:-1, max-image-preview:large, max-video-preview:-1\" \/>\n<link rel=\"canonical\" href=\"https:\/\/www.erresse-shop.it\/de\/shop\/einrichtung-haus\/rahmen\/seletti-melted-heart-roter-spiegelrahmen\/\" \/>\n<meta property=\"og:locale\" content=\"de_DE\" \/>\n<meta property=\"og:type\" content=\"article\" \/>\n<meta property=\"og:title\" content=\"SELETTI MELTED HEART Roter Spiegelrahmen\" \/>\n<meta property=\"og:description\" content=\"Dieses Objekt hat einen goldenen Rahmen, der zu schmelzen scheint, als w\u00e4re er fl\u00fcssige Materie, eine S\u00fc\u00dfe, die Lust macht, sie zu essen, fast so, als\" \/>\n<meta property=\"og:url\" content=\"https:\/\/www.erresse-shop.it\/de\/shop\/einrichtung-haus\/rahmen\/seletti-melted-heart-roter-spiegelrahmen\/\" \/>\n<meta property=\"og:site_name\" content=\"Erresse Shop\" \/>\n<meta property=\"article:modified_time\" content=\"2024-04-29T00:07:46+00:00\" \/>\n<meta property=\"og:image\" content=\"https:\/\/www.erresse-shop.it\/wp-content\/uploads\/2022\/07\/SELETTI-melted-heart-red.jpg\" \/>\n\t<meta property=\"og:image:width\" content=\"800\" \/>\n\t<meta property=\"og:image:height\" content=\"800\" \/>\n\t<meta property=\"og:image:type\" content=\"image\/jpeg\" \/>\n<meta name=\"twitter:card\" content=\"summary_large_image\" \/>\n<script type=\"application\/ld+json\" class=\"yoast-schema-graph\">{\"@context\":\"https:\/\/schema.org\",\"@graph\":[{\"@type\":\"WebPage\",\"@id\":\"https:\/\/www.erresse-shop.it\/de\/shop\/einrichtung-haus\/rahmen\/seletti-melted-heart-roter-spiegelrahmen\/\",\"url\":\"https:\/\/www.erresse-shop.it\/de\/shop\/einrichtung-haus\/rahmen\/seletti-melted-heart-roter-spiegelrahmen\/\",\"name\":\"SELETTI MELTED HEART Roter Spiegelrahmen - Erresse Shop\",\"isPartOf\":{\"@id\":\"https:\/\/www.erresse-shop.it\/de\/#website\"},\"datePublished\":\"2022-07-21T14:32:14+00:00\",\"dateModified\":\"2024-04-29T00:07:46+00:00\",\"description\":\"Dieses Objekt hat einen goldenen Rahmen, der zu schmelzen scheint, als w\u00e4re er fl\u00fcssige Materie, eine S\u00fc\u00dfe, die Lust macht, sie zu essen, fast so, als\",\"breadcrumb\":{\"@id\":\"https:\/\/www.erresse-shop.it\/de\/shop\/einrichtung-haus\/rahmen\/seletti-melted-heart-roter-spiegelrahmen\/#breadcrumb\"},\"inLanguage\":\"de-DE\",\"potentialAction\":[{\"@type\":\"ReadAction\",\"target\":[\"https:\/\/www.erresse-shop.it\/de\/shop\/einrichtung-haus\/rahmen\/seletti-melted-heart-roter-spiegelrahmen\/\"]}]},{\"@type\":\"BreadcrumbList\",\"@id\":\"https:\/\/www.erresse-shop.it\/de\/shop\/einrichtung-haus\/rahmen\/seletti-melted-heart-roter-spiegelrahmen\/#breadcrumb\",\"itemListElement\":[{\"@type\":\"ListItem\",\"position\":1,\"name\":\"Home\",\"item\":\"https:\/\/www.erresse-shop.it\/de\/\"},{\"@type\":\"ListItem\",\"position\":2,\"name\":\"Shop\",\"item\":\"https:\/\/www.erresse-shop.it\/de\/shop\/\"},{\"@type\":\"ListItem\",\"position\":3,\"name\":\"SELETTI MELTED HEART Roter Spiegelrahmen\"}]},{\"@type\":\"WebSite\",\"@id\":\"https:\/\/www.erresse-shop.it\/de\/#website\",\"url\":\"https:\/\/www.erresse-shop.it\/de\/\",\"name\":\"Erresse Shop\",\"description\":\"Articoli di qualit\u00e0 per la casa\",\"potentialAction\":[{\"@type\":\"SearchAction\",\"target\":{\"@type\":\"EntryPoint\",\"urlTemplate\":\"https:\/\/www.erresse-shop.it\/de\/?s={search_term_string}\"},\"query-input\":\"required name=search_term_string\"}],\"inLanguage\":\"de-DE\"}]}<\/script>\n<!-- \/ Yoast SEO Premium plugin. -->","yoast_head_json":{"title":"SELETTI MELTED HEART Roter Spiegelrahmen - Erresse Shop","description":"Dieses Objekt hat einen goldenen Rahmen, der zu schmelzen scheint, als w\u00e4re er fl\u00fcssige Materie, eine S\u00fc\u00dfe, die Lust macht, sie zu essen, fast so, als","robots":{"index":"index","follow":"follow","max-snippet":"max-snippet:-1","max-image-preview":"max-image-preview:large","max-video-preview":"max-video-preview:-1"},"canonical":"https:\/\/www.erresse-shop.it\/de\/shop\/einrichtung-haus\/rahmen\/seletti-melted-heart-roter-spiegelrahmen\/","og_locale":"de_DE","og_type":"article","og_title":"SELETTI MELTED HEART Roter Spiegelrahmen","og_description":"Dieses Objekt hat einen goldenen Rahmen, der zu schmelzen scheint, als w\u00e4re er fl\u00fcssige Materie, eine S\u00fc\u00dfe, die Lust macht, sie zu essen, fast so, als","og_url":"https:\/\/www.erresse-shop.it\/de\/shop\/einrichtung-haus\/rahmen\/seletti-melted-heart-roter-spiegelrahmen\/","og_site_name":"Erresse Shop","article_modified_time":"2024-04-29T00:07:46+00:00","og_image":[{"width":800,"height":800,"url":"https:\/\/www.erresse-shop.it\/wp-content\/uploads\/2022\/07\/SELETTI-melted-heart-red.jpg","type":"image\/jpeg"}],"twitter_card":"summary_large_image","schema":{"@context":"https:\/\/schema.org","@graph":[{"@type":"WebPage","@id":"https:\/\/www.erresse-shop.it\/de\/shop\/einrichtung-haus\/rahmen\/seletti-melted-heart-roter-spiegelrahmen\/","url":"https:\/\/www.erresse-shop.it\/de\/shop\/einrichtung-haus\/rahmen\/seletti-melted-heart-roter-spiegelrahmen\/","name":"SELETTI MELTED HEART Roter Spiegelrahmen - Erresse Shop","isPartOf":{"@id":"https:\/\/www.erresse-shop.it\/de\/#website"},"datePublished":"2022-07-21T14:32:14+00:00","dateModified":"2024-04-29T00:07:46+00:00","description":"Dieses Objekt hat einen goldenen Rahmen, der zu schmelzen scheint, als w\u00e4re er fl\u00fcssige Materie, eine S\u00fc\u00dfe, die Lust macht, sie zu essen, fast so, als","breadcrumb":{"@id":"https:\/\/www.erresse-shop.it\/de\/shop\/einrichtung-haus\/rahmen\/seletti-melted-heart-roter-spiegelrahmen\/#breadcrumb"},"inLanguage":"de-DE","potentialAction":[{"@type":"ReadAction","target":["https:\/\/www.erresse-shop.it\/de\/shop\/einrichtung-haus\/rahmen\/seletti-melted-heart-roter-spiegelrahmen\/"]}]},{"@type":"BreadcrumbList","@id":"https:\/\/www.erresse-shop.it\/de\/shop\/einrichtung-haus\/rahmen\/seletti-melted-heart-roter-spiegelrahmen\/#breadcrumb","itemListElement":[{"@type":"ListItem","position":1,"name":"Home","item":"https:\/\/www.erresse-shop.it\/de\/"},{"@type":"ListItem","position":2,"name":"Shop","item":"https:\/\/www.erresse-shop.it\/de\/shop\/"},{"@type":"ListItem","position":3,"name":"SELETTI MELTED HEART Roter Spiegelrahmen"}]},{"@type":"WebSite","@id":"https:\/\/www.erresse-shop.it\/de\/#website","url":"https:\/\/www.erresse-shop.it\/de\/","name":"Erresse Shop","description":"Articoli di qualit\u00e0 per la casa","potentialAction":[{"@type":"SearchAction","target":{"@type":"EntryPoint","urlTemplate":"https:\/\/www.erresse-shop.it\/de\/?s={search_term_string}"},"query-input":"required name=search_term_string"}],"inLanguage":"de-DE"}]}},"df_price":76.05,"df_sale_price":76.05,"df_regular_price":169,"df_image_link":"https:\/\/www.erresse-shop.it\/wp-content\/uploads\/2022\/07\/SELETTI-Melted-Heart-Specchio-Cornice-Rosso-300x300.jpg","_links":{"self":[{"href":"https:\/\/www.erresse-shop.it\/de\/wp-json\/wp\/v2\/product\/171819"}],"collection":[{"href":"https:\/\/www.erresse-shop.it\/de\/wp-json\/wp\/v2\/product"}],"about":[{"href":"https:\/\/www.erresse-shop.it\/de\/wp-json\/wp\/v2\/types\/product"}],"wp:featuredmedia":[{"embeddable":true,"href":"https:\/\/www.erresse-shop.it\/de\/wp-json\/wp\/v2\/media\/490997"}],"wp:attachment":[{"href":"https:\/\/www.erresse-shop.it\/de\/wp-json\/wp\/v2\/media?parent=171819"}],"wp:term":[{"taxonomy":"product_cat","embeddable":true,"href":"https:\/\/www.erresse-shop.it\/de\/wp-json\/wp\/v2\/product_cat?post=171819"},{"taxonomy":"product_tag","embeddable":true,"href":"https:\/\/www.erresse-shop.it\/de\/wp-json\/wp\/v2\/product_tag?post=171819"}],"curies":[{"name":"wp","href":"https:\/\/api.w.org\/{rel}","templated":true}]}}