{"id":171806,"date":"2022-07-21T14:22:44","date_gmt":"2022-07-21T14:22:44","guid":{"rendered":"https:\/\/www.erresse-shop.it\/?post_type=product&#038;p=171806"},"modified":"2025-01-17T14:58:10","modified_gmt":"2025-01-17T14:58:10","slug":"smeg-50s-style-mini-wasserkocher-rosa","status":"publish","type":"product","link":"https:\/\/www.erresse-shop.it\/de\/shop\/kleine-elektrogeraete\/elektrische-wasserkocher\/smeg-50s-style-mini-wasserkocher-rosa\/","title":{"rendered":"SMEG 50&#8217;s Style Mini Wasserkocher Rosa"},"content":{"rendered":"<p><strong>MEHR FARBE, BITTE!<\/strong><br \/>\nDer Mini-Wasserkocher KLF05 aus der Designlinie im 50\u2019s Style von Smeg ist ein echter Gute-Laune-Garant. Das unverwechselbare Design verdankt er Raffaella Mangiarotti und Matteo Bazzicalupo (Deepdesign). Dank seiner kompakten Gr\u00f6\u00dfe setzt er auch bei begrenztem Platz ein stylisches Highlight.<\/p>\n<p><strong>RUND UND BUNT<\/strong><br \/>\nSeine anmutige Gr\u00f6\u00dfe, die handschmeichlerische runde Form und die f\u00fcr Smeg typische Farbenvielfalt machen diesen Wasserkocher im XS-Format schnell zu einem K\u00fcchenliebling. W\u00e4hlen Sie aus zarten Pastellt\u00f6nen wie Creme, Gr\u00fcn, Pink und Blau oder kr\u00e4ftigem Rot, Schwarz und Wei\u00df. Veredelt wird der Mini-Wasserkocher durch seinen verchromten Sockel und die Edelstahldetails.<\/p>\n<p><strong>STILVOLLE KLEINE PAUSEN<\/strong><br \/>\nDer geringe Platzbedarf mit 15 cm Durchmesser und 20,5 cm H\u00f6he ist nur einer von vielen Vorteilen des Mini-Wasserkocher. Perfekt integriert er sich in kleine K\u00fcchen mit wenig Arbeitsfl\u00e4che, im Singlehaushalt, in Hotelzimmern, im B\u00fcro oder auf Reisen und beim Camping. Dank des doppelwandigen Designs erhitzt er Wasser f\u00fcr bis zu 3 Tassen mit 1.400 Watt im Handumdrehen, w\u00e4hrend sich die Au\u00dfenwand aus Kunststoff k\u00fchler anf\u00fchlt. Das Wasser h\u00e4lt nicht nur l\u00e4nger hei\u00df, es spart zudem auch Energie.<\/p>\n<p><strong>EINFACH UND SICHER<\/strong><br \/>\nAuf Komfort verzichtet Smeg nicht: Der praktische Sockel mit 360-Grad-Verbindung erleichtert die Bedienung und die rutschfesten F\u00fc\u00dfe garantieren einen stabilen Stand. Dar\u00fcber hinaus ist die manuelle \u00d6ffnung mit einem Winkel von 80 Grad darauf ausgelegt, den Wasserkocher leicht bef\u00fcllen zu k\u00f6nnen.<br \/>\nDer schnelle und zuverl\u00e4ssige Mini-Wasserkocher KLF05 von Smeg garantiert selbstverst\u00e4ndlich h\u00f6chste Sicherheitsstandards: Er schaltet sich automatisch ab, wenn er den Siedepunkt erreicht, ebenso wenn er mit zu wenig Wasser bef\u00fcllt ist oder der Wasserkocher vom Sockel entfernt wird.<\/p>\n<p><strong>EINE ECHTE DESIGN-IKONE<\/strong><br \/>\nDer Newcomer im Smeg-Haus gibt seiner Umgebung einen unverwechselbaren Charakter, allein oder in Kombination mit anderen Ger\u00e4ten im kultigen 50er-Jahre Design.<\/p>\n<p><strong>DESIGN<\/strong><br \/>\n<strong>Farbe:<\/strong> Rosa<br \/>\n<strong>Oberfl\u00e4che:<\/strong> Hochglanz<br \/>\n<strong>Design:<\/strong> 50&#8217;s Style<br \/>\n<strong>Farbe des Kannenverschlusses:<\/strong> Rosa<br \/>\n<strong>Farbe des Ger\u00e4tesockels:<\/strong> Chrom-Hochglanz<br \/>\n<strong>Farbe des Kannengriffs:<\/strong> Grau\/Chrom-Hochglanz<br \/>\n<strong>Farbe des Ausgie\u00dfers:<\/strong> Edelstahl-Hochglanz<br \/>\n<strong>Farbe des Netzkabels:<\/strong> Grau<br \/>\n<strong>Material des Wasserbeh\u00e4lters:<\/strong> Edelstahl<br \/>\n<strong>Material des Geh\u00e4uses:<\/strong> Kunststoff<br \/>\n<strong>Material des Ger\u00e4tesockels:<\/strong> Kunststoff<br \/>\n<strong>Material des Kannenverschlusses:<\/strong> Kunststoff<br \/>\n<strong>Material des Handgriffs:<\/strong> Kunststoff<br \/>\n<strong>Material des Ausgie\u00dfers:<\/strong> Edelstahl<br \/>\n<strong>Logo:<\/strong> 3D<\/p>\n<p><strong>BEDIENELEMENTE<\/strong><br \/>\n<strong>Art der Bedienelemente:<\/strong> Aktivierungshebel mit Kugelgriff, beleuchtet<br \/>\n<strong>Material des Aktivierungshebels mit Kugelgriff:<\/strong> Edelstahl<\/p>\n<p><strong>TECHNISCHE EIGENSCHAFTEN<\/strong><br \/>\n<strong>Wasserstandsanzeige:<\/strong> Ja<br \/>\n<strong>Filter:<\/strong> Ja<br \/>\n<strong>Ausf\u00fchrung des Anti-Kalkfilters:<\/strong> Edelstahl<br \/>\n<strong>Abschaltautomatik:<\/strong> Bei 100\u00b0C<br \/>\n<strong>Automatische Sicherheitsabschaltung bei Wassermangel:<\/strong> Ja<br \/>\n<strong>Verdecktes Heizelement:<\/strong> Ja<br \/>\n<strong>Netzkabel-Aufwicklung im Ger\u00e4tesockel:<\/strong> Ja<br \/>\n<strong>Rutschfeste Stellf\u00fc\u00dfe:<\/strong> Ja<br \/>\n<strong>Kabellose 360\u00b0-Bedienung:<\/strong> Ja<\/p>\n<p><strong>ELEKTRISCHER ANSCHLUSS<\/strong><br \/>\n<strong>Spannung:<\/strong> 220-240 V<br \/>\n<strong>Frequenz:<\/strong> 50\/60 Hz<br \/>\n<strong>L\u00e4nge des Netzkabels:<\/strong> 1 m<\/p>\n<p><span style=\"text-decoration: underline;\"><strong>Au\u00dferhalb Europas nicht verk\u00e4uflich<\/strong><\/span><\/p>\n","protected":false},"excerpt":{"rendered":"<p>MEHR FARBE, BITTE! Der Mini-Wasserkocher KLF05 aus der Designlinie im 50\u2019s Style von Smeg ist ein echter Gute-Laune-Garant. Das unverwechselbare<\/p>\n","protected":false},"featured_media":476078,"template":"","meta":{"_acf_changed":false,"inline_featured_image":false},"product_cat":[6874,6703],"product_tag":[11652,11718,19954,19955,12357],"acf":[],"yoast_head":"<!-- This site is optimized with the Yoast SEO Premium plugin v18.6 (Yoast SEO v19.13) - https:\/\/yoast.com\/wordpress\/plugins\/seo\/ -->\n<title>SMEG 50&#039;s Style Mini Wasserkocher Rosa<\/title>\n<meta name=\"description\" content=\"Entdecken Sie SMEG 50&#039;s Style Mini Wasserkocher Rosa bei ErresseShop. Qualit\u00e4t, Stil und Funktionalit\u00e4t \u2013 jetzt online bestellen!\" \/>\n<meta name=\"robots\" content=\"index, follow, max-snippet:-1, max-image-preview:large, max-video-preview:-1\" \/>\n<link rel=\"canonical\" href=\"https:\/\/www.erresse-shop.it\/de\/shop\/kleine-elektrogeraete\/elektrische-wasserkocher\/smeg-50s-style-mini-wasserkocher-rosa\/\" \/>\n<meta property=\"og:locale\" content=\"de_DE\" \/>\n<meta property=\"og:type\" content=\"article\" \/>\n<meta property=\"og:title\" content=\"SMEG 50&#039;s Style Mini Wasserkocher Rosa\" \/>\n<meta property=\"og:description\" content=\"Entdecken Sie SMEG 50&#039;s Style Mini Wasserkocher Rosa bei ErresseShop. Qualit\u00e4t, Stil und Funktionalit\u00e4t \u2013 jetzt online bestellen!\" \/>\n<meta property=\"og:url\" content=\"https:\/\/www.erresse-shop.it\/de\/shop\/kleine-elektrogeraete\/elektrische-wasserkocher\/smeg-50s-style-mini-wasserkocher-rosa\/\" \/>\n<meta property=\"og:site_name\" content=\"Erresse Shop\" \/>\n<meta property=\"article:modified_time\" content=\"2025-01-17T14:58:10+00:00\" \/>\n<meta property=\"og:image\" content=\"https:\/\/www.erresse-shop.it\/wp-content\/uploads\/2022\/07\/SMEG-Anni-50-Mini-Bollitore-Rosa.png\" \/>\n\t<meta property=\"og:image:width\" content=\"800\" \/>\n\t<meta property=\"og:image:height\" content=\"800\" \/>\n\t<meta property=\"og:image:type\" content=\"image\/png\" \/>\n<meta name=\"twitter:card\" content=\"summary_large_image\" \/>\n<script type=\"application\/ld+json\" class=\"yoast-schema-graph\">{\"@context\":\"https:\/\/schema.org\",\"@graph\":[{\"@type\":\"WebPage\",\"@id\":\"https:\/\/www.erresse-shop.it\/de\/shop\/kleine-elektrogeraete\/elektrische-wasserkocher\/smeg-50s-style-mini-wasserkocher-rosa\/\",\"url\":\"https:\/\/www.erresse-shop.it\/de\/shop\/kleine-elektrogeraete\/elektrische-wasserkocher\/smeg-50s-style-mini-wasserkocher-rosa\/\",\"name\":\"SMEG 50's Style Mini Wasserkocher Rosa\",\"isPartOf\":{\"@id\":\"https:\/\/www.erresse-shop.it\/de\/#website\"},\"datePublished\":\"2022-07-21T14:22:44+00:00\",\"dateModified\":\"2025-01-17T14:58:10+00:00\",\"description\":\"Entdecken Sie SMEG 50's Style Mini Wasserkocher Rosa bei ErresseShop. Qualit\u00e4t, Stil und Funktionalit\u00e4t \u2013 jetzt online bestellen!\",\"breadcrumb\":{\"@id\":\"https:\/\/www.erresse-shop.it\/de\/shop\/kleine-elektrogeraete\/elektrische-wasserkocher\/smeg-50s-style-mini-wasserkocher-rosa\/#breadcrumb\"},\"inLanguage\":\"de-DE\",\"potentialAction\":[{\"@type\":\"ReadAction\",\"target\":[\"https:\/\/www.erresse-shop.it\/de\/shop\/kleine-elektrogeraete\/elektrische-wasserkocher\/smeg-50s-style-mini-wasserkocher-rosa\/\"]}]},{\"@type\":\"BreadcrumbList\",\"@id\":\"https:\/\/www.erresse-shop.it\/de\/shop\/kleine-elektrogeraete\/elektrische-wasserkocher\/smeg-50s-style-mini-wasserkocher-rosa\/#breadcrumb\",\"itemListElement\":[{\"@type\":\"ListItem\",\"position\":1,\"name\":\"Home\",\"item\":\"https:\/\/www.erresse-shop.it\/de\/\"},{\"@type\":\"ListItem\",\"position\":2,\"name\":\"Shop\",\"item\":\"https:\/\/www.erresse-shop.it\/de\/shop\/\"},{\"@type\":\"ListItem\",\"position\":3,\"name\":\"SMEG 50&#8217;s Style Mini Wasserkocher Rosa\"}]},{\"@type\":\"WebSite\",\"@id\":\"https:\/\/www.erresse-shop.it\/de\/#website\",\"url\":\"https:\/\/www.erresse-shop.it\/de\/\",\"name\":\"Erresse Shop\",\"description\":\"Articoli di qualit\u00e0 per la casa\",\"potentialAction\":[{\"@type\":\"SearchAction\",\"target\":{\"@type\":\"EntryPoint\",\"urlTemplate\":\"https:\/\/www.erresse-shop.it\/de\/?s={search_term_string}\"},\"query-input\":\"required name=search_term_string\"}],\"inLanguage\":\"de-DE\"}]}<\/script>\n<!-- \/ Yoast SEO Premium plugin. -->","yoast_head_json":{"title":"SMEG 50's Style Mini Wasserkocher Rosa","description":"Entdecken Sie SMEG 50's Style Mini Wasserkocher Rosa bei ErresseShop. Qualit\u00e4t, Stil und Funktionalit\u00e4t \u2013 jetzt online bestellen!","robots":{"index":"index","follow":"follow","max-snippet":"max-snippet:-1","max-image-preview":"max-image-preview:large","max-video-preview":"max-video-preview:-1"},"canonical":"https:\/\/www.erresse-shop.it\/de\/shop\/kleine-elektrogeraete\/elektrische-wasserkocher\/smeg-50s-style-mini-wasserkocher-rosa\/","og_locale":"de_DE","og_type":"article","og_title":"SMEG 50's Style Mini Wasserkocher Rosa","og_description":"Entdecken Sie SMEG 50's Style Mini Wasserkocher Rosa bei ErresseShop. Qualit\u00e4t, Stil und Funktionalit\u00e4t \u2013 jetzt online bestellen!","og_url":"https:\/\/www.erresse-shop.it\/de\/shop\/kleine-elektrogeraete\/elektrische-wasserkocher\/smeg-50s-style-mini-wasserkocher-rosa\/","og_site_name":"Erresse Shop","article_modified_time":"2025-01-17T14:58:10+00:00","og_image":[{"width":800,"height":800,"url":"https:\/\/www.erresse-shop.it\/wp-content\/uploads\/2022\/07\/SMEG-Anni-50-Mini-Bollitore-Rosa.png","type":"image\/png"}],"twitter_card":"summary_large_image","schema":{"@context":"https:\/\/schema.org","@graph":[{"@type":"WebPage","@id":"https:\/\/www.erresse-shop.it\/de\/shop\/kleine-elektrogeraete\/elektrische-wasserkocher\/smeg-50s-style-mini-wasserkocher-rosa\/","url":"https:\/\/www.erresse-shop.it\/de\/shop\/kleine-elektrogeraete\/elektrische-wasserkocher\/smeg-50s-style-mini-wasserkocher-rosa\/","name":"SMEG 50's Style Mini Wasserkocher Rosa","isPartOf":{"@id":"https:\/\/www.erresse-shop.it\/de\/#website"},"datePublished":"2022-07-21T14:22:44+00:00","dateModified":"2025-01-17T14:58:10+00:00","description":"Entdecken Sie SMEG 50's Style Mini Wasserkocher Rosa bei ErresseShop. Qualit\u00e4t, Stil und Funktionalit\u00e4t \u2013 jetzt online bestellen!","breadcrumb":{"@id":"https:\/\/www.erresse-shop.it\/de\/shop\/kleine-elektrogeraete\/elektrische-wasserkocher\/smeg-50s-style-mini-wasserkocher-rosa\/#breadcrumb"},"inLanguage":"de-DE","potentialAction":[{"@type":"ReadAction","target":["https:\/\/www.erresse-shop.it\/de\/shop\/kleine-elektrogeraete\/elektrische-wasserkocher\/smeg-50s-style-mini-wasserkocher-rosa\/"]}]},{"@type":"BreadcrumbList","@id":"https:\/\/www.erresse-shop.it\/de\/shop\/kleine-elektrogeraete\/elektrische-wasserkocher\/smeg-50s-style-mini-wasserkocher-rosa\/#breadcrumb","itemListElement":[{"@type":"ListItem","position":1,"name":"Home","item":"https:\/\/www.erresse-shop.it\/de\/"},{"@type":"ListItem","position":2,"name":"Shop","item":"https:\/\/www.erresse-shop.it\/de\/shop\/"},{"@type":"ListItem","position":3,"name":"SMEG 50&#8217;s Style Mini Wasserkocher Rosa"}]},{"@type":"WebSite","@id":"https:\/\/www.erresse-shop.it\/de\/#website","url":"https:\/\/www.erresse-shop.it\/de\/","name":"Erresse Shop","description":"Articoli di qualit\u00e0 per la casa","potentialAction":[{"@type":"SearchAction","target":{"@type":"EntryPoint","urlTemplate":"https:\/\/www.erresse-shop.it\/de\/?s={search_term_string}"},"query-input":"required name=search_term_string"}],"inLanguage":"de-DE"}]}},"df_price":90.3,"df_sale_price":90.3,"df_regular_price":129,"df_image_link":"https:\/\/www.erresse-shop.it\/wp-content\/uploads\/2022\/07\/SMEG-Anni-50-Mini-Bollitore-Rosa-300x300.jpg","_links":{"self":[{"href":"https:\/\/www.erresse-shop.it\/de\/wp-json\/wp\/v2\/product\/171806"}],"collection":[{"href":"https:\/\/www.erresse-shop.it\/de\/wp-json\/wp\/v2\/product"}],"about":[{"href":"https:\/\/www.erresse-shop.it\/de\/wp-json\/wp\/v2\/types\/product"}],"wp:featuredmedia":[{"embeddable":true,"href":"https:\/\/www.erresse-shop.it\/de\/wp-json\/wp\/v2\/media\/476078"}],"wp:attachment":[{"href":"https:\/\/www.erresse-shop.it\/de\/wp-json\/wp\/v2\/media?parent=171806"}],"wp:term":[{"taxonomy":"product_cat","embeddable":true,"href":"https:\/\/www.erresse-shop.it\/de\/wp-json\/wp\/v2\/product_cat?post=171806"},{"taxonomy":"product_tag","embeddable":true,"href":"https:\/\/www.erresse-shop.it\/de\/wp-json\/wp\/v2\/product_tag?post=171806"}],"curies":[{"name":"wp","href":"https:\/\/api.w.org\/{rel}","templated":true}]}}