{"id":17075,"date":"2015-12-06T16:16:03","date_gmt":"2015-12-06T16:16:03","guid":{"rendered":"https:\/\/www.erresse-shop.it\/?post_type=product&#038;p=17075"},"modified":"2025-01-17T15:46:35","modified_gmt":"2025-01-17T15:46:35","slug":"staub-cocotte-kurbis-24-cm-zimt","status":"publish","type":"product","link":"https:\/\/www.erresse-shop.it\/de\/shop\/toepfe-pfannen\/schalldaempfer-und-kokotten\/staub-cocotte-kurbis-24-cm-zimt\/","title":{"rendered":"STAUB Cocotte Kurbis 24 cm Zimt"},"content":{"rendered":"<p>Die sch\u00f6ne zimtfarbene Cocotte in der Form eines K\u00fcrbisses wird nach der Verwendung in der K\u00fcche gern auf den Tisch gestellt. In ihr servieren Sie stilvoll leckere Schmorgerichte, denn speziell f\u00fcr diesen Zweck wurden Cocottes in Frankreich entwickelt. Sie werden sogar von Spitzenk\u00f6chen benutzt, weil sie aus Gusseisen bestehen, das die Hitze besonders gut speichert und sie langsam wieder abgibt. Die runde Cocotte hat einen Durchmesser von 24 cm, eine H\u00f6he von 15 cm und ein Fassungsverm\u00f6gen von 3,45 l. Sie eignet sich f\u00fcr jede Herdart und sogar f\u00fcr ein Induktionskochfeld. Durch die beiden Griffe an den Seiten ist dieser Schmortopf von Staub bequem in der Handhabung. Profis, Hobbyk\u00f6che oder neugierige Anf\u00e4nger kommen gleicherma\u00dfen auf ihre Kosten und werden die Vorteile dieses Produkts garantiert schnell zu sch\u00e4tzen wissen. Die Cocotte in K\u00fcrbisform ist au\u00dferdem sehr robust und einfach zu reinigen, denn sie ist in ihrem Inneren emailliert. Diese Emaillierung verbessert gleichzeitig den Schmoreffekt und verst\u00e4rkt den Eigengeschmack von Fleisch, Gem\u00fcse und allen anderen Zutaten, sodass sich ihre Aromen optimal entfalten. In dieser Cocotte von Staub werden Ihre Gerichte daher besonders geschmackvoll, wenn Sie einmal wieder Ihre Freunde oder Familie zum Essen einladen.<\/p>\n<p>&#8211; Aus Gusseisen gefertigt: ideal zum energieeffizienten Anbraten, Garen und Schmoren<br \/>\n&#8211; F\u00fcr alle Herdarten inkl. Induktion geeignet, auch im Backofen\/Grill einsetzbar<br \/>\n&#8211; Kunstvolles, naturnahes Design im Form eines K\u00fcrbis<br \/>\n&#8211; Traditionelle Handwerkskunst vereint mit h\u00f6chster Qualit\u00e4t<br \/>\n&#8211; Intensiver Farbton durch die besondere Majolika Emaillierung<\/p>\n<p>Eigenschaften<br \/>\n&#8211; Hitzebest\u00e4ndigkeit: 240,00 \u00baC<br \/>\n&#8211; K\u00e4ltebest\u00e4ndigkeit: -20,00 \u00baC<br \/>\n&#8211; Material: Gusseisen<br \/>\n&#8211; Deckel vorhanden: Ja<br \/>\n&#8211; Induktion: Ja<br \/>\n&#8211; Backofen geeignet: Ja<br \/>\n&#8211; Gefrierschrank geeignet: Ja<br \/>\n&#8211; Herdplatten geeignet: Ja<br \/>\n&#8211; sp\u00fclmaschinengeeignet: Ja<\/p>\n<p>Abmessung<br \/>\n&#8211; Gewicht netto: 4,89 kg<br \/>\n&#8211; Volumen: 3,45 l<br \/>\n&#8211; Produktl\u00e4nge: 28,70 cm<br \/>\n&#8211; Produktbreite: 22,00 cm<br \/>\n&#8211; Produkth\u00f6he: 14,50 cm<br \/>\n&#8211; Produkth\u00f6he ohne Deckel: 9,50 cm<br \/>\n&#8211; Oberer Durchmesser: 24,00 cm<br \/>\n&#8211; Bodendurchmesser: 19,20 cm<br \/>\n&#8211; Griffl\u00e4nge: 2,00 cm<\/p>\n","protected":false},"excerpt":{"rendered":"<p>Die sch\u00f6ne zimtfarbene Cocotte in der Form eines K\u00fcrbisses wird nach der Verwendung in der K\u00fcche gern auf den Tisch<\/p>\n","protected":false},"featured_media":439410,"template":"","meta":{"_acf_changed":false,"inline_featured_image":false},"product_cat":[6709,14793],"product_tag":[25088,11387,11381,23661,24398,11385,12315,25022,12205],"acf":[],"yoast_head":"<!-- This site is optimized with the Yoast SEO Premium plugin v18.6 (Yoast SEO v19.13) - https:\/\/yoast.com\/wordpress\/plugins\/seo\/ -->\n<title>STAUB Cocotte Kurbis 24 cm Zimt<\/title>\n<meta name=\"description\" content=\"Entdecken Sie STAUB Cocotte Kurbis 24 cm Zimt bei ErresseShop. Qualit\u00e4t, Stil und Funktionalit\u00e4t \u2013 jetzt online bestellen!\" \/>\n<meta name=\"robots\" content=\"index, follow, max-snippet:-1, max-image-preview:large, max-video-preview:-1\" \/>\n<link rel=\"canonical\" href=\"https:\/\/www.erresse-shop.it\/de\/shop\/toepfe-pfannen\/schalldaempfer-und-kokotten\/staub-cocotte-kurbis-24-cm-zimt\/\" \/>\n<meta property=\"og:locale\" content=\"de_DE\" \/>\n<meta property=\"og:type\" content=\"article\" \/>\n<meta property=\"og:title\" content=\"STAUB Cocotte Kurbis 24 cm Zimt\" \/>\n<meta property=\"og:description\" content=\"Entdecken Sie STAUB Cocotte Kurbis 24 cm Zimt bei ErresseShop. Qualit\u00e4t, Stil und Funktionalit\u00e4t \u2013 jetzt online bestellen!\" \/>\n<meta property=\"og:url\" content=\"https:\/\/www.erresse-shop.it\/de\/shop\/toepfe-pfannen\/schalldaempfer-und-kokotten\/staub-cocotte-kurbis-24-cm-zimt\/\" \/>\n<meta property=\"og:site_name\" content=\"Erresse Shop\" \/>\n<meta property=\"article:modified_time\" content=\"2025-01-17T15:46:35+00:00\" \/>\n<meta property=\"og:image\" content=\"https:\/\/www.erresse-shop.it\/wp-content\/uploads\/2015\/12\/STAUB-Cocotte-Zucca-24-cm-Cannella.jpg\" \/>\n\t<meta property=\"og:image:width\" content=\"1200\" \/>\n\t<meta property=\"og:image:height\" content=\"1200\" \/>\n\t<meta property=\"og:image:type\" content=\"image\/jpeg\" \/>\n<meta name=\"twitter:card\" content=\"summary_large_image\" \/>\n<script type=\"application\/ld+json\" class=\"yoast-schema-graph\">{\"@context\":\"https:\/\/schema.org\",\"@graph\":[{\"@type\":\"WebPage\",\"@id\":\"https:\/\/www.erresse-shop.it\/de\/shop\/toepfe-pfannen\/schalldaempfer-und-kokotten\/staub-cocotte-kurbis-24-cm-zimt\/\",\"url\":\"https:\/\/www.erresse-shop.it\/de\/shop\/toepfe-pfannen\/schalldaempfer-und-kokotten\/staub-cocotte-kurbis-24-cm-zimt\/\",\"name\":\"STAUB Cocotte Kurbis 24 cm Zimt\",\"isPartOf\":{\"@id\":\"https:\/\/www.erresse-shop.it\/de\/#website\"},\"datePublished\":\"2015-12-06T16:16:03+00:00\",\"dateModified\":\"2025-01-17T15:46:35+00:00\",\"description\":\"Entdecken Sie STAUB Cocotte Kurbis 24 cm Zimt bei ErresseShop. Qualit\u00e4t, Stil und Funktionalit\u00e4t \u2013 jetzt online bestellen!\",\"breadcrumb\":{\"@id\":\"https:\/\/www.erresse-shop.it\/de\/shop\/toepfe-pfannen\/schalldaempfer-und-kokotten\/staub-cocotte-kurbis-24-cm-zimt\/#breadcrumb\"},\"inLanguage\":\"de-DE\",\"potentialAction\":[{\"@type\":\"ReadAction\",\"target\":[\"https:\/\/www.erresse-shop.it\/de\/shop\/toepfe-pfannen\/schalldaempfer-und-kokotten\/staub-cocotte-kurbis-24-cm-zimt\/\"]}]},{\"@type\":\"BreadcrumbList\",\"@id\":\"https:\/\/www.erresse-shop.it\/de\/shop\/toepfe-pfannen\/schalldaempfer-und-kokotten\/staub-cocotte-kurbis-24-cm-zimt\/#breadcrumb\",\"itemListElement\":[{\"@type\":\"ListItem\",\"position\":1,\"name\":\"Home\",\"item\":\"https:\/\/www.erresse-shop.it\/de\/\"},{\"@type\":\"ListItem\",\"position\":2,\"name\":\"Shop\",\"item\":\"https:\/\/www.erresse-shop.it\/de\/shop\/\"},{\"@type\":\"ListItem\",\"position\":3,\"name\":\"STAUB Cocotte Kurbis 24 cm Zimt\"}]},{\"@type\":\"WebSite\",\"@id\":\"https:\/\/www.erresse-shop.it\/de\/#website\",\"url\":\"https:\/\/www.erresse-shop.it\/de\/\",\"name\":\"Erresse Shop\",\"description\":\"Articoli di qualit\u00e0 per la casa\",\"potentialAction\":[{\"@type\":\"SearchAction\",\"target\":{\"@type\":\"EntryPoint\",\"urlTemplate\":\"https:\/\/www.erresse-shop.it\/de\/?s={search_term_string}\"},\"query-input\":\"required name=search_term_string\"}],\"inLanguage\":\"de-DE\"}]}<\/script>\n<!-- \/ Yoast SEO Premium plugin. -->","yoast_head_json":{"title":"STAUB Cocotte Kurbis 24 cm Zimt","description":"Entdecken Sie STAUB Cocotte Kurbis 24 cm Zimt bei ErresseShop. Qualit\u00e4t, Stil und Funktionalit\u00e4t \u2013 jetzt online bestellen!","robots":{"index":"index","follow":"follow","max-snippet":"max-snippet:-1","max-image-preview":"max-image-preview:large","max-video-preview":"max-video-preview:-1"},"canonical":"https:\/\/www.erresse-shop.it\/de\/shop\/toepfe-pfannen\/schalldaempfer-und-kokotten\/staub-cocotte-kurbis-24-cm-zimt\/","og_locale":"de_DE","og_type":"article","og_title":"STAUB Cocotte Kurbis 24 cm Zimt","og_description":"Entdecken Sie STAUB Cocotte Kurbis 24 cm Zimt bei ErresseShop. Qualit\u00e4t, Stil und Funktionalit\u00e4t \u2013 jetzt online bestellen!","og_url":"https:\/\/www.erresse-shop.it\/de\/shop\/toepfe-pfannen\/schalldaempfer-und-kokotten\/staub-cocotte-kurbis-24-cm-zimt\/","og_site_name":"Erresse Shop","article_modified_time":"2025-01-17T15:46:35+00:00","og_image":[{"width":1200,"height":1200,"url":"https:\/\/www.erresse-shop.it\/wp-content\/uploads\/2015\/12\/STAUB-Cocotte-Zucca-24-cm-Cannella.jpg","type":"image\/jpeg"}],"twitter_card":"summary_large_image","schema":{"@context":"https:\/\/schema.org","@graph":[{"@type":"WebPage","@id":"https:\/\/www.erresse-shop.it\/de\/shop\/toepfe-pfannen\/schalldaempfer-und-kokotten\/staub-cocotte-kurbis-24-cm-zimt\/","url":"https:\/\/www.erresse-shop.it\/de\/shop\/toepfe-pfannen\/schalldaempfer-und-kokotten\/staub-cocotte-kurbis-24-cm-zimt\/","name":"STAUB Cocotte Kurbis 24 cm Zimt","isPartOf":{"@id":"https:\/\/www.erresse-shop.it\/de\/#website"},"datePublished":"2015-12-06T16:16:03+00:00","dateModified":"2025-01-17T15:46:35+00:00","description":"Entdecken Sie STAUB Cocotte Kurbis 24 cm Zimt bei ErresseShop. Qualit\u00e4t, Stil und Funktionalit\u00e4t \u2013 jetzt online bestellen!","breadcrumb":{"@id":"https:\/\/www.erresse-shop.it\/de\/shop\/toepfe-pfannen\/schalldaempfer-und-kokotten\/staub-cocotte-kurbis-24-cm-zimt\/#breadcrumb"},"inLanguage":"de-DE","potentialAction":[{"@type":"ReadAction","target":["https:\/\/www.erresse-shop.it\/de\/shop\/toepfe-pfannen\/schalldaempfer-und-kokotten\/staub-cocotte-kurbis-24-cm-zimt\/"]}]},{"@type":"BreadcrumbList","@id":"https:\/\/www.erresse-shop.it\/de\/shop\/toepfe-pfannen\/schalldaempfer-und-kokotten\/staub-cocotte-kurbis-24-cm-zimt\/#breadcrumb","itemListElement":[{"@type":"ListItem","position":1,"name":"Home","item":"https:\/\/www.erresse-shop.it\/de\/"},{"@type":"ListItem","position":2,"name":"Shop","item":"https:\/\/www.erresse-shop.it\/de\/shop\/"},{"@type":"ListItem","position":3,"name":"STAUB Cocotte Kurbis 24 cm Zimt"}]},{"@type":"WebSite","@id":"https:\/\/www.erresse-shop.it\/de\/#website","url":"https:\/\/www.erresse-shop.it\/de\/","name":"Erresse Shop","description":"Articoli di qualit\u00e0 per la casa","potentialAction":[{"@type":"SearchAction","target":{"@type":"EntryPoint","urlTemplate":"https:\/\/www.erresse-shop.it\/de\/?s={search_term_string}"},"query-input":"required name=search_term_string"}],"inLanguage":"de-DE"}]}},"df_price":159.5,"df_sale_price":159.5,"df_regular_price":319,"df_image_link":"https:\/\/www.erresse-shop.it\/wp-content\/uploads\/2015\/12\/STAUB-Cocotte-Zucca-24-cm-Cannella-300x300.jpg","_links":{"self":[{"href":"https:\/\/www.erresse-shop.it\/de\/wp-json\/wp\/v2\/product\/17075"}],"collection":[{"href":"https:\/\/www.erresse-shop.it\/de\/wp-json\/wp\/v2\/product"}],"about":[{"href":"https:\/\/www.erresse-shop.it\/de\/wp-json\/wp\/v2\/types\/product"}],"wp:featuredmedia":[{"embeddable":true,"href":"https:\/\/www.erresse-shop.it\/de\/wp-json\/wp\/v2\/media\/439410"}],"wp:attachment":[{"href":"https:\/\/www.erresse-shop.it\/de\/wp-json\/wp\/v2\/media?parent=17075"}],"wp:term":[{"taxonomy":"product_cat","embeddable":true,"href":"https:\/\/www.erresse-shop.it\/de\/wp-json\/wp\/v2\/product_cat?post=17075"},{"taxonomy":"product_tag","embeddable":true,"href":"https:\/\/www.erresse-shop.it\/de\/wp-json\/wp\/v2\/product_tag?post=17075"}],"curies":[{"name":"wp","href":"https:\/\/api.w.org\/{rel}","templated":true}]}}