{"id":169840,"date":"2022-07-14T06:17:06","date_gmt":"2022-07-14T06:17:57","guid":{"rendered":"https:\/\/www.erresse-shop.it\/?post_type=product&#038;p=169840"},"modified":"2025-08-12T18:30:09","modified_gmt":"2025-08-12T18:30:09","slug":"instant-pot-pro-8l","status":"publish","type":"product","link":"https:\/\/www.erresse-shop.it\/de\/shop\/kleine-elektrogeraete\/kuechenmaschinen\/instant-pot-pro-8l\/","title":{"rendered":"INSTANT POT Pro 8L Schwarz"},"content":{"rendered":"<p><strong>Weniger Zeit in der K\u00fcche verbringen<\/strong><br \/>\n20% schnelleres Vorheizen und bis zu 70% schnellere Garzeiten insgesamt<\/p>\n<p><strong>28 individuell anpassbare Garprogramme<\/strong><br \/>\nEs ist einfach, mit einigen bekannten Rezepten zu beginnen, wie Huhn, Nudeln, Suppe und mehr.<\/p>\n<p><strong>Intuitives Bedienfeld f\u00fcr einfache Steuerung<\/strong><br \/>\nProgrammieren Sie 5 Lieblingsgerichte zum Abendessen auf Knopfdruck.<\/p>\n<p>Der Schnellkochtopf pro kann so ziemlich alles:<\/p>\n<ul>\n<li>Schnellkochtopf;<\/li>\n<li>Langsamer Kocher;<\/li>\n<li>Vakuum;<\/li>\n<li>Bratpfanne;<\/li>\n<li>Sterilisator;<\/li>\n<li>Joghurtzubereiter;<\/li>\n<li>Speisenw\u00e4rmer;<\/li>\n<li>Tortenb\u00e4cker;<\/li>\n<li>Dampfer<\/li>\n<\/ul>\n<p>Noch nie war das Kochen Ihrer Lieblingsgerichte so schnell und einfach; die 5 individuell anpassbaren Programme k\u00f6nnen gespeichert und \u00fcber die entsprechenden Tasten ausgew\u00e4hlt werden. Der Innentopf mit verst\u00e4rktem Boden und Silikongriffen kann auf Herdplatten, auch auf Induktionskochplatten, \u00fcbertragen werden. Der fortschrittliche Dichtungsdeckel hingegen sorgt f\u00fcr eine gleichm\u00e4\u00dfige W\u00e4rmeverteilung, d\u00e4mpft das Ger\u00e4usch und die Intensit\u00e4t der Dampfabgabe und verhindert, dass Fl\u00fcssigkeit auf die Arbeitsfl\u00e4che spritzt. Kurzum, dem Pro Pot fehlt es wirklich an nichts! Wie steht es mit Ihnen? Sind Sie bereit, der schnellste Koch der Welt zu werden?<\/p>\n<p><strong>Fassungsverm\u00f6gen:<\/strong> 8 Liter<br \/>\n<strong>Werkstoff:<\/strong> Stahl<\/p>\n<p><span style=\"text-decoration: underline;\"><strong>Nicht zum Verkauf au\u00dferhalb Europas<\/strong><\/span><\/p>\n","protected":false},"excerpt":{"rendered":"<p>Weniger Zeit in der K\u00fcche verbringen 20% schnelleres Vorheizen und bis zu 70% schnellere Garzeiten insgesamt 28 individuell anpassbare Garprogramme<\/p>\n","protected":false},"featured_media":169855,"template":"","meta":{"_acf_changed":false,"inline_featured_image":false},"product_cat":[6703,6721],"product_tag":[24416,24455,13436],"acf":[],"yoast_head":"<!-- This site is optimized with the Yoast SEO Premium plugin v18.6 (Yoast SEO v19.13) - https:\/\/yoast.com\/wordpress\/plugins\/seo\/ -->\n<title>INSTANT POT Pro 8L Schwarz<\/title>\n<meta name=\"description\" content=\"Entdecken Sie INSTANT POT Pro 8L Schwarz bei ErresseShop. Qualit\u00e4t, Stil und Funktionalit\u00e4t \u2013 jetzt online bestellen!\" \/>\n<meta name=\"robots\" content=\"index, follow, max-snippet:-1, max-image-preview:large, max-video-preview:-1\" \/>\n<link rel=\"canonical\" href=\"https:\/\/www.erresse-shop.it\/de\/shop\/kleine-elektrogeraete\/kuechenmaschinen\/instant-pot-pro-8l\/\" \/>\n<meta property=\"og:locale\" content=\"de_DE\" \/>\n<meta property=\"og:type\" content=\"article\" \/>\n<meta property=\"og:title\" content=\"INSTANT POT Pro 8L Schwarz\" \/>\n<meta property=\"og:description\" content=\"Entdecken Sie INSTANT POT Pro 8L Schwarz bei ErresseShop. Qualit\u00e4t, Stil und Funktionalit\u00e4t \u2013 jetzt online bestellen!\" \/>\n<meta property=\"og:url\" content=\"https:\/\/www.erresse-shop.it\/de\/shop\/kleine-elektrogeraete\/kuechenmaschinen\/instant-pot-pro-8l\/\" \/>\n<meta property=\"og:site_name\" content=\"Erresse Shop\" \/>\n<meta property=\"article:modified_time\" content=\"2025-08-12T18:30:09+00:00\" \/>\n<meta property=\"og:image\" content=\"https:\/\/www.erresse-shop.it\/wp-content\/uploads\/2022\/07\/INSTANT-POT-Pro-8L-2.jpg\" \/>\n\t<meta property=\"og:image:width\" content=\"800\" \/>\n\t<meta property=\"og:image:height\" content=\"800\" \/>\n\t<meta property=\"og:image:type\" content=\"image\/jpeg\" \/>\n<meta name=\"twitter:card\" content=\"summary_large_image\" \/>\n<script type=\"application\/ld+json\" class=\"yoast-schema-graph\">{\"@context\":\"https:\/\/schema.org\",\"@graph\":[{\"@type\":\"WebPage\",\"@id\":\"https:\/\/www.erresse-shop.it\/de\/shop\/kleine-elektrogeraete\/kuechenmaschinen\/instant-pot-pro-8l\/\",\"url\":\"https:\/\/www.erresse-shop.it\/de\/shop\/kleine-elektrogeraete\/kuechenmaschinen\/instant-pot-pro-8l\/\",\"name\":\"INSTANT POT Pro 8L Schwarz\",\"isPartOf\":{\"@id\":\"https:\/\/www.erresse-shop.it\/de\/#website\"},\"datePublished\":\"2022-07-14T06:17:57+00:00\",\"dateModified\":\"2025-08-12T18:30:09+00:00\",\"description\":\"Entdecken Sie INSTANT POT Pro 8L Schwarz bei ErresseShop. Qualit\u00e4t, Stil und Funktionalit\u00e4t \u2013 jetzt online bestellen!\",\"breadcrumb\":{\"@id\":\"https:\/\/www.erresse-shop.it\/de\/shop\/kleine-elektrogeraete\/kuechenmaschinen\/instant-pot-pro-8l\/#breadcrumb\"},\"inLanguage\":\"de-DE\",\"potentialAction\":[{\"@type\":\"ReadAction\",\"target\":[\"https:\/\/www.erresse-shop.it\/de\/shop\/kleine-elektrogeraete\/kuechenmaschinen\/instant-pot-pro-8l\/\"]}]},{\"@type\":\"BreadcrumbList\",\"@id\":\"https:\/\/www.erresse-shop.it\/de\/shop\/kleine-elektrogeraete\/kuechenmaschinen\/instant-pot-pro-8l\/#breadcrumb\",\"itemListElement\":[{\"@type\":\"ListItem\",\"position\":1,\"name\":\"Home\",\"item\":\"https:\/\/www.erresse-shop.it\/de\/\"},{\"@type\":\"ListItem\",\"position\":2,\"name\":\"Shop\",\"item\":\"https:\/\/www.erresse-shop.it\/de\/shop\/\"},{\"@type\":\"ListItem\",\"position\":3,\"name\":\"INSTANT POT Pro 8L Schwarz\"}]},{\"@type\":\"WebSite\",\"@id\":\"https:\/\/www.erresse-shop.it\/de\/#website\",\"url\":\"https:\/\/www.erresse-shop.it\/de\/\",\"name\":\"Erresse Shop\",\"description\":\"Articoli di qualit\u00e0 per la casa\",\"potentialAction\":[{\"@type\":\"SearchAction\",\"target\":{\"@type\":\"EntryPoint\",\"urlTemplate\":\"https:\/\/www.erresse-shop.it\/de\/?s={search_term_string}\"},\"query-input\":\"required name=search_term_string\"}],\"inLanguage\":\"de-DE\"}]}<\/script>\n<!-- \/ Yoast SEO Premium plugin. -->","yoast_head_json":{"title":"INSTANT POT Pro 8L Schwarz","description":"Entdecken Sie INSTANT POT Pro 8L Schwarz bei ErresseShop. Qualit\u00e4t, Stil und Funktionalit\u00e4t \u2013 jetzt online bestellen!","robots":{"index":"index","follow":"follow","max-snippet":"max-snippet:-1","max-image-preview":"max-image-preview:large","max-video-preview":"max-video-preview:-1"},"canonical":"https:\/\/www.erresse-shop.it\/de\/shop\/kleine-elektrogeraete\/kuechenmaschinen\/instant-pot-pro-8l\/","og_locale":"de_DE","og_type":"article","og_title":"INSTANT POT Pro 8L Schwarz","og_description":"Entdecken Sie INSTANT POT Pro 8L Schwarz bei ErresseShop. Qualit\u00e4t, Stil und Funktionalit\u00e4t \u2013 jetzt online bestellen!","og_url":"https:\/\/www.erresse-shop.it\/de\/shop\/kleine-elektrogeraete\/kuechenmaschinen\/instant-pot-pro-8l\/","og_site_name":"Erresse Shop","article_modified_time":"2025-08-12T18:30:09+00:00","og_image":[{"width":800,"height":800,"url":"https:\/\/www.erresse-shop.it\/wp-content\/uploads\/2022\/07\/INSTANT-POT-Pro-8L-2.jpg","type":"image\/jpeg"}],"twitter_card":"summary_large_image","schema":{"@context":"https:\/\/schema.org","@graph":[{"@type":"WebPage","@id":"https:\/\/www.erresse-shop.it\/de\/shop\/kleine-elektrogeraete\/kuechenmaschinen\/instant-pot-pro-8l\/","url":"https:\/\/www.erresse-shop.it\/de\/shop\/kleine-elektrogeraete\/kuechenmaschinen\/instant-pot-pro-8l\/","name":"INSTANT POT Pro 8L Schwarz","isPartOf":{"@id":"https:\/\/www.erresse-shop.it\/de\/#website"},"datePublished":"2022-07-14T06:17:57+00:00","dateModified":"2025-08-12T18:30:09+00:00","description":"Entdecken Sie INSTANT POT Pro 8L Schwarz bei ErresseShop. Qualit\u00e4t, Stil und Funktionalit\u00e4t \u2013 jetzt online bestellen!","breadcrumb":{"@id":"https:\/\/www.erresse-shop.it\/de\/shop\/kleine-elektrogeraete\/kuechenmaschinen\/instant-pot-pro-8l\/#breadcrumb"},"inLanguage":"de-DE","potentialAction":[{"@type":"ReadAction","target":["https:\/\/www.erresse-shop.it\/de\/shop\/kleine-elektrogeraete\/kuechenmaschinen\/instant-pot-pro-8l\/"]}]},{"@type":"BreadcrumbList","@id":"https:\/\/www.erresse-shop.it\/de\/shop\/kleine-elektrogeraete\/kuechenmaschinen\/instant-pot-pro-8l\/#breadcrumb","itemListElement":[{"@type":"ListItem","position":1,"name":"Home","item":"https:\/\/www.erresse-shop.it\/de\/"},{"@type":"ListItem","position":2,"name":"Shop","item":"https:\/\/www.erresse-shop.it\/de\/shop\/"},{"@type":"ListItem","position":3,"name":"INSTANT POT Pro 8L Schwarz"}]},{"@type":"WebSite","@id":"https:\/\/www.erresse-shop.it\/de\/#website","url":"https:\/\/www.erresse-shop.it\/de\/","name":"Erresse Shop","description":"Articoli di qualit\u00e0 per la casa","potentialAction":[{"@type":"SearchAction","target":{"@type":"EntryPoint","urlTemplate":"https:\/\/www.erresse-shop.it\/de\/?s={search_term_string}"},"query-input":"required name=search_term_string"}],"inLanguage":"de-DE"}]}},"df_price":192.95,"df_sale_price":192.95,"df_regular_price":209,"df_image_link":"https:\/\/www.erresse-shop.it\/wp-content\/uploads\/2022\/07\/INSTANT-POT-Pro-8L-2-300x300.jpg","_links":{"self":[{"href":"https:\/\/www.erresse-shop.it\/de\/wp-json\/wp\/v2\/product\/169840"}],"collection":[{"href":"https:\/\/www.erresse-shop.it\/de\/wp-json\/wp\/v2\/product"}],"about":[{"href":"https:\/\/www.erresse-shop.it\/de\/wp-json\/wp\/v2\/types\/product"}],"wp:featuredmedia":[{"embeddable":true,"href":"https:\/\/www.erresse-shop.it\/de\/wp-json\/wp\/v2\/media\/169855"}],"wp:attachment":[{"href":"https:\/\/www.erresse-shop.it\/de\/wp-json\/wp\/v2\/media?parent=169840"}],"wp:term":[{"taxonomy":"product_cat","embeddable":true,"href":"https:\/\/www.erresse-shop.it\/de\/wp-json\/wp\/v2\/product_cat?post=169840"},{"taxonomy":"product_tag","embeddable":true,"href":"https:\/\/www.erresse-shop.it\/de\/wp-json\/wp\/v2\/product_tag?post=169840"}],"curies":[{"name":"wp","href":"https:\/\/api.w.org\/{rel}","templated":true}]}}