{"id":16757,"date":"2015-10-10T11:54:53","date_gmt":"2015-10-10T11:54:53","guid":{"rendered":"https:\/\/www.erresse-shop.it\/?post_type=product&#038;p=16757"},"modified":"2025-03-17T11:44:09","modified_gmt":"2025-03-17T11:44:09","slug":"magimix-reiben-parmesan","status":"publish","type":"product","link":"https:\/\/www.erresse-shop.it\/de\/shop\/kleine-elektrogeraete\/kuechenmaschinen\/magimix-reiben-parmesan\/","title":{"rendered":"MAGIMIX Parmesan- und Schokoladenscheiben-Zubeh\u00f6r"},"content":{"rendered":"<p><strong>MAGIMIX.<\/strong> <u>ITALIENISCHE GARANTIE<\/u><\/p>\n<p>In Frankreich, im Zentrum von Burgund, einer Region, die f\u00fcr ihre Gastronomie bekannt ist, erfand Magimix vor mehr als vierzig Jahren die K\u00fcchenmaschine.<br \/>\nHeutzutage sind Magimix-Ger\u00e4te die Haushaltsversion von Ger\u00e4ten f\u00fcr Profis. Die gr\u00f6\u00dften Restaurants der Welt nutzen die professionelle Version unserer Produkte.<br \/>\nIm Magimix-Sortiment finden Sie das gesamte Sortiment an kleinen K\u00fcchenger\u00e4ten.<br \/>\nMagimix ist stets an der Spitze der Innovation in der K\u00fcche und freut sich, seine neueste Kollektion f\u00fcr das Vergn\u00fcgen zu pr\u00e4sentieren, wie ein gro\u00dfer Koch zu kochen.<\/p>\n<p><strong>Parmesan- und Schokoladenscheibe<\/strong><\/p>\n<p>Mit dieser Scheibe k\u00f6nnen Sie Parmesan perfekt und schnell reiben. Auch zum Reiben von dunkler Schokolade geeignet.<\/p>\n","protected":false},"excerpt":{"rendered":"<p>MAGIMIX. ITALIENISCHE GARANTIE In Frankreich, im Zentrum von Burgund, einer Region, die f\u00fcr ihre Gastronomie bekannt ist, erfand Magimix vor<\/p>\n","protected":false},"featured_media":16758,"template":"","meta":{"_acf_changed":false,"inline_featured_image":false},"product_cat":[6703,6721],"product_tag":[11415,12996,15614,12315],"acf":[],"yoast_head":"<!-- This site is optimized with the Yoast SEO Premium plugin v18.6 (Yoast SEO v19.13) - https:\/\/yoast.com\/wordpress\/plugins\/seo\/ -->\n<title>MAGIMIX Parmesan- und Schokoladenscheiben-Zubeh\u00f6r<\/title>\n<meta name=\"description\" content=\"Entdecken Sie MAGIMIX Parmesan- und Schokoladenscheiben-Zubeh\u00f6r bei ErresseShop. Qualit\u00e4t, Stil und Funktionalit\u00e4t \u2013 jetzt online bestellen!\" \/>\n<meta name=\"robots\" content=\"index, follow, max-snippet:-1, max-image-preview:large, max-video-preview:-1\" \/>\n<link rel=\"canonical\" href=\"https:\/\/www.erresse-shop.it\/de\/shop\/kleine-elektrogeraete\/kuechenmaschinen\/magimix-reiben-parmesan\/\" \/>\n<meta property=\"og:locale\" content=\"de_DE\" \/>\n<meta property=\"og:type\" content=\"article\" \/>\n<meta property=\"og:title\" content=\"MAGIMIX Parmesan- und Schokoladenscheiben-Zubeh\u00f6r\" \/>\n<meta property=\"og:description\" content=\"Entdecken Sie MAGIMIX Parmesan- und Schokoladenscheiben-Zubeh\u00f6r bei ErresseShop. Qualit\u00e4t, Stil und Funktionalit\u00e4t \u2013 jetzt online bestellen!\" \/>\n<meta property=\"og:url\" content=\"https:\/\/www.erresse-shop.it\/de\/shop\/kleine-elektrogeraete\/kuechenmaschinen\/magimix-reiben-parmesan\/\" \/>\n<meta property=\"og:site_name\" content=\"Erresse Shop\" \/>\n<meta property=\"article:modified_time\" content=\"2025-03-17T11:44:09+00:00\" \/>\n<meta property=\"og:image\" content=\"https:\/\/www.erresse-shop.it\/wp-content\/uploads\/2015\/10\/products-parmesan-chocolate-2.jpg\" \/>\n\t<meta property=\"og:image:width\" content=\"640\" \/>\n\t<meta property=\"og:image:height\" content=\"480\" \/>\n\t<meta property=\"og:image:type\" content=\"image\/jpeg\" \/>\n<meta name=\"twitter:card\" content=\"summary_large_image\" \/>\n<script type=\"application\/ld+json\" class=\"yoast-schema-graph\">{\"@context\":\"https:\/\/schema.org\",\"@graph\":[{\"@type\":\"WebPage\",\"@id\":\"https:\/\/www.erresse-shop.it\/de\/shop\/kleine-elektrogeraete\/kuechenmaschinen\/magimix-reiben-parmesan\/\",\"url\":\"https:\/\/www.erresse-shop.it\/de\/shop\/kleine-elektrogeraete\/kuechenmaschinen\/magimix-reiben-parmesan\/\",\"name\":\"MAGIMIX Parmesan- und Schokoladenscheiben-Zubeh\u00f6r\",\"isPartOf\":{\"@id\":\"https:\/\/www.erresse-shop.it\/de\/#website\"},\"datePublished\":\"2015-10-10T11:54:53+00:00\",\"dateModified\":\"2025-03-17T11:44:09+00:00\",\"description\":\"Entdecken Sie MAGIMIX Parmesan- und Schokoladenscheiben-Zubeh\u00f6r bei ErresseShop. Qualit\u00e4t, Stil und Funktionalit\u00e4t \u2013 jetzt online bestellen!\",\"breadcrumb\":{\"@id\":\"https:\/\/www.erresse-shop.it\/de\/shop\/kleine-elektrogeraete\/kuechenmaschinen\/magimix-reiben-parmesan\/#breadcrumb\"},\"inLanguage\":\"de-DE\",\"potentialAction\":[{\"@type\":\"ReadAction\",\"target\":[\"https:\/\/www.erresse-shop.it\/de\/shop\/kleine-elektrogeraete\/kuechenmaschinen\/magimix-reiben-parmesan\/\"]}]},{\"@type\":\"BreadcrumbList\",\"@id\":\"https:\/\/www.erresse-shop.it\/de\/shop\/kleine-elektrogeraete\/kuechenmaschinen\/magimix-reiben-parmesan\/#breadcrumb\",\"itemListElement\":[{\"@type\":\"ListItem\",\"position\":1,\"name\":\"Home\",\"item\":\"https:\/\/www.erresse-shop.it\/de\/\"},{\"@type\":\"ListItem\",\"position\":2,\"name\":\"Shop\",\"item\":\"https:\/\/www.erresse-shop.it\/de\/shop\/\"},{\"@type\":\"ListItem\",\"position\":3,\"name\":\"MAGIMIX Parmesan- und Schokoladenscheiben-Zubeh\u00f6r\"}]},{\"@type\":\"WebSite\",\"@id\":\"https:\/\/www.erresse-shop.it\/de\/#website\",\"url\":\"https:\/\/www.erresse-shop.it\/de\/\",\"name\":\"Erresse Shop\",\"description\":\"Articoli di qualit\u00e0 per la casa\",\"potentialAction\":[{\"@type\":\"SearchAction\",\"target\":{\"@type\":\"EntryPoint\",\"urlTemplate\":\"https:\/\/www.erresse-shop.it\/de\/?s={search_term_string}\"},\"query-input\":\"required name=search_term_string\"}],\"inLanguage\":\"de-DE\"}]}<\/script>\n<!-- \/ Yoast SEO Premium plugin. -->","yoast_head_json":{"title":"MAGIMIX Parmesan- und Schokoladenscheiben-Zubeh\u00f6r","description":"Entdecken Sie MAGIMIX Parmesan- und Schokoladenscheiben-Zubeh\u00f6r bei ErresseShop. Qualit\u00e4t, Stil und Funktionalit\u00e4t \u2013 jetzt online bestellen!","robots":{"index":"index","follow":"follow","max-snippet":"max-snippet:-1","max-image-preview":"max-image-preview:large","max-video-preview":"max-video-preview:-1"},"canonical":"https:\/\/www.erresse-shop.it\/de\/shop\/kleine-elektrogeraete\/kuechenmaschinen\/magimix-reiben-parmesan\/","og_locale":"de_DE","og_type":"article","og_title":"MAGIMIX Parmesan- und Schokoladenscheiben-Zubeh\u00f6r","og_description":"Entdecken Sie MAGIMIX Parmesan- und Schokoladenscheiben-Zubeh\u00f6r bei ErresseShop. Qualit\u00e4t, Stil und Funktionalit\u00e4t \u2013 jetzt online bestellen!","og_url":"https:\/\/www.erresse-shop.it\/de\/shop\/kleine-elektrogeraete\/kuechenmaschinen\/magimix-reiben-parmesan\/","og_site_name":"Erresse Shop","article_modified_time":"2025-03-17T11:44:09+00:00","og_image":[{"width":"640","height":"480","url":"https:\/\/www.erresse-shop.it\/wp-content\/uploads\/2015\/10\/products-parmesan-chocolate-2.jpg","type":"image\/jpeg"}],"twitter_card":"summary_large_image","schema":{"@context":"https:\/\/schema.org","@graph":[{"@type":"WebPage","@id":"https:\/\/www.erresse-shop.it\/de\/shop\/kleine-elektrogeraete\/kuechenmaschinen\/magimix-reiben-parmesan\/","url":"https:\/\/www.erresse-shop.it\/de\/shop\/kleine-elektrogeraete\/kuechenmaschinen\/magimix-reiben-parmesan\/","name":"MAGIMIX Parmesan- und Schokoladenscheiben-Zubeh\u00f6r","isPartOf":{"@id":"https:\/\/www.erresse-shop.it\/de\/#website"},"datePublished":"2015-10-10T11:54:53+00:00","dateModified":"2025-03-17T11:44:09+00:00","description":"Entdecken Sie MAGIMIX Parmesan- und Schokoladenscheiben-Zubeh\u00f6r bei ErresseShop. Qualit\u00e4t, Stil und Funktionalit\u00e4t \u2013 jetzt online bestellen!","breadcrumb":{"@id":"https:\/\/www.erresse-shop.it\/de\/shop\/kleine-elektrogeraete\/kuechenmaschinen\/magimix-reiben-parmesan\/#breadcrumb"},"inLanguage":"de-DE","potentialAction":[{"@type":"ReadAction","target":["https:\/\/www.erresse-shop.it\/de\/shop\/kleine-elektrogeraete\/kuechenmaschinen\/magimix-reiben-parmesan\/"]}]},{"@type":"BreadcrumbList","@id":"https:\/\/www.erresse-shop.it\/de\/shop\/kleine-elektrogeraete\/kuechenmaschinen\/magimix-reiben-parmesan\/#breadcrumb","itemListElement":[{"@type":"ListItem","position":1,"name":"Home","item":"https:\/\/www.erresse-shop.it\/de\/"},{"@type":"ListItem","position":2,"name":"Shop","item":"https:\/\/www.erresse-shop.it\/de\/shop\/"},{"@type":"ListItem","position":3,"name":"MAGIMIX Parmesan- und Schokoladenscheiben-Zubeh\u00f6r"}]},{"@type":"WebSite","@id":"https:\/\/www.erresse-shop.it\/de\/#website","url":"https:\/\/www.erresse-shop.it\/de\/","name":"Erresse Shop","description":"Articoli di qualit\u00e0 per la casa","potentialAction":[{"@type":"SearchAction","target":{"@type":"EntryPoint","urlTemplate":"https:\/\/www.erresse-shop.it\/de\/?s={search_term_string}"},"query-input":"required name=search_term_string"}],"inLanguage":"de-DE"}]}},"df_price":19.5,"df_sale_price":19.5,"df_regular_price":30,"df_image_link":"https:\/\/www.erresse-shop.it\/wp-content\/uploads\/2015\/10\/products-parmesan-chocolate-2.jpg","_links":{"self":[{"href":"https:\/\/www.erresse-shop.it\/de\/wp-json\/wp\/v2\/product\/16757"}],"collection":[{"href":"https:\/\/www.erresse-shop.it\/de\/wp-json\/wp\/v2\/product"}],"about":[{"href":"https:\/\/www.erresse-shop.it\/de\/wp-json\/wp\/v2\/types\/product"}],"wp:featuredmedia":[{"embeddable":true,"href":"https:\/\/www.erresse-shop.it\/de\/wp-json\/wp\/v2\/media\/16758"}],"wp:attachment":[{"href":"https:\/\/www.erresse-shop.it\/de\/wp-json\/wp\/v2\/media?parent=16757"}],"wp:term":[{"taxonomy":"product_cat","embeddable":true,"href":"https:\/\/www.erresse-shop.it\/de\/wp-json\/wp\/v2\/product_cat?post=16757"},{"taxonomy":"product_tag","embeddable":true,"href":"https:\/\/www.erresse-shop.it\/de\/wp-json\/wp\/v2\/product_tag?post=16757"}],"curies":[{"name":"wp","href":"https:\/\/api.w.org\/{rel}","templated":true}]}}