{"id":16721,"date":"2015-10-10T09:54:36","date_gmt":"2015-10-10T09:54:36","guid":{"rendered":"https:\/\/www.erresse-shop.it\/?post_type=product&#038;p=16721"},"modified":"2025-07-27T17:30:08","modified_gmt":"2025-07-27T17:30:08","slug":"magimix-zubehorteil-dice-french-fry-kit","status":"publish","type":"product","link":"https:\/\/www.erresse-shop.it\/de\/shop\/kleine-elektrogeraete\/kuechenmaschinen\/magimix-zubehorteil-dice-french-fry-kit\/","title":{"rendered":"MAGIMIX Zubeh\u00f6rteil Dice &amp; French fry kit 3200-4200-5200"},"content":{"rendered":"<p><strong>MAGIMIX.<\/strong>&nbsp;Es ist in Frankreich, im Herzen der Region Burgund, ber\u00fchmt f\u00fcr seine Gastronomie, da\u00df Magimix erfunden, vor mehr als vierzig Jahren, die K\u00fcchenmaschine.<br \/>\nHeute Magimix Ger\u00e4te sind die inl\u00e4ndische Version der Ger\u00e4te f\u00fcr Profis gedacht. Die besten Restaurants in der ganzen Welt nutzen die Profi-Version unserer Produkte.<br \/>\nIm Bereich Magimix, werden Sie die gesamte Palette der K\u00fcchenger\u00e4te zu finden.<br \/>\nImmer an der Spitze der Innovation in der K\u00fcche, ist stolz darauf, Magimix ihre neueste Kollektion f\u00fcr das Vergn\u00fcgen des Kochens als gro\u00dfer Koch zu pr\u00e4sentieren.<\/p>\n<p><strong>Magimix &#8211; Zubeh\u00f6rteil Dice &amp; French fry kit for 3200-4200-5200<\/strong><\/p>\n<p>Kit geeignet zum Schneiden aller Arten von Obst und Gem\u00fcse in W\u00fcrfel f\u00fcr Vorspeisen, Salate, Suppen und vieles mehr. Das exklusive patentierte Zubeh\u00f6r Magimix perfekt geschnitten franz\u00f6sisch frites oder Gem\u00fcsestreifen<\/p>\n","protected":false},"excerpt":{"rendered":"<p>MAGIMIX.&nbsp;Es ist in Frankreich, im Herzen der Region Burgund, ber\u00fchmt f\u00fcr seine Gastronomie, da\u00df Magimix erfunden, vor mehr als vierzig<\/p>\n","protected":false},"featured_media":431145,"template":"","meta":{"_acf_changed":false,"inline_featured_image":false},"product_cat":[6703,6721],"product_tag":[11415,11925,12315],"acf":[],"yoast_head":"<!-- This site is optimized with the Yoast SEO Premium plugin v18.6 (Yoast SEO v19.13) - https:\/\/yoast.com\/wordpress\/plugins\/seo\/ -->\n<title>MAGIMIX Zubeh\u00f6rteil Dice &amp; French fry kit 3200-4200-5200<\/title>\n<meta name=\"description\" content=\"Entdecken Sie MAGIMIX Zubeh\u00f6rteil Dice &amp; French fry kit 3200-4200-5200 bei ErresseShop. Qualit\u00e4t, Stil und Funktionalit\u00e4t \u2013 jetzt online bestellen!\" \/>\n<meta name=\"robots\" content=\"index, follow, max-snippet:-1, max-image-preview:large, max-video-preview:-1\" \/>\n<link rel=\"canonical\" href=\"https:\/\/www.erresse-shop.it\/de\/shop\/kleine-elektrogeraete\/kuechenmaschinen\/magimix-zubehorteil-dice-french-fry-kit\/\" \/>\n<meta property=\"og:locale\" content=\"de_DE\" \/>\n<meta property=\"og:type\" content=\"article\" \/>\n<meta property=\"og:title\" content=\"MAGIMIX Zubeh\u00f6rteil Dice &amp; French fry kit 3200-4200-5200\" \/>\n<meta property=\"og:description\" content=\"Entdecken Sie MAGIMIX Zubeh\u00f6rteil Dice &amp; French fry kit 3200-4200-5200 bei ErresseShop. Qualit\u00e4t, Stil und Funktionalit\u00e4t \u2013 jetzt online bestellen!\" \/>\n<meta property=\"og:url\" content=\"https:\/\/www.erresse-shop.it\/de\/shop\/kleine-elektrogeraete\/kuechenmaschinen\/magimix-zubehorteil-dice-french-fry-kit\/\" \/>\n<meta property=\"og:site_name\" content=\"Erresse Shop\" \/>\n<meta property=\"article:modified_time\" content=\"2025-07-27T17:30:08+00:00\" \/>\n<meta property=\"og:image\" content=\"https:\/\/www.erresse-shop.it\/wp-content\/uploads\/2015\/10\/MAGIMIX-Accessorio-Cubettatore-per-3200-4200-5200-Cook-Expert.jpg\" \/>\n\t<meta property=\"og:image:width\" content=\"800\" \/>\n\t<meta property=\"og:image:height\" content=\"800\" \/>\n\t<meta property=\"og:image:type\" content=\"image\/jpeg\" \/>\n<meta name=\"twitter:card\" content=\"summary_large_image\" \/>\n<script type=\"application\/ld+json\" class=\"yoast-schema-graph\">{\"@context\":\"https:\/\/schema.org\",\"@graph\":[{\"@type\":\"WebPage\",\"@id\":\"https:\/\/www.erresse-shop.it\/de\/shop\/kleine-elektrogeraete\/kuechenmaschinen\/magimix-zubehorteil-dice-french-fry-kit\/\",\"url\":\"https:\/\/www.erresse-shop.it\/de\/shop\/kleine-elektrogeraete\/kuechenmaschinen\/magimix-zubehorteil-dice-french-fry-kit\/\",\"name\":\"MAGIMIX Zubeh\u00f6rteil Dice &amp; French fry kit 3200-4200-5200\",\"isPartOf\":{\"@id\":\"https:\/\/www.erresse-shop.it\/de\/#website\"},\"datePublished\":\"2015-10-10T09:54:36+00:00\",\"dateModified\":\"2025-07-27T17:30:08+00:00\",\"description\":\"Entdecken Sie MAGIMIX Zubeh\u00f6rteil Dice &amp; French fry kit 3200-4200-5200 bei ErresseShop. Qualit\u00e4t, Stil und Funktionalit\u00e4t \u2013 jetzt online bestellen!\",\"breadcrumb\":{\"@id\":\"https:\/\/www.erresse-shop.it\/de\/shop\/kleine-elektrogeraete\/kuechenmaschinen\/magimix-zubehorteil-dice-french-fry-kit\/#breadcrumb\"},\"inLanguage\":\"de-DE\",\"potentialAction\":[{\"@type\":\"ReadAction\",\"target\":[\"https:\/\/www.erresse-shop.it\/de\/shop\/kleine-elektrogeraete\/kuechenmaschinen\/magimix-zubehorteil-dice-french-fry-kit\/\"]}]},{\"@type\":\"BreadcrumbList\",\"@id\":\"https:\/\/www.erresse-shop.it\/de\/shop\/kleine-elektrogeraete\/kuechenmaschinen\/magimix-zubehorteil-dice-french-fry-kit\/#breadcrumb\",\"itemListElement\":[{\"@type\":\"ListItem\",\"position\":1,\"name\":\"Home\",\"item\":\"https:\/\/www.erresse-shop.it\/de\/\"},{\"@type\":\"ListItem\",\"position\":2,\"name\":\"Shop\",\"item\":\"https:\/\/www.erresse-shop.it\/de\/shop\/\"},{\"@type\":\"ListItem\",\"position\":3,\"name\":\"MAGIMIX Zubeh\u00f6rteil Dice &amp; French fry kit 3200-4200-5200\"}]},{\"@type\":\"WebSite\",\"@id\":\"https:\/\/www.erresse-shop.it\/de\/#website\",\"url\":\"https:\/\/www.erresse-shop.it\/de\/\",\"name\":\"Erresse Shop\",\"description\":\"Articoli di qualit\u00e0 per la casa\",\"potentialAction\":[{\"@type\":\"SearchAction\",\"target\":{\"@type\":\"EntryPoint\",\"urlTemplate\":\"https:\/\/www.erresse-shop.it\/de\/?s={search_term_string}\"},\"query-input\":\"required name=search_term_string\"}],\"inLanguage\":\"de-DE\"}]}<\/script>\n<!-- \/ Yoast SEO Premium plugin. -->","yoast_head_json":{"title":"MAGIMIX Zubeh\u00f6rteil Dice &amp; French fry kit 3200-4200-5200","description":"Entdecken Sie MAGIMIX Zubeh\u00f6rteil Dice &amp; French fry kit 3200-4200-5200 bei ErresseShop. Qualit\u00e4t, Stil und Funktionalit\u00e4t \u2013 jetzt online bestellen!","robots":{"index":"index","follow":"follow","max-snippet":"max-snippet:-1","max-image-preview":"max-image-preview:large","max-video-preview":"max-video-preview:-1"},"canonical":"https:\/\/www.erresse-shop.it\/de\/shop\/kleine-elektrogeraete\/kuechenmaschinen\/magimix-zubehorteil-dice-french-fry-kit\/","og_locale":"de_DE","og_type":"article","og_title":"MAGIMIX Zubeh\u00f6rteil Dice &amp; French fry kit 3200-4200-5200","og_description":"Entdecken Sie MAGIMIX Zubeh\u00f6rteil Dice &amp; French fry kit 3200-4200-5200 bei ErresseShop. Qualit\u00e4t, Stil und Funktionalit\u00e4t \u2013 jetzt online bestellen!","og_url":"https:\/\/www.erresse-shop.it\/de\/shop\/kleine-elektrogeraete\/kuechenmaschinen\/magimix-zubehorteil-dice-french-fry-kit\/","og_site_name":"Erresse Shop","article_modified_time":"2025-07-27T17:30:08+00:00","og_image":[{"width":800,"height":800,"url":"https:\/\/www.erresse-shop.it\/wp-content\/uploads\/2015\/10\/MAGIMIX-Accessorio-Cubettatore-per-3200-4200-5200-Cook-Expert.jpg","type":"image\/jpeg"}],"twitter_card":"summary_large_image","schema":{"@context":"https:\/\/schema.org","@graph":[{"@type":"WebPage","@id":"https:\/\/www.erresse-shop.it\/de\/shop\/kleine-elektrogeraete\/kuechenmaschinen\/magimix-zubehorteil-dice-french-fry-kit\/","url":"https:\/\/www.erresse-shop.it\/de\/shop\/kleine-elektrogeraete\/kuechenmaschinen\/magimix-zubehorteil-dice-french-fry-kit\/","name":"MAGIMIX Zubeh\u00f6rteil Dice &amp; French fry kit 3200-4200-5200","isPartOf":{"@id":"https:\/\/www.erresse-shop.it\/de\/#website"},"datePublished":"2015-10-10T09:54:36+00:00","dateModified":"2025-07-27T17:30:08+00:00","description":"Entdecken Sie MAGIMIX Zubeh\u00f6rteil Dice &amp; French fry kit 3200-4200-5200 bei ErresseShop. Qualit\u00e4t, Stil und Funktionalit\u00e4t \u2013 jetzt online bestellen!","breadcrumb":{"@id":"https:\/\/www.erresse-shop.it\/de\/shop\/kleine-elektrogeraete\/kuechenmaschinen\/magimix-zubehorteil-dice-french-fry-kit\/#breadcrumb"},"inLanguage":"de-DE","potentialAction":[{"@type":"ReadAction","target":["https:\/\/www.erresse-shop.it\/de\/shop\/kleine-elektrogeraete\/kuechenmaschinen\/magimix-zubehorteil-dice-french-fry-kit\/"]}]},{"@type":"BreadcrumbList","@id":"https:\/\/www.erresse-shop.it\/de\/shop\/kleine-elektrogeraete\/kuechenmaschinen\/magimix-zubehorteil-dice-french-fry-kit\/#breadcrumb","itemListElement":[{"@type":"ListItem","position":1,"name":"Home","item":"https:\/\/www.erresse-shop.it\/de\/"},{"@type":"ListItem","position":2,"name":"Shop","item":"https:\/\/www.erresse-shop.it\/de\/shop\/"},{"@type":"ListItem","position":3,"name":"MAGIMIX Zubeh\u00f6rteil Dice &amp; French fry kit 3200-4200-5200"}]},{"@type":"WebSite","@id":"https:\/\/www.erresse-shop.it\/de\/#website","url":"https:\/\/www.erresse-shop.it\/de\/","name":"Erresse Shop","description":"Articoli di qualit\u00e0 per la casa","potentialAction":[{"@type":"SearchAction","target":{"@type":"EntryPoint","urlTemplate":"https:\/\/www.erresse-shop.it\/de\/?s={search_term_string}"},"query-input":"required name=search_term_string"}],"inLanguage":"de-DE"}]}},"df_price":65,"df_sale_price":65,"df_regular_price":100,"df_image_link":"https:\/\/www.erresse-shop.it\/wp-content\/uploads\/2015\/10\/MAGIMIX-Accessorio-Cubettatore-per-3200-4200-5200-Cook-Expert-300x300.jpg","_links":{"self":[{"href":"https:\/\/www.erresse-shop.it\/de\/wp-json\/wp\/v2\/product\/16721"}],"collection":[{"href":"https:\/\/www.erresse-shop.it\/de\/wp-json\/wp\/v2\/product"}],"about":[{"href":"https:\/\/www.erresse-shop.it\/de\/wp-json\/wp\/v2\/types\/product"}],"wp:featuredmedia":[{"embeddable":true,"href":"https:\/\/www.erresse-shop.it\/de\/wp-json\/wp\/v2\/media\/431145"}],"wp:attachment":[{"href":"https:\/\/www.erresse-shop.it\/de\/wp-json\/wp\/v2\/media?parent=16721"}],"wp:term":[{"taxonomy":"product_cat","embeddable":true,"href":"https:\/\/www.erresse-shop.it\/de\/wp-json\/wp\/v2\/product_cat?post=16721"},{"taxonomy":"product_tag","embeddable":true,"href":"https:\/\/www.erresse-shop.it\/de\/wp-json\/wp\/v2\/product_tag?post=16721"}],"curies":[{"name":"wp","href":"https:\/\/api.w.org\/{rel}","templated":true}]}}