{"id":166997,"date":"2022-07-06T09:03:22","date_gmt":"2022-07-06T09:03:50","guid":{"rendered":"https:\/\/www.erresse-shop.it\/?post_type=product&#038;p=166997"},"modified":"2025-01-17T08:03:31","modified_gmt":"2025-01-17T08:03:31","slug":"la-pavoni-kaffeemuhle-zylinder","status":"publish","type":"product","link":"https:\/\/www.erresse-shop.it\/de\/shop\/kleine-elektrogeraete\/kaffeemuehlen\/la-pavoni-kaffeemuhle-zylinder\/","title":{"rendered":"LA PAVONI Kaffeem\u00fchle Zylinder"},"content":{"rendered":"<p>Neue La Pavoni Kaffeem\u00fchle mit weichen und eleganten Linien, verchromtem Aluminiumgeh\u00e4use, 500 g Tritan-Zylinder und LCD-Display zur Auswahl verschiedener Mahlprogramme.<\/p>\n<ul>\n<li>Geh\u00e4use aus verchromtem Aluminium, Farbe Chrom<\/li>\n<li>Material des Bohnenbeh\u00e4lters: Triton<\/li>\n<li>Zentrierung des Filterhalters<\/li>\n<li>Anzeige<\/li>\n<li>Fassungsverm\u00f6gen Kaffeebohnenbeh\u00e4lter 500gr<\/li>\n<li>Schleifstein Typ Wohnung<\/li>\n<li>Mahlwerk Durchmesser 50mm<\/li>\n<li>Kaffeem\u00fchle mit einstellbarem Mahlgrad<\/li>\n<li>Kontinuierliche mikrometrische Einstellung<\/li>\n<li>Anzeigefunktionen: Zeiteinstellung \/ Kontinuierliche Dosis \/ Doppelte Dosis \/ Einzelne Dosis<\/li>\n<li>Leistung 310W<\/li>\n<li>Spannung (V) 220-240V<\/li>\n<li>Steckertyp (F;E) Schuko<\/li>\n<li>Frequenz Hz 50\/60 Hz<\/li>\n<li>L\u00e4nge des Netzkabels 140cm<\/li>\n<li>Breite\/Tiefe\/H\u00f6he 154x230x410 mm<\/li>\n<li>Breite des verpackten Produkts \/ Tiefe des verpackten Produkts \/ H\u00f6he des verpackten Produkts 400x200x400 mm<\/li>\n<li>Nettogewicht 5.300 kg<\/li>\n<li>Bruttogewicht 6.700 kg<\/li>\n<\/ul>\n","protected":false},"excerpt":{"rendered":"<p>Neue La Pavoni Kaffeem\u00fchle mit weichen und eleganten Linien, verchromtem Aluminiumgeh\u00e4use, 500 g Tritan-Zylinder und LCD-Display zur Auswahl verschiedener Mahlprogramme.<\/p>\n","protected":false},"featured_media":167006,"template":"","meta":{"_acf_changed":false,"inline_featured_image":false},"product_cat":[6703,25386],"product_tag":[25038,23624,23564,24398,12379,24681,11718,25022],"acf":[],"yoast_head":"<!-- This site is optimized with the Yoast SEO Premium plugin v18.6 (Yoast SEO v19.13) - https:\/\/yoast.com\/wordpress\/plugins\/seo\/ -->\n<title>LA PAVONI Kaffeem\u00fchle Zylinder<\/title>\n<meta name=\"description\" content=\"Entdecken Sie LA PAVONI Kaffeem\u00fchle Zylinder bei ErresseShop. Qualit\u00e4t, Stil und Funktionalit\u00e4t \u2013 jetzt online bestellen!\" \/>\n<meta name=\"robots\" content=\"index, follow, max-snippet:-1, max-image-preview:large, max-video-preview:-1\" \/>\n<link rel=\"canonical\" href=\"https:\/\/www.erresse-shop.it\/de\/shop\/kleine-elektrogeraete\/kaffeemuehlen\/la-pavoni-kaffeemuhle-zylinder\/\" \/>\n<meta property=\"og:locale\" content=\"de_DE\" \/>\n<meta property=\"og:type\" content=\"article\" \/>\n<meta property=\"og:title\" content=\"LA PAVONI Kaffeem\u00fchle Zylinder\" \/>\n<meta property=\"og:description\" content=\"Entdecken Sie LA PAVONI Kaffeem\u00fchle Zylinder bei ErresseShop. Qualit\u00e4t, Stil und Funktionalit\u00e4t \u2013 jetzt online bestellen!\" \/>\n<meta property=\"og:url\" content=\"https:\/\/www.erresse-shop.it\/de\/shop\/kleine-elektrogeraete\/kaffeemuehlen\/la-pavoni-kaffeemuhle-zylinder\/\" \/>\n<meta property=\"og:site_name\" content=\"Erresse Shop\" \/>\n<meta property=\"article:modified_time\" content=\"2025-01-17T08:03:31+00:00\" \/>\n<meta property=\"og:image\" content=\"https:\/\/www.erresse-shop.it\/wp-content\/uploads\/2022\/07\/LA-PAVONI-Macinacaffe-Cilindro.jpg\" \/>\n\t<meta property=\"og:image:width\" content=\"800\" \/>\n\t<meta property=\"og:image:height\" content=\"800\" \/>\n\t<meta property=\"og:image:type\" content=\"image\/jpeg\" \/>\n<meta name=\"twitter:card\" content=\"summary_large_image\" \/>\n<script type=\"application\/ld+json\" class=\"yoast-schema-graph\">{\"@context\":\"https:\/\/schema.org\",\"@graph\":[{\"@type\":\"WebPage\",\"@id\":\"https:\/\/www.erresse-shop.it\/de\/shop\/kleine-elektrogeraete\/kaffeemuehlen\/la-pavoni-kaffeemuhle-zylinder\/\",\"url\":\"https:\/\/www.erresse-shop.it\/de\/shop\/kleine-elektrogeraete\/kaffeemuehlen\/la-pavoni-kaffeemuhle-zylinder\/\",\"name\":\"LA PAVONI Kaffeem\u00fchle Zylinder\",\"isPartOf\":{\"@id\":\"https:\/\/www.erresse-shop.it\/de\/#website\"},\"datePublished\":\"2022-07-06T09:03:50+00:00\",\"dateModified\":\"2025-01-17T08:03:31+00:00\",\"description\":\"Entdecken Sie LA PAVONI Kaffeem\u00fchle Zylinder bei ErresseShop. Qualit\u00e4t, Stil und Funktionalit\u00e4t \u2013 jetzt online bestellen!\",\"breadcrumb\":{\"@id\":\"https:\/\/www.erresse-shop.it\/de\/shop\/kleine-elektrogeraete\/kaffeemuehlen\/la-pavoni-kaffeemuhle-zylinder\/#breadcrumb\"},\"inLanguage\":\"de-DE\",\"potentialAction\":[{\"@type\":\"ReadAction\",\"target\":[\"https:\/\/www.erresse-shop.it\/de\/shop\/kleine-elektrogeraete\/kaffeemuehlen\/la-pavoni-kaffeemuhle-zylinder\/\"]}]},{\"@type\":\"BreadcrumbList\",\"@id\":\"https:\/\/www.erresse-shop.it\/de\/shop\/kleine-elektrogeraete\/kaffeemuehlen\/la-pavoni-kaffeemuhle-zylinder\/#breadcrumb\",\"itemListElement\":[{\"@type\":\"ListItem\",\"position\":1,\"name\":\"Home\",\"item\":\"https:\/\/www.erresse-shop.it\/de\/\"},{\"@type\":\"ListItem\",\"position\":2,\"name\":\"Shop\",\"item\":\"https:\/\/www.erresse-shop.it\/de\/shop\/\"},{\"@type\":\"ListItem\",\"position\":3,\"name\":\"LA PAVONI Kaffeem\u00fchle Zylinder\"}]},{\"@type\":\"WebSite\",\"@id\":\"https:\/\/www.erresse-shop.it\/de\/#website\",\"url\":\"https:\/\/www.erresse-shop.it\/de\/\",\"name\":\"Erresse Shop\",\"description\":\"Articoli di qualit\u00e0 per la casa\",\"potentialAction\":[{\"@type\":\"SearchAction\",\"target\":{\"@type\":\"EntryPoint\",\"urlTemplate\":\"https:\/\/www.erresse-shop.it\/de\/?s={search_term_string}\"},\"query-input\":\"required name=search_term_string\"}],\"inLanguage\":\"de-DE\"}]}<\/script>\n<!-- \/ Yoast SEO Premium plugin. -->","yoast_head_json":{"title":"LA PAVONI Kaffeem\u00fchle Zylinder","description":"Entdecken Sie LA PAVONI Kaffeem\u00fchle Zylinder bei ErresseShop. Qualit\u00e4t, Stil und Funktionalit\u00e4t \u2013 jetzt online bestellen!","robots":{"index":"index","follow":"follow","max-snippet":"max-snippet:-1","max-image-preview":"max-image-preview:large","max-video-preview":"max-video-preview:-1"},"canonical":"https:\/\/www.erresse-shop.it\/de\/shop\/kleine-elektrogeraete\/kaffeemuehlen\/la-pavoni-kaffeemuhle-zylinder\/","og_locale":"de_DE","og_type":"article","og_title":"LA PAVONI Kaffeem\u00fchle Zylinder","og_description":"Entdecken Sie LA PAVONI Kaffeem\u00fchle Zylinder bei ErresseShop. Qualit\u00e4t, Stil und Funktionalit\u00e4t \u2013 jetzt online bestellen!","og_url":"https:\/\/www.erresse-shop.it\/de\/shop\/kleine-elektrogeraete\/kaffeemuehlen\/la-pavoni-kaffeemuhle-zylinder\/","og_site_name":"Erresse Shop","article_modified_time":"2025-01-17T08:03:31+00:00","og_image":[{"width":800,"height":800,"url":"https:\/\/www.erresse-shop.it\/wp-content\/uploads\/2022\/07\/LA-PAVONI-Macinacaffe-Cilindro.jpg","type":"image\/jpeg"}],"twitter_card":"summary_large_image","schema":{"@context":"https:\/\/schema.org","@graph":[{"@type":"WebPage","@id":"https:\/\/www.erresse-shop.it\/de\/shop\/kleine-elektrogeraete\/kaffeemuehlen\/la-pavoni-kaffeemuhle-zylinder\/","url":"https:\/\/www.erresse-shop.it\/de\/shop\/kleine-elektrogeraete\/kaffeemuehlen\/la-pavoni-kaffeemuhle-zylinder\/","name":"LA PAVONI Kaffeem\u00fchle Zylinder","isPartOf":{"@id":"https:\/\/www.erresse-shop.it\/de\/#website"},"datePublished":"2022-07-06T09:03:50+00:00","dateModified":"2025-01-17T08:03:31+00:00","description":"Entdecken Sie LA PAVONI Kaffeem\u00fchle Zylinder bei ErresseShop. Qualit\u00e4t, Stil und Funktionalit\u00e4t \u2013 jetzt online bestellen!","breadcrumb":{"@id":"https:\/\/www.erresse-shop.it\/de\/shop\/kleine-elektrogeraete\/kaffeemuehlen\/la-pavoni-kaffeemuhle-zylinder\/#breadcrumb"},"inLanguage":"de-DE","potentialAction":[{"@type":"ReadAction","target":["https:\/\/www.erresse-shop.it\/de\/shop\/kleine-elektrogeraete\/kaffeemuehlen\/la-pavoni-kaffeemuhle-zylinder\/"]}]},{"@type":"BreadcrumbList","@id":"https:\/\/www.erresse-shop.it\/de\/shop\/kleine-elektrogeraete\/kaffeemuehlen\/la-pavoni-kaffeemuhle-zylinder\/#breadcrumb","itemListElement":[{"@type":"ListItem","position":1,"name":"Home","item":"https:\/\/www.erresse-shop.it\/de\/"},{"@type":"ListItem","position":2,"name":"Shop","item":"https:\/\/www.erresse-shop.it\/de\/shop\/"},{"@type":"ListItem","position":3,"name":"LA PAVONI Kaffeem\u00fchle Zylinder"}]},{"@type":"WebSite","@id":"https:\/\/www.erresse-shop.it\/de\/#website","url":"https:\/\/www.erresse-shop.it\/de\/","name":"Erresse Shop","description":"Articoli di qualit\u00e0 per la casa","potentialAction":[{"@type":"SearchAction","target":{"@type":"EntryPoint","urlTemplate":"https:\/\/www.erresse-shop.it\/de\/?s={search_term_string}"},"query-input":"required name=search_term_string"}],"inLanguage":"de-DE"}]}},"df_price":329.45000000000005,"df_sale_price":329.45000000000005,"df_regular_price":599,"df_image_link":"https:\/\/www.erresse-shop.it\/wp-content\/uploads\/2022\/07\/LA-PAVONI-Macinacaffe-Cilindro-300x300.jpg","_links":{"self":[{"href":"https:\/\/www.erresse-shop.it\/de\/wp-json\/wp\/v2\/product\/166997"}],"collection":[{"href":"https:\/\/www.erresse-shop.it\/de\/wp-json\/wp\/v2\/product"}],"about":[{"href":"https:\/\/www.erresse-shop.it\/de\/wp-json\/wp\/v2\/types\/product"}],"wp:featuredmedia":[{"embeddable":true,"href":"https:\/\/www.erresse-shop.it\/de\/wp-json\/wp\/v2\/media\/167006"}],"wp:attachment":[{"href":"https:\/\/www.erresse-shop.it\/de\/wp-json\/wp\/v2\/media?parent=166997"}],"wp:term":[{"taxonomy":"product_cat","embeddable":true,"href":"https:\/\/www.erresse-shop.it\/de\/wp-json\/wp\/v2\/product_cat?post=166997"},{"taxonomy":"product_tag","embeddable":true,"href":"https:\/\/www.erresse-shop.it\/de\/wp-json\/wp\/v2\/product_tag?post=166997"}],"curies":[{"name":"wp","href":"https:\/\/api.w.org\/{rel}","templated":true}]}}