{"id":16626,"date":"2015-05-23T16:43:29","date_gmt":"2015-05-23T16:43:29","guid":{"rendered":"https:\/\/www.erresse-shop.it\/?post_type=product&#038;p=16626"},"modified":"2025-06-09T10:08:27","modified_gmt":"2025-06-09T10:08:27","slug":"magimix-multifunktions-dampfer","status":"publish","type":"product","link":"https:\/\/www.erresse-shop.it\/de\/shop\/kleine-elektrogeraete\/dampfgarer\/magimix-multifunktions-dampfer\/","title":{"rendered":"MAGIMIX Multifunktions-Dampfer"},"content":{"rendered":"<p><strong>MAGIMIX.<\/strong>&nbsp;Es ist in Frankreich, im Herzen der Region Burgund, ber\u00fchmt f\u00fcr seine Gastronomie, da\u00df Magimix erfunden, vor mehr als vierzig Jahren, die K\u00fcchenmaschine.<br \/>\nHeute Magimix Ger\u00e4te sind die inl\u00e4ndische Version der Ger\u00e4te f\u00fcr Profis gedacht. Die besten Restaurants in der ganzen Welt nutzen die Profi-Version unserer Produkte.<br \/>\nIm Bereich Magimix, werden Sie die gesamte Palette der K\u00fcchenger\u00e4te zu finden.<br \/>\nImmer an der Spitze der Innovation in der K\u00fcche, ist stolz darauf, Magimix ihre neueste Kollektion f\u00fcr das Vergn\u00fcgen des Kochens als gro\u00dfer Koch zu pr\u00e4sentieren.<\/p>\n<p><strong>Multifunktions-Dampfer<\/strong><\/p>\n<p>Steaming kombiniert Gesundheit und Geschmack der Speisen! Das Gem\u00fcse ist frisch, das Fleisch gut gekocht bleiben weicher, Fisch ihre Aroma &#8230;<br \/>\nResistance extrem leistungsf\u00e4hige (1900 W), um schnell an die Temperatur.<br \/>\n2 K\u00f6rben in Edelstahl 5,5 Liter, um gleichzeitig kochen verschiedene Lebensmittel und die Erhaltung der Vitamine und Aromen der einzelnen Lebensmittel.<br \/>\nVolume maxi: Der Oberkorb hat einen abnehmbaren Boden, um die Kapazit\u00e4t zu variieren und kochen gr\u00f6\u00dfere St\u00fccke (Huhn, Artischocken, &#8230;).<br \/>\nGesamtkapazit\u00e4t: 12,2 Liter.<\/p>\n<p>TECHNISCHE BESCHREIBUNG<br \/>\nKapazit\u00e4t 2 K\u00f6rbe mit 5,5 Liter<br \/>\n4 vorprogrammierte Funktionen: Dampf, Fisch, Joghurt, Chafing<br \/>\nDampf &#8211; 100 \u00b0 Fleisch, Gem\u00fcse, Reis, Dessert<br \/>\nFish &#8211; 80 \u00b0 schonendes Garen die Konsistenz der Fische zu respektieren<br \/>\nChafing &#8211; 60 \u00b0 warm zu halten oder zu heizen<br \/>\nYogurt &#8211; 40 hausgemachten Joghurt<br \/>\nVolume maxi 12,2 l Korb mit abnehmbaren Boden<br \/>\n1,2-Liter-Edelstahl-Wassertank<br \/>\nDigitale Zeitschaltuhr mit automatischer Abschaltung<br \/>\nMultifunktions-Edelstahl-Basketball<br \/>\nSupport integriert Eier, f\u00fcr 6 Eier<br \/>\nDampfzahnradstahl<br \/>\nDeckglas<br \/>\nAbnehmbares Kabel<br \/>\nSp\u00fclmaschinenfest<br \/>\nSicherheitslastbetrieb, Ton-Anzeige<\/p>\n<p>Material 0% BPA<br \/>\nPower 1900 W<br \/>\nGarantie 3 Jahre<br \/>\nMa\u00dfe H295 x L390 x P261 mm<br \/>\nGewicht 4,3 kg<\/p>\n<p><span style=\"font-size: 13px;line-height: 20.8px\">Please note:&nbsp;<\/span><span style=\"font-size: 13px;line-height: 20.8px\">the power plug is European Schuko<\/span><\/p>\n<p><u style=\"font-size: 13px;line-height: 20.8px\"><strong>Not for sale outside from Europe<\/strong><\/u><\/p>\n","protected":false},"excerpt":{"rendered":"<p>MAGIMIX.&nbsp;Es ist in Frankreich, im Herzen der Region Burgund, ber\u00fchmt f\u00fcr seine Gastronomie, da\u00df Magimix erfunden, vor mehr als vierzig<\/p>\n","protected":false},"featured_media":16627,"template":"","meta":{"_acf_changed":false,"inline_featured_image":false},"product_cat":[6703,12447],"product_tag":[23661,11415,24416,12315,25022],"acf":[],"yoast_head":"<!-- This site is optimized with the Yoast SEO Premium plugin v18.6 (Yoast SEO v19.13) - https:\/\/yoast.com\/wordpress\/plugins\/seo\/ -->\n<title>MAGIMIX Multifunktions-Dampfer<\/title>\n<meta name=\"description\" content=\"Entdecken Sie MAGIMIX Multifunktions-Dampfer bei ErresseShop. Qualit\u00e4t, Stil und Funktionalit\u00e4t \u2013 jetzt online bestellen!\" \/>\n<meta name=\"robots\" content=\"index, follow, max-snippet:-1, max-image-preview:large, max-video-preview:-1\" \/>\n<link rel=\"canonical\" href=\"https:\/\/www.erresse-shop.it\/de\/shop\/kleine-elektrogeraete\/dampfgarer\/magimix-multifunktions-dampfer\/\" \/>\n<meta property=\"og:locale\" content=\"de_DE\" \/>\n<meta property=\"og:type\" content=\"article\" \/>\n<meta property=\"og:title\" content=\"MAGIMIX Multifunktions-Dampfer\" \/>\n<meta property=\"og:description\" content=\"Entdecken Sie MAGIMIX Multifunktions-Dampfer bei ErresseShop. Qualit\u00e4t, Stil und Funktionalit\u00e4t \u2013 jetzt online bestellen!\" \/>\n<meta property=\"og:url\" content=\"https:\/\/www.erresse-shop.it\/de\/shop\/kleine-elektrogeraete\/dampfgarer\/magimix-multifunktions-dampfer\/\" \/>\n<meta property=\"og:site_name\" content=\"Erresse Shop\" \/>\n<meta property=\"article:modified_time\" content=\"2025-06-09T10:08:27+00:00\" \/>\n<meta property=\"og:image\" content=\"https:\/\/www.erresse-shop.it\/wp-content\/uploads\/2015\/05\/products-63177606111581-2.jpg\" \/>\n\t<meta property=\"og:image:width\" content=\"570\" \/>\n\t<meta property=\"og:image:height\" content=\"555\" \/>\n\t<meta property=\"og:image:type\" content=\"image\/jpeg\" \/>\n<meta name=\"twitter:card\" content=\"summary_large_image\" \/>\n<script type=\"application\/ld+json\" class=\"yoast-schema-graph\">{\"@context\":\"https:\/\/schema.org\",\"@graph\":[{\"@type\":\"WebPage\",\"@id\":\"https:\/\/www.erresse-shop.it\/de\/shop\/kleine-elektrogeraete\/dampfgarer\/magimix-multifunktions-dampfer\/\",\"url\":\"https:\/\/www.erresse-shop.it\/de\/shop\/kleine-elektrogeraete\/dampfgarer\/magimix-multifunktions-dampfer\/\",\"name\":\"MAGIMIX Multifunktions-Dampfer\",\"isPartOf\":{\"@id\":\"https:\/\/www.erresse-shop.it\/de\/#website\"},\"datePublished\":\"2015-05-23T16:43:29+00:00\",\"dateModified\":\"2025-06-09T10:08:27+00:00\",\"description\":\"Entdecken Sie MAGIMIX Multifunktions-Dampfer bei ErresseShop. Qualit\u00e4t, Stil und Funktionalit\u00e4t \u2013 jetzt online bestellen!\",\"breadcrumb\":{\"@id\":\"https:\/\/www.erresse-shop.it\/de\/shop\/kleine-elektrogeraete\/dampfgarer\/magimix-multifunktions-dampfer\/#breadcrumb\"},\"inLanguage\":\"de-DE\",\"potentialAction\":[{\"@type\":\"ReadAction\",\"target\":[\"https:\/\/www.erresse-shop.it\/de\/shop\/kleine-elektrogeraete\/dampfgarer\/magimix-multifunktions-dampfer\/\"]}]},{\"@type\":\"BreadcrumbList\",\"@id\":\"https:\/\/www.erresse-shop.it\/de\/shop\/kleine-elektrogeraete\/dampfgarer\/magimix-multifunktions-dampfer\/#breadcrumb\",\"itemListElement\":[{\"@type\":\"ListItem\",\"position\":1,\"name\":\"Home\",\"item\":\"https:\/\/www.erresse-shop.it\/de\/\"},{\"@type\":\"ListItem\",\"position\":2,\"name\":\"Shop\",\"item\":\"https:\/\/www.erresse-shop.it\/de\/shop\/\"},{\"@type\":\"ListItem\",\"position\":3,\"name\":\"MAGIMIX Multifunktions-Dampfer\"}]},{\"@type\":\"WebSite\",\"@id\":\"https:\/\/www.erresse-shop.it\/de\/#website\",\"url\":\"https:\/\/www.erresse-shop.it\/de\/\",\"name\":\"Erresse Shop\",\"description\":\"Articoli di qualit\u00e0 per la casa\",\"potentialAction\":[{\"@type\":\"SearchAction\",\"target\":{\"@type\":\"EntryPoint\",\"urlTemplate\":\"https:\/\/www.erresse-shop.it\/de\/?s={search_term_string}\"},\"query-input\":\"required name=search_term_string\"}],\"inLanguage\":\"de-DE\"}]}<\/script>\n<!-- \/ Yoast SEO Premium plugin. -->","yoast_head_json":{"title":"MAGIMIX Multifunktions-Dampfer","description":"Entdecken Sie MAGIMIX Multifunktions-Dampfer bei ErresseShop. Qualit\u00e4t, Stil und Funktionalit\u00e4t \u2013 jetzt online bestellen!","robots":{"index":"index","follow":"follow","max-snippet":"max-snippet:-1","max-image-preview":"max-image-preview:large","max-video-preview":"max-video-preview:-1"},"canonical":"https:\/\/www.erresse-shop.it\/de\/shop\/kleine-elektrogeraete\/dampfgarer\/magimix-multifunktions-dampfer\/","og_locale":"de_DE","og_type":"article","og_title":"MAGIMIX Multifunktions-Dampfer","og_description":"Entdecken Sie MAGIMIX Multifunktions-Dampfer bei ErresseShop. Qualit\u00e4t, Stil und Funktionalit\u00e4t \u2013 jetzt online bestellen!","og_url":"https:\/\/www.erresse-shop.it\/de\/shop\/kleine-elektrogeraete\/dampfgarer\/magimix-multifunktions-dampfer\/","og_site_name":"Erresse Shop","article_modified_time":"2025-06-09T10:08:27+00:00","og_image":[{"width":"570","height":"555","url":"https:\/\/www.erresse-shop.it\/wp-content\/uploads\/2015\/05\/products-63177606111581-2.jpg","type":"image\/jpeg"}],"twitter_card":"summary_large_image","schema":{"@context":"https:\/\/schema.org","@graph":[{"@type":"WebPage","@id":"https:\/\/www.erresse-shop.it\/de\/shop\/kleine-elektrogeraete\/dampfgarer\/magimix-multifunktions-dampfer\/","url":"https:\/\/www.erresse-shop.it\/de\/shop\/kleine-elektrogeraete\/dampfgarer\/magimix-multifunktions-dampfer\/","name":"MAGIMIX Multifunktions-Dampfer","isPartOf":{"@id":"https:\/\/www.erresse-shop.it\/de\/#website"},"datePublished":"2015-05-23T16:43:29+00:00","dateModified":"2025-06-09T10:08:27+00:00","description":"Entdecken Sie MAGIMIX Multifunktions-Dampfer bei ErresseShop. Qualit\u00e4t, Stil und Funktionalit\u00e4t \u2013 jetzt online bestellen!","breadcrumb":{"@id":"https:\/\/www.erresse-shop.it\/de\/shop\/kleine-elektrogeraete\/dampfgarer\/magimix-multifunktions-dampfer\/#breadcrumb"},"inLanguage":"de-DE","potentialAction":[{"@type":"ReadAction","target":["https:\/\/www.erresse-shop.it\/de\/shop\/kleine-elektrogeraete\/dampfgarer\/magimix-multifunktions-dampfer\/"]}]},{"@type":"BreadcrumbList","@id":"https:\/\/www.erresse-shop.it\/de\/shop\/kleine-elektrogeraete\/dampfgarer\/magimix-multifunktions-dampfer\/#breadcrumb","itemListElement":[{"@type":"ListItem","position":1,"name":"Home","item":"https:\/\/www.erresse-shop.it\/de\/"},{"@type":"ListItem","position":2,"name":"Shop","item":"https:\/\/www.erresse-shop.it\/de\/shop\/"},{"@type":"ListItem","position":3,"name":"MAGIMIX Multifunktions-Dampfer"}]},{"@type":"WebSite","@id":"https:\/\/www.erresse-shop.it\/de\/#website","url":"https:\/\/www.erresse-shop.it\/de\/","name":"Erresse Shop","description":"Articoli di qualit\u00e0 per la casa","potentialAction":[{"@type":"SearchAction","target":{"@type":"EntryPoint","urlTemplate":"https:\/\/www.erresse-shop.it\/de\/?s={search_term_string}"},"query-input":"required name=search_term_string"}],"inLanguage":"de-DE"}]}},"df_price":208,"df_sale_price":208,"df_regular_price":320,"df_image_link":"https:\/\/www.erresse-shop.it\/wp-content\/uploads\/2015\/05\/products-63177606111581-2.jpg","_links":{"self":[{"href":"https:\/\/www.erresse-shop.it\/de\/wp-json\/wp\/v2\/product\/16626"}],"collection":[{"href":"https:\/\/www.erresse-shop.it\/de\/wp-json\/wp\/v2\/product"}],"about":[{"href":"https:\/\/www.erresse-shop.it\/de\/wp-json\/wp\/v2\/types\/product"}],"wp:featuredmedia":[{"embeddable":true,"href":"https:\/\/www.erresse-shop.it\/de\/wp-json\/wp\/v2\/media\/16627"}],"wp:attachment":[{"href":"https:\/\/www.erresse-shop.it\/de\/wp-json\/wp\/v2\/media?parent=16626"}],"wp:term":[{"taxonomy":"product_cat","embeddable":true,"href":"https:\/\/www.erresse-shop.it\/de\/wp-json\/wp\/v2\/product_cat?post=16626"},{"taxonomy":"product_tag","embeddable":true,"href":"https:\/\/www.erresse-shop.it\/de\/wp-json\/wp\/v2\/product_tag?post=16626"}],"curies":[{"name":"wp","href":"https:\/\/api.w.org\/{rel}","templated":true}]}}