{"id":165208,"date":"2022-06-29T07:10:12","date_gmt":"2022-06-29T07:10:12","guid":{"rendered":"https:\/\/www.erresse-shop.it\/?post_type=product&#038;p=165208"},"modified":"2025-01-17T08:25:34","modified_gmt":"2025-01-17T08:25:34","slug":"le-creuset-la-marmite-24cm-orange","status":"publish","type":"product","link":"https:\/\/www.erresse-shop.it\/de\/shop\/toepfe-pfannen\/schalldaempfer-und-kokotten\/le-creuset-la-marmite-24cm-orange\/","title":{"rendered":"LE CREUSET La Marmite 24cm Orange"},"content":{"rendered":"<p><strong>EIN FAMILIENSCHATZ F\u00dcR DIE ZUKUNFT<\/strong><\/p>\n<p>Unser verglastes Gusseisen-Kochgeschirr wird von einer Generation an die n\u00e4chste weitergegeben, genau wie Omas Rezepte. Dieses praktische, elegante und extrem widerstandsf\u00e4hige Kochgeschirr wird jahrelang von Hand zu Hand weitergereicht. Dank der abgerundeten W\u00e4nde wird das Umr\u00fchren zum Vergn\u00fcgen und Sie k\u00f6nnen alles kochen, ohne verschiedene T\u00f6pfe zu verwenden. Fondue bourguignonne? Fischsuppe? Darauf k\u00f6nnen Sie sich verlassen.<\/p>\n<ul>\n<li>Unser hitzebest\u00e4ndiger Knopf (bis zu 260 \u00b0C) ist so konzipiert, dass er auch dann noch gut in der Hand liegt, wenn der Deckel mit einem Topflappen angehoben wird.<\/li>\n<li>Schnelle Reinigung: Eine d\u00fcnne, keramische Innenschicht erleichtert die Reinigung.<\/li>\n<li>Tolle Griffe: Dank unserer gro\u00dfen Griffe k\u00f6nnen Sie sich auch mit<\/li>\n<li>Ofenhandschuhen leicht von der Herdplatte zum Tisch bewegen.<\/li>\n<li>Vielseitigkeit: Dieses Produkt ist f\u00fcr Backofen, Herd und Grill geeignet.<\/li>\n<li>Hervorragender Geschmack: Das verglaste Gusseisen speichert die Hitze f\u00fcr gleichm\u00e4\u00dfiges Garen und Br\u00e4unen. So bleiben Ihre k\u00f6stlichen Kreationen am Tisch l\u00e4nger hei\u00df.<\/li>\n<li>Bewahrt die Saftigkeit: Unser Deckel h\u00e4lt den Dampf, der beim Garen der Speisen entsteht, zur\u00fcck und verst\u00e4rkt die Aromen f\u00fcr au\u00dfergew\u00f6hnliche Garergebnisse.<\/li>\n<li>Einfach zu halten: Die eleganten und bequemen Griffe erm\u00f6glichen es Ihnen, das Produkt sicher anzuheben.<\/li>\n<li>Leichtg\u00e4ngige Bewegungen: Die einzigartigen gew\u00f6lbten Seiten erm\u00f6glichen ein einfaches und effizientes Wenden der Speisen.<\/li>\n<li>Nicht zu hei\u00df: Kochen Sie bei gleichbleibend niedriger bis mittlerer Hitze, um Ihr Produkt aus verglastem Gusseisen zu schonen und k\u00f6stliche<\/li>\n<li>Ergebnisse zu erzielen.<\/li>\n<li>Verbessert sich mit der Zeit: Die verglaste Innenseite entwickelt eine nat\u00fcrliche Patina, die fast wie eine Antihaftbeschichtung wirkt. Seine Oberfl\u00e4che hat Eigenschaften, die das Anhaften von Lebensmitteln auch bei geringen Mengen \u00d6l verhindern. Waschen Sie das Produkt nur mit Wasser, damit sich die Patina entwickeln kann.<\/li>\n<li>Unsere Produkte werden aus den besten Materialien in Fabriken auf der ganzen Welt hergestellt, um die Qualit\u00e4t zu garantieren, die Sie von Le Creuset erwarten.<\/li>\n<li>Material: verglastes Gusseisen<\/li>\n<li>Hergestellt in: Frankreich<\/li>\n<li>Garantie: lebenslang<\/li>\n<\/ul>\n<p><strong>W\u00e4rmequelle<\/strong>:<\/p>\n<ul>\n<li>Backofen<\/li>\n<li>Grillmodus im Backofen<\/li>\n<li>Kochfeld elektrisch<\/li>\n<li>Keramisches Glas<\/li>\n<li>Gas-Kochfeld<\/li>\n<li>Induktionskochfeld<\/li>\n<\/ul>\n<p><strong>Reinigung und Pflege:<\/strong><\/p>\n<ul>\n<li>Warten Sie, bis das Produkt abgek\u00fchlt ist, bevor Sie es reinigen.<\/li>\n<li>Reinigen Sie den Boden und die Seiten des Produkts von eventuellen<\/li>\n<li>R\u00fcckst\u00e4nden. Wenn Lebensmittel daran haften, f\u00fcllen Sie das Produkt mit warmer Seifenlauge und lassen Sie es 15-20 Minuten einweichen, bevor Sie es wie gewohnt waschen.<\/li>\n<li>Verwenden Sie keine scheuernden Reinigungsmittel oder scheuernde oder sehr steife Metallschw\u00e4mme oder B\u00fcrsten f\u00fcr die Oberfl\u00e4chen.<\/li>\n<li>Nach dem Waschen gut abtrocknen und an einem trockenen Ort aufbewahren.<\/li>\n<\/ul>\n","protected":false},"excerpt":{"rendered":"<p>EIN FAMILIENSCHATZ F\u00dcR DIE ZUKUNFT Unser verglastes Gusseisen-Kochgeschirr wird von einer Generation an die n\u00e4chste weitergegeben, genau wie Omas Rezepte.<\/p>\n","protected":false},"featured_media":460530,"template":"","meta":{"_acf_changed":false,"inline_featured_image":false},"product_cat":[6709,14793],"product_tag":[11383,11385,12315,13712,12205],"acf":[],"yoast_head":"<!-- This site is optimized with the Yoast SEO Premium plugin v18.6 (Yoast SEO v19.13) - https:\/\/yoast.com\/wordpress\/plugins\/seo\/ -->\n<title>LE CREUSET La Marmite 24cm Orange<\/title>\n<meta name=\"description\" content=\"Entdecken Sie LE CREUSET La Marmite 24cm Orange bei ErresseShop. Qualit\u00e4t, Stil und Funktionalit\u00e4t \u2013 jetzt online bestellen!\" \/>\n<meta name=\"robots\" content=\"index, follow, max-snippet:-1, max-image-preview:large, max-video-preview:-1\" \/>\n<link rel=\"canonical\" href=\"https:\/\/www.erresse-shop.it\/de\/shop\/toepfe-pfannen\/schalldaempfer-und-kokotten\/le-creuset-la-marmite-24cm-orange\/\" \/>\n<meta property=\"og:locale\" content=\"de_DE\" \/>\n<meta property=\"og:type\" content=\"article\" \/>\n<meta property=\"og:title\" content=\"LE CREUSET La Marmite 24cm Orange\" \/>\n<meta property=\"og:description\" content=\"Entdecken Sie LE CREUSET La Marmite 24cm Orange bei ErresseShop. Qualit\u00e4t, Stil und Funktionalit\u00e4t \u2013 jetzt online bestellen!\" \/>\n<meta property=\"og:url\" content=\"https:\/\/www.erresse-shop.it\/de\/shop\/toepfe-pfannen\/schalldaempfer-und-kokotten\/le-creuset-la-marmite-24cm-orange\/\" \/>\n<meta property=\"og:site_name\" content=\"Erresse Shop\" \/>\n<meta property=\"article:modified_time\" content=\"2025-01-17T08:25:34+00:00\" \/>\n<meta property=\"og:image\" content=\"https:\/\/www.erresse-shop.it\/wp-content\/uploads\/2022\/06\/LE-CREUSET-Marmitta-24-cm-Arancio.jpg\" \/>\n\t<meta property=\"og:image:width\" content=\"1200\" \/>\n\t<meta property=\"og:image:height\" content=\"1200\" \/>\n\t<meta property=\"og:image:type\" content=\"image\/jpeg\" \/>\n<meta name=\"twitter:card\" content=\"summary_large_image\" \/>\n<script type=\"application\/ld+json\" class=\"yoast-schema-graph\">{\"@context\":\"https:\/\/schema.org\",\"@graph\":[{\"@type\":\"WebPage\",\"@id\":\"https:\/\/www.erresse-shop.it\/de\/shop\/toepfe-pfannen\/schalldaempfer-und-kokotten\/le-creuset-la-marmite-24cm-orange\/\",\"url\":\"https:\/\/www.erresse-shop.it\/de\/shop\/toepfe-pfannen\/schalldaempfer-und-kokotten\/le-creuset-la-marmite-24cm-orange\/\",\"name\":\"LE CREUSET La Marmite 24cm Orange\",\"isPartOf\":{\"@id\":\"https:\/\/www.erresse-shop.it\/de\/#website\"},\"datePublished\":\"2022-06-29T07:10:12+00:00\",\"dateModified\":\"2025-01-17T08:25:34+00:00\",\"description\":\"Entdecken Sie LE CREUSET La Marmite 24cm Orange bei ErresseShop. Qualit\u00e4t, Stil und Funktionalit\u00e4t \u2013 jetzt online bestellen!\",\"breadcrumb\":{\"@id\":\"https:\/\/www.erresse-shop.it\/de\/shop\/toepfe-pfannen\/schalldaempfer-und-kokotten\/le-creuset-la-marmite-24cm-orange\/#breadcrumb\"},\"inLanguage\":\"de-DE\",\"potentialAction\":[{\"@type\":\"ReadAction\",\"target\":[\"https:\/\/www.erresse-shop.it\/de\/shop\/toepfe-pfannen\/schalldaempfer-und-kokotten\/le-creuset-la-marmite-24cm-orange\/\"]}]},{\"@type\":\"BreadcrumbList\",\"@id\":\"https:\/\/www.erresse-shop.it\/de\/shop\/toepfe-pfannen\/schalldaempfer-und-kokotten\/le-creuset-la-marmite-24cm-orange\/#breadcrumb\",\"itemListElement\":[{\"@type\":\"ListItem\",\"position\":1,\"name\":\"Home\",\"item\":\"https:\/\/www.erresse-shop.it\/de\/\"},{\"@type\":\"ListItem\",\"position\":2,\"name\":\"Shop\",\"item\":\"https:\/\/www.erresse-shop.it\/de\/shop\/\"},{\"@type\":\"ListItem\",\"position\":3,\"name\":\"LE CREUSET La Marmite 24cm Orange\"}]},{\"@type\":\"WebSite\",\"@id\":\"https:\/\/www.erresse-shop.it\/de\/#website\",\"url\":\"https:\/\/www.erresse-shop.it\/de\/\",\"name\":\"Erresse Shop\",\"description\":\"Articoli di qualit\u00e0 per la casa\",\"potentialAction\":[{\"@type\":\"SearchAction\",\"target\":{\"@type\":\"EntryPoint\",\"urlTemplate\":\"https:\/\/www.erresse-shop.it\/de\/?s={search_term_string}\"},\"query-input\":\"required name=search_term_string\"}],\"inLanguage\":\"de-DE\"}]}<\/script>\n<!-- \/ Yoast SEO Premium plugin. -->","yoast_head_json":{"title":"LE CREUSET La Marmite 24cm Orange","description":"Entdecken Sie LE CREUSET La Marmite 24cm Orange bei ErresseShop. Qualit\u00e4t, Stil und Funktionalit\u00e4t \u2013 jetzt online bestellen!","robots":{"index":"index","follow":"follow","max-snippet":"max-snippet:-1","max-image-preview":"max-image-preview:large","max-video-preview":"max-video-preview:-1"},"canonical":"https:\/\/www.erresse-shop.it\/de\/shop\/toepfe-pfannen\/schalldaempfer-und-kokotten\/le-creuset-la-marmite-24cm-orange\/","og_locale":"de_DE","og_type":"article","og_title":"LE CREUSET La Marmite 24cm Orange","og_description":"Entdecken Sie LE CREUSET La Marmite 24cm Orange bei ErresseShop. Qualit\u00e4t, Stil und Funktionalit\u00e4t \u2013 jetzt online bestellen!","og_url":"https:\/\/www.erresse-shop.it\/de\/shop\/toepfe-pfannen\/schalldaempfer-und-kokotten\/le-creuset-la-marmite-24cm-orange\/","og_site_name":"Erresse Shop","article_modified_time":"2025-01-17T08:25:34+00:00","og_image":[{"width":1200,"height":1200,"url":"https:\/\/www.erresse-shop.it\/wp-content\/uploads\/2022\/06\/LE-CREUSET-Marmitta-24-cm-Arancio.jpg","type":"image\/jpeg"}],"twitter_card":"summary_large_image","schema":{"@context":"https:\/\/schema.org","@graph":[{"@type":"WebPage","@id":"https:\/\/www.erresse-shop.it\/de\/shop\/toepfe-pfannen\/schalldaempfer-und-kokotten\/le-creuset-la-marmite-24cm-orange\/","url":"https:\/\/www.erresse-shop.it\/de\/shop\/toepfe-pfannen\/schalldaempfer-und-kokotten\/le-creuset-la-marmite-24cm-orange\/","name":"LE CREUSET La Marmite 24cm Orange","isPartOf":{"@id":"https:\/\/www.erresse-shop.it\/de\/#website"},"datePublished":"2022-06-29T07:10:12+00:00","dateModified":"2025-01-17T08:25:34+00:00","description":"Entdecken Sie LE CREUSET La Marmite 24cm Orange bei ErresseShop. Qualit\u00e4t, Stil und Funktionalit\u00e4t \u2013 jetzt online bestellen!","breadcrumb":{"@id":"https:\/\/www.erresse-shop.it\/de\/shop\/toepfe-pfannen\/schalldaempfer-und-kokotten\/le-creuset-la-marmite-24cm-orange\/#breadcrumb"},"inLanguage":"de-DE","potentialAction":[{"@type":"ReadAction","target":["https:\/\/www.erresse-shop.it\/de\/shop\/toepfe-pfannen\/schalldaempfer-und-kokotten\/le-creuset-la-marmite-24cm-orange\/"]}]},{"@type":"BreadcrumbList","@id":"https:\/\/www.erresse-shop.it\/de\/shop\/toepfe-pfannen\/schalldaempfer-und-kokotten\/le-creuset-la-marmite-24cm-orange\/#breadcrumb","itemListElement":[{"@type":"ListItem","position":1,"name":"Home","item":"https:\/\/www.erresse-shop.it\/de\/"},{"@type":"ListItem","position":2,"name":"Shop","item":"https:\/\/www.erresse-shop.it\/de\/shop\/"},{"@type":"ListItem","position":3,"name":"LE CREUSET La Marmite 24cm Orange"}]},{"@type":"WebSite","@id":"https:\/\/www.erresse-shop.it\/de\/#website","url":"https:\/\/www.erresse-shop.it\/de\/","name":"Erresse Shop","description":"Articoli di qualit\u00e0 per la casa","potentialAction":[{"@type":"SearchAction","target":{"@type":"EntryPoint","urlTemplate":"https:\/\/www.erresse-shop.it\/de\/?s={search_term_string}"},"query-input":"required name=search_term_string"}],"inLanguage":"de-DE"}]}},"df_price":119.25,"df_sale_price":119.25,"df_regular_price":265,"df_image_link":"https:\/\/www.erresse-shop.it\/wp-content\/uploads\/2022\/06\/LE-CREUSET-Marmitta-24-cm-Arancio-300x300.jpg","_links":{"self":[{"href":"https:\/\/www.erresse-shop.it\/de\/wp-json\/wp\/v2\/product\/165208"}],"collection":[{"href":"https:\/\/www.erresse-shop.it\/de\/wp-json\/wp\/v2\/product"}],"about":[{"href":"https:\/\/www.erresse-shop.it\/de\/wp-json\/wp\/v2\/types\/product"}],"wp:featuredmedia":[{"embeddable":true,"href":"https:\/\/www.erresse-shop.it\/de\/wp-json\/wp\/v2\/media\/460530"}],"wp:attachment":[{"href":"https:\/\/www.erresse-shop.it\/de\/wp-json\/wp\/v2\/media?parent=165208"}],"wp:term":[{"taxonomy":"product_cat","embeddable":true,"href":"https:\/\/www.erresse-shop.it\/de\/wp-json\/wp\/v2\/product_cat?post=165208"},{"taxonomy":"product_tag","embeddable":true,"href":"https:\/\/www.erresse-shop.it\/de\/wp-json\/wp\/v2\/product_tag?post=165208"}],"curies":[{"name":"wp","href":"https:\/\/api.w.org\/{rel}","templated":true}]}}