{"id":165159,"date":"2022-06-29T06:20:48","date_gmt":"2022-06-29T06:21:33","guid":{"rendered":"https:\/\/www.erresse-shop.it\/?post_type=product&#038;p=165159"},"modified":"2025-01-16T08:02:14","modified_gmt":"2025-01-16T08:02:14","slug":"berkel-elektro-allesschneider-red-line-300-rot","status":"publish","type":"product","link":"https:\/\/www.erresse-shop.it\/de\/shop\/kleine-elektrogeraete\/aufschnittmaschinen\/berkel-elektro-allesschneider-red-line-300-rot\/","title":{"rendered":"BERKEL Elektro-Allesschneider Red Line 300 Rot"},"content":{"rendered":"<p><strong>RED LINE, PROFESSIONELLE ELEKTRISCHE SCHNEIDEMASCHINE F\u00dcR DEN HAUSGEBRAUCH<\/strong><br \/>\nAus der Technologie der Berkel Profi-Schneidemaschinen kommt RED LINE, die elektrische Schneidemaschine f\u00fcr den Hausgebrauch, elegant und leicht in der K\u00fcche, aber mit professionellen Eigenschaften, hergestellt aus einer speziellen Aluminiumlegierung.<\/p>\n<p>Die Stahlklinge sorgt f\u00fcr einen perfekten Schnitt, reduziert den Abfall und garantiert d\u00fcnne und gleichm\u00e4\u00dfige Scheiben. Der eingebaute Sch\u00e4rfer erm\u00f6glicht ein hervorragendes Sch\u00e4rfen der Klingen und erh\u00f6ht die Effizienz und Lebensdauer der Klingen. Die einfache Demontage des Messerschutzes, der Messerabdeckung und der Platte erleichtert die Arbeit f\u00fcr eine schnelle und pr\u00e4zise Reinigung erheblich.<\/p>\n<p><strong>PROFESSIONELLE SCHNEIDEMASCHINE MIT MODERNEM UND ELEGANTEM DESIGN<\/strong><\/p>\n<p>&#8211; Anschraubbarer Klingenschutzabweiser<br \/>\n&#8211; Hochglanzlackierung des Klingenabdeckrings<br \/>\n&#8211; Schutzkasten: Der Boden der Maschine ist vollst\u00e4ndig geschlossen, um Risiken f\u00fcr den Bediener w\u00e4hrend der Bewegung und Reinigung auszuschlie\u00dfen<br \/>\n&#8211; Eingebauter Anspitzer<br \/>\n&#8211; Prestigetr\u00e4chtiges Einrichtungselement, das die begehrtesten R\u00e4ume auszeichnet<br \/>\n&#8211; Weiche, geschwungene Linien und viel Platz f\u00fcr eine schnelle und pr\u00e4zise Reinigung<br \/>\n&#8211; Rahmen aus spezieller Aluminiumlegierung<br \/>\n&#8211; Verchromte Stahlklinge mit professionellem Profil<br \/>\n&#8211; Hochprofessionelle Schnittleistung und Funktionalit\u00e4t<br \/>\n&#8211; Modernste Sicherheitseinrichtungen<br \/>\n&#8211; Professionelle Platte mit automatischem Ausl\u00f6sesystem f\u00fcr einfache Reinigung<br \/>\n&#8211; Automatisches System zum Entfernen der Messerabdeckung<br \/>\n&#8211; Integriertes System zur Einstellung der millimetrischen Scheibendicke<\/p>\n<p><strong>SAUBERKEIT UND HYGIENE<\/strong><\/p>\n<p>Geh\u00e4use aus einem Guss, daher keine L\u00fccken<br \/>\nSchnell abnehmbarer Klingenschutz aus lebensmittelechtem Aluminium f\u00fcr einfache Klingenreinigung<br \/>\nKippplatte zur schnellen Reinigung des Maschinenk\u00f6rpers<br \/>\nPlatz f\u00fcr die Sammlung kleinerer Lebensmittelabf\u00e4lle<br \/>\nAusreichend Platz f\u00fcr die Reinigung<br \/>\nLeicht abnehmbarer und sp\u00fclmaschinenfester Stahlst\u00f6\u00dfel<br \/>\nSockel mit Aluminiumplatte, so dass kein Spalt zwischen Maschine und Tisch entsteht<\/p>\n<p><strong>SICHERHEIT<\/strong><\/p>\n<p>Professionelles Bedienfeld mit gut sichtbaren LED-beleuchteten ON\/OFF-Schaltern<br \/>\nKlingenschutzring aus lebensmittelechtem Aluminium f\u00fcr zus\u00e4tzliche Sicherheit<br \/>\nErgonomische Bedienelemente in bequemer Position, um den Kraftaufwand des Bedieners zu minimieren<\/p>\n<p><strong>TECHNISCHE MERKMALE<\/strong><\/p>\n<p><strong>Gewicht:<\/strong> 27 kg<br \/>\n<strong>H\u00f6he:<\/strong> 48 cm<br \/>\n<strong>Tiefe:<\/strong> 63,5 cm<br \/>\n<strong>Breite:<\/strong> 47,5 cm<br \/>\n<strong>Durchmesser der Klinge:<\/strong> 30 cm<br \/>\n<strong>Stecker:<\/strong> mitgeliefertes Kabel mit EU-Stecker<br \/>\n<strong>Elektrische Daten:<\/strong> 230 V 50 Hz<br \/>\n<strong>Motorleistung:<\/strong> 0,31 kw \/ 0,42 hp<br \/>\n<strong>Schnittst\u00e4rke:<\/strong> 0 &#8211; 12 mm<br \/>\n<strong>Schnittkapazit\u00e4t (kreisf\u00f6rmig):<\/strong> 230 mm<br \/>\n<strong>Schneidkapazit\u00e4t (rechteckig):<\/strong> 245X230 mm<br \/>\n<strong>Abnehmbare Teile:<\/strong> Messerschutzscheibe, Messerpresse, Messerplatte, Klappenabweiser<br \/>\n<strong>Anspitzer:<\/strong> enthalten, zwei Bewegungen<br \/>\n<strong>Klingenabzieher:<\/strong> weite Reinigungsr\u00e4ume, nicht erforderlich<\/p>\n<p><span style=\"text-decoration: underline;\"><strong>Nicht zum Verkauf au\u00dferhalb Europas<\/strong><\/span><\/p>\n","protected":false},"excerpt":{"rendered":"<p>RED LINE, PROFESSIONELLE ELEKTRISCHE SCHNEIDEMASCHINE F\u00dcR DEN HAUSGEBRAUCH Aus der Technologie der Berkel Profi-Schneidemaschinen kommt RED LINE, die elektrische Schneidemaschine<\/p>\n","protected":false},"featured_media":165174,"template":"","meta":{"_acf_changed":false,"inline_featured_image":false},"product_cat":[6703,17346],"product_tag":[23911,17290,11718,19129],"acf":[],"yoast_head":"<!-- This site is optimized with the Yoast SEO Premium plugin v18.6 (Yoast SEO v19.13) - https:\/\/yoast.com\/wordpress\/plugins\/seo\/ -->\n<title>BERKEL Elektro-Allesschneider Red Line 300 Rot<\/title>\n<meta name=\"description\" content=\"Entdecken Sie BERKEL Elektro-Allesschneider Red Line 300 Rot bei ErresseShop. Qualit\u00e4t, Stil und Funktionalit\u00e4t \u2013 jetzt online bestellen!\" \/>\n<meta name=\"robots\" content=\"index, follow, max-snippet:-1, max-image-preview:large, max-video-preview:-1\" \/>\n<link rel=\"canonical\" href=\"https:\/\/www.erresse-shop.it\/de\/shop\/kleine-elektrogeraete\/aufschnittmaschinen\/berkel-elektro-allesschneider-red-line-300-rot\/\" \/>\n<meta property=\"og:locale\" content=\"de_DE\" \/>\n<meta property=\"og:type\" content=\"article\" \/>\n<meta property=\"og:title\" content=\"BERKEL Elektro-Allesschneider Red Line 300 Rot\" \/>\n<meta property=\"og:description\" content=\"Entdecken Sie BERKEL Elektro-Allesschneider Red Line 300 Rot bei ErresseShop. Qualit\u00e4t, Stil und Funktionalit\u00e4t \u2013 jetzt online bestellen!\" \/>\n<meta property=\"og:url\" content=\"https:\/\/www.erresse-shop.it\/de\/shop\/kleine-elektrogeraete\/aufschnittmaschinen\/berkel-elektro-allesschneider-red-line-300-rot\/\" \/>\n<meta property=\"og:site_name\" content=\"Erresse Shop\" \/>\n<meta property=\"article:modified_time\" content=\"2025-01-16T08:02:14+00:00\" \/>\n<meta property=\"og:image\" content=\"https:\/\/www.erresse-shop.it\/wp-content\/uploads\/2022\/06\/BERKEL-Affettatrice-Red-Line-300.jpg\" \/>\n\t<meta property=\"og:image:width\" content=\"800\" \/>\n\t<meta property=\"og:image:height\" content=\"800\" \/>\n\t<meta property=\"og:image:type\" content=\"image\/jpeg\" \/>\n<meta name=\"twitter:card\" content=\"summary_large_image\" \/>\n<script type=\"application\/ld+json\" class=\"yoast-schema-graph\">{\"@context\":\"https:\/\/schema.org\",\"@graph\":[{\"@type\":\"WebPage\",\"@id\":\"https:\/\/www.erresse-shop.it\/de\/shop\/kleine-elektrogeraete\/aufschnittmaschinen\/berkel-elektro-allesschneider-red-line-300-rot\/\",\"url\":\"https:\/\/www.erresse-shop.it\/de\/shop\/kleine-elektrogeraete\/aufschnittmaschinen\/berkel-elektro-allesschneider-red-line-300-rot\/\",\"name\":\"BERKEL Elektro-Allesschneider Red Line 300 Rot\",\"isPartOf\":{\"@id\":\"https:\/\/www.erresse-shop.it\/de\/#website\"},\"datePublished\":\"2022-06-29T06:21:33+00:00\",\"dateModified\":\"2025-01-16T08:02:14+00:00\",\"description\":\"Entdecken Sie BERKEL Elektro-Allesschneider Red Line 300 Rot bei ErresseShop. Qualit\u00e4t, Stil und Funktionalit\u00e4t \u2013 jetzt online bestellen!\",\"breadcrumb\":{\"@id\":\"https:\/\/www.erresse-shop.it\/de\/shop\/kleine-elektrogeraete\/aufschnittmaschinen\/berkel-elektro-allesschneider-red-line-300-rot\/#breadcrumb\"},\"inLanguage\":\"de-DE\",\"potentialAction\":[{\"@type\":\"ReadAction\",\"target\":[\"https:\/\/www.erresse-shop.it\/de\/shop\/kleine-elektrogeraete\/aufschnittmaschinen\/berkel-elektro-allesschneider-red-line-300-rot\/\"]}]},{\"@type\":\"BreadcrumbList\",\"@id\":\"https:\/\/www.erresse-shop.it\/de\/shop\/kleine-elektrogeraete\/aufschnittmaschinen\/berkel-elektro-allesschneider-red-line-300-rot\/#breadcrumb\",\"itemListElement\":[{\"@type\":\"ListItem\",\"position\":1,\"name\":\"Home\",\"item\":\"https:\/\/www.erresse-shop.it\/de\/\"},{\"@type\":\"ListItem\",\"position\":2,\"name\":\"Shop\",\"item\":\"https:\/\/www.erresse-shop.it\/de\/shop\/\"},{\"@type\":\"ListItem\",\"position\":3,\"name\":\"BERKEL Elektro-Allesschneider Red Line 300 Rot\"}]},{\"@type\":\"WebSite\",\"@id\":\"https:\/\/www.erresse-shop.it\/de\/#website\",\"url\":\"https:\/\/www.erresse-shop.it\/de\/\",\"name\":\"Erresse Shop\",\"description\":\"Articoli di qualit\u00e0 per la casa\",\"potentialAction\":[{\"@type\":\"SearchAction\",\"target\":{\"@type\":\"EntryPoint\",\"urlTemplate\":\"https:\/\/www.erresse-shop.it\/de\/?s={search_term_string}\"},\"query-input\":\"required name=search_term_string\"}],\"inLanguage\":\"de-DE\"}]}<\/script>\n<!-- \/ Yoast SEO Premium plugin. -->","yoast_head_json":{"title":"BERKEL Elektro-Allesschneider Red Line 300 Rot","description":"Entdecken Sie BERKEL Elektro-Allesschneider Red Line 300 Rot bei ErresseShop. Qualit\u00e4t, Stil und Funktionalit\u00e4t \u2013 jetzt online bestellen!","robots":{"index":"index","follow":"follow","max-snippet":"max-snippet:-1","max-image-preview":"max-image-preview:large","max-video-preview":"max-video-preview:-1"},"canonical":"https:\/\/www.erresse-shop.it\/de\/shop\/kleine-elektrogeraete\/aufschnittmaschinen\/berkel-elektro-allesschneider-red-line-300-rot\/","og_locale":"de_DE","og_type":"article","og_title":"BERKEL Elektro-Allesschneider Red Line 300 Rot","og_description":"Entdecken Sie BERKEL Elektro-Allesschneider Red Line 300 Rot bei ErresseShop. Qualit\u00e4t, Stil und Funktionalit\u00e4t \u2013 jetzt online bestellen!","og_url":"https:\/\/www.erresse-shop.it\/de\/shop\/kleine-elektrogeraete\/aufschnittmaschinen\/berkel-elektro-allesschneider-red-line-300-rot\/","og_site_name":"Erresse Shop","article_modified_time":"2025-01-16T08:02:14+00:00","og_image":[{"width":800,"height":800,"url":"https:\/\/www.erresse-shop.it\/wp-content\/uploads\/2022\/06\/BERKEL-Affettatrice-Red-Line-300.jpg","type":"image\/jpeg"}],"twitter_card":"summary_large_image","schema":{"@context":"https:\/\/schema.org","@graph":[{"@type":"WebPage","@id":"https:\/\/www.erresse-shop.it\/de\/shop\/kleine-elektrogeraete\/aufschnittmaschinen\/berkel-elektro-allesschneider-red-line-300-rot\/","url":"https:\/\/www.erresse-shop.it\/de\/shop\/kleine-elektrogeraete\/aufschnittmaschinen\/berkel-elektro-allesschneider-red-line-300-rot\/","name":"BERKEL Elektro-Allesschneider Red Line 300 Rot","isPartOf":{"@id":"https:\/\/www.erresse-shop.it\/de\/#website"},"datePublished":"2022-06-29T06:21:33+00:00","dateModified":"2025-01-16T08:02:14+00:00","description":"Entdecken Sie BERKEL Elektro-Allesschneider Red Line 300 Rot bei ErresseShop. Qualit\u00e4t, Stil und Funktionalit\u00e4t \u2013 jetzt online bestellen!","breadcrumb":{"@id":"https:\/\/www.erresse-shop.it\/de\/shop\/kleine-elektrogeraete\/aufschnittmaschinen\/berkel-elektro-allesschneider-red-line-300-rot\/#breadcrumb"},"inLanguage":"de-DE","potentialAction":[{"@type":"ReadAction","target":["https:\/\/www.erresse-shop.it\/de\/shop\/kleine-elektrogeraete\/aufschnittmaschinen\/berkel-elektro-allesschneider-red-line-300-rot\/"]}]},{"@type":"BreadcrumbList","@id":"https:\/\/www.erresse-shop.it\/de\/shop\/kleine-elektrogeraete\/aufschnittmaschinen\/berkel-elektro-allesschneider-red-line-300-rot\/#breadcrumb","itemListElement":[{"@type":"ListItem","position":1,"name":"Home","item":"https:\/\/www.erresse-shop.it\/de\/"},{"@type":"ListItem","position":2,"name":"Shop","item":"https:\/\/www.erresse-shop.it\/de\/shop\/"},{"@type":"ListItem","position":3,"name":"BERKEL Elektro-Allesschneider Red Line 300 Rot"}]},{"@type":"WebSite","@id":"https:\/\/www.erresse-shop.it\/de\/#website","url":"https:\/\/www.erresse-shop.it\/de\/","name":"Erresse Shop","description":"Articoli di qualit\u00e0 per la casa","potentialAction":[{"@type":"SearchAction","target":{"@type":"EntryPoint","urlTemplate":"https:\/\/www.erresse-shop.it\/de\/?s={search_term_string}"},"query-input":"required name=search_term_string"}],"inLanguage":"de-DE"}]}},"df_price":1379.95,"df_sale_price":1379.95,"df_regular_price":1699,"df_image_link":"https:\/\/www.erresse-shop.it\/wp-content\/uploads\/2022\/06\/BERKEL-Affettatrice-Red-Line-300-300x300.jpg","_links":{"self":[{"href":"https:\/\/www.erresse-shop.it\/de\/wp-json\/wp\/v2\/product\/165159"}],"collection":[{"href":"https:\/\/www.erresse-shop.it\/de\/wp-json\/wp\/v2\/product"}],"about":[{"href":"https:\/\/www.erresse-shop.it\/de\/wp-json\/wp\/v2\/types\/product"}],"wp:featuredmedia":[{"embeddable":true,"href":"https:\/\/www.erresse-shop.it\/de\/wp-json\/wp\/v2\/media\/165174"}],"wp:attachment":[{"href":"https:\/\/www.erresse-shop.it\/de\/wp-json\/wp\/v2\/media?parent=165159"}],"wp:term":[{"taxonomy":"product_cat","embeddable":true,"href":"https:\/\/www.erresse-shop.it\/de\/wp-json\/wp\/v2\/product_cat?post=165159"},{"taxonomy":"product_tag","embeddable":true,"href":"https:\/\/www.erresse-shop.it\/de\/wp-json\/wp\/v2\/product_tag?post=165159"}],"curies":[{"name":"wp","href":"https:\/\/api.w.org\/{rel}","templated":true}]}}