{"id":16514,"date":"2015-05-20T17:48:49","date_gmt":"2015-05-20T17:48:49","guid":{"rendered":"https:\/\/www.erresse-shop.it\/?post_type=product&#038;p=16514"},"modified":"2025-05-22T00:07:56","modified_gmt":"2025-05-22T00:07:56","slug":"magimix-cuisine-4200xl-weiss","status":"publish","type":"product","link":"https:\/\/www.erresse-shop.it\/de\/shop\/kleine-elektrogeraete\/kuechenmaschinen\/magimix-cuisine-4200xl-weiss\/","title":{"rendered":"MAGIMIX K\u00fcchenmaschine Cuisine 4200XL wei\u00df"},"content":{"rendered":"<p><strong>MAGIMIX.<\/strong>\u00a0Es ist in Frankreich, im Herzen der Region Burgund, ber\u00fchmt f\u00fcr seine Gastronomie, da\u00df Magimix erfunden, vor mehr als vierzig Jahren, die K\u00fcchenmaschine.<br \/>\nHeute Magimix Ger\u00e4te sind die inl\u00e4ndische Version der Ger\u00e4te f\u00fcr Profis gedacht. Die besten Restaurants in der ganzen Welt nutzen die Profi-Version unserer Produkte.<br \/>\nIm Bereich Magimix, werden Sie die gesamte Palette der K\u00fcchenger\u00e4te zu finden.<br \/>\nImmer an der Spitze der Innovation in der K\u00fcche, ist stolz darauf, Magimix ihre neueste Kollektion f\u00fcr das Vergn\u00fcgen des Kochens als gro\u00dfer Koch zu pr\u00e4sentieren.<\/p>\n<p><strong>CUISINE 4200XL<\/strong><\/p>\n<p>Gro\u00dfe Bowl 3 Liter<br \/>\nBowl durchschnittlich 2,6 Liter<br \/>\nMini Bowl 1,2 Liter<br \/>\nKochbuch 40 Rezepte<br \/>\nSpatel 1<\/p>\n<p>Kapazit\u00e4t:<br \/>\nBrioche 800 g<br \/>\nTeig f\u00fcr Brot 1 kg<br \/>\nPasta Brise 1,2 kg<br \/>\nSamtig 1,3 Liter<br \/>\nHackfleisch 1 kg<br \/>\nCarrots 1 kg<br \/>\n6 Eiwei\u00df<\/p>\n<p>Material 0% BPA<br \/>\nMotorleistung 950 W<br \/>\nGarantie 3 Jahre<br \/>\nMotor Garantie 30 Jahre<br \/>\nMa\u00dfe H425 x L210 x P260 mm<br \/>\nGewicht 10,8 kg<br \/>\nMade in France<\/p>\n<p>Achtung: Der Netzstecker ist ein europ\u00e4ischer Schuko-Stecker.<\/p>\n<p><span style=\"text-decoration: underline;\"><strong>Nicht zum Verkauf au\u00dferhalb von Europa<\/strong><\/span><\/p>\n<div class=\"su-youtube su-u-responsive-media-yes\"><iframe loading=\"lazy\" width=\"600\" height=\"400\" src=\"https:\/\/www.youtube.com\/embed\/V31IXdaH0-Y?\" frameborder=\"0\" allowfullscreen allow=\"autoplay; encrypted-media; picture-in-picture\" title=\"\"><\/iframe><\/div>\n","protected":false},"excerpt":{"rendered":"<p>MAGIMIX.\u00a0Es ist in Frankreich, im Herzen der Region Burgund, ber\u00fchmt f\u00fcr seine Gastronomie, da\u00df Magimix erfunden, vor mehr als vierzig<\/p>\n","protected":false},"featured_media":496169,"template":"","meta":{"_acf_changed":false,"inline_featured_image":false},"product_cat":[6703,6721],"product_tag":[11415,15614,12315,13008,25022],"acf":[],"yoast_head":"<!-- This site is optimized with the Yoast SEO Premium plugin v18.6 (Yoast SEO v19.13) - https:\/\/yoast.com\/wordpress\/plugins\/seo\/ -->\n<title>MAGIMIX K\u00fcchenmaschine Cuisine 4200XL wei\u00df<\/title>\n<meta name=\"description\" content=\"Entdecken Sie MAGIMIX K\u00fcchenmaschine Cuisine 4200XL wei\u00df bei ErresseShop. Qualit\u00e4t, Stil und Funktionalit\u00e4t \u2013 jetzt online bestellen!\" \/>\n<meta name=\"robots\" content=\"index, follow, max-snippet:-1, max-image-preview:large, max-video-preview:-1\" \/>\n<link rel=\"canonical\" href=\"https:\/\/www.erresse-shop.it\/de\/shop\/kleine-elektrogeraete\/kuechenmaschinen\/magimix-cuisine-4200xl-weiss\/\" \/>\n<meta property=\"og:locale\" content=\"de_DE\" \/>\n<meta property=\"og:type\" content=\"article\" \/>\n<meta property=\"og:title\" content=\"MAGIMIX K\u00fcchenmaschine Cuisine 4200XL wei\u00df\" \/>\n<meta property=\"og:description\" content=\"Entdecken Sie MAGIMIX K\u00fcchenmaschine Cuisine 4200XL wei\u00df bei ErresseShop. Qualit\u00e4t, Stil und Funktionalit\u00e4t \u2013 jetzt online bestellen!\" \/>\n<meta property=\"og:url\" content=\"https:\/\/www.erresse-shop.it\/de\/shop\/kleine-elektrogeraete\/kuechenmaschinen\/magimix-cuisine-4200xl-weiss\/\" \/>\n<meta property=\"og:site_name\" content=\"Erresse Shop\" \/>\n<meta property=\"article:modified_time\" content=\"2025-05-22T00:07:56+00:00\" \/>\n<meta property=\"og:image\" content=\"https:\/\/www.erresse-shop.it\/wp-content\/uploads\/2015\/05\/MAGIMIX-Robot-da-cucina-Cuisine-4200XL-bianco.png\" \/>\n\t<meta property=\"og:image:width\" content=\"800\" \/>\n\t<meta property=\"og:image:height\" content=\"800\" \/>\n\t<meta property=\"og:image:type\" content=\"image\/png\" \/>\n<meta name=\"twitter:card\" content=\"summary_large_image\" \/>\n<script type=\"application\/ld+json\" class=\"yoast-schema-graph\">{\"@context\":\"https:\/\/schema.org\",\"@graph\":[{\"@type\":\"WebPage\",\"@id\":\"https:\/\/www.erresse-shop.it\/de\/shop\/kleine-elektrogeraete\/kuechenmaschinen\/magimix-cuisine-4200xl-weiss\/\",\"url\":\"https:\/\/www.erresse-shop.it\/de\/shop\/kleine-elektrogeraete\/kuechenmaschinen\/magimix-cuisine-4200xl-weiss\/\",\"name\":\"MAGIMIX K\u00fcchenmaschine Cuisine 4200XL wei\u00df\",\"isPartOf\":{\"@id\":\"https:\/\/www.erresse-shop.it\/de\/#website\"},\"datePublished\":\"2015-05-20T17:48:49+00:00\",\"dateModified\":\"2025-05-22T00:07:56+00:00\",\"description\":\"Entdecken Sie MAGIMIX K\u00fcchenmaschine Cuisine 4200XL wei\u00df bei ErresseShop. Qualit\u00e4t, Stil und Funktionalit\u00e4t \u2013 jetzt online bestellen!\",\"breadcrumb\":{\"@id\":\"https:\/\/www.erresse-shop.it\/de\/shop\/kleine-elektrogeraete\/kuechenmaschinen\/magimix-cuisine-4200xl-weiss\/#breadcrumb\"},\"inLanguage\":\"de-DE\",\"potentialAction\":[{\"@type\":\"ReadAction\",\"target\":[\"https:\/\/www.erresse-shop.it\/de\/shop\/kleine-elektrogeraete\/kuechenmaschinen\/magimix-cuisine-4200xl-weiss\/\"]}]},{\"@type\":\"BreadcrumbList\",\"@id\":\"https:\/\/www.erresse-shop.it\/de\/shop\/kleine-elektrogeraete\/kuechenmaschinen\/magimix-cuisine-4200xl-weiss\/#breadcrumb\",\"itemListElement\":[{\"@type\":\"ListItem\",\"position\":1,\"name\":\"Home\",\"item\":\"https:\/\/www.erresse-shop.it\/de\/\"},{\"@type\":\"ListItem\",\"position\":2,\"name\":\"Shop\",\"item\":\"https:\/\/www.erresse-shop.it\/de\/shop\/\"},{\"@type\":\"ListItem\",\"position\":3,\"name\":\"MAGIMIX K\u00fcchenmaschine Cuisine 4200XL wei\u00df\"}]},{\"@type\":\"WebSite\",\"@id\":\"https:\/\/www.erresse-shop.it\/de\/#website\",\"url\":\"https:\/\/www.erresse-shop.it\/de\/\",\"name\":\"Erresse Shop\",\"description\":\"Articoli di qualit\u00e0 per la casa\",\"potentialAction\":[{\"@type\":\"SearchAction\",\"target\":{\"@type\":\"EntryPoint\",\"urlTemplate\":\"https:\/\/www.erresse-shop.it\/de\/?s={search_term_string}\"},\"query-input\":\"required name=search_term_string\"}],\"inLanguage\":\"de-DE\"}]}<\/script>\n<!-- \/ Yoast SEO Premium plugin. -->","yoast_head_json":{"title":"MAGIMIX K\u00fcchenmaschine Cuisine 4200XL wei\u00df","description":"Entdecken Sie MAGIMIX K\u00fcchenmaschine Cuisine 4200XL wei\u00df bei ErresseShop. Qualit\u00e4t, Stil und Funktionalit\u00e4t \u2013 jetzt online bestellen!","robots":{"index":"index","follow":"follow","max-snippet":"max-snippet:-1","max-image-preview":"max-image-preview:large","max-video-preview":"max-video-preview:-1"},"canonical":"https:\/\/www.erresse-shop.it\/de\/shop\/kleine-elektrogeraete\/kuechenmaschinen\/magimix-cuisine-4200xl-weiss\/","og_locale":"de_DE","og_type":"article","og_title":"MAGIMIX K\u00fcchenmaschine Cuisine 4200XL wei\u00df","og_description":"Entdecken Sie MAGIMIX K\u00fcchenmaschine Cuisine 4200XL wei\u00df bei ErresseShop. Qualit\u00e4t, Stil und Funktionalit\u00e4t \u2013 jetzt online bestellen!","og_url":"https:\/\/www.erresse-shop.it\/de\/shop\/kleine-elektrogeraete\/kuechenmaschinen\/magimix-cuisine-4200xl-weiss\/","og_site_name":"Erresse Shop","article_modified_time":"2025-05-22T00:07:56+00:00","og_image":[{"width":800,"height":800,"url":"https:\/\/www.erresse-shop.it\/wp-content\/uploads\/2015\/05\/MAGIMIX-Robot-da-cucina-Cuisine-4200XL-bianco.png","type":"image\/png"}],"twitter_card":"summary_large_image","schema":{"@context":"https:\/\/schema.org","@graph":[{"@type":"WebPage","@id":"https:\/\/www.erresse-shop.it\/de\/shop\/kleine-elektrogeraete\/kuechenmaschinen\/magimix-cuisine-4200xl-weiss\/","url":"https:\/\/www.erresse-shop.it\/de\/shop\/kleine-elektrogeraete\/kuechenmaschinen\/magimix-cuisine-4200xl-weiss\/","name":"MAGIMIX K\u00fcchenmaschine Cuisine 4200XL wei\u00df","isPartOf":{"@id":"https:\/\/www.erresse-shop.it\/de\/#website"},"datePublished":"2015-05-20T17:48:49+00:00","dateModified":"2025-05-22T00:07:56+00:00","description":"Entdecken Sie MAGIMIX K\u00fcchenmaschine Cuisine 4200XL wei\u00df bei ErresseShop. Qualit\u00e4t, Stil und Funktionalit\u00e4t \u2013 jetzt online bestellen!","breadcrumb":{"@id":"https:\/\/www.erresse-shop.it\/de\/shop\/kleine-elektrogeraete\/kuechenmaschinen\/magimix-cuisine-4200xl-weiss\/#breadcrumb"},"inLanguage":"de-DE","potentialAction":[{"@type":"ReadAction","target":["https:\/\/www.erresse-shop.it\/de\/shop\/kleine-elektrogeraete\/kuechenmaschinen\/magimix-cuisine-4200xl-weiss\/"]}]},{"@type":"BreadcrumbList","@id":"https:\/\/www.erresse-shop.it\/de\/shop\/kleine-elektrogeraete\/kuechenmaschinen\/magimix-cuisine-4200xl-weiss\/#breadcrumb","itemListElement":[{"@type":"ListItem","position":1,"name":"Home","item":"https:\/\/www.erresse-shop.it\/de\/"},{"@type":"ListItem","position":2,"name":"Shop","item":"https:\/\/www.erresse-shop.it\/de\/shop\/"},{"@type":"ListItem","position":3,"name":"MAGIMIX K\u00fcchenmaschine Cuisine 4200XL wei\u00df"}]},{"@type":"WebSite","@id":"https:\/\/www.erresse-shop.it\/de\/#website","url":"https:\/\/www.erresse-shop.it\/de\/","name":"Erresse Shop","description":"Articoli di qualit\u00e0 per la casa","potentialAction":[{"@type":"SearchAction","target":{"@type":"EntryPoint","urlTemplate":"https:\/\/www.erresse-shop.it\/de\/?s={search_term_string}"},"query-input":"required name=search_term_string"}],"inLanguage":"de-DE"}]}},"df_price":299,"df_sale_price":299,"df_regular_price":460,"df_image_link":"https:\/\/www.erresse-shop.it\/wp-content\/uploads\/2015\/05\/MAGIMIX-Robot-da-cucina-Cuisine-4200XL-bianco-300x300.jpg","_links":{"self":[{"href":"https:\/\/www.erresse-shop.it\/de\/wp-json\/wp\/v2\/product\/16514"}],"collection":[{"href":"https:\/\/www.erresse-shop.it\/de\/wp-json\/wp\/v2\/product"}],"about":[{"href":"https:\/\/www.erresse-shop.it\/de\/wp-json\/wp\/v2\/types\/product"}],"wp:featuredmedia":[{"embeddable":true,"href":"https:\/\/www.erresse-shop.it\/de\/wp-json\/wp\/v2\/media\/496169"}],"wp:attachment":[{"href":"https:\/\/www.erresse-shop.it\/de\/wp-json\/wp\/v2\/media?parent=16514"}],"wp:term":[{"taxonomy":"product_cat","embeddable":true,"href":"https:\/\/www.erresse-shop.it\/de\/wp-json\/wp\/v2\/product_cat?post=16514"},{"taxonomy":"product_tag","embeddable":true,"href":"https:\/\/www.erresse-shop.it\/de\/wp-json\/wp\/v2\/product_tag?post=16514"}],"curies":[{"name":"wp","href":"https:\/\/api.w.org\/{rel}","templated":true}]}}