{"id":163063,"date":"2022-06-16T08:03:44","date_gmt":"2022-06-16T08:03:48","guid":{"rendered":"https:\/\/www.erresse-shop.it\/?post_type=product&#038;p=163063"},"modified":"2025-11-05T16:39:11","modified_gmt":"2025-11-05T16:39:11","slug":"zafferano-mul8200-set-6-glas-rotweinkelche","status":"publish","type":"product","link":"https:\/\/www.erresse-shop.it\/de\/shop\/tisch\/weinbar-korkenzieher-dekanter-eiskubel\/weinglaeser\/zafferano-mul8200-set-6-glas-rotweinkelche\/","title":{"rendered":"ZAFFERANO MUL8200 Set 6 Glas Rotweinkelche"},"content":{"rendered":"<div>\n<p>Ultralight ist eine Serie von Verkostungsgl\u00e4sern, die mit der Mundblasetechnik hergestellt werden. Sie sind aus klangvollem Glas gefertigt, das ihre Widerstandsf\u00e4higkeit, Transparenz und Qualit\u00e4t garantiert.<br \/>\nBesondere Aufmerksamkeit wird den Formen gewidmet, die speziell f\u00fcr jeden Wein entworfen wurden. Es gibt zwei Arten, die diese sehr leichte Kollektion ausmachen: einige Kelche mit eleganten und strengen Formen, andere mit einem speziellen Lippenfinish, um den Zugang zur Fl\u00fcssigkeit angenehmer zu gestalten.<\/p>\n<p>Safran. Der Kelch ist nicht nur ein Ort der Bejahung, Entwicklung und Vollendung des Weins, sondern auch ein Kunstwerk.<br \/>\nDesign und Funktionalit\u00e4t inspirieren die Arbeit von Federico de Majo. Seine Kreationen reichen von eher traditionellen Linien bis hin zu solchen mit hohem technischem Gehalt, in denen Innovationsfreude und Produktforschung zum Ausdruck kommen.<\/p>\n<p>Welche Art von Glas soll ich w\u00e4hlen? http:\/\/blog.erresse-shop.it\/vino-scelta-del-bicchiere-adatto\/<\/p>\n<\/div>\n","protected":false},"excerpt":{"rendered":"<p>Ultralight ist eine Serie von Verkostungsgl\u00e4sern, die mit der Mundblasetechnik hergestellt werden. Sie sind aus klangvollem Glas gefertigt, das ihre<\/p>\n","protected":false},"featured_media":163071,"template":"","meta":{"_acf_changed":false,"inline_featured_image":false},"product_cat":[6787,6850,14459],"product_tag":[25027,11483,24604,19400,11718,11487,14591,25022,11489],"acf":[],"yoast_head":"<!-- This site is optimized with the Yoast SEO Premium plugin v18.6 (Yoast SEO v19.13) - https:\/\/yoast.com\/wordpress\/plugins\/seo\/ -->\n<title>ZAFFERANO MUL8200 Set 6 Glas Rotweinkelche<\/title>\n<meta name=\"description\" content=\"Entdecken Sie ZAFFERANO MUL8200 Set 6 Glas Rotweinkelche bei ErresseShop. Qualit\u00e4t, Stil und Funktionalit\u00e4t \u2013 jetzt online bestellen!\" \/>\n<meta name=\"robots\" content=\"index, follow, max-snippet:-1, max-image-preview:large, max-video-preview:-1\" \/>\n<link rel=\"canonical\" href=\"https:\/\/www.erresse-shop.it\/de\/shop\/tisch\/weinbar-korkenzieher-dekanter-eiskubel\/weinglaeser\/zafferano-mul8200-set-6-glas-rotweinkelche\/\" \/>\n<meta property=\"og:locale\" content=\"de_DE\" \/>\n<meta property=\"og:type\" content=\"article\" \/>\n<meta property=\"og:title\" content=\"ZAFFERANO MUL8200 Set 6 Glas Rotweinkelche\" \/>\n<meta property=\"og:description\" content=\"Entdecken Sie ZAFFERANO MUL8200 Set 6 Glas Rotweinkelche bei ErresseShop. Qualit\u00e4t, Stil und Funktionalit\u00e4t \u2013 jetzt online bestellen!\" \/>\n<meta property=\"og:url\" content=\"https:\/\/www.erresse-shop.it\/de\/shop\/tisch\/weinbar-korkenzieher-dekanter-eiskubel\/weinglaeser\/zafferano-mul8200-set-6-glas-rotweinkelche\/\" \/>\n<meta property=\"og:site_name\" content=\"Erresse Shop\" \/>\n<meta property=\"article:modified_time\" content=\"2025-11-05T16:39:11+00:00\" \/>\n<meta property=\"og:image\" content=\"https:\/\/www.erresse-shop.it\/wp-content\/uploads\/2022\/06\/calice-vini-rossi-vetro-ultralight-set-2-pezzi.jpg\" \/>\n\t<meta property=\"og:image:width\" content=\"800\" \/>\n\t<meta property=\"og:image:height\" content=\"800\" \/>\n\t<meta property=\"og:image:type\" content=\"image\/jpeg\" \/>\n<meta name=\"twitter:card\" content=\"summary_large_image\" \/>\n<script type=\"application\/ld+json\" class=\"yoast-schema-graph\">{\"@context\":\"https:\/\/schema.org\",\"@graph\":[{\"@type\":\"WebPage\",\"@id\":\"https:\/\/www.erresse-shop.it\/de\/shop\/tisch\/weinbar-korkenzieher-dekanter-eiskubel\/weinglaeser\/zafferano-mul8200-set-6-glas-rotweinkelche\/\",\"url\":\"https:\/\/www.erresse-shop.it\/de\/shop\/tisch\/weinbar-korkenzieher-dekanter-eiskubel\/weinglaeser\/zafferano-mul8200-set-6-glas-rotweinkelche\/\",\"name\":\"ZAFFERANO MUL8200 Set 6 Glas Rotweinkelche\",\"isPartOf\":{\"@id\":\"https:\/\/www.erresse-shop.it\/de\/#website\"},\"datePublished\":\"2022-06-16T08:03:48+00:00\",\"dateModified\":\"2025-11-05T16:39:11+00:00\",\"description\":\"Entdecken Sie ZAFFERANO MUL8200 Set 6 Glas Rotweinkelche bei ErresseShop. Qualit\u00e4t, Stil und Funktionalit\u00e4t \u2013 jetzt online bestellen!\",\"breadcrumb\":{\"@id\":\"https:\/\/www.erresse-shop.it\/de\/shop\/tisch\/weinbar-korkenzieher-dekanter-eiskubel\/weinglaeser\/zafferano-mul8200-set-6-glas-rotweinkelche\/#breadcrumb\"},\"inLanguage\":\"de-DE\",\"potentialAction\":[{\"@type\":\"ReadAction\",\"target\":[\"https:\/\/www.erresse-shop.it\/de\/shop\/tisch\/weinbar-korkenzieher-dekanter-eiskubel\/weinglaeser\/zafferano-mul8200-set-6-glas-rotweinkelche\/\"]}]},{\"@type\":\"BreadcrumbList\",\"@id\":\"https:\/\/www.erresse-shop.it\/de\/shop\/tisch\/weinbar-korkenzieher-dekanter-eiskubel\/weinglaeser\/zafferano-mul8200-set-6-glas-rotweinkelche\/#breadcrumb\",\"itemListElement\":[{\"@type\":\"ListItem\",\"position\":1,\"name\":\"Home\",\"item\":\"https:\/\/www.erresse-shop.it\/de\/\"},{\"@type\":\"ListItem\",\"position\":2,\"name\":\"Shop\",\"item\":\"https:\/\/www.erresse-shop.it\/de\/shop\/\"},{\"@type\":\"ListItem\",\"position\":3,\"name\":\"ZAFFERANO MUL8200 Set 6 Glas Rotweinkelche\"}]},{\"@type\":\"WebSite\",\"@id\":\"https:\/\/www.erresse-shop.it\/de\/#website\",\"url\":\"https:\/\/www.erresse-shop.it\/de\/\",\"name\":\"Erresse Shop\",\"description\":\"Articoli di qualit\u00e0 per la casa\",\"potentialAction\":[{\"@type\":\"SearchAction\",\"target\":{\"@type\":\"EntryPoint\",\"urlTemplate\":\"https:\/\/www.erresse-shop.it\/de\/?s={search_term_string}\"},\"query-input\":\"required name=search_term_string\"}],\"inLanguage\":\"de-DE\"}]}<\/script>\n<!-- \/ Yoast SEO Premium plugin. -->","yoast_head_json":{"title":"ZAFFERANO MUL8200 Set 6 Glas Rotweinkelche","description":"Entdecken Sie ZAFFERANO MUL8200 Set 6 Glas Rotweinkelche bei ErresseShop. Qualit\u00e4t, Stil und Funktionalit\u00e4t \u2013 jetzt online bestellen!","robots":{"index":"index","follow":"follow","max-snippet":"max-snippet:-1","max-image-preview":"max-image-preview:large","max-video-preview":"max-video-preview:-1"},"canonical":"https:\/\/www.erresse-shop.it\/de\/shop\/tisch\/weinbar-korkenzieher-dekanter-eiskubel\/weinglaeser\/zafferano-mul8200-set-6-glas-rotweinkelche\/","og_locale":"de_DE","og_type":"article","og_title":"ZAFFERANO MUL8200 Set 6 Glas Rotweinkelche","og_description":"Entdecken Sie ZAFFERANO MUL8200 Set 6 Glas Rotweinkelche bei ErresseShop. Qualit\u00e4t, Stil und Funktionalit\u00e4t \u2013 jetzt online bestellen!","og_url":"https:\/\/www.erresse-shop.it\/de\/shop\/tisch\/weinbar-korkenzieher-dekanter-eiskubel\/weinglaeser\/zafferano-mul8200-set-6-glas-rotweinkelche\/","og_site_name":"Erresse Shop","article_modified_time":"2025-11-05T16:39:11+00:00","og_image":[{"width":800,"height":800,"url":"https:\/\/www.erresse-shop.it\/wp-content\/uploads\/2022\/06\/calice-vini-rossi-vetro-ultralight-set-2-pezzi.jpg","type":"image\/jpeg"}],"twitter_card":"summary_large_image","schema":{"@context":"https:\/\/schema.org","@graph":[{"@type":"WebPage","@id":"https:\/\/www.erresse-shop.it\/de\/shop\/tisch\/weinbar-korkenzieher-dekanter-eiskubel\/weinglaeser\/zafferano-mul8200-set-6-glas-rotweinkelche\/","url":"https:\/\/www.erresse-shop.it\/de\/shop\/tisch\/weinbar-korkenzieher-dekanter-eiskubel\/weinglaeser\/zafferano-mul8200-set-6-glas-rotweinkelche\/","name":"ZAFFERANO MUL8200 Set 6 Glas Rotweinkelche","isPartOf":{"@id":"https:\/\/www.erresse-shop.it\/de\/#website"},"datePublished":"2022-06-16T08:03:48+00:00","dateModified":"2025-11-05T16:39:11+00:00","description":"Entdecken Sie ZAFFERANO MUL8200 Set 6 Glas Rotweinkelche bei ErresseShop. Qualit\u00e4t, Stil und Funktionalit\u00e4t \u2013 jetzt online bestellen!","breadcrumb":{"@id":"https:\/\/www.erresse-shop.it\/de\/shop\/tisch\/weinbar-korkenzieher-dekanter-eiskubel\/weinglaeser\/zafferano-mul8200-set-6-glas-rotweinkelche\/#breadcrumb"},"inLanguage":"de-DE","potentialAction":[{"@type":"ReadAction","target":["https:\/\/www.erresse-shop.it\/de\/shop\/tisch\/weinbar-korkenzieher-dekanter-eiskubel\/weinglaeser\/zafferano-mul8200-set-6-glas-rotweinkelche\/"]}]},{"@type":"BreadcrumbList","@id":"https:\/\/www.erresse-shop.it\/de\/shop\/tisch\/weinbar-korkenzieher-dekanter-eiskubel\/weinglaeser\/zafferano-mul8200-set-6-glas-rotweinkelche\/#breadcrumb","itemListElement":[{"@type":"ListItem","position":1,"name":"Home","item":"https:\/\/www.erresse-shop.it\/de\/"},{"@type":"ListItem","position":2,"name":"Shop","item":"https:\/\/www.erresse-shop.it\/de\/shop\/"},{"@type":"ListItem","position":3,"name":"ZAFFERANO MUL8200 Set 6 Glas Rotweinkelche"}]},{"@type":"WebSite","@id":"https:\/\/www.erresse-shop.it\/de\/#website","url":"https:\/\/www.erresse-shop.it\/de\/","name":"Erresse Shop","description":"Articoli di qualit\u00e0 per la casa","potentialAction":[{"@type":"SearchAction","target":{"@type":"EntryPoint","urlTemplate":"https:\/\/www.erresse-shop.it\/de\/?s={search_term_string}"},"query-input":"required name=search_term_string"}],"inLanguage":"de-DE"}]}},"df_price":69,"df_sale_price":69,"df_regular_price":117,"df_image_link":"https:\/\/www.erresse-shop.it\/wp-content\/uploads\/2022\/06\/calice-vini-rossi-vetro-ultralight-set-2-pezzi-300x300.jpg","_links":{"self":[{"href":"https:\/\/www.erresse-shop.it\/de\/wp-json\/wp\/v2\/product\/163063"}],"collection":[{"href":"https:\/\/www.erresse-shop.it\/de\/wp-json\/wp\/v2\/product"}],"about":[{"href":"https:\/\/www.erresse-shop.it\/de\/wp-json\/wp\/v2\/types\/product"}],"wp:featuredmedia":[{"embeddable":true,"href":"https:\/\/www.erresse-shop.it\/de\/wp-json\/wp\/v2\/media\/163071"}],"wp:attachment":[{"href":"https:\/\/www.erresse-shop.it\/de\/wp-json\/wp\/v2\/media?parent=163063"}],"wp:term":[{"taxonomy":"product_cat","embeddable":true,"href":"https:\/\/www.erresse-shop.it\/de\/wp-json\/wp\/v2\/product_cat?post=163063"},{"taxonomy":"product_tag","embeddable":true,"href":"https:\/\/www.erresse-shop.it\/de\/wp-json\/wp\/v2\/product_tag?post=163063"}],"curies":[{"name":"wp","href":"https:\/\/api.w.org\/{rel}","templated":true}]}}