{"id":160418,"date":"2022-05-26T13:09:19","date_gmt":"2022-05-26T13:09:20","guid":{"rendered":"https:\/\/www.erresse-shop.it\/?post_type=product&#038;p=160418"},"modified":"2023-07-08T00:15:06","modified_gmt":"2023-07-08T00:15:06","slug":"rosenthal-vase-flux-26-cm-weis","status":"publish","type":"product","link":"https:\/\/www.erresse-shop.it\/de\/shop\/einrichtung-haus\/vasen\/rosenthal-vase-flux-26-cm-weis\/","title":{"rendered":"ROSENTHAL Vase Flux 26 cm Wei\u00df"},"content":{"rendered":"<p>Klasse und Sch\u00f6nheit sind die Symbole, die f\u00fcr Rosenthal-Vasen stehen. Die neuen Kollektionen blicken mit Bewunderung auf die Vergangenheit, <strong>wollen aber mit neuen, dynamischeren Formen \u00fcberraschen.\u00a0<\/strong><\/p>\n<p>Die Tischvase Flux von Rosenthal wurde mit geschwungenen und innovativen Formen kreiert, um ein einzigartiges und v\u00f6llig originelles Produkt zu schaffen. Geeignet, um Ihr modernes oder klassisches Zuhause mit vielen Neuheiten einzurichten!<\/p>\n<p>Auf unserer Website finden Sie verschiedene <strong>Rosenthal<\/strong>-Produkte, mit denen Sie die R\u00e4ume in Ihrem sch\u00f6nen Zuhause einrichten k\u00f6nnen.<\/p>\n<p><strong>Designer<\/strong>: Harry-Paul<br \/>\n<strong>Material<\/strong>: Porzellan<br \/>\n<strong>Sammlung<\/strong>: Flux Weiss<\/p>\n","protected":false},"excerpt":{"rendered":"<p>Klasse und Sch\u00f6nheit sind die Symbole, die f\u00fcr Rosenthal-Vasen stehen. Die neuen Kollektionen blicken mit Bewunderung auf die Vergangenheit, wollen<\/p>\n","protected":false},"featured_media":160433,"template":"","meta":{"_acf_changed":false,"inline_featured_image":false},"product_cat":[6817,14421],"product_tag":[23911,23691,19144,11847,19145],"acf":[],"yoast_head":"<!-- This site is optimized with the Yoast SEO Premium plugin v18.6 (Yoast SEO v19.13) - https:\/\/yoast.com\/wordpress\/plugins\/seo\/ -->\n<title>ROSENTHAL Vase Flux 26 cm Wei\u00df - Erresse Shop<\/title>\n<meta name=\"description\" content=\"Klasse und Sch\u00f6nheit sind die Symbole, die f\u00fcr Rosenthal-Vasen stehen. Die neuen Kollektionen blicken mit Bewunderung auf die Vergangenheit, wollen aber\" \/>\n<meta name=\"robots\" content=\"index, follow, max-snippet:-1, max-image-preview:large, max-video-preview:-1\" \/>\n<link rel=\"canonical\" href=\"https:\/\/www.erresse-shop.it\/de\/shop\/einrichtung-haus\/vasen\/rosenthal-vase-flux-26-cm-weis\/\" \/>\n<meta property=\"og:locale\" content=\"de_DE\" \/>\n<meta property=\"og:type\" content=\"article\" \/>\n<meta property=\"og:title\" content=\"ROSENTHAL Vase Flux 26 cm Wei\u00df\" \/>\n<meta property=\"og:description\" content=\"Klasse und Sch\u00f6nheit sind die Symbole, die f\u00fcr Rosenthal-Vasen stehen. Die neuen Kollektionen blicken mit Bewunderung auf die Vergangenheit, wollen aber\" \/>\n<meta property=\"og:url\" content=\"https:\/\/www.erresse-shop.it\/de\/shop\/einrichtung-haus\/vasen\/rosenthal-vase-flux-26-cm-weis\/\" \/>\n<meta property=\"og:site_name\" content=\"Erresse Shop\" \/>\n<meta property=\"article:modified_time\" content=\"2023-07-08T00:15:06+00:00\" \/>\n<meta property=\"og:image\" content=\"https:\/\/www.erresse-shop.it\/wp-content\/uploads\/2022\/05\/Vaso-Flux-Weiss-26cm.jpg\" \/>\n\t<meta property=\"og:image:width\" content=\"1000\" \/>\n\t<meta property=\"og:image:height\" content=\"1000\" \/>\n\t<meta property=\"og:image:type\" content=\"image\/jpeg\" \/>\n<meta name=\"twitter:card\" content=\"summary_large_image\" \/>\n<script type=\"application\/ld+json\" class=\"yoast-schema-graph\">{\"@context\":\"https:\/\/schema.org\",\"@graph\":[{\"@type\":\"WebPage\",\"@id\":\"https:\/\/www.erresse-shop.it\/de\/shop\/einrichtung-haus\/vasen\/rosenthal-vase-flux-26-cm-weis\/\",\"url\":\"https:\/\/www.erresse-shop.it\/de\/shop\/einrichtung-haus\/vasen\/rosenthal-vase-flux-26-cm-weis\/\",\"name\":\"ROSENTHAL Vase Flux 26 cm Wei\u00df - Erresse Shop\",\"isPartOf\":{\"@id\":\"https:\/\/www.erresse-shop.it\/de\/#website\"},\"datePublished\":\"2022-05-26T13:09:20+00:00\",\"dateModified\":\"2023-07-08T00:15:06+00:00\",\"description\":\"Klasse und Sch\u00f6nheit sind die Symbole, die f\u00fcr Rosenthal-Vasen stehen. Die neuen Kollektionen blicken mit Bewunderung auf die Vergangenheit, wollen aber\",\"breadcrumb\":{\"@id\":\"https:\/\/www.erresse-shop.it\/de\/shop\/einrichtung-haus\/vasen\/rosenthal-vase-flux-26-cm-weis\/#breadcrumb\"},\"inLanguage\":\"de-DE\",\"potentialAction\":[{\"@type\":\"ReadAction\",\"target\":[\"https:\/\/www.erresse-shop.it\/de\/shop\/einrichtung-haus\/vasen\/rosenthal-vase-flux-26-cm-weis\/\"]}]},{\"@type\":\"BreadcrumbList\",\"@id\":\"https:\/\/www.erresse-shop.it\/de\/shop\/einrichtung-haus\/vasen\/rosenthal-vase-flux-26-cm-weis\/#breadcrumb\",\"itemListElement\":[{\"@type\":\"ListItem\",\"position\":1,\"name\":\"Home\",\"item\":\"https:\/\/www.erresse-shop.it\/de\/\"},{\"@type\":\"ListItem\",\"position\":2,\"name\":\"Shop\",\"item\":\"https:\/\/www.erresse-shop.it\/de\/shop\/\"},{\"@type\":\"ListItem\",\"position\":3,\"name\":\"ROSENTHAL Vase Flux 26 cm Wei\u00df\"}]},{\"@type\":\"WebSite\",\"@id\":\"https:\/\/www.erresse-shop.it\/de\/#website\",\"url\":\"https:\/\/www.erresse-shop.it\/de\/\",\"name\":\"Erresse Shop\",\"description\":\"Articoli di qualit\u00e0 per la casa\",\"potentialAction\":[{\"@type\":\"SearchAction\",\"target\":{\"@type\":\"EntryPoint\",\"urlTemplate\":\"https:\/\/www.erresse-shop.it\/de\/?s={search_term_string}\"},\"query-input\":\"required name=search_term_string\"}],\"inLanguage\":\"de-DE\"}]}<\/script>\n<!-- \/ Yoast SEO Premium plugin. -->","yoast_head_json":{"title":"ROSENTHAL Vase Flux 26 cm Wei\u00df - Erresse Shop","description":"Klasse und Sch\u00f6nheit sind die Symbole, die f\u00fcr Rosenthal-Vasen stehen. Die neuen Kollektionen blicken mit Bewunderung auf die Vergangenheit, wollen aber","robots":{"index":"index","follow":"follow","max-snippet":"max-snippet:-1","max-image-preview":"max-image-preview:large","max-video-preview":"max-video-preview:-1"},"canonical":"https:\/\/www.erresse-shop.it\/de\/shop\/einrichtung-haus\/vasen\/rosenthal-vase-flux-26-cm-weis\/","og_locale":"de_DE","og_type":"article","og_title":"ROSENTHAL Vase Flux 26 cm Wei\u00df","og_description":"Klasse und Sch\u00f6nheit sind die Symbole, die f\u00fcr Rosenthal-Vasen stehen. Die neuen Kollektionen blicken mit Bewunderung auf die Vergangenheit, wollen aber","og_url":"https:\/\/www.erresse-shop.it\/de\/shop\/einrichtung-haus\/vasen\/rosenthal-vase-flux-26-cm-weis\/","og_site_name":"Erresse Shop","article_modified_time":"2023-07-08T00:15:06+00:00","og_image":[{"width":1000,"height":1000,"url":"https:\/\/www.erresse-shop.it\/wp-content\/uploads\/2022\/05\/Vaso-Flux-Weiss-26cm.jpg","type":"image\/jpeg"}],"twitter_card":"summary_large_image","schema":{"@context":"https:\/\/schema.org","@graph":[{"@type":"WebPage","@id":"https:\/\/www.erresse-shop.it\/de\/shop\/einrichtung-haus\/vasen\/rosenthal-vase-flux-26-cm-weis\/","url":"https:\/\/www.erresse-shop.it\/de\/shop\/einrichtung-haus\/vasen\/rosenthal-vase-flux-26-cm-weis\/","name":"ROSENTHAL Vase Flux 26 cm Wei\u00df - Erresse Shop","isPartOf":{"@id":"https:\/\/www.erresse-shop.it\/de\/#website"},"datePublished":"2022-05-26T13:09:20+00:00","dateModified":"2023-07-08T00:15:06+00:00","description":"Klasse und Sch\u00f6nheit sind die Symbole, die f\u00fcr Rosenthal-Vasen stehen. Die neuen Kollektionen blicken mit Bewunderung auf die Vergangenheit, wollen aber","breadcrumb":{"@id":"https:\/\/www.erresse-shop.it\/de\/shop\/einrichtung-haus\/vasen\/rosenthal-vase-flux-26-cm-weis\/#breadcrumb"},"inLanguage":"de-DE","potentialAction":[{"@type":"ReadAction","target":["https:\/\/www.erresse-shop.it\/de\/shop\/einrichtung-haus\/vasen\/rosenthal-vase-flux-26-cm-weis\/"]}]},{"@type":"BreadcrumbList","@id":"https:\/\/www.erresse-shop.it\/de\/shop\/einrichtung-haus\/vasen\/rosenthal-vase-flux-26-cm-weis\/#breadcrumb","itemListElement":[{"@type":"ListItem","position":1,"name":"Home","item":"https:\/\/www.erresse-shop.it\/de\/"},{"@type":"ListItem","position":2,"name":"Shop","item":"https:\/\/www.erresse-shop.it\/de\/shop\/"},{"@type":"ListItem","position":3,"name":"ROSENTHAL Vase Flux 26 cm Wei\u00df"}]},{"@type":"WebSite","@id":"https:\/\/www.erresse-shop.it\/de\/#website","url":"https:\/\/www.erresse-shop.it\/de\/","name":"Erresse Shop","description":"Articoli di qualit\u00e0 per la casa","potentialAction":[{"@type":"SearchAction","target":{"@type":"EntryPoint","urlTemplate":"https:\/\/www.erresse-shop.it\/de\/?s={search_term_string}"},"query-input":"required name=search_term_string"}],"inLanguage":"de-DE"}]}},"df_price":74.25,"df_sale_price":74.25,"df_regular_price":135,"df_image_link":"https:\/\/www.erresse-shop.it\/wp-content\/uploads\/2022\/05\/Vaso-Flux-Weiss-26cm-300x300.jpg","_links":{"self":[{"href":"https:\/\/www.erresse-shop.it\/de\/wp-json\/wp\/v2\/product\/160418"}],"collection":[{"href":"https:\/\/www.erresse-shop.it\/de\/wp-json\/wp\/v2\/product"}],"about":[{"href":"https:\/\/www.erresse-shop.it\/de\/wp-json\/wp\/v2\/types\/product"}],"wp:featuredmedia":[{"embeddable":true,"href":"https:\/\/www.erresse-shop.it\/de\/wp-json\/wp\/v2\/media\/160433"}],"wp:attachment":[{"href":"https:\/\/www.erresse-shop.it\/de\/wp-json\/wp\/v2\/media?parent=160418"}],"wp:term":[{"taxonomy":"product_cat","embeddable":true,"href":"https:\/\/www.erresse-shop.it\/de\/wp-json\/wp\/v2\/product_cat?post=160418"},{"taxonomy":"product_tag","embeddable":true,"href":"https:\/\/www.erresse-shop.it\/de\/wp-json\/wp\/v2\/product_tag?post=160418"}],"curies":[{"name":"wp","href":"https:\/\/api.w.org\/{rel}","templated":true}]}}