{"id":160326,"date":"2022-05-26T10:24:41","date_gmt":"2022-05-26T10:24:42","guid":{"rendered":"https:\/\/www.erresse-shop.it\/?post_type=product&#038;p=160326"},"modified":"2023-08-17T00:00:12","modified_gmt":"2023-08-17T00:00:12","slug":"rosenthal-squall-vase-32-cm-weis","status":"publish","type":"product","link":"https:\/\/www.erresse-shop.it\/de\/shop\/einrichtung-haus\/vasen\/rosenthal-squall-vase-32-cm-weis\/","title":{"rendered":"ROSENTHAL Squall Vase 32 cm Wei\u00df"},"content":{"rendered":"<p>Squall wurde von C\u00e9dric Ragot f\u00fcr Rosenthal entworfen und ist eine Vasen-Kollektion aus feinem Porzellan mit polierter Oberfl\u00e4che.<br \/>\nSquall ist eine Vasen-Kollektion mit einem eleganten und dynamischen Design. Inspiriert und fasziniert von der Plastizit\u00e4t und den Grenzen der Verformbarkeit von Materialien, entwirft der Designer C\u00e9dric Ragot Squall. Diese Vasen trotzen ihren Grenzen und verformen sich, wodurch ein einzigartiger und gro\u00dfartiger Effekt von Bewegung und Schl\u00e4ngelung entsteht.<\/p>\n<p>Material: Porzellan<br \/>\nSammlung: Squall<\/p>\n","protected":false},"excerpt":{"rendered":"<p>Squall wurde von C\u00e9dric Ragot f\u00fcr Rosenthal entworfen und ist eine Vasen-Kollektion aus feinem Porzellan mit polierter Oberfl\u00e4che. Squall ist<\/p>\n","protected":false},"featured_media":160359,"template":"","meta":{"_acf_changed":false,"inline_featured_image":false},"product_cat":[6817,14421],"product_tag":[23911,23691,18569,11847],"acf":[],"yoast_head":"<!-- This site is optimized with the Yoast SEO Premium plugin v18.6 (Yoast SEO v19.13) - https:\/\/yoast.com\/wordpress\/plugins\/seo\/ -->\n<title>ROSENTHAL Squall Vase 32 cm Wei\u00df - Erresse Shop<\/title>\n<meta name=\"description\" content=\"Squall wurde von C\u00e9dric Ragot f\u00fcr Rosenthal entworfen und ist eine Vasen-Kollektion aus feinem Porzellan mit polierter Oberfl\u00e4che. Squall ist eine\" \/>\n<meta name=\"robots\" content=\"index, follow, max-snippet:-1, max-image-preview:large, max-video-preview:-1\" \/>\n<link rel=\"canonical\" href=\"https:\/\/www.erresse-shop.it\/de\/shop\/einrichtung-haus\/vasen\/rosenthal-squall-vase-32-cm-weis\/\" \/>\n<meta property=\"og:locale\" content=\"de_DE\" \/>\n<meta property=\"og:type\" content=\"article\" \/>\n<meta property=\"og:title\" content=\"ROSENTHAL Squall Vase 32 cm Wei\u00df\" \/>\n<meta property=\"og:description\" content=\"Squall wurde von C\u00e9dric Ragot f\u00fcr Rosenthal entworfen und ist eine Vasen-Kollektion aus feinem Porzellan mit polierter Oberfl\u00e4che. Squall ist eine\" \/>\n<meta property=\"og:url\" content=\"https:\/\/www.erresse-shop.it\/de\/shop\/einrichtung-haus\/vasen\/rosenthal-squall-vase-32-cm-weis\/\" \/>\n<meta property=\"og:site_name\" content=\"Erresse Shop\" \/>\n<meta property=\"article:modified_time\" content=\"2023-08-17T00:00:12+00:00\" \/>\n<meta property=\"og:image\" content=\"https:\/\/www.erresse-shop.it\/wp-content\/uploads\/2022\/05\/Vaso-Squall-Weiss-32-cm.jpg\" \/>\n\t<meta property=\"og:image:width\" content=\"1000\" \/>\n\t<meta property=\"og:image:height\" content=\"1000\" \/>\n\t<meta property=\"og:image:type\" content=\"image\/jpeg\" \/>\n<meta name=\"twitter:card\" content=\"summary_large_image\" \/>\n<script type=\"application\/ld+json\" class=\"yoast-schema-graph\">{\"@context\":\"https:\/\/schema.org\",\"@graph\":[{\"@type\":\"WebPage\",\"@id\":\"https:\/\/www.erresse-shop.it\/de\/shop\/einrichtung-haus\/vasen\/rosenthal-squall-vase-32-cm-weis\/\",\"url\":\"https:\/\/www.erresse-shop.it\/de\/shop\/einrichtung-haus\/vasen\/rosenthal-squall-vase-32-cm-weis\/\",\"name\":\"ROSENTHAL Squall Vase 32 cm Wei\u00df - Erresse Shop\",\"isPartOf\":{\"@id\":\"https:\/\/www.erresse-shop.it\/de\/#website\"},\"datePublished\":\"2022-05-26T10:24:42+00:00\",\"dateModified\":\"2023-08-17T00:00:12+00:00\",\"description\":\"Squall wurde von C\u00e9dric Ragot f\u00fcr Rosenthal entworfen und ist eine Vasen-Kollektion aus feinem Porzellan mit polierter Oberfl\u00e4che. Squall ist eine\",\"breadcrumb\":{\"@id\":\"https:\/\/www.erresse-shop.it\/de\/shop\/einrichtung-haus\/vasen\/rosenthal-squall-vase-32-cm-weis\/#breadcrumb\"},\"inLanguage\":\"de-DE\",\"potentialAction\":[{\"@type\":\"ReadAction\",\"target\":[\"https:\/\/www.erresse-shop.it\/de\/shop\/einrichtung-haus\/vasen\/rosenthal-squall-vase-32-cm-weis\/\"]}]},{\"@type\":\"BreadcrumbList\",\"@id\":\"https:\/\/www.erresse-shop.it\/de\/shop\/einrichtung-haus\/vasen\/rosenthal-squall-vase-32-cm-weis\/#breadcrumb\",\"itemListElement\":[{\"@type\":\"ListItem\",\"position\":1,\"name\":\"Home\",\"item\":\"https:\/\/www.erresse-shop.it\/de\/\"},{\"@type\":\"ListItem\",\"position\":2,\"name\":\"Shop\",\"item\":\"https:\/\/www.erresse-shop.it\/de\/shop\/\"},{\"@type\":\"ListItem\",\"position\":3,\"name\":\"ROSENTHAL Squall Vase 32 cm Wei\u00df\"}]},{\"@type\":\"WebSite\",\"@id\":\"https:\/\/www.erresse-shop.it\/de\/#website\",\"url\":\"https:\/\/www.erresse-shop.it\/de\/\",\"name\":\"Erresse Shop\",\"description\":\"Articoli di qualit\u00e0 per la casa\",\"potentialAction\":[{\"@type\":\"SearchAction\",\"target\":{\"@type\":\"EntryPoint\",\"urlTemplate\":\"https:\/\/www.erresse-shop.it\/de\/?s={search_term_string}\"},\"query-input\":\"required name=search_term_string\"}],\"inLanguage\":\"de-DE\"}]}<\/script>\n<!-- \/ Yoast SEO Premium plugin. -->","yoast_head_json":{"title":"ROSENTHAL Squall Vase 32 cm Wei\u00df - Erresse Shop","description":"Squall wurde von C\u00e9dric Ragot f\u00fcr Rosenthal entworfen und ist eine Vasen-Kollektion aus feinem Porzellan mit polierter Oberfl\u00e4che. Squall ist eine","robots":{"index":"index","follow":"follow","max-snippet":"max-snippet:-1","max-image-preview":"max-image-preview:large","max-video-preview":"max-video-preview:-1"},"canonical":"https:\/\/www.erresse-shop.it\/de\/shop\/einrichtung-haus\/vasen\/rosenthal-squall-vase-32-cm-weis\/","og_locale":"de_DE","og_type":"article","og_title":"ROSENTHAL Squall Vase 32 cm Wei\u00df","og_description":"Squall wurde von C\u00e9dric Ragot f\u00fcr Rosenthal entworfen und ist eine Vasen-Kollektion aus feinem Porzellan mit polierter Oberfl\u00e4che. Squall ist eine","og_url":"https:\/\/www.erresse-shop.it\/de\/shop\/einrichtung-haus\/vasen\/rosenthal-squall-vase-32-cm-weis\/","og_site_name":"Erresse Shop","article_modified_time":"2023-08-17T00:00:12+00:00","og_image":[{"width":1000,"height":1000,"url":"https:\/\/www.erresse-shop.it\/wp-content\/uploads\/2022\/05\/Vaso-Squall-Weiss-32-cm.jpg","type":"image\/jpeg"}],"twitter_card":"summary_large_image","schema":{"@context":"https:\/\/schema.org","@graph":[{"@type":"WebPage","@id":"https:\/\/www.erresse-shop.it\/de\/shop\/einrichtung-haus\/vasen\/rosenthal-squall-vase-32-cm-weis\/","url":"https:\/\/www.erresse-shop.it\/de\/shop\/einrichtung-haus\/vasen\/rosenthal-squall-vase-32-cm-weis\/","name":"ROSENTHAL Squall Vase 32 cm Wei\u00df - Erresse Shop","isPartOf":{"@id":"https:\/\/www.erresse-shop.it\/de\/#website"},"datePublished":"2022-05-26T10:24:42+00:00","dateModified":"2023-08-17T00:00:12+00:00","description":"Squall wurde von C\u00e9dric Ragot f\u00fcr Rosenthal entworfen und ist eine Vasen-Kollektion aus feinem Porzellan mit polierter Oberfl\u00e4che. Squall ist eine","breadcrumb":{"@id":"https:\/\/www.erresse-shop.it\/de\/shop\/einrichtung-haus\/vasen\/rosenthal-squall-vase-32-cm-weis\/#breadcrumb"},"inLanguage":"de-DE","potentialAction":[{"@type":"ReadAction","target":["https:\/\/www.erresse-shop.it\/de\/shop\/einrichtung-haus\/vasen\/rosenthal-squall-vase-32-cm-weis\/"]}]},{"@type":"BreadcrumbList","@id":"https:\/\/www.erresse-shop.it\/de\/shop\/einrichtung-haus\/vasen\/rosenthal-squall-vase-32-cm-weis\/#breadcrumb","itemListElement":[{"@type":"ListItem","position":1,"name":"Home","item":"https:\/\/www.erresse-shop.it\/de\/"},{"@type":"ListItem","position":2,"name":"Shop","item":"https:\/\/www.erresse-shop.it\/de\/shop\/"},{"@type":"ListItem","position":3,"name":"ROSENTHAL Squall Vase 32 cm Wei\u00df"}]},{"@type":"WebSite","@id":"https:\/\/www.erresse-shop.it\/de\/#website","url":"https:\/\/www.erresse-shop.it\/de\/","name":"Erresse Shop","description":"Articoli di qualit\u00e0 per la casa","potentialAction":[{"@type":"SearchAction","target":{"@type":"EntryPoint","urlTemplate":"https:\/\/www.erresse-shop.it\/de\/?s={search_term_string}"},"query-input":"required name=search_term_string"}],"inLanguage":"de-DE"}]}},"df_price":142.45000000000002,"df_sale_price":142.45000000000002,"df_regular_price":259,"df_image_link":"https:\/\/www.erresse-shop.it\/wp-content\/uploads\/2022\/05\/Vaso-Squall-Weiss-32-cm-300x300.jpg","_links":{"self":[{"href":"https:\/\/www.erresse-shop.it\/de\/wp-json\/wp\/v2\/product\/160326"}],"collection":[{"href":"https:\/\/www.erresse-shop.it\/de\/wp-json\/wp\/v2\/product"}],"about":[{"href":"https:\/\/www.erresse-shop.it\/de\/wp-json\/wp\/v2\/types\/product"}],"wp:featuredmedia":[{"embeddable":true,"href":"https:\/\/www.erresse-shop.it\/de\/wp-json\/wp\/v2\/media\/160359"}],"wp:attachment":[{"href":"https:\/\/www.erresse-shop.it\/de\/wp-json\/wp\/v2\/media?parent=160326"}],"wp:term":[{"taxonomy":"product_cat","embeddable":true,"href":"https:\/\/www.erresse-shop.it\/de\/wp-json\/wp\/v2\/product_cat?post=160326"},{"taxonomy":"product_tag","embeddable":true,"href":"https:\/\/www.erresse-shop.it\/de\/wp-json\/wp\/v2\/product_tag?post=160326"}],"curies":[{"name":"wp","href":"https:\/\/api.w.org\/{rel}","templated":true}]}}