{"id":160244,"date":"2022-05-26T08:20:25","date_gmt":"2022-05-26T08:20:32","guid":{"rendered":"https:\/\/www.erresse-shop.it\/?post_type=product&#038;p=160244"},"modified":"2023-08-17T00:00:19","modified_gmt":"2023-08-17T00:00:19","slug":"rosenthal-vase-falda-27-cm-gold","status":"publish","type":"product","link":"https:\/\/www.erresse-shop.it\/de\/shop\/einrichtung-haus\/vasen\/rosenthal-vase-falda-27-cm-gold\/","title":{"rendered":"ROSENTHAL Vase Falda 27 cm Gold"},"content":{"rendered":"<p>Rosenthal hat mit Falda eine unverwechselbare und faszinierende Kollektion geschaffen. Dieses elegante und moderne M\u00f6belst\u00fcck zeichnet sich durch abgerundete, leuchtende Formen aus, w\u00e4hrend sich das Oberteil wie der Saum eines Kleides \u00f6ffnet. Innen ist sie mit Gold verziert.<br \/>\nDas Spiel der Hell-Dunkel-Farben macht diese Vase zu einem einzigartigen Unikat, das sich sowohl f\u00fcr ein modernes als auch f\u00fcr ein klassisches Zuhause eignet.<\/p>\n<p>Material: Porzellan<br \/>\nKollektion: Falda<\/p>\n","protected":false},"excerpt":{"rendered":"<p>Rosenthal hat mit Falda eine unverwechselbare und faszinierende Kollektion geschaffen. Dieses elegante und moderne M\u00f6belst\u00fcck zeichnet sich durch abgerundete, leuchtende<\/p>\n","protected":false},"featured_media":160255,"template":"","meta":{"_acf_changed":false,"inline_featured_image":false},"product_cat":[6817,14421],"product_tag":[23911,23691,19150,11847],"acf":[],"yoast_head":"<!-- This site is optimized with the Yoast SEO Premium plugin v18.6 (Yoast SEO v19.13) - https:\/\/yoast.com\/wordpress\/plugins\/seo\/ -->\n<title>ROSENTHAL Vase Falda 27 cm Gold - Erresse Shop<\/title>\n<meta name=\"description\" content=\"Rosenthal hat mit Falda eine unverwechselbare und faszinierende Kollektion geschaffen. Dieses elegante und moderne M\u00f6belst\u00fcck zeichnet sich durch\" \/>\n<meta name=\"robots\" content=\"index, follow, max-snippet:-1, max-image-preview:large, max-video-preview:-1\" \/>\n<link rel=\"canonical\" href=\"https:\/\/www.erresse-shop.it\/de\/shop\/einrichtung-haus\/vasen\/rosenthal-vase-falda-27-cm-gold\/\" \/>\n<meta property=\"og:locale\" content=\"de_DE\" \/>\n<meta property=\"og:type\" content=\"article\" \/>\n<meta property=\"og:title\" content=\"ROSENTHAL Vase Falda 27 cm Gold\" \/>\n<meta property=\"og:description\" content=\"Rosenthal hat mit Falda eine unverwechselbare und faszinierende Kollektion geschaffen. Dieses elegante und moderne M\u00f6belst\u00fcck zeichnet sich durch\" \/>\n<meta property=\"og:url\" content=\"https:\/\/www.erresse-shop.it\/de\/shop\/einrichtung-haus\/vasen\/rosenthal-vase-falda-27-cm-gold\/\" \/>\n<meta property=\"og:site_name\" content=\"Erresse Shop\" \/>\n<meta property=\"article:modified_time\" content=\"2023-08-17T00:00:19+00:00\" \/>\n<meta property=\"og:image\" content=\"https:\/\/www.erresse-shop.it\/wp-content\/uploads\/2022\/05\/Vaso-Falda-Gold-27cm.jpg\" \/>\n\t<meta property=\"og:image:width\" content=\"1000\" \/>\n\t<meta property=\"og:image:height\" content=\"1000\" \/>\n\t<meta property=\"og:image:type\" content=\"image\/jpeg\" \/>\n<meta name=\"twitter:card\" content=\"summary_large_image\" \/>\n<script type=\"application\/ld+json\" class=\"yoast-schema-graph\">{\"@context\":\"https:\/\/schema.org\",\"@graph\":[{\"@type\":\"WebPage\",\"@id\":\"https:\/\/www.erresse-shop.it\/de\/shop\/einrichtung-haus\/vasen\/rosenthal-vase-falda-27-cm-gold\/\",\"url\":\"https:\/\/www.erresse-shop.it\/de\/shop\/einrichtung-haus\/vasen\/rosenthal-vase-falda-27-cm-gold\/\",\"name\":\"ROSENTHAL Vase Falda 27 cm Gold - Erresse Shop\",\"isPartOf\":{\"@id\":\"https:\/\/www.erresse-shop.it\/de\/#website\"},\"datePublished\":\"2022-05-26T08:20:32+00:00\",\"dateModified\":\"2023-08-17T00:00:19+00:00\",\"description\":\"Rosenthal hat mit Falda eine unverwechselbare und faszinierende Kollektion geschaffen. Dieses elegante und moderne M\u00f6belst\u00fcck zeichnet sich durch\",\"breadcrumb\":{\"@id\":\"https:\/\/www.erresse-shop.it\/de\/shop\/einrichtung-haus\/vasen\/rosenthal-vase-falda-27-cm-gold\/#breadcrumb\"},\"inLanguage\":\"de-DE\",\"potentialAction\":[{\"@type\":\"ReadAction\",\"target\":[\"https:\/\/www.erresse-shop.it\/de\/shop\/einrichtung-haus\/vasen\/rosenthal-vase-falda-27-cm-gold\/\"]}]},{\"@type\":\"BreadcrumbList\",\"@id\":\"https:\/\/www.erresse-shop.it\/de\/shop\/einrichtung-haus\/vasen\/rosenthal-vase-falda-27-cm-gold\/#breadcrumb\",\"itemListElement\":[{\"@type\":\"ListItem\",\"position\":1,\"name\":\"Home\",\"item\":\"https:\/\/www.erresse-shop.it\/de\/\"},{\"@type\":\"ListItem\",\"position\":2,\"name\":\"Shop\",\"item\":\"https:\/\/www.erresse-shop.it\/de\/shop\/\"},{\"@type\":\"ListItem\",\"position\":3,\"name\":\"ROSENTHAL Vase Falda 27 cm Gold\"}]},{\"@type\":\"WebSite\",\"@id\":\"https:\/\/www.erresse-shop.it\/de\/#website\",\"url\":\"https:\/\/www.erresse-shop.it\/de\/\",\"name\":\"Erresse Shop\",\"description\":\"Articoli di qualit\u00e0 per la casa\",\"potentialAction\":[{\"@type\":\"SearchAction\",\"target\":{\"@type\":\"EntryPoint\",\"urlTemplate\":\"https:\/\/www.erresse-shop.it\/de\/?s={search_term_string}\"},\"query-input\":\"required name=search_term_string\"}],\"inLanguage\":\"de-DE\"}]}<\/script>\n<!-- \/ Yoast SEO Premium plugin. -->","yoast_head_json":{"title":"ROSENTHAL Vase Falda 27 cm Gold - Erresse Shop","description":"Rosenthal hat mit Falda eine unverwechselbare und faszinierende Kollektion geschaffen. Dieses elegante und moderne M\u00f6belst\u00fcck zeichnet sich durch","robots":{"index":"index","follow":"follow","max-snippet":"max-snippet:-1","max-image-preview":"max-image-preview:large","max-video-preview":"max-video-preview:-1"},"canonical":"https:\/\/www.erresse-shop.it\/de\/shop\/einrichtung-haus\/vasen\/rosenthal-vase-falda-27-cm-gold\/","og_locale":"de_DE","og_type":"article","og_title":"ROSENTHAL Vase Falda 27 cm Gold","og_description":"Rosenthal hat mit Falda eine unverwechselbare und faszinierende Kollektion geschaffen. Dieses elegante und moderne M\u00f6belst\u00fcck zeichnet sich durch","og_url":"https:\/\/www.erresse-shop.it\/de\/shop\/einrichtung-haus\/vasen\/rosenthal-vase-falda-27-cm-gold\/","og_site_name":"Erresse Shop","article_modified_time":"2023-08-17T00:00:19+00:00","og_image":[{"width":1000,"height":1000,"url":"https:\/\/www.erresse-shop.it\/wp-content\/uploads\/2022\/05\/Vaso-Falda-Gold-27cm.jpg","type":"image\/jpeg"}],"twitter_card":"summary_large_image","schema":{"@context":"https:\/\/schema.org","@graph":[{"@type":"WebPage","@id":"https:\/\/www.erresse-shop.it\/de\/shop\/einrichtung-haus\/vasen\/rosenthal-vase-falda-27-cm-gold\/","url":"https:\/\/www.erresse-shop.it\/de\/shop\/einrichtung-haus\/vasen\/rosenthal-vase-falda-27-cm-gold\/","name":"ROSENTHAL Vase Falda 27 cm Gold - Erresse Shop","isPartOf":{"@id":"https:\/\/www.erresse-shop.it\/de\/#website"},"datePublished":"2022-05-26T08:20:32+00:00","dateModified":"2023-08-17T00:00:19+00:00","description":"Rosenthal hat mit Falda eine unverwechselbare und faszinierende Kollektion geschaffen. Dieses elegante und moderne M\u00f6belst\u00fcck zeichnet sich durch","breadcrumb":{"@id":"https:\/\/www.erresse-shop.it\/de\/shop\/einrichtung-haus\/vasen\/rosenthal-vase-falda-27-cm-gold\/#breadcrumb"},"inLanguage":"de-DE","potentialAction":[{"@type":"ReadAction","target":["https:\/\/www.erresse-shop.it\/de\/shop\/einrichtung-haus\/vasen\/rosenthal-vase-falda-27-cm-gold\/"]}]},{"@type":"BreadcrumbList","@id":"https:\/\/www.erresse-shop.it\/de\/shop\/einrichtung-haus\/vasen\/rosenthal-vase-falda-27-cm-gold\/#breadcrumb","itemListElement":[{"@type":"ListItem","position":1,"name":"Home","item":"https:\/\/www.erresse-shop.it\/de\/"},{"@type":"ListItem","position":2,"name":"Shop","item":"https:\/\/www.erresse-shop.it\/de\/shop\/"},{"@type":"ListItem","position":3,"name":"ROSENTHAL Vase Falda 27 cm Gold"}]},{"@type":"WebSite","@id":"https:\/\/www.erresse-shop.it\/de\/#website","url":"https:\/\/www.erresse-shop.it\/de\/","name":"Erresse Shop","description":"Articoli di qualit\u00e0 per la casa","potentialAction":[{"@type":"SearchAction","target":{"@type":"EntryPoint","urlTemplate":"https:\/\/www.erresse-shop.it\/de\/?s={search_term_string}"},"query-input":"required name=search_term_string"}],"inLanguage":"de-DE"}]}},"df_price":324.5,"df_sale_price":324.5,"df_regular_price":590,"df_image_link":"https:\/\/www.erresse-shop.it\/wp-content\/uploads\/2022\/05\/Vaso-Falda-Gold-27cm-300x300.jpg","_links":{"self":[{"href":"https:\/\/www.erresse-shop.it\/de\/wp-json\/wp\/v2\/product\/160244"}],"collection":[{"href":"https:\/\/www.erresse-shop.it\/de\/wp-json\/wp\/v2\/product"}],"about":[{"href":"https:\/\/www.erresse-shop.it\/de\/wp-json\/wp\/v2\/types\/product"}],"wp:featuredmedia":[{"embeddable":true,"href":"https:\/\/www.erresse-shop.it\/de\/wp-json\/wp\/v2\/media\/160255"}],"wp:attachment":[{"href":"https:\/\/www.erresse-shop.it\/de\/wp-json\/wp\/v2\/media?parent=160244"}],"wp:term":[{"taxonomy":"product_cat","embeddable":true,"href":"https:\/\/www.erresse-shop.it\/de\/wp-json\/wp\/v2\/product_cat?post=160244"},{"taxonomy":"product_tag","embeddable":true,"href":"https:\/\/www.erresse-shop.it\/de\/wp-json\/wp\/v2\/product_tag?post=160244"}],"curies":[{"name":"wp","href":"https:\/\/api.w.org\/{rel}","templated":true}]}}