{"id":159927,"date":"2022-05-24T09:42:22","date_gmt":"2022-05-24T09:42:23","guid":{"rendered":"https:\/\/www.erresse-shop.it\/?post_type=product&#038;p=159927"},"modified":"2025-01-16T14:59:07","modified_gmt":"2025-01-16T14:59:07","slug":"emile-henry-kaseschachtel-schwarz","status":"publish","type":"product","link":"https:\/\/www.erresse-shop.it\/de\/shop\/tisch\/koerbe-und-schalen\/emile-henry-kaseschachtel-schwarz\/","title":{"rendered":"EMILE HENRY K\u00e4seschachtel Schwarz"},"content":{"rendered":"<p>Die Cheese Box aus Keramik ist ideal f\u00fcr die Aufbewahrung in k\u00fchlen Umgebungen und eignet sich f\u00fcr die Lagerung, den Schutz und das Servieren aller Arten von K\u00e4se. Der Deckel der Schachtel wird auch zu einer attraktiven Servierplatte, wenn er umgedreht wird.<\/p>\n<p>Mit einem Fassungsverm\u00f6gen von 3,5 Litern fasst die Cheese Box bis zu 10 St\u00fcck. Sie ist f\u00fcr eine optimale Lagerung in der Box, aber auch im K\u00fchlschrank konzipiert. Schmal und tief, nimmt es nur wenig Platz im Regal ein. Der flache Deckel erm\u00f6glicht das Abstellen von anderen Beh\u00e4ltern oder Geschirr.<\/p>\n<p>Dank der seitlichen Griffe lassen sich die Cheese Box und ihr Deckel im K\u00fchlschrank und bei Tisch leicht handhaben. Um den K\u00e4se aus dem K\u00fchlschrank auf den Tisch zu bringen, klappen Sie einfach den Deckel um, legen Sie die K\u00e4sest\u00fccke, ganz oder in Scheiben geschnitten, auf den Tisch und servieren Sie sie.<\/p>\n<p>Wenn Sie fertig sind, wickeln Sie die K\u00e4sereste einfach ein, legen sie zur\u00fcck in die Box, verschlie\u00dfen sie nach der Reinigung mit dem Deckel und lagern sie.<\/p>\n<p>L\u00e4nge\/Durchmesser: 31 cm<br \/>\nBreite: 20,5 cm<br \/>\nH\u00f6he: 11 cm<br \/>\nGewicht: 2,5 kg<\/p>\n","protected":false},"excerpt":{"rendered":"<p>Die Cheese Box aus Keramik ist ideal f\u00fcr die Aufbewahrung in k\u00fchlen Umgebungen und eignet sich f\u00fcr die Lagerung, den<\/p>\n","protected":false},"featured_media":159936,"template":"","meta":{"_acf_changed":false,"inline_featured_image":false},"product_cat":[6787,14243],"product_tag":[],"acf":[],"yoast_head":"<!-- This site is optimized with the Yoast SEO Premium plugin v18.6 (Yoast SEO v19.13) - https:\/\/yoast.com\/wordpress\/plugins\/seo\/ -->\n<title>EMILE HENRY K\u00e4seschachtel Schwarz<\/title>\n<meta name=\"description\" content=\"Entdecken Sie EMILE HENRY K\u00e4seschachtel Schwarz bei ErresseShop. Qualit\u00e4t, Stil und Funktionalit\u00e4t \u2013 jetzt online bestellen!\" \/>\n<meta name=\"robots\" content=\"index, follow, max-snippet:-1, max-image-preview:large, max-video-preview:-1\" \/>\n<link rel=\"canonical\" href=\"https:\/\/www.erresse-shop.it\/de\/shop\/tisch\/koerbe-und-schalen\/emile-henry-kaseschachtel-schwarz\/\" \/>\n<meta property=\"og:locale\" content=\"de_DE\" \/>\n<meta property=\"og:type\" content=\"article\" \/>\n<meta property=\"og:title\" content=\"EMILE HENRY K\u00e4seschachtel Schwarz\" \/>\n<meta property=\"og:description\" content=\"Entdecken Sie EMILE HENRY K\u00e4seschachtel Schwarz bei ErresseShop. Qualit\u00e4t, Stil und Funktionalit\u00e4t \u2013 jetzt online bestellen!\" \/>\n<meta property=\"og:url\" content=\"https:\/\/www.erresse-shop.it\/de\/shop\/tisch\/koerbe-und-schalen\/emile-henry-kaseschachtel-schwarz\/\" \/>\n<meta property=\"og:site_name\" content=\"Erresse Shop\" \/>\n<meta property=\"article:modified_time\" content=\"2025-01-16T14:59:07+00:00\" \/>\n<meta property=\"og:image\" content=\"https:\/\/www.erresse-shop.it\/wp-content\/uploads\/2022\/05\/EMILE-HENRY-Cheese-Box-Nero.jpg\" \/>\n\t<meta property=\"og:image:width\" content=\"800\" \/>\n\t<meta property=\"og:image:height\" content=\"800\" \/>\n\t<meta property=\"og:image:type\" content=\"image\/jpeg\" \/>\n<meta name=\"twitter:card\" content=\"summary_large_image\" \/>\n<script type=\"application\/ld+json\" class=\"yoast-schema-graph\">{\"@context\":\"https:\/\/schema.org\",\"@graph\":[{\"@type\":\"WebPage\",\"@id\":\"https:\/\/www.erresse-shop.it\/de\/shop\/tisch\/koerbe-und-schalen\/emile-henry-kaseschachtel-schwarz\/\",\"url\":\"https:\/\/www.erresse-shop.it\/de\/shop\/tisch\/koerbe-und-schalen\/emile-henry-kaseschachtel-schwarz\/\",\"name\":\"EMILE HENRY K\u00e4seschachtel Schwarz\",\"isPartOf\":{\"@id\":\"https:\/\/www.erresse-shop.it\/de\/#website\"},\"datePublished\":\"2022-05-24T09:42:23+00:00\",\"dateModified\":\"2025-01-16T14:59:07+00:00\",\"description\":\"Entdecken Sie EMILE HENRY K\u00e4seschachtel Schwarz bei ErresseShop. Qualit\u00e4t, Stil und Funktionalit\u00e4t \u2013 jetzt online bestellen!\",\"breadcrumb\":{\"@id\":\"https:\/\/www.erresse-shop.it\/de\/shop\/tisch\/koerbe-und-schalen\/emile-henry-kaseschachtel-schwarz\/#breadcrumb\"},\"inLanguage\":\"de-DE\",\"potentialAction\":[{\"@type\":\"ReadAction\",\"target\":[\"https:\/\/www.erresse-shop.it\/de\/shop\/tisch\/koerbe-und-schalen\/emile-henry-kaseschachtel-schwarz\/\"]}]},{\"@type\":\"BreadcrumbList\",\"@id\":\"https:\/\/www.erresse-shop.it\/de\/shop\/tisch\/koerbe-und-schalen\/emile-henry-kaseschachtel-schwarz\/#breadcrumb\",\"itemListElement\":[{\"@type\":\"ListItem\",\"position\":1,\"name\":\"Home\",\"item\":\"https:\/\/www.erresse-shop.it\/de\/\"},{\"@type\":\"ListItem\",\"position\":2,\"name\":\"Shop\",\"item\":\"https:\/\/www.erresse-shop.it\/de\/shop\/\"},{\"@type\":\"ListItem\",\"position\":3,\"name\":\"EMILE HENRY K\u00e4seschachtel Schwarz\"}]},{\"@type\":\"WebSite\",\"@id\":\"https:\/\/www.erresse-shop.it\/de\/#website\",\"url\":\"https:\/\/www.erresse-shop.it\/de\/\",\"name\":\"Erresse Shop\",\"description\":\"Articoli di qualit\u00e0 per la casa\",\"potentialAction\":[{\"@type\":\"SearchAction\",\"target\":{\"@type\":\"EntryPoint\",\"urlTemplate\":\"https:\/\/www.erresse-shop.it\/de\/?s={search_term_string}\"},\"query-input\":\"required name=search_term_string\"}],\"inLanguage\":\"de-DE\"}]}<\/script>\n<!-- \/ Yoast SEO Premium plugin. -->","yoast_head_json":{"title":"EMILE HENRY K\u00e4seschachtel Schwarz","description":"Entdecken Sie EMILE HENRY K\u00e4seschachtel Schwarz bei ErresseShop. Qualit\u00e4t, Stil und Funktionalit\u00e4t \u2013 jetzt online bestellen!","robots":{"index":"index","follow":"follow","max-snippet":"max-snippet:-1","max-image-preview":"max-image-preview:large","max-video-preview":"max-video-preview:-1"},"canonical":"https:\/\/www.erresse-shop.it\/de\/shop\/tisch\/koerbe-und-schalen\/emile-henry-kaseschachtel-schwarz\/","og_locale":"de_DE","og_type":"article","og_title":"EMILE HENRY K\u00e4seschachtel Schwarz","og_description":"Entdecken Sie EMILE HENRY K\u00e4seschachtel Schwarz bei ErresseShop. Qualit\u00e4t, Stil und Funktionalit\u00e4t \u2013 jetzt online bestellen!","og_url":"https:\/\/www.erresse-shop.it\/de\/shop\/tisch\/koerbe-und-schalen\/emile-henry-kaseschachtel-schwarz\/","og_site_name":"Erresse Shop","article_modified_time":"2025-01-16T14:59:07+00:00","og_image":[{"width":800,"height":800,"url":"https:\/\/www.erresse-shop.it\/wp-content\/uploads\/2022\/05\/EMILE-HENRY-Cheese-Box-Nero.jpg","type":"image\/jpeg"}],"twitter_card":"summary_large_image","schema":{"@context":"https:\/\/schema.org","@graph":[{"@type":"WebPage","@id":"https:\/\/www.erresse-shop.it\/de\/shop\/tisch\/koerbe-und-schalen\/emile-henry-kaseschachtel-schwarz\/","url":"https:\/\/www.erresse-shop.it\/de\/shop\/tisch\/koerbe-und-schalen\/emile-henry-kaseschachtel-schwarz\/","name":"EMILE HENRY K\u00e4seschachtel Schwarz","isPartOf":{"@id":"https:\/\/www.erresse-shop.it\/de\/#website"},"datePublished":"2022-05-24T09:42:23+00:00","dateModified":"2025-01-16T14:59:07+00:00","description":"Entdecken Sie EMILE HENRY K\u00e4seschachtel Schwarz bei ErresseShop. Qualit\u00e4t, Stil und Funktionalit\u00e4t \u2013 jetzt online bestellen!","breadcrumb":{"@id":"https:\/\/www.erresse-shop.it\/de\/shop\/tisch\/koerbe-und-schalen\/emile-henry-kaseschachtel-schwarz\/#breadcrumb"},"inLanguage":"de-DE","potentialAction":[{"@type":"ReadAction","target":["https:\/\/www.erresse-shop.it\/de\/shop\/tisch\/koerbe-und-schalen\/emile-henry-kaseschachtel-schwarz\/"]}]},{"@type":"BreadcrumbList","@id":"https:\/\/www.erresse-shop.it\/de\/shop\/tisch\/koerbe-und-schalen\/emile-henry-kaseschachtel-schwarz\/#breadcrumb","itemListElement":[{"@type":"ListItem","position":1,"name":"Home","item":"https:\/\/www.erresse-shop.it\/de\/"},{"@type":"ListItem","position":2,"name":"Shop","item":"https:\/\/www.erresse-shop.it\/de\/shop\/"},{"@type":"ListItem","position":3,"name":"EMILE HENRY K\u00e4seschachtel Schwarz"}]},{"@type":"WebSite","@id":"https:\/\/www.erresse-shop.it\/de\/#website","url":"https:\/\/www.erresse-shop.it\/de\/","name":"Erresse Shop","description":"Articoli di qualit\u00e0 per la casa","potentialAction":[{"@type":"SearchAction","target":{"@type":"EntryPoint","urlTemplate":"https:\/\/www.erresse-shop.it\/de\/?s={search_term_string}"},"query-input":"required name=search_term_string"}],"inLanguage":"de-DE"}]}},"df_price":62.32200000000001,"df_sale_price":62.32200000000001,"df_regular_price":79.9,"df_image_link":"https:\/\/www.erresse-shop.it\/wp-content\/uploads\/2022\/05\/EMILE-HENRY-Cheese-Box-Nero-300x300.jpg","_links":{"self":[{"href":"https:\/\/www.erresse-shop.it\/de\/wp-json\/wp\/v2\/product\/159927"}],"collection":[{"href":"https:\/\/www.erresse-shop.it\/de\/wp-json\/wp\/v2\/product"}],"about":[{"href":"https:\/\/www.erresse-shop.it\/de\/wp-json\/wp\/v2\/types\/product"}],"wp:featuredmedia":[{"embeddable":true,"href":"https:\/\/www.erresse-shop.it\/de\/wp-json\/wp\/v2\/media\/159936"}],"wp:attachment":[{"href":"https:\/\/www.erresse-shop.it\/de\/wp-json\/wp\/v2\/media?parent=159927"}],"wp:term":[{"taxonomy":"product_cat","embeddable":true,"href":"https:\/\/www.erresse-shop.it\/de\/wp-json\/wp\/v2\/product_cat?post=159927"},{"taxonomy":"product_tag","embeddable":true,"href":"https:\/\/www.erresse-shop.it\/de\/wp-json\/wp\/v2\/product_tag?post=159927"}],"curies":[{"name":"wp","href":"https:\/\/api.w.org\/{rel}","templated":true}]}}