{"id":159826,"date":"2022-05-24T07:19:56","date_gmt":"2022-05-24T07:19:58","guid":{"rendered":"https:\/\/www.erresse-shop.it\/?post_type=product&#038;p=159826"},"modified":"2025-09-25T14:00:10","modified_gmt":"2025-09-25T14:00:10","slug":"emile-henry-focaccia-backform-schwarz","status":"publish","type":"product","link":"https:\/\/www.erresse-shop.it\/de\/shop\/toepfe-pfannen\/toepfe-und-backformen\/emile-henry-focaccia-backform-schwarz\/","title":{"rendered":"EMILE HENRY Focaccia Backform Schwarz"},"content":{"rendered":"<p>Gro\u00dfz\u00fcgig dimensioniert, mit hohem Rand und praktischen Griffen, ist sie ideal, um direkt vom Ofen auf den Tisch zu kommen! Unsere Focaccia-Pfanne aus Keramik verteilt die Hitze langsam und gleichm\u00e4\u00dfig, so dass selbst die dickste Focaccia bis zur Mitte perfekt durchgebacken wird. Das Ergebnis ist eine goldene Kruste mit einem weichen, luftigen Inneren.<\/p>\n<p>Aber was genau ist eine Focaccia? F\u00fcr die einen ist es ein Fladenbrot, f\u00fcr die anderen eine dicke Pizza&#8230; Diese italienische Spezialit\u00e4t gibt es auch in der franz\u00f6sischen Provence, aber sie ist unter dem Namen &#8220;Fougasse&#8221; bekannt und schmeckt zu jeder Tageszeit! Unaromatisiert zum Fr\u00fchst\u00fcck, aber auch mit Rosmarin aromatisiert und in Oliven\u00f6l getunkt als Aperitif. Mit der Zugabe von Speck und K\u00e4se kann es mit einem Salat zum Mittag- oder Abendessen serviert werden.<\/p>\n<p>Welches Rezept auch immer, es ist immer eine Augenweide, wenn es in unserer eleganten, aber praktischen Auflaufform pr\u00e4sentiert wird. Eine gro\u00dfz\u00fcgige Dosis Oliven\u00f6l auf der gesamten Oberfl\u00e4che erleichtert das Backen, w\u00e4hrend unsere hochresistente Beschichtung auf Glasbasis die Verwendung von Metallutensilien zum Schneiden und Servieren erm\u00f6glicht. Die Pfanne ist sowohl in der Sp\u00fclmaschine als auch von Hand leicht zu reinigen.<\/p>\n<p><strong>L\u00e4nge\/Durchmesser:<\/strong> 40,5 cm<br \/>\n<strong>Breite:<\/strong> 31,5 cm<br \/>\n<strong>H\u00f6he:<\/strong> 6,9 cm<br \/>\n<strong>H\u00f6chsttemperatur:<\/strong> 290 \u00b0C<br \/>\n<strong>Mindesttemperatur:<\/strong> -20 \u00b0C<\/p>\n","protected":false},"excerpt":{"rendered":"<p>Gro\u00dfz\u00fcgig dimensioniert, mit hohem Rand und praktischen Griffen, ist sie ideal, um direkt vom Ofen auf den Tisch zu kommen!<\/p>\n","protected":false},"featured_media":159848,"template":"","meta":{"_acf_changed":false,"inline_featured_image":false},"product_cat":[6709,14806],"product_tag":[25088,23911,11455,23661,24404,19086,12315,25022,21822],"acf":[],"yoast_head":"<!-- This site is optimized with the Yoast SEO Premium plugin v18.6 (Yoast SEO v19.13) - https:\/\/yoast.com\/wordpress\/plugins\/seo\/ -->\n<title>EMILE HENRY Focaccia Backform Schwarz<\/title>\n<meta name=\"description\" content=\"Entdecken Sie EMILE HENRY Focaccia Backform Schwarz bei ErresseShop. Qualit\u00e4t, Stil und Funktionalit\u00e4t \u2013 jetzt online bestellen!\" \/>\n<meta name=\"robots\" content=\"index, follow, max-snippet:-1, max-image-preview:large, max-video-preview:-1\" \/>\n<link rel=\"canonical\" href=\"https:\/\/www.erresse-shop.it\/de\/shop\/toepfe-pfannen\/toepfe-und-backformen\/emile-henry-focaccia-backform-schwarz\/\" \/>\n<meta property=\"og:locale\" content=\"de_DE\" \/>\n<meta property=\"og:type\" content=\"article\" \/>\n<meta property=\"og:title\" content=\"EMILE HENRY Focaccia Backform Schwarz\" \/>\n<meta property=\"og:description\" content=\"Entdecken Sie EMILE HENRY Focaccia Backform Schwarz bei ErresseShop. Qualit\u00e4t, Stil und Funktionalit\u00e4t \u2013 jetzt online bestellen!\" \/>\n<meta property=\"og:url\" content=\"https:\/\/www.erresse-shop.it\/de\/shop\/toepfe-pfannen\/toepfe-und-backformen\/emile-henry-focaccia-backform-schwarz\/\" \/>\n<meta property=\"og:site_name\" content=\"Erresse Shop\" \/>\n<meta property=\"article:modified_time\" content=\"2025-09-25T14:00:10+00:00\" \/>\n<meta property=\"og:image\" content=\"https:\/\/www.erresse-shop.it\/wp-content\/uploads\/2022\/05\/EMILE-HENRY-Focaccia-Nero-3.jpg\" \/>\n\t<meta property=\"og:image:width\" content=\"800\" \/>\n\t<meta property=\"og:image:height\" content=\"800\" \/>\n\t<meta property=\"og:image:type\" content=\"image\/jpeg\" \/>\n<meta name=\"twitter:card\" content=\"summary_large_image\" \/>\n<script type=\"application\/ld+json\" class=\"yoast-schema-graph\">{\"@context\":\"https:\/\/schema.org\",\"@graph\":[{\"@type\":\"WebPage\",\"@id\":\"https:\/\/www.erresse-shop.it\/de\/shop\/toepfe-pfannen\/toepfe-und-backformen\/emile-henry-focaccia-backform-schwarz\/\",\"url\":\"https:\/\/www.erresse-shop.it\/de\/shop\/toepfe-pfannen\/toepfe-und-backformen\/emile-henry-focaccia-backform-schwarz\/\",\"name\":\"EMILE HENRY Focaccia Backform Schwarz\",\"isPartOf\":{\"@id\":\"https:\/\/www.erresse-shop.it\/de\/#website\"},\"datePublished\":\"2022-05-24T07:19:58+00:00\",\"dateModified\":\"2025-09-25T14:00:10+00:00\",\"description\":\"Entdecken Sie EMILE HENRY Focaccia Backform Schwarz bei ErresseShop. Qualit\u00e4t, Stil und Funktionalit\u00e4t \u2013 jetzt online bestellen!\",\"breadcrumb\":{\"@id\":\"https:\/\/www.erresse-shop.it\/de\/shop\/toepfe-pfannen\/toepfe-und-backformen\/emile-henry-focaccia-backform-schwarz\/#breadcrumb\"},\"inLanguage\":\"de-DE\",\"potentialAction\":[{\"@type\":\"ReadAction\",\"target\":[\"https:\/\/www.erresse-shop.it\/de\/shop\/toepfe-pfannen\/toepfe-und-backformen\/emile-henry-focaccia-backform-schwarz\/\"]}]},{\"@type\":\"BreadcrumbList\",\"@id\":\"https:\/\/www.erresse-shop.it\/de\/shop\/toepfe-pfannen\/toepfe-und-backformen\/emile-henry-focaccia-backform-schwarz\/#breadcrumb\",\"itemListElement\":[{\"@type\":\"ListItem\",\"position\":1,\"name\":\"Home\",\"item\":\"https:\/\/www.erresse-shop.it\/de\/\"},{\"@type\":\"ListItem\",\"position\":2,\"name\":\"Shop\",\"item\":\"https:\/\/www.erresse-shop.it\/de\/shop\/\"},{\"@type\":\"ListItem\",\"position\":3,\"name\":\"EMILE HENRY Focaccia Backform Schwarz\"}]},{\"@type\":\"WebSite\",\"@id\":\"https:\/\/www.erresse-shop.it\/de\/#website\",\"url\":\"https:\/\/www.erresse-shop.it\/de\/\",\"name\":\"Erresse Shop\",\"description\":\"Articoli di qualit\u00e0 per la casa\",\"potentialAction\":[{\"@type\":\"SearchAction\",\"target\":{\"@type\":\"EntryPoint\",\"urlTemplate\":\"https:\/\/www.erresse-shop.it\/de\/?s={search_term_string}\"},\"query-input\":\"required name=search_term_string\"}],\"inLanguage\":\"de-DE\"}]}<\/script>\n<!-- \/ Yoast SEO Premium plugin. -->","yoast_head_json":{"title":"EMILE HENRY Focaccia Backform Schwarz","description":"Entdecken Sie EMILE HENRY Focaccia Backform Schwarz bei ErresseShop. Qualit\u00e4t, Stil und Funktionalit\u00e4t \u2013 jetzt online bestellen!","robots":{"index":"index","follow":"follow","max-snippet":"max-snippet:-1","max-image-preview":"max-image-preview:large","max-video-preview":"max-video-preview:-1"},"canonical":"https:\/\/www.erresse-shop.it\/de\/shop\/toepfe-pfannen\/toepfe-und-backformen\/emile-henry-focaccia-backform-schwarz\/","og_locale":"de_DE","og_type":"article","og_title":"EMILE HENRY Focaccia Backform Schwarz","og_description":"Entdecken Sie EMILE HENRY Focaccia Backform Schwarz bei ErresseShop. Qualit\u00e4t, Stil und Funktionalit\u00e4t \u2013 jetzt online bestellen!","og_url":"https:\/\/www.erresse-shop.it\/de\/shop\/toepfe-pfannen\/toepfe-und-backformen\/emile-henry-focaccia-backform-schwarz\/","og_site_name":"Erresse Shop","article_modified_time":"2025-09-25T14:00:10+00:00","og_image":[{"width":800,"height":800,"url":"https:\/\/www.erresse-shop.it\/wp-content\/uploads\/2022\/05\/EMILE-HENRY-Focaccia-Nero-3.jpg","type":"image\/jpeg"}],"twitter_card":"summary_large_image","schema":{"@context":"https:\/\/schema.org","@graph":[{"@type":"WebPage","@id":"https:\/\/www.erresse-shop.it\/de\/shop\/toepfe-pfannen\/toepfe-und-backformen\/emile-henry-focaccia-backform-schwarz\/","url":"https:\/\/www.erresse-shop.it\/de\/shop\/toepfe-pfannen\/toepfe-und-backformen\/emile-henry-focaccia-backform-schwarz\/","name":"EMILE HENRY Focaccia Backform Schwarz","isPartOf":{"@id":"https:\/\/www.erresse-shop.it\/de\/#website"},"datePublished":"2022-05-24T07:19:58+00:00","dateModified":"2025-09-25T14:00:10+00:00","description":"Entdecken Sie EMILE HENRY Focaccia Backform Schwarz bei ErresseShop. Qualit\u00e4t, Stil und Funktionalit\u00e4t \u2013 jetzt online bestellen!","breadcrumb":{"@id":"https:\/\/www.erresse-shop.it\/de\/shop\/toepfe-pfannen\/toepfe-und-backformen\/emile-henry-focaccia-backform-schwarz\/#breadcrumb"},"inLanguage":"de-DE","potentialAction":[{"@type":"ReadAction","target":["https:\/\/www.erresse-shop.it\/de\/shop\/toepfe-pfannen\/toepfe-und-backformen\/emile-henry-focaccia-backform-schwarz\/"]}]},{"@type":"BreadcrumbList","@id":"https:\/\/www.erresse-shop.it\/de\/shop\/toepfe-pfannen\/toepfe-und-backformen\/emile-henry-focaccia-backform-schwarz\/#breadcrumb","itemListElement":[{"@type":"ListItem","position":1,"name":"Home","item":"https:\/\/www.erresse-shop.it\/de\/"},{"@type":"ListItem","position":2,"name":"Shop","item":"https:\/\/www.erresse-shop.it\/de\/shop\/"},{"@type":"ListItem","position":3,"name":"EMILE HENRY Focaccia Backform Schwarz"}]},{"@type":"WebSite","@id":"https:\/\/www.erresse-shop.it\/de\/#website","url":"https:\/\/www.erresse-shop.it\/de\/","name":"Erresse Shop","description":"Articoli di qualit\u00e0 per la casa","potentialAction":[{"@type":"SearchAction","target":{"@type":"EntryPoint","urlTemplate":"https:\/\/www.erresse-shop.it\/de\/?s={search_term_string}"},"query-input":"required name=search_term_string"}],"inLanguage":"de-DE"}]}},"df_price":72.95,"df_sale_price":72.95,"df_regular_price":102.5,"df_image_link":"https:\/\/www.erresse-shop.it\/wp-content\/uploads\/2022\/05\/EMILE-HENRY-Focaccia-Nero-3-300x300.jpg","_links":{"self":[{"href":"https:\/\/www.erresse-shop.it\/de\/wp-json\/wp\/v2\/product\/159826"}],"collection":[{"href":"https:\/\/www.erresse-shop.it\/de\/wp-json\/wp\/v2\/product"}],"about":[{"href":"https:\/\/www.erresse-shop.it\/de\/wp-json\/wp\/v2\/types\/product"}],"wp:featuredmedia":[{"embeddable":true,"href":"https:\/\/www.erresse-shop.it\/de\/wp-json\/wp\/v2\/media\/159848"}],"wp:attachment":[{"href":"https:\/\/www.erresse-shop.it\/de\/wp-json\/wp\/v2\/media?parent=159826"}],"wp:term":[{"taxonomy":"product_cat","embeddable":true,"href":"https:\/\/www.erresse-shop.it\/de\/wp-json\/wp\/v2\/product_cat?post=159826"},{"taxonomy":"product_tag","embeddable":true,"href":"https:\/\/www.erresse-shop.it\/de\/wp-json\/wp\/v2\/product_tag?post=159826"}],"curies":[{"name":"wp","href":"https:\/\/api.w.org\/{rel}","templated":true}]}}