{"id":159786,"date":"2022-05-23T12:43:22","date_gmt":"2022-05-23T12:43:28","guid":{"rendered":"https:\/\/www.erresse-shop.it\/?post_type=product&#038;p=159786"},"modified":"2025-01-16T14:59:03","modified_gmt":"2025-01-16T14:59:03","slug":"emile-henry-cheese-baker-kaseform-gelb","status":"publish","type":"product","link":"https:\/\/www.erresse-shop.it\/de\/shop\/toepfe-pfannen\/toepfe-und-backformen\/emile-henry-cheese-baker-kaseform-gelb\/","title":{"rendered":"EMILE HENRY Cheese Baker K\u00e4seform Gelb"},"content":{"rendered":"<p>Mit dem Cheese Baker k\u00f6nnen Sie jede Art von K\u00e4se im Ofen backen: Brie, Camembert, Gorgonzola&#8230; Wagen Sie es, die Gen\u00fcsse zu variieren: F\u00fcgen Sie Obst (\u00c4pfel, Birnen), aromatische Kr\u00e4uter hinzu oder w\u00fcrzen Sie sogar mit Wei\u00dfwein!<\/p>\n<p>Wenn er aus dem Ofen kommt, k\u00f6nnen Sie Ihren K\u00e4se als Aperitif mit kleinen Crackern genie\u00dfen, als Raclette mit Kartoffeln oder einfach \u00fcber Wurst und Gem\u00fcse geben. Es gibt so viele M\u00f6glichkeiten, K\u00e4se im Cheese Baker zuzubereiten, wie es M\u00f6glichkeiten gibt, ihn zu probieren! Sie k\u00f6nnen Ihrer Fantasie freien Lauf lassen und sich selbst verw\u00f6hnen!<\/p>\n<p>Sp\u00fclmaschinenfest<br \/>\n10 Jahre Garantie<\/p>\n<p><strong>L\u00e4nge\/Durchmesser:<\/strong> 19,5 cm<br \/>\n<strong>Breite:<\/strong> 17,5 cm<br \/>\n<strong>H\u00f6he:<\/strong> 4,5 cm<br \/>\n<strong>Gewicht &#8211; KG:<\/strong> 1.1 KG<\/p>\n","protected":false},"excerpt":{"rendered":"<p>Mit dem Cheese Baker k\u00f6nnen Sie jede Art von K\u00e4se im Ofen backen: Brie, Camembert, Gorgonzola&#8230; Wagen Sie es, die<\/p>\n","protected":false},"featured_media":159801,"template":"","meta":{"_acf_changed":false,"inline_featured_image":false},"product_cat":[6709,14806],"product_tag":[11381,14105,11403],"acf":[],"yoast_head":"<!-- This site is optimized with the Yoast SEO Premium plugin v18.6 (Yoast SEO v19.13) - https:\/\/yoast.com\/wordpress\/plugins\/seo\/ -->\n<title>EMILE HENRY Cheese Baker K\u00e4seform Gelb<\/title>\n<meta name=\"description\" content=\"Entdecken Sie EMILE HENRY Cheese Baker K\u00e4seform Gelb bei ErresseShop. Qualit\u00e4t, Stil und Funktionalit\u00e4t \u2013 jetzt online bestellen!\" \/>\n<meta name=\"robots\" content=\"index, follow, max-snippet:-1, max-image-preview:large, max-video-preview:-1\" \/>\n<link rel=\"canonical\" href=\"https:\/\/www.erresse-shop.it\/de\/shop\/toepfe-pfannen\/toepfe-und-backformen\/emile-henry-cheese-baker-kaseform-gelb\/\" \/>\n<meta property=\"og:locale\" content=\"de_DE\" \/>\n<meta property=\"og:type\" content=\"article\" \/>\n<meta property=\"og:title\" content=\"EMILE HENRY Cheese Baker K\u00e4seform Gelb\" \/>\n<meta property=\"og:description\" content=\"Entdecken Sie EMILE HENRY Cheese Baker K\u00e4seform Gelb bei ErresseShop. Qualit\u00e4t, Stil und Funktionalit\u00e4t \u2013 jetzt online bestellen!\" \/>\n<meta property=\"og:url\" content=\"https:\/\/www.erresse-shop.it\/de\/shop\/toepfe-pfannen\/toepfe-und-backformen\/emile-henry-cheese-baker-kaseform-gelb\/\" \/>\n<meta property=\"og:site_name\" content=\"Erresse Shop\" \/>\n<meta property=\"article:modified_time\" content=\"2025-01-16T14:59:03+00:00\" \/>\n<meta property=\"og:image\" content=\"https:\/\/www.erresse-shop.it\/wp-content\/uploads\/2022\/05\/EMILE-HENRY-Cheese-Baker-Giallo-2.jpg\" \/>\n\t<meta property=\"og:image:width\" content=\"800\" \/>\n\t<meta property=\"og:image:height\" content=\"800\" \/>\n\t<meta property=\"og:image:type\" content=\"image\/jpeg\" \/>\n<meta name=\"twitter:card\" content=\"summary_large_image\" \/>\n<script type=\"application\/ld+json\" class=\"yoast-schema-graph\">{\"@context\":\"https:\/\/schema.org\",\"@graph\":[{\"@type\":\"WebPage\",\"@id\":\"https:\/\/www.erresse-shop.it\/de\/shop\/toepfe-pfannen\/toepfe-und-backformen\/emile-henry-cheese-baker-kaseform-gelb\/\",\"url\":\"https:\/\/www.erresse-shop.it\/de\/shop\/toepfe-pfannen\/toepfe-und-backformen\/emile-henry-cheese-baker-kaseform-gelb\/\",\"name\":\"EMILE HENRY Cheese Baker K\u00e4seform Gelb\",\"isPartOf\":{\"@id\":\"https:\/\/www.erresse-shop.it\/de\/#website\"},\"datePublished\":\"2022-05-23T12:43:28+00:00\",\"dateModified\":\"2025-01-16T14:59:03+00:00\",\"description\":\"Entdecken Sie EMILE HENRY Cheese Baker K\u00e4seform Gelb bei ErresseShop. Qualit\u00e4t, Stil und Funktionalit\u00e4t \u2013 jetzt online bestellen!\",\"breadcrumb\":{\"@id\":\"https:\/\/www.erresse-shop.it\/de\/shop\/toepfe-pfannen\/toepfe-und-backformen\/emile-henry-cheese-baker-kaseform-gelb\/#breadcrumb\"},\"inLanguage\":\"de-DE\",\"potentialAction\":[{\"@type\":\"ReadAction\",\"target\":[\"https:\/\/www.erresse-shop.it\/de\/shop\/toepfe-pfannen\/toepfe-und-backformen\/emile-henry-cheese-baker-kaseform-gelb\/\"]}]},{\"@type\":\"BreadcrumbList\",\"@id\":\"https:\/\/www.erresse-shop.it\/de\/shop\/toepfe-pfannen\/toepfe-und-backformen\/emile-henry-cheese-baker-kaseform-gelb\/#breadcrumb\",\"itemListElement\":[{\"@type\":\"ListItem\",\"position\":1,\"name\":\"Home\",\"item\":\"https:\/\/www.erresse-shop.it\/de\/\"},{\"@type\":\"ListItem\",\"position\":2,\"name\":\"Shop\",\"item\":\"https:\/\/www.erresse-shop.it\/de\/shop\/\"},{\"@type\":\"ListItem\",\"position\":3,\"name\":\"EMILE HENRY Cheese Baker K\u00e4seform Gelb\"}]},{\"@type\":\"WebSite\",\"@id\":\"https:\/\/www.erresse-shop.it\/de\/#website\",\"url\":\"https:\/\/www.erresse-shop.it\/de\/\",\"name\":\"Erresse Shop\",\"description\":\"Articoli di qualit\u00e0 per la casa\",\"potentialAction\":[{\"@type\":\"SearchAction\",\"target\":{\"@type\":\"EntryPoint\",\"urlTemplate\":\"https:\/\/www.erresse-shop.it\/de\/?s={search_term_string}\"},\"query-input\":\"required name=search_term_string\"}],\"inLanguage\":\"de-DE\"}]}<\/script>\n<!-- \/ Yoast SEO Premium plugin. -->","yoast_head_json":{"title":"EMILE HENRY Cheese Baker K\u00e4seform Gelb","description":"Entdecken Sie EMILE HENRY Cheese Baker K\u00e4seform Gelb bei ErresseShop. Qualit\u00e4t, Stil und Funktionalit\u00e4t \u2013 jetzt online bestellen!","robots":{"index":"index","follow":"follow","max-snippet":"max-snippet:-1","max-image-preview":"max-image-preview:large","max-video-preview":"max-video-preview:-1"},"canonical":"https:\/\/www.erresse-shop.it\/de\/shop\/toepfe-pfannen\/toepfe-und-backformen\/emile-henry-cheese-baker-kaseform-gelb\/","og_locale":"de_DE","og_type":"article","og_title":"EMILE HENRY Cheese Baker K\u00e4seform Gelb","og_description":"Entdecken Sie EMILE HENRY Cheese Baker K\u00e4seform Gelb bei ErresseShop. Qualit\u00e4t, Stil und Funktionalit\u00e4t \u2013 jetzt online bestellen!","og_url":"https:\/\/www.erresse-shop.it\/de\/shop\/toepfe-pfannen\/toepfe-und-backformen\/emile-henry-cheese-baker-kaseform-gelb\/","og_site_name":"Erresse Shop","article_modified_time":"2025-01-16T14:59:03+00:00","og_image":[{"width":800,"height":800,"url":"https:\/\/www.erresse-shop.it\/wp-content\/uploads\/2022\/05\/EMILE-HENRY-Cheese-Baker-Giallo-2.jpg","type":"image\/jpeg"}],"twitter_card":"summary_large_image","schema":{"@context":"https:\/\/schema.org","@graph":[{"@type":"WebPage","@id":"https:\/\/www.erresse-shop.it\/de\/shop\/toepfe-pfannen\/toepfe-und-backformen\/emile-henry-cheese-baker-kaseform-gelb\/","url":"https:\/\/www.erresse-shop.it\/de\/shop\/toepfe-pfannen\/toepfe-und-backformen\/emile-henry-cheese-baker-kaseform-gelb\/","name":"EMILE HENRY Cheese Baker K\u00e4seform Gelb","isPartOf":{"@id":"https:\/\/www.erresse-shop.it\/de\/#website"},"datePublished":"2022-05-23T12:43:28+00:00","dateModified":"2025-01-16T14:59:03+00:00","description":"Entdecken Sie EMILE HENRY Cheese Baker K\u00e4seform Gelb bei ErresseShop. Qualit\u00e4t, Stil und Funktionalit\u00e4t \u2013 jetzt online bestellen!","breadcrumb":{"@id":"https:\/\/www.erresse-shop.it\/de\/shop\/toepfe-pfannen\/toepfe-und-backformen\/emile-henry-cheese-baker-kaseform-gelb\/#breadcrumb"},"inLanguage":"de-DE","potentialAction":[{"@type":"ReadAction","target":["https:\/\/www.erresse-shop.it\/de\/shop\/toepfe-pfannen\/toepfe-und-backformen\/emile-henry-cheese-baker-kaseform-gelb\/"]}]},{"@type":"BreadcrumbList","@id":"https:\/\/www.erresse-shop.it\/de\/shop\/toepfe-pfannen\/toepfe-und-backformen\/emile-henry-cheese-baker-kaseform-gelb\/#breadcrumb","itemListElement":[{"@type":"ListItem","position":1,"name":"Home","item":"https:\/\/www.erresse-shop.it\/de\/"},{"@type":"ListItem","position":2,"name":"Shop","item":"https:\/\/www.erresse-shop.it\/de\/shop\/"},{"@type":"ListItem","position":3,"name":"EMILE HENRY Cheese Baker K\u00e4seform Gelb"}]},{"@type":"WebSite","@id":"https:\/\/www.erresse-shop.it\/de\/#website","url":"https:\/\/www.erresse-shop.it\/de\/","name":"Erresse Shop","description":"Articoli di qualit\u00e0 per la casa","potentialAction":[{"@type":"SearchAction","target":{"@type":"EntryPoint","urlTemplate":"https:\/\/www.erresse-shop.it\/de\/?s={search_term_string}"},"query-input":"required name=search_term_string"}],"inLanguage":"de-DE"}]}},"df_price":38.922,"df_sale_price":38.922,"df_regular_price":49.9,"df_image_link":"https:\/\/www.erresse-shop.it\/wp-content\/uploads\/2022\/05\/EMILE-HENRY-Cheese-Baker-Giallo-2-300x300.jpg","_links":{"self":[{"href":"https:\/\/www.erresse-shop.it\/de\/wp-json\/wp\/v2\/product\/159786"}],"collection":[{"href":"https:\/\/www.erresse-shop.it\/de\/wp-json\/wp\/v2\/product"}],"about":[{"href":"https:\/\/www.erresse-shop.it\/de\/wp-json\/wp\/v2\/types\/product"}],"wp:featuredmedia":[{"embeddable":true,"href":"https:\/\/www.erresse-shop.it\/de\/wp-json\/wp\/v2\/media\/159801"}],"wp:attachment":[{"href":"https:\/\/www.erresse-shop.it\/de\/wp-json\/wp\/v2\/media?parent=159786"}],"wp:term":[{"taxonomy":"product_cat","embeddable":true,"href":"https:\/\/www.erresse-shop.it\/de\/wp-json\/wp\/v2\/product_cat?post=159786"},{"taxonomy":"product_tag","embeddable":true,"href":"https:\/\/www.erresse-shop.it\/de\/wp-json\/wp\/v2\/product_tag?post=159786"}],"curies":[{"name":"wp","href":"https:\/\/api.w.org\/{rel}","templated":true}]}}