{"id":159568,"date":"2022-05-20T12:27:56","date_gmt":"2022-05-20T12:28:34","guid":{"rendered":"https:\/\/www.erresse-shop.it\/?post_type=product&#038;p=159568"},"modified":"2025-01-16T14:59:01","modified_gmt":"2025-01-16T14:59:01","slug":"emile-henry-tajine-32cm-grand-cru","status":"publish","type":"product","link":"https:\/\/www.erresse-shop.it\/de\/shop\/toepfe-pfannen\/tajine-de\/emile-henry-tajine-32cm-grand-cru\/","title":{"rendered":"EMILE HENRY Tajine 32 cm Grand Cru"},"content":{"rendered":"<p>Tajine bedeutet Begegnungen und Gro\u00dfz\u00fcgigkeit. Verschiedene Gegens\u00e4tze, gemeinsame W\u00fcnsche und Erinnerungen. Es ist auch eines der wenigen Rezepte, das sowohl ein Gericht&#8230; als auch das Gericht, in dem es zubereitet wird, benennt. Ein Beweis daf\u00fcr, wie wichtig es bei der Vorbereitung ist, gut umgeben zu sein.<\/p>\n<p>Unsere &#8220;Tajine&#8221; soll dieses Reisegericht mit seiner W\u00e4rme, seiner Rundheit und seinem Geschmack sublimieren. Denn die beste Tajine ist nicht die komplizierteste! Es ist das, was Sie sich vorstellen, indem Sie die Zutaten ausw\u00e4hlen, die Sie inspirieren und wiederentdeckte Emotionen hervorrufen: Zitronen aus dem Garten, frische und schmelzende Datteln, saftige Zitrusfr\u00fcchte&#8230; alles k\u00f6stlich verpackt in duftenden Gew\u00fcrzen.<\/p>\n<p>Dann lassen Sie es einfach k\u00f6cheln, k\u00f6cheln, k\u00f6cheln, ohne sich Sorgen zu machen: Unsere Flame\u00ae-Keramik verbreitet eine sanfte, gleichm\u00e4\u00dfige Hitze, die perfekt passt.<\/p>\n<p>Dank des konischen, geschlossenen Deckels zirkuliert der Dampf, die Aromen entwickeln sich und die Geschmacksstoffe werden w\u00e4hrend des gesamten Garvorgangs freigesetzt. Die Gr\u00f6\u00dfe des Gerichts erlaubt es Ihnen, dem Geist dieses gro\u00dfz\u00fcgigen Gerichts treu zu bleiben und 8 bis 10 G\u00e4ste zu bewirten. Und vergessen Sie nicht: Er ist so gut, dass wir empfehlen, ihn bei Tisch zu servieren!<\/p>\n<p>Einige Tipps zur Verwendung Ihrer Emile Henry-Tagine:<\/p>\n<p>Beginnen Sie die ersten 5 Minuten immer auf niedriger Stufe, um die Temperatur allm\u00e4hlich zu erh\u00f6hen. Erhitzen Sie den Boden Ihrer leeren Tajine nicht: Geben Sie immer ein wenig Wasser oder \u00d6l hinzu. Achten Sie darauf, dass sich w\u00e4hrend des Kochens immer Saft in der Tajine befindet. Falls erforderlich, k\u00f6nnen Sie ein kleines Glas Wasser hinzuf\u00fcgen. Halten Sie die Tajine w\u00e4hrend des Kochens geschlossen, Sie k\u00f6nnen sie nat\u00fcrlich schnell \u00f6ffnen, um weitere Zutaten und Gew\u00fcrze hinzuzuf\u00fcgen.<\/p>\n<p><strong>L\u00e4nge\/Durchmesser:<\/strong> 32cm<br \/>\n<strong>Breite:<\/strong> 32 cm<br \/>\n<strong>H\u00f6he:<\/strong> 23 cm<br \/>\n<strong>Gewicht &#8211; KG:<\/strong> 3.5 KG<br \/>\n<strong>H\u00f6chsttemperatur:<\/strong> 290 \u00b0C<br \/>\n<strong>Mindesttemperatur:<\/strong> -20 \u00b0C<\/p>\n","protected":false},"excerpt":{"rendered":"<p>Tajine bedeutet Begegnungen und Gro\u00dfz\u00fcgigkeit. Verschiedene Gegens\u00e4tze, gemeinsame W\u00fcnsche und Erinnerungen. Es ist auch eines der wenigen Rezepte, das sowohl<\/p>\n","protected":false},"featured_media":159592,"template":"","meta":{"_acf_changed":false,"inline_featured_image":false},"product_cat":[6709,14785],"product_tag":[18435,11700],"acf":[],"yoast_head":"<!-- This site is optimized with the Yoast SEO Premium plugin v18.6 (Yoast SEO v19.13) - https:\/\/yoast.com\/wordpress\/plugins\/seo\/ -->\n<title>EMILE HENRY Tajine 32 cm Grand Cru<\/title>\n<meta name=\"description\" content=\"Entdecken Sie EMILE HENRY Tajine 32 cm Grand Cru bei ErresseShop. Qualit\u00e4t, Stil und Funktionalit\u00e4t \u2013 jetzt online bestellen!\" \/>\n<meta name=\"robots\" content=\"index, follow, max-snippet:-1, max-image-preview:large, max-video-preview:-1\" \/>\n<link rel=\"canonical\" href=\"https:\/\/www.erresse-shop.it\/de\/shop\/toepfe-pfannen\/tajine-de\/emile-henry-tajine-32cm-grand-cru\/\" \/>\n<meta property=\"og:locale\" content=\"de_DE\" \/>\n<meta property=\"og:type\" content=\"article\" \/>\n<meta property=\"og:title\" content=\"EMILE HENRY Tajine 32 cm Grand Cru\" \/>\n<meta property=\"og:description\" content=\"Entdecken Sie EMILE HENRY Tajine 32 cm Grand Cru bei ErresseShop. Qualit\u00e4t, Stil und Funktionalit\u00e4t \u2013 jetzt online bestellen!\" \/>\n<meta property=\"og:url\" content=\"https:\/\/www.erresse-shop.it\/de\/shop\/toepfe-pfannen\/tajine-de\/emile-henry-tajine-32cm-grand-cru\/\" \/>\n<meta property=\"og:site_name\" content=\"Erresse Shop\" \/>\n<meta property=\"article:modified_time\" content=\"2025-01-16T14:59:01+00:00\" \/>\n<meta property=\"og:image\" content=\"https:\/\/www.erresse-shop.it\/wp-content\/uploads\/2022\/05\/EMILE-HENRY-Tajine-Rosso-32cm-3.jpg\" \/>\n\t<meta property=\"og:image:width\" content=\"800\" \/>\n\t<meta property=\"og:image:height\" content=\"800\" \/>\n\t<meta property=\"og:image:type\" content=\"image\/jpeg\" \/>\n<meta name=\"twitter:card\" content=\"summary_large_image\" \/>\n<script type=\"application\/ld+json\" class=\"yoast-schema-graph\">{\"@context\":\"https:\/\/schema.org\",\"@graph\":[{\"@type\":\"WebPage\",\"@id\":\"https:\/\/www.erresse-shop.it\/de\/shop\/toepfe-pfannen\/tajine-de\/emile-henry-tajine-32cm-grand-cru\/\",\"url\":\"https:\/\/www.erresse-shop.it\/de\/shop\/toepfe-pfannen\/tajine-de\/emile-henry-tajine-32cm-grand-cru\/\",\"name\":\"EMILE HENRY Tajine 32 cm Grand Cru\",\"isPartOf\":{\"@id\":\"https:\/\/www.erresse-shop.it\/de\/#website\"},\"datePublished\":\"2022-05-20T12:28:34+00:00\",\"dateModified\":\"2025-01-16T14:59:01+00:00\",\"description\":\"Entdecken Sie EMILE HENRY Tajine 32 cm Grand Cru bei ErresseShop. Qualit\u00e4t, Stil und Funktionalit\u00e4t \u2013 jetzt online bestellen!\",\"breadcrumb\":{\"@id\":\"https:\/\/www.erresse-shop.it\/de\/shop\/toepfe-pfannen\/tajine-de\/emile-henry-tajine-32cm-grand-cru\/#breadcrumb\"},\"inLanguage\":\"de-DE\",\"potentialAction\":[{\"@type\":\"ReadAction\",\"target\":[\"https:\/\/www.erresse-shop.it\/de\/shop\/toepfe-pfannen\/tajine-de\/emile-henry-tajine-32cm-grand-cru\/\"]}]},{\"@type\":\"BreadcrumbList\",\"@id\":\"https:\/\/www.erresse-shop.it\/de\/shop\/toepfe-pfannen\/tajine-de\/emile-henry-tajine-32cm-grand-cru\/#breadcrumb\",\"itemListElement\":[{\"@type\":\"ListItem\",\"position\":1,\"name\":\"Home\",\"item\":\"https:\/\/www.erresse-shop.it\/de\/\"},{\"@type\":\"ListItem\",\"position\":2,\"name\":\"Shop\",\"item\":\"https:\/\/www.erresse-shop.it\/de\/shop\/\"},{\"@type\":\"ListItem\",\"position\":3,\"name\":\"EMILE HENRY Tajine 32 cm Grand Cru\"}]},{\"@type\":\"WebSite\",\"@id\":\"https:\/\/www.erresse-shop.it\/de\/#website\",\"url\":\"https:\/\/www.erresse-shop.it\/de\/\",\"name\":\"Erresse Shop\",\"description\":\"Articoli di qualit\u00e0 per la casa\",\"potentialAction\":[{\"@type\":\"SearchAction\",\"target\":{\"@type\":\"EntryPoint\",\"urlTemplate\":\"https:\/\/www.erresse-shop.it\/de\/?s={search_term_string}\"},\"query-input\":\"required name=search_term_string\"}],\"inLanguage\":\"de-DE\"}]}<\/script>\n<!-- \/ Yoast SEO Premium plugin. -->","yoast_head_json":{"title":"EMILE HENRY Tajine 32 cm Grand Cru","description":"Entdecken Sie EMILE HENRY Tajine 32 cm Grand Cru bei ErresseShop. Qualit\u00e4t, Stil und Funktionalit\u00e4t \u2013 jetzt online bestellen!","robots":{"index":"index","follow":"follow","max-snippet":"max-snippet:-1","max-image-preview":"max-image-preview:large","max-video-preview":"max-video-preview:-1"},"canonical":"https:\/\/www.erresse-shop.it\/de\/shop\/toepfe-pfannen\/tajine-de\/emile-henry-tajine-32cm-grand-cru\/","og_locale":"de_DE","og_type":"article","og_title":"EMILE HENRY Tajine 32 cm Grand Cru","og_description":"Entdecken Sie EMILE HENRY Tajine 32 cm Grand Cru bei ErresseShop. Qualit\u00e4t, Stil und Funktionalit\u00e4t \u2013 jetzt online bestellen!","og_url":"https:\/\/www.erresse-shop.it\/de\/shop\/toepfe-pfannen\/tajine-de\/emile-henry-tajine-32cm-grand-cru\/","og_site_name":"Erresse Shop","article_modified_time":"2025-01-16T14:59:01+00:00","og_image":[{"width":800,"height":800,"url":"https:\/\/www.erresse-shop.it\/wp-content\/uploads\/2022\/05\/EMILE-HENRY-Tajine-Rosso-32cm-3.jpg","type":"image\/jpeg"}],"twitter_card":"summary_large_image","schema":{"@context":"https:\/\/schema.org","@graph":[{"@type":"WebPage","@id":"https:\/\/www.erresse-shop.it\/de\/shop\/toepfe-pfannen\/tajine-de\/emile-henry-tajine-32cm-grand-cru\/","url":"https:\/\/www.erresse-shop.it\/de\/shop\/toepfe-pfannen\/tajine-de\/emile-henry-tajine-32cm-grand-cru\/","name":"EMILE HENRY Tajine 32 cm Grand Cru","isPartOf":{"@id":"https:\/\/www.erresse-shop.it\/de\/#website"},"datePublished":"2022-05-20T12:28:34+00:00","dateModified":"2025-01-16T14:59:01+00:00","description":"Entdecken Sie EMILE HENRY Tajine 32 cm Grand Cru bei ErresseShop. Qualit\u00e4t, Stil und Funktionalit\u00e4t \u2013 jetzt online bestellen!","breadcrumb":{"@id":"https:\/\/www.erresse-shop.it\/de\/shop\/toepfe-pfannen\/tajine-de\/emile-henry-tajine-32cm-grand-cru\/#breadcrumb"},"inLanguage":"de-DE","potentialAction":[{"@type":"ReadAction","target":["https:\/\/www.erresse-shop.it\/de\/shop\/toepfe-pfannen\/tajine-de\/emile-henry-tajine-32cm-grand-cru\/"]}]},{"@type":"BreadcrumbList","@id":"https:\/\/www.erresse-shop.it\/de\/shop\/toepfe-pfannen\/tajine-de\/emile-henry-tajine-32cm-grand-cru\/#breadcrumb","itemListElement":[{"@type":"ListItem","position":1,"name":"Home","item":"https:\/\/www.erresse-shop.it\/de\/"},{"@type":"ListItem","position":2,"name":"Shop","item":"https:\/\/www.erresse-shop.it\/de\/shop\/"},{"@type":"ListItem","position":3,"name":"EMILE HENRY Tajine 32 cm Grand Cru"}]},{"@type":"WebSite","@id":"https:\/\/www.erresse-shop.it\/de\/#website","url":"https:\/\/www.erresse-shop.it\/de\/","name":"Erresse Shop","description":"Articoli di qualit\u00e0 per la casa","potentialAction":[{"@type":"SearchAction","target":{"@type":"EntryPoint","urlTemplate":"https:\/\/www.erresse-shop.it\/de\/?s={search_term_string}"},"query-input":"required name=search_term_string"}],"inLanguage":"de-DE"}]}},"df_price":109.95,"df_sale_price":109.95,"df_regular_price":144.5,"df_image_link":"https:\/\/www.erresse-shop.it\/wp-content\/uploads\/2022\/05\/EMILE-HENRY-Tajine-Rosso-32cm-3-300x300.jpg","_links":{"self":[{"href":"https:\/\/www.erresse-shop.it\/de\/wp-json\/wp\/v2\/product\/159568"}],"collection":[{"href":"https:\/\/www.erresse-shop.it\/de\/wp-json\/wp\/v2\/product"}],"about":[{"href":"https:\/\/www.erresse-shop.it\/de\/wp-json\/wp\/v2\/types\/product"}],"wp:featuredmedia":[{"embeddable":true,"href":"https:\/\/www.erresse-shop.it\/de\/wp-json\/wp\/v2\/media\/159592"}],"wp:attachment":[{"href":"https:\/\/www.erresse-shop.it\/de\/wp-json\/wp\/v2\/media?parent=159568"}],"wp:term":[{"taxonomy":"product_cat","embeddable":true,"href":"https:\/\/www.erresse-shop.it\/de\/wp-json\/wp\/v2\/product_cat?post=159568"},{"taxonomy":"product_tag","embeddable":true,"href":"https:\/\/www.erresse-shop.it\/de\/wp-json\/wp\/v2\/product_tag?post=159568"}],"curies":[{"name":"wp","href":"https:\/\/api.w.org\/{rel}","templated":true}]}}