{"id":15896,"date":"2015-03-17T17:35:14","date_gmt":"2015-03-17T17:35:14","guid":{"rendered":"https:\/\/www.erresse-shop.it\/?post_type=product&#038;p=15896"},"modified":"2025-04-08T09:30:05","modified_gmt":"2025-04-08T09:30:05","slug":"seletti-hybrid-set-3-glaser-aglaura","status":"publish","type":"product","link":"https:\/\/www.erresse-shop.it\/de\/shop\/tisch\/trinkglaeser\/seletti-hybrid-set-3-glaser-aglaura\/","title":{"rendered":"SELETTI Hybrid Set 3 Gl\u00e4ser AGLAURA"},"content":{"rendered":"<div><strong>Seletti<\/strong> ist eine Geschichte des Sehens und der Evolution. Gegr\u00fcndet im Jahr 1964, in Cicognara, Mantova. &#8220;Heute ist Seletti mit jungen italienischen und internationalen Designer, die schnell ihre eigenen Marke arbeiten, ist der Wunsch, eine Gruppe, die zusammen wachsen und sich entwickeln, eine Herausforderung, dass, so weit, macht tolle Ergebnisse zu schaffen.&#8221; I arbeite auch mit Leuten au\u00dferhalb der Designwelt, K\u00fcnstler, Vision\u00e4re, mit denen ich m\u00f6chte einige Barrieren abzubauen. Meine unkonventionellen nicht-akademischen Ausbildung f\u00fchrt mich nat\u00fcrlich auf &#8220;Crossover&#8221;, eine Reise auf die Idee, eine &#8220;neue Sch\u00f6nheit&#8221;. F\u00fcr uns ist diese (r) evolution &#8220;.<\/div>\n<div>&nbsp;<\/div>\n<div><strong>HYBRID<\/strong>&nbsp;von Seletti.<\/div>\n<div>&nbsp;<\/div>\n<div>\n<div>Inspiriert von der Ceramix Kunstprojekt dieser Sammlung bringt Kunst n\u00e4her an den Alltag. Hybrid ist in feinem Porzellan in China von der italienischen Firma <strong>SELETTI<\/strong> hergestellt und besteht aus verschiedenen Geschirr. Die St\u00fccke in der Sammlung sind grafisch zwischen Ost und West mit einer farbigen Linie markiert die Grenze zwischen den beiden Stilen und paradoxerweise st\u00e4rken zugleich die Vereinigung aufgeteilt.<br \/>\nDas Hybrid-Sammlung befasst sich mit der Gegenwart, w\u00e4hrend Nachdenken \u00fcber die Ironie der Geschichte schl\u00e4gt daher eine eindrucksvolle zeitgen\u00f6ssische Interpretation.&nbsp;Von <strong>CTRLZAK<\/strong> disegned<\/div>\n<\/div>\n<p>&nbsp;<\/p>\n","protected":false},"excerpt":{"rendered":"<p>Seletti ist eine Geschichte des Sehens und der Evolution. Gegr\u00fcndet im Jahr 1964, in Cicognara, Mantova. &#8220;Heute ist Seletti mit<\/p>\n","protected":false},"featured_media":113193,"template":"","meta":{"_acf_changed":false,"inline_featured_image":false},"product_cat":[6787,6811],"product_tag":[12284,12285,15684,12286,25022],"acf":[],"yoast_head":"<!-- This site is optimized with the Yoast SEO Premium plugin v18.6 (Yoast SEO v19.13) - https:\/\/yoast.com\/wordpress\/plugins\/seo\/ -->\n<title>SELETTI Hybrid Set 3 Gl\u00e4ser AGLAURA - Erresse Shop<\/title>\n<meta name=\"description\" content=\"Seletti ist eine Geschichte des Sehens und der Evolution. Gegr\u00fcndet im Jahr 1964, in Cicognara, Mantova. &quot;Heute ist Seletti mit jungen italienischen und\" \/>\n<meta name=\"robots\" content=\"index, follow, max-snippet:-1, max-image-preview:large, max-video-preview:-1\" \/>\n<link rel=\"canonical\" href=\"https:\/\/www.erresse-shop.it\/de\/shop\/tisch\/trinkglaeser\/seletti-hybrid-set-3-glaser-aglaura\/\" \/>\n<meta property=\"og:locale\" content=\"de_DE\" \/>\n<meta property=\"og:type\" content=\"article\" \/>\n<meta property=\"og:title\" content=\"SELETTI Hybrid Set 3 Gl\u00e4ser AGLAURA\" \/>\n<meta property=\"og:description\" content=\"Seletti ist eine Geschichte des Sehens und der Evolution. Gegr\u00fcndet im Jahr 1964, in Cicognara, Mantova. &quot;Heute ist Seletti mit jungen italienischen und\" \/>\n<meta property=\"og:url\" content=\"https:\/\/www.erresse-shop.it\/de\/shop\/tisch\/trinkglaeser\/seletti-hybrid-set-3-glaser-aglaura\/\" \/>\n<meta property=\"og:site_name\" content=\"Erresse Shop\" \/>\n<meta property=\"article:modified_time\" content=\"2025-04-08T09:30:05+00:00\" \/>\n<meta property=\"og:image\" content=\"https:\/\/www.erresse-shop.it\/wp-content\/uploads\/2015\/03\/SELETTI-Aglaura.jpg\" \/>\n\t<meta property=\"og:image:width\" content=\"1000\" \/>\n\t<meta property=\"og:image:height\" content=\"1000\" \/>\n\t<meta property=\"og:image:type\" content=\"image\/jpeg\" \/>\n<meta name=\"twitter:card\" content=\"summary_large_image\" \/>\n<script type=\"application\/ld+json\" class=\"yoast-schema-graph\">{\"@context\":\"https:\/\/schema.org\",\"@graph\":[{\"@type\":\"WebPage\",\"@id\":\"https:\/\/www.erresse-shop.it\/de\/shop\/tisch\/trinkglaeser\/seletti-hybrid-set-3-glaser-aglaura\/\",\"url\":\"https:\/\/www.erresse-shop.it\/de\/shop\/tisch\/trinkglaeser\/seletti-hybrid-set-3-glaser-aglaura\/\",\"name\":\"SELETTI Hybrid Set 3 Gl\u00e4ser AGLAURA - Erresse Shop\",\"isPartOf\":{\"@id\":\"https:\/\/www.erresse-shop.it\/de\/#website\"},\"datePublished\":\"2015-03-17T17:35:14+00:00\",\"dateModified\":\"2025-04-08T09:30:05+00:00\",\"description\":\"Seletti ist eine Geschichte des Sehens und der Evolution. Gegr\u00fcndet im Jahr 1964, in Cicognara, Mantova. \\\"Heute ist Seletti mit jungen italienischen und\",\"breadcrumb\":{\"@id\":\"https:\/\/www.erresse-shop.it\/de\/shop\/tisch\/trinkglaeser\/seletti-hybrid-set-3-glaser-aglaura\/#breadcrumb\"},\"inLanguage\":\"de-DE\",\"potentialAction\":[{\"@type\":\"ReadAction\",\"target\":[\"https:\/\/www.erresse-shop.it\/de\/shop\/tisch\/trinkglaeser\/seletti-hybrid-set-3-glaser-aglaura\/\"]}]},{\"@type\":\"BreadcrumbList\",\"@id\":\"https:\/\/www.erresse-shop.it\/de\/shop\/tisch\/trinkglaeser\/seletti-hybrid-set-3-glaser-aglaura\/#breadcrumb\",\"itemListElement\":[{\"@type\":\"ListItem\",\"position\":1,\"name\":\"Home\",\"item\":\"https:\/\/www.erresse-shop.it\/de\/\"},{\"@type\":\"ListItem\",\"position\":2,\"name\":\"Shop\",\"item\":\"https:\/\/www.erresse-shop.it\/de\/shop\/\"},{\"@type\":\"ListItem\",\"position\":3,\"name\":\"SELETTI Hybrid Set 3 Gl\u00e4ser AGLAURA\"}]},{\"@type\":\"WebSite\",\"@id\":\"https:\/\/www.erresse-shop.it\/de\/#website\",\"url\":\"https:\/\/www.erresse-shop.it\/de\/\",\"name\":\"Erresse Shop\",\"description\":\"Articoli di qualit\u00e0 per la casa\",\"potentialAction\":[{\"@type\":\"SearchAction\",\"target\":{\"@type\":\"EntryPoint\",\"urlTemplate\":\"https:\/\/www.erresse-shop.it\/de\/?s={search_term_string}\"},\"query-input\":\"required name=search_term_string\"}],\"inLanguage\":\"de-DE\"}]}<\/script>\n<!-- \/ Yoast SEO Premium plugin. -->","yoast_head_json":{"title":"SELETTI Hybrid Set 3 Gl\u00e4ser AGLAURA - Erresse Shop","description":"Seletti ist eine Geschichte des Sehens und der Evolution. Gegr\u00fcndet im Jahr 1964, in Cicognara, Mantova. \"Heute ist Seletti mit jungen italienischen und","robots":{"index":"index","follow":"follow","max-snippet":"max-snippet:-1","max-image-preview":"max-image-preview:large","max-video-preview":"max-video-preview:-1"},"canonical":"https:\/\/www.erresse-shop.it\/de\/shop\/tisch\/trinkglaeser\/seletti-hybrid-set-3-glaser-aglaura\/","og_locale":"de_DE","og_type":"article","og_title":"SELETTI Hybrid Set 3 Gl\u00e4ser AGLAURA","og_description":"Seletti ist eine Geschichte des Sehens und der Evolution. Gegr\u00fcndet im Jahr 1964, in Cicognara, Mantova. \"Heute ist Seletti mit jungen italienischen und","og_url":"https:\/\/www.erresse-shop.it\/de\/shop\/tisch\/trinkglaeser\/seletti-hybrid-set-3-glaser-aglaura\/","og_site_name":"Erresse Shop","article_modified_time":"2025-04-08T09:30:05+00:00","og_image":[{"width":1000,"height":1000,"url":"https:\/\/www.erresse-shop.it\/wp-content\/uploads\/2015\/03\/SELETTI-Aglaura.jpg","type":"image\/jpeg"}],"twitter_card":"summary_large_image","schema":{"@context":"https:\/\/schema.org","@graph":[{"@type":"WebPage","@id":"https:\/\/www.erresse-shop.it\/de\/shop\/tisch\/trinkglaeser\/seletti-hybrid-set-3-glaser-aglaura\/","url":"https:\/\/www.erresse-shop.it\/de\/shop\/tisch\/trinkglaeser\/seletti-hybrid-set-3-glaser-aglaura\/","name":"SELETTI Hybrid Set 3 Gl\u00e4ser AGLAURA - Erresse Shop","isPartOf":{"@id":"https:\/\/www.erresse-shop.it\/de\/#website"},"datePublished":"2015-03-17T17:35:14+00:00","dateModified":"2025-04-08T09:30:05+00:00","description":"Seletti ist eine Geschichte des Sehens und der Evolution. Gegr\u00fcndet im Jahr 1964, in Cicognara, Mantova. \"Heute ist Seletti mit jungen italienischen und","breadcrumb":{"@id":"https:\/\/www.erresse-shop.it\/de\/shop\/tisch\/trinkglaeser\/seletti-hybrid-set-3-glaser-aglaura\/#breadcrumb"},"inLanguage":"de-DE","potentialAction":[{"@type":"ReadAction","target":["https:\/\/www.erresse-shop.it\/de\/shop\/tisch\/trinkglaeser\/seletti-hybrid-set-3-glaser-aglaura\/"]}]},{"@type":"BreadcrumbList","@id":"https:\/\/www.erresse-shop.it\/de\/shop\/tisch\/trinkglaeser\/seletti-hybrid-set-3-glaser-aglaura\/#breadcrumb","itemListElement":[{"@type":"ListItem","position":1,"name":"Home","item":"https:\/\/www.erresse-shop.it\/de\/"},{"@type":"ListItem","position":2,"name":"Shop","item":"https:\/\/www.erresse-shop.it\/de\/shop\/"},{"@type":"ListItem","position":3,"name":"SELETTI Hybrid Set 3 Gl\u00e4ser AGLAURA"}]},{"@type":"WebSite","@id":"https:\/\/www.erresse-shop.it\/de\/#website","url":"https:\/\/www.erresse-shop.it\/de\/","name":"Erresse Shop","description":"Articoli di qualit\u00e0 per la casa","potentialAction":[{"@type":"SearchAction","target":{"@type":"EntryPoint","urlTemplate":"https:\/\/www.erresse-shop.it\/de\/?s={search_term_string}"},"query-input":"required name=search_term_string"}],"inLanguage":"de-DE"}]}},"df_price":29.7,"df_sale_price":29.7,"df_regular_price":66,"df_image_link":"https:\/\/www.erresse-shop.it\/wp-content\/uploads\/2015\/03\/SELETTI-Aglaura-300x300.jpg","_links":{"self":[{"href":"https:\/\/www.erresse-shop.it\/de\/wp-json\/wp\/v2\/product\/15896"}],"collection":[{"href":"https:\/\/www.erresse-shop.it\/de\/wp-json\/wp\/v2\/product"}],"about":[{"href":"https:\/\/www.erresse-shop.it\/de\/wp-json\/wp\/v2\/types\/product"}],"wp:featuredmedia":[{"embeddable":true,"href":"https:\/\/www.erresse-shop.it\/de\/wp-json\/wp\/v2\/media\/113193"}],"wp:attachment":[{"href":"https:\/\/www.erresse-shop.it\/de\/wp-json\/wp\/v2\/media?parent=15896"}],"wp:term":[{"taxonomy":"product_cat","embeddable":true,"href":"https:\/\/www.erresse-shop.it\/de\/wp-json\/wp\/v2\/product_cat?post=15896"},{"taxonomy":"product_tag","embeddable":true,"href":"https:\/\/www.erresse-shop.it\/de\/wp-json\/wp\/v2\/product_tag?post=15896"}],"curies":[{"name":"wp","href":"https:\/\/api.w.org\/{rel}","templated":true}]}}