{"id":15759,"date":"2015-03-14T18:29:10","date_gmt":"2015-03-14T18:29:10","guid":{"rendered":"https:\/\/www.erresse-shop.it\/?post_type=product&#038;p=15759"},"modified":"2024-07-23T14:05:31","modified_gmt":"2024-07-23T14:05:31","slug":"seletti-hybrid-salatschussel-zaira","status":"publish","type":"product","link":"https:\/\/www.erresse-shop.it\/de\/shop\/tisch\/salatschuesseln-und-terrinen\/seletti-hybrid-salatschussel-zaira\/","title":{"rendered":"SELETTI Hybrid Salatsch\u00fcssel ZAIRA"},"content":{"rendered":"<div>\n<p>Wenn sich Ost und West verbinden. Eine Sammlung, die die alte historische westliche und \u00f6stliche Keramikproduktion widerspiegelt. Hybride Dekore, die aus einer komplexen Vergangenheit stammen und sich zu zeitgen\u00f6ssischen Formen entwickeln.<\/p>\n<p>Entwurf: STRGZAK<br \/>Material: Porzellan<br \/>Gr\u00f6\u00dfe: \u00f8 cm 22 h. 10<\/p>\n<\/div>\n","protected":false},"excerpt":{"rendered":"<p><br data-mce-bogus=\"1\"><\/p>\n","protected":false},"featured_media":15760,"template":"","meta":{"_acf_changed":false,"inline_featured_image":false},"product_cat":[6892,6787],"product_tag":[12291,11915,25022,11827],"acf":[],"yoast_head":"<!-- This site is optimized with the Yoast SEO Premium plugin v18.6 (Yoast SEO v19.13) - https:\/\/yoast.com\/wordpress\/plugins\/seo\/ -->\n<title>SELETTI Hybrid Salatsch\u00fcssel ZAIRA - Erresse Shop<\/title>\n<meta name=\"robots\" content=\"index, follow, max-snippet:-1, max-image-preview:large, max-video-preview:-1\" \/>\n<link rel=\"canonical\" href=\"https:\/\/www.erresse-shop.it\/de\/shop\/tisch\/salatschuesseln-und-terrinen\/seletti-hybrid-salatschussel-zaira\/\" \/>\n<meta property=\"og:locale\" content=\"de_DE\" \/>\n<meta property=\"og:type\" content=\"article\" \/>\n<meta property=\"og:title\" content=\"SELETTI Hybrid Salatsch\u00fcssel ZAIRA\" \/>\n<meta property=\"og:url\" content=\"https:\/\/www.erresse-shop.it\/de\/shop\/tisch\/salatschuesseln-und-terrinen\/seletti-hybrid-salatschussel-zaira\/\" \/>\n<meta property=\"og:site_name\" content=\"Erresse Shop\" \/>\n<meta property=\"article:modified_time\" content=\"2024-07-23T14:05:31+00:00\" \/>\n<meta property=\"og:image\" content=\"https:\/\/www.erresse-shop.it\/wp-content\/uploads\/2015\/03\/products-zaira-2.jpg\" \/>\n\t<meta property=\"og:image:width\" content=\"450\" \/>\n\t<meta property=\"og:image:height\" content=\"450\" \/>\n\t<meta property=\"og:image:type\" content=\"image\/jpeg\" \/>\n<meta name=\"twitter:card\" content=\"summary_large_image\" \/>\n<script type=\"application\/ld+json\" class=\"yoast-schema-graph\">{\"@context\":\"https:\/\/schema.org\",\"@graph\":[{\"@type\":\"WebPage\",\"@id\":\"https:\/\/www.erresse-shop.it\/de\/shop\/tisch\/salatschuesseln-und-terrinen\/seletti-hybrid-salatschussel-zaira\/\",\"url\":\"https:\/\/www.erresse-shop.it\/de\/shop\/tisch\/salatschuesseln-und-terrinen\/seletti-hybrid-salatschussel-zaira\/\",\"name\":\"SELETTI Hybrid Salatsch\u00fcssel ZAIRA - Erresse Shop\",\"isPartOf\":{\"@id\":\"https:\/\/www.erresse-shop.it\/de\/#website\"},\"datePublished\":\"2015-03-14T18:29:10+00:00\",\"dateModified\":\"2024-07-23T14:05:31+00:00\",\"breadcrumb\":{\"@id\":\"https:\/\/www.erresse-shop.it\/de\/shop\/tisch\/salatschuesseln-und-terrinen\/seletti-hybrid-salatschussel-zaira\/#breadcrumb\"},\"inLanguage\":\"de-DE\",\"potentialAction\":[{\"@type\":\"ReadAction\",\"target\":[\"https:\/\/www.erresse-shop.it\/de\/shop\/tisch\/salatschuesseln-und-terrinen\/seletti-hybrid-salatschussel-zaira\/\"]}]},{\"@type\":\"BreadcrumbList\",\"@id\":\"https:\/\/www.erresse-shop.it\/de\/shop\/tisch\/salatschuesseln-und-terrinen\/seletti-hybrid-salatschussel-zaira\/#breadcrumb\",\"itemListElement\":[{\"@type\":\"ListItem\",\"position\":1,\"name\":\"Home\",\"item\":\"https:\/\/www.erresse-shop.it\/de\/\"},{\"@type\":\"ListItem\",\"position\":2,\"name\":\"Shop\",\"item\":\"https:\/\/www.erresse-shop.it\/de\/shop\/\"},{\"@type\":\"ListItem\",\"position\":3,\"name\":\"SELETTI Hybrid Salatsch\u00fcssel ZAIRA\"}]},{\"@type\":\"WebSite\",\"@id\":\"https:\/\/www.erresse-shop.it\/de\/#website\",\"url\":\"https:\/\/www.erresse-shop.it\/de\/\",\"name\":\"Erresse Shop\",\"description\":\"Articoli di qualit\u00e0 per la casa\",\"potentialAction\":[{\"@type\":\"SearchAction\",\"target\":{\"@type\":\"EntryPoint\",\"urlTemplate\":\"https:\/\/www.erresse-shop.it\/de\/?s={search_term_string}\"},\"query-input\":\"required name=search_term_string\"}],\"inLanguage\":\"de-DE\"}]}<\/script>\n<!-- \/ Yoast SEO Premium plugin. -->","yoast_head_json":{"title":"SELETTI Hybrid Salatsch\u00fcssel ZAIRA - Erresse Shop","robots":{"index":"index","follow":"follow","max-snippet":"max-snippet:-1","max-image-preview":"max-image-preview:large","max-video-preview":"max-video-preview:-1"},"canonical":"https:\/\/www.erresse-shop.it\/de\/shop\/tisch\/salatschuesseln-und-terrinen\/seletti-hybrid-salatschussel-zaira\/","og_locale":"de_DE","og_type":"article","og_title":"SELETTI Hybrid Salatsch\u00fcssel ZAIRA","og_url":"https:\/\/www.erresse-shop.it\/de\/shop\/tisch\/salatschuesseln-und-terrinen\/seletti-hybrid-salatschussel-zaira\/","og_site_name":"Erresse Shop","article_modified_time":"2024-07-23T14:05:31+00:00","og_image":[{"width":"450","height":"450","url":"https:\/\/www.erresse-shop.it\/wp-content\/uploads\/2015\/03\/products-zaira-2.jpg","type":"image\/jpeg"}],"twitter_card":"summary_large_image","schema":{"@context":"https:\/\/schema.org","@graph":[{"@type":"WebPage","@id":"https:\/\/www.erresse-shop.it\/de\/shop\/tisch\/salatschuesseln-und-terrinen\/seletti-hybrid-salatschussel-zaira\/","url":"https:\/\/www.erresse-shop.it\/de\/shop\/tisch\/salatschuesseln-und-terrinen\/seletti-hybrid-salatschussel-zaira\/","name":"SELETTI Hybrid Salatsch\u00fcssel ZAIRA - Erresse Shop","isPartOf":{"@id":"https:\/\/www.erresse-shop.it\/de\/#website"},"datePublished":"2015-03-14T18:29:10+00:00","dateModified":"2024-07-23T14:05:31+00:00","breadcrumb":{"@id":"https:\/\/www.erresse-shop.it\/de\/shop\/tisch\/salatschuesseln-und-terrinen\/seletti-hybrid-salatschussel-zaira\/#breadcrumb"},"inLanguage":"de-DE","potentialAction":[{"@type":"ReadAction","target":["https:\/\/www.erresse-shop.it\/de\/shop\/tisch\/salatschuesseln-und-terrinen\/seletti-hybrid-salatschussel-zaira\/"]}]},{"@type":"BreadcrumbList","@id":"https:\/\/www.erresse-shop.it\/de\/shop\/tisch\/salatschuesseln-und-terrinen\/seletti-hybrid-salatschussel-zaira\/#breadcrumb","itemListElement":[{"@type":"ListItem","position":1,"name":"Home","item":"https:\/\/www.erresse-shop.it\/de\/"},{"@type":"ListItem","position":2,"name":"Shop","item":"https:\/\/www.erresse-shop.it\/de\/shop\/"},{"@type":"ListItem","position":3,"name":"SELETTI Hybrid Salatsch\u00fcssel ZAIRA"}]},{"@type":"WebSite","@id":"https:\/\/www.erresse-shop.it\/de\/#website","url":"https:\/\/www.erresse-shop.it\/de\/","name":"Erresse Shop","description":"Articoli di qualit\u00e0 per la casa","potentialAction":[{"@type":"SearchAction","target":{"@type":"EntryPoint","urlTemplate":"https:\/\/www.erresse-shop.it\/de\/?s={search_term_string}"},"query-input":"required name=search_term_string"}],"inLanguage":"de-DE"}]}},"df_price":69.75,"df_sale_price":69.75,"df_regular_price":155,"df_image_link":"https:\/\/www.erresse-shop.it\/wp-content\/uploads\/2015\/03\/products-zaira-2.jpg","_links":{"self":[{"href":"https:\/\/www.erresse-shop.it\/de\/wp-json\/wp\/v2\/product\/15759"}],"collection":[{"href":"https:\/\/www.erresse-shop.it\/de\/wp-json\/wp\/v2\/product"}],"about":[{"href":"https:\/\/www.erresse-shop.it\/de\/wp-json\/wp\/v2\/types\/product"}],"wp:featuredmedia":[{"embeddable":true,"href":"https:\/\/www.erresse-shop.it\/de\/wp-json\/wp\/v2\/media\/15760"}],"wp:attachment":[{"href":"https:\/\/www.erresse-shop.it\/de\/wp-json\/wp\/v2\/media?parent=15759"}],"wp:term":[{"taxonomy":"product_cat","embeddable":true,"href":"https:\/\/www.erresse-shop.it\/de\/wp-json\/wp\/v2\/product_cat?post=15759"},{"taxonomy":"product_tag","embeddable":true,"href":"https:\/\/www.erresse-shop.it\/de\/wp-json\/wp\/v2\/product_tag?post=15759"}],"curies":[{"name":"wp","href":"https:\/\/api.w.org\/{rel}","templated":true}]}}