{"id":15680,"date":"2015-03-14T16:56:28","date_gmt":"2015-03-14T16:56:28","guid":{"rendered":"https:\/\/www.erresse-shop.it\/?post_type=product&#038;p=15680"},"modified":"2024-11-30T12:00:07","modified_gmt":"2024-11-30T12:00:07","slug":"seletti-hybrid-suppenteller-sofronia","status":"publish","type":"product","link":"https:\/\/www.erresse-shop.it\/de\/shop\/tisch\/teller-geschirr\/seletti-hybrid-suppenteller-sofronia\/","title":{"rendered":"SELETTI Hybrid Suppenteller SOFRONIA"},"content":{"rendered":"<div>\n<p>Wenn sich Ost und West verbinden. Eine Sammlung, die die alte historische westliche und \u00f6stliche Keramikproduktion widerspiegelt. Hybride Dekore, die aus einer komplexen Vergangenheit stammen und sich zu zeitgen\u00f6ssischen Formen entwickeln.<\/p>\n<p>Entwurf: STRGZAK<br \/>\nMaterial: Porzellan<br \/>\nGr\u00f6\u00dfe: \u00f8 cm 25,4<\/p>\n<\/div>\n","protected":false},"excerpt":{"rendered":"<p>Wenn sich Ost und West verbinden. Eine Sammlung, die die alte historische westliche und \u00f6stliche Keramikproduktion widerspiegelt. Hybride Dekore, die<\/p>\n","protected":false},"featured_media":15681,"template":"","meta":{"_acf_changed":false,"inline_featured_image":false},"product_cat":[6793,6787],"product_tag":[12284,12285,23661,24416,15684,12286,25022,21822],"acf":[],"yoast_head":"<!-- This site is optimized with the Yoast SEO Premium plugin v18.6 (Yoast SEO v19.13) - https:\/\/yoast.com\/wordpress\/plugins\/seo\/ -->\n<title>SELETTI Hybrid Suppenteller SOFRONIA - Erresse Shop<\/title>\n<meta name=\"description\" content=\"Wenn sich Ost und West verbinden. Eine Sammlung, die die alte historische westliche und \u00f6stliche Keramikproduktion widerspiegelt. Hybride Dekore, die aus\" \/>\n<meta name=\"robots\" content=\"index, follow, max-snippet:-1, max-image-preview:large, max-video-preview:-1\" \/>\n<link rel=\"canonical\" href=\"https:\/\/www.erresse-shop.it\/de\/shop\/tisch\/teller-geschirr\/seletti-hybrid-suppenteller-sofronia\/\" \/>\n<meta property=\"og:locale\" content=\"de_DE\" \/>\n<meta property=\"og:type\" content=\"article\" \/>\n<meta property=\"og:title\" content=\"SELETTI Hybrid Suppenteller SOFRONIA\" \/>\n<meta property=\"og:description\" content=\"Wenn sich Ost und West verbinden. Eine Sammlung, die die alte historische westliche und \u00f6stliche Keramikproduktion widerspiegelt. Hybride Dekore, die aus\" \/>\n<meta property=\"og:url\" content=\"https:\/\/www.erresse-shop.it\/de\/shop\/tisch\/teller-geschirr\/seletti-hybrid-suppenteller-sofronia\/\" \/>\n<meta property=\"og:site_name\" content=\"Erresse Shop\" \/>\n<meta property=\"article:modified_time\" content=\"2024-11-30T12:00:07+00:00\" \/>\n<meta property=\"og:image\" content=\"https:\/\/www.erresse-shop.it\/wp-content\/uploads\/2015\/03\/products-sofronia-2.jpg\" \/>\n\t<meta property=\"og:image:width\" content=\"820\" \/>\n\t<meta property=\"og:image:height\" content=\"811\" \/>\n\t<meta property=\"og:image:type\" content=\"image\/jpeg\" \/>\n<meta name=\"twitter:card\" content=\"summary_large_image\" \/>\n<script type=\"application\/ld+json\" class=\"yoast-schema-graph\">{\"@context\":\"https:\/\/schema.org\",\"@graph\":[{\"@type\":\"WebPage\",\"@id\":\"https:\/\/www.erresse-shop.it\/de\/shop\/tisch\/teller-geschirr\/seletti-hybrid-suppenteller-sofronia\/\",\"url\":\"https:\/\/www.erresse-shop.it\/de\/shop\/tisch\/teller-geschirr\/seletti-hybrid-suppenteller-sofronia\/\",\"name\":\"SELETTI Hybrid Suppenteller SOFRONIA - Erresse Shop\",\"isPartOf\":{\"@id\":\"https:\/\/www.erresse-shop.it\/de\/#website\"},\"datePublished\":\"2015-03-14T16:56:28+00:00\",\"dateModified\":\"2024-11-30T12:00:07+00:00\",\"description\":\"Wenn sich Ost und West verbinden. Eine Sammlung, die die alte historische westliche und \u00f6stliche Keramikproduktion widerspiegelt. Hybride Dekore, die aus\",\"breadcrumb\":{\"@id\":\"https:\/\/www.erresse-shop.it\/de\/shop\/tisch\/teller-geschirr\/seletti-hybrid-suppenteller-sofronia\/#breadcrumb\"},\"inLanguage\":\"de-DE\",\"potentialAction\":[{\"@type\":\"ReadAction\",\"target\":[\"https:\/\/www.erresse-shop.it\/de\/shop\/tisch\/teller-geschirr\/seletti-hybrid-suppenteller-sofronia\/\"]}]},{\"@type\":\"BreadcrumbList\",\"@id\":\"https:\/\/www.erresse-shop.it\/de\/shop\/tisch\/teller-geschirr\/seletti-hybrid-suppenteller-sofronia\/#breadcrumb\",\"itemListElement\":[{\"@type\":\"ListItem\",\"position\":1,\"name\":\"Home\",\"item\":\"https:\/\/www.erresse-shop.it\/de\/\"},{\"@type\":\"ListItem\",\"position\":2,\"name\":\"Shop\",\"item\":\"https:\/\/www.erresse-shop.it\/de\/shop\/\"},{\"@type\":\"ListItem\",\"position\":3,\"name\":\"SELETTI Hybrid Suppenteller SOFRONIA\"}]},{\"@type\":\"WebSite\",\"@id\":\"https:\/\/www.erresse-shop.it\/de\/#website\",\"url\":\"https:\/\/www.erresse-shop.it\/de\/\",\"name\":\"Erresse Shop\",\"description\":\"Articoli di qualit\u00e0 per la casa\",\"potentialAction\":[{\"@type\":\"SearchAction\",\"target\":{\"@type\":\"EntryPoint\",\"urlTemplate\":\"https:\/\/www.erresse-shop.it\/de\/?s={search_term_string}\"},\"query-input\":\"required name=search_term_string\"}],\"inLanguage\":\"de-DE\"}]}<\/script>\n<!-- \/ Yoast SEO Premium plugin. -->","yoast_head_json":{"title":"SELETTI Hybrid Suppenteller SOFRONIA - Erresse Shop","description":"Wenn sich Ost und West verbinden. Eine Sammlung, die die alte historische westliche und \u00f6stliche Keramikproduktion widerspiegelt. Hybride Dekore, die aus","robots":{"index":"index","follow":"follow","max-snippet":"max-snippet:-1","max-image-preview":"max-image-preview:large","max-video-preview":"max-video-preview:-1"},"canonical":"https:\/\/www.erresse-shop.it\/de\/shop\/tisch\/teller-geschirr\/seletti-hybrid-suppenteller-sofronia\/","og_locale":"de_DE","og_type":"article","og_title":"SELETTI Hybrid Suppenteller SOFRONIA","og_description":"Wenn sich Ost und West verbinden. Eine Sammlung, die die alte historische westliche und \u00f6stliche Keramikproduktion widerspiegelt. Hybride Dekore, die aus","og_url":"https:\/\/www.erresse-shop.it\/de\/shop\/tisch\/teller-geschirr\/seletti-hybrid-suppenteller-sofronia\/","og_site_name":"Erresse Shop","article_modified_time":"2024-11-30T12:00:07+00:00","og_image":[{"width":"820","height":"811","url":"https:\/\/www.erresse-shop.it\/wp-content\/uploads\/2015\/03\/products-sofronia-2.jpg","type":"image\/jpeg"}],"twitter_card":"summary_large_image","schema":{"@context":"https:\/\/schema.org","@graph":[{"@type":"WebPage","@id":"https:\/\/www.erresse-shop.it\/de\/shop\/tisch\/teller-geschirr\/seletti-hybrid-suppenteller-sofronia\/","url":"https:\/\/www.erresse-shop.it\/de\/shop\/tisch\/teller-geschirr\/seletti-hybrid-suppenteller-sofronia\/","name":"SELETTI Hybrid Suppenteller SOFRONIA - Erresse Shop","isPartOf":{"@id":"https:\/\/www.erresse-shop.it\/de\/#website"},"datePublished":"2015-03-14T16:56:28+00:00","dateModified":"2024-11-30T12:00:07+00:00","description":"Wenn sich Ost und West verbinden. Eine Sammlung, die die alte historische westliche und \u00f6stliche Keramikproduktion widerspiegelt. Hybride Dekore, die aus","breadcrumb":{"@id":"https:\/\/www.erresse-shop.it\/de\/shop\/tisch\/teller-geschirr\/seletti-hybrid-suppenteller-sofronia\/#breadcrumb"},"inLanguage":"de-DE","potentialAction":[{"@type":"ReadAction","target":["https:\/\/www.erresse-shop.it\/de\/shop\/tisch\/teller-geschirr\/seletti-hybrid-suppenteller-sofronia\/"]}]},{"@type":"BreadcrumbList","@id":"https:\/\/www.erresse-shop.it\/de\/shop\/tisch\/teller-geschirr\/seletti-hybrid-suppenteller-sofronia\/#breadcrumb","itemListElement":[{"@type":"ListItem","position":1,"name":"Home","item":"https:\/\/www.erresse-shop.it\/de\/"},{"@type":"ListItem","position":2,"name":"Shop","item":"https:\/\/www.erresse-shop.it\/de\/shop\/"},{"@type":"ListItem","position":3,"name":"SELETTI Hybrid Suppenteller SOFRONIA"}]},{"@type":"WebSite","@id":"https:\/\/www.erresse-shop.it\/de\/#website","url":"https:\/\/www.erresse-shop.it\/de\/","name":"Erresse Shop","description":"Articoli di qualit\u00e0 per la casa","potentialAction":[{"@type":"SearchAction","target":{"@type":"EntryPoint","urlTemplate":"https:\/\/www.erresse-shop.it\/de\/?s={search_term_string}"},"query-input":"required name=search_term_string"}],"inLanguage":"de-DE"}]}},"df_price":36.9,"df_sale_price":36.9,"df_regular_price":82,"df_image_link":"https:\/\/www.erresse-shop.it\/wp-content\/uploads\/2015\/03\/products-sofronia-2.jpg","_links":{"self":[{"href":"https:\/\/www.erresse-shop.it\/de\/wp-json\/wp\/v2\/product\/15680"}],"collection":[{"href":"https:\/\/www.erresse-shop.it\/de\/wp-json\/wp\/v2\/product"}],"about":[{"href":"https:\/\/www.erresse-shop.it\/de\/wp-json\/wp\/v2\/types\/product"}],"wp:featuredmedia":[{"embeddable":true,"href":"https:\/\/www.erresse-shop.it\/de\/wp-json\/wp\/v2\/media\/15681"}],"wp:attachment":[{"href":"https:\/\/www.erresse-shop.it\/de\/wp-json\/wp\/v2\/media?parent=15680"}],"wp:term":[{"taxonomy":"product_cat","embeddable":true,"href":"https:\/\/www.erresse-shop.it\/de\/wp-json\/wp\/v2\/product_cat?post=15680"},{"taxonomy":"product_tag","embeddable":true,"href":"https:\/\/www.erresse-shop.it\/de\/wp-json\/wp\/v2\/product_tag?post=15680"}],"curies":[{"name":"wp","href":"https:\/\/api.w.org\/{rel}","templated":true}]}}