{"id":15653,"date":"2015-03-14T16:23:03","date_gmt":"2015-03-14T16:23:03","guid":{"rendered":"https:\/\/www.erresse-shop.it\/?post_type=product&#038;p=15653"},"modified":"2025-02-15T14:53:25","modified_gmt":"2025-02-15T14:53:25","slug":"seletti-hybrid-obstteller-valdrada","status":"publish","type":"product","link":"https:\/\/www.erresse-shop.it\/de\/shop\/tisch\/teller-geschirr\/seletti-hybrid-obstteller-valdrada\/","title":{"rendered":"SELETTI Hybrid Obstteller VALDRADA 20 cm"},"content":{"rendered":"<div>\n<p>Wenn sich Ost und West verbinden. Eine Sammlung, die die alte historische westliche und \u00f6stliche Keramikproduktion widerspiegelt. Hybride Dekore, die aus einer komplexen Vergangenheit stammen und sich zu zeitgen\u00f6ssischen Formen entwickeln.<\/p>\n<p>Entwurf: STRGZAK<br \/>\nMaterial: Porzellan<br \/>\nGr\u00f6\u00dfe: \u00f8 cm 20 h 1,6<\/p>\n<\/div>\n","protected":false},"excerpt":{"rendered":"<p>Wenn sich Ost und West verbinden. Eine Sammlung, die die alte historische westliche und \u00f6stliche Keramikproduktion widerspiegelt. Hybride Dekore, die<\/p>\n","protected":false},"featured_media":15654,"template":"","meta":{"_acf_changed":false,"inline_featured_image":false},"product_cat":[6793,6787],"product_tag":[12284,12285,15684,12286,15685,25022],"acf":[],"yoast_head":"<!-- This site is optimized with the Yoast SEO Premium plugin v18.6 (Yoast SEO v19.13) - https:\/\/yoast.com\/wordpress\/plugins\/seo\/ -->\n<title>SELETTI Hybrid Obstteller VALDRADA 20 cm - Erresse Shop<\/title>\n<meta name=\"description\" content=\"Wenn sich Ost und West verbinden. Eine Sammlung, die die alte historische westliche und \u00f6stliche Keramikproduktion widerspiegelt. Hybride Dekore, die aus\" \/>\n<meta name=\"robots\" content=\"index, follow, max-snippet:-1, max-image-preview:large, max-video-preview:-1\" \/>\n<link rel=\"canonical\" href=\"https:\/\/www.erresse-shop.it\/de\/shop\/tisch\/teller-geschirr\/seletti-hybrid-obstteller-valdrada\/\" \/>\n<meta property=\"og:locale\" content=\"de_DE\" \/>\n<meta property=\"og:type\" content=\"article\" \/>\n<meta property=\"og:title\" content=\"SELETTI Hybrid Obstteller VALDRADA 20 cm\" \/>\n<meta property=\"og:description\" content=\"Wenn sich Ost und West verbinden. Eine Sammlung, die die alte historische westliche und \u00f6stliche Keramikproduktion widerspiegelt. Hybride Dekore, die aus\" \/>\n<meta property=\"og:url\" content=\"https:\/\/www.erresse-shop.it\/de\/shop\/tisch\/teller-geschirr\/seletti-hybrid-obstteller-valdrada\/\" \/>\n<meta property=\"og:site_name\" content=\"Erresse Shop\" \/>\n<meta property=\"article:modified_time\" content=\"2025-02-15T14:53:25+00:00\" \/>\n<meta property=\"og:image\" content=\"https:\/\/www.erresse-shop.it\/wp-content\/uploads\/2015\/03\/products-valdrada-h-2.jpg\" \/>\n\t<meta property=\"og:image:width\" content=\"674\" \/>\n\t<meta property=\"og:image:height\" content=\"671\" \/>\n\t<meta property=\"og:image:type\" content=\"image\/jpeg\" \/>\n<meta name=\"twitter:card\" content=\"summary_large_image\" \/>\n<script type=\"application\/ld+json\" class=\"yoast-schema-graph\">{\"@context\":\"https:\/\/schema.org\",\"@graph\":[{\"@type\":\"WebPage\",\"@id\":\"https:\/\/www.erresse-shop.it\/de\/shop\/tisch\/teller-geschirr\/seletti-hybrid-obstteller-valdrada\/\",\"url\":\"https:\/\/www.erresse-shop.it\/de\/shop\/tisch\/teller-geschirr\/seletti-hybrid-obstteller-valdrada\/\",\"name\":\"SELETTI Hybrid Obstteller VALDRADA 20 cm - Erresse Shop\",\"isPartOf\":{\"@id\":\"https:\/\/www.erresse-shop.it\/de\/#website\"},\"datePublished\":\"2015-03-14T16:23:03+00:00\",\"dateModified\":\"2025-02-15T14:53:25+00:00\",\"description\":\"Wenn sich Ost und West verbinden. Eine Sammlung, die die alte historische westliche und \u00f6stliche Keramikproduktion widerspiegelt. Hybride Dekore, die aus\",\"breadcrumb\":{\"@id\":\"https:\/\/www.erresse-shop.it\/de\/shop\/tisch\/teller-geschirr\/seletti-hybrid-obstteller-valdrada\/#breadcrumb\"},\"inLanguage\":\"de-DE\",\"potentialAction\":[{\"@type\":\"ReadAction\",\"target\":[\"https:\/\/www.erresse-shop.it\/de\/shop\/tisch\/teller-geschirr\/seletti-hybrid-obstteller-valdrada\/\"]}]},{\"@type\":\"BreadcrumbList\",\"@id\":\"https:\/\/www.erresse-shop.it\/de\/shop\/tisch\/teller-geschirr\/seletti-hybrid-obstteller-valdrada\/#breadcrumb\",\"itemListElement\":[{\"@type\":\"ListItem\",\"position\":1,\"name\":\"Home\",\"item\":\"https:\/\/www.erresse-shop.it\/de\/\"},{\"@type\":\"ListItem\",\"position\":2,\"name\":\"Shop\",\"item\":\"https:\/\/www.erresse-shop.it\/de\/shop\/\"},{\"@type\":\"ListItem\",\"position\":3,\"name\":\"SELETTI Hybrid Obstteller VALDRADA 20 cm\"}]},{\"@type\":\"WebSite\",\"@id\":\"https:\/\/www.erresse-shop.it\/de\/#website\",\"url\":\"https:\/\/www.erresse-shop.it\/de\/\",\"name\":\"Erresse Shop\",\"description\":\"Articoli di qualit\u00e0 per la casa\",\"potentialAction\":[{\"@type\":\"SearchAction\",\"target\":{\"@type\":\"EntryPoint\",\"urlTemplate\":\"https:\/\/www.erresse-shop.it\/de\/?s={search_term_string}\"},\"query-input\":\"required name=search_term_string\"}],\"inLanguage\":\"de-DE\"}]}<\/script>\n<!-- \/ Yoast SEO Premium plugin. -->","yoast_head_json":{"title":"SELETTI Hybrid Obstteller VALDRADA 20 cm - Erresse Shop","description":"Wenn sich Ost und West verbinden. Eine Sammlung, die die alte historische westliche und \u00f6stliche Keramikproduktion widerspiegelt. Hybride Dekore, die aus","robots":{"index":"index","follow":"follow","max-snippet":"max-snippet:-1","max-image-preview":"max-image-preview:large","max-video-preview":"max-video-preview:-1"},"canonical":"https:\/\/www.erresse-shop.it\/de\/shop\/tisch\/teller-geschirr\/seletti-hybrid-obstteller-valdrada\/","og_locale":"de_DE","og_type":"article","og_title":"SELETTI Hybrid Obstteller VALDRADA 20 cm","og_description":"Wenn sich Ost und West verbinden. Eine Sammlung, die die alte historische westliche und \u00f6stliche Keramikproduktion widerspiegelt. Hybride Dekore, die aus","og_url":"https:\/\/www.erresse-shop.it\/de\/shop\/tisch\/teller-geschirr\/seletti-hybrid-obstteller-valdrada\/","og_site_name":"Erresse Shop","article_modified_time":"2025-02-15T14:53:25+00:00","og_image":[{"width":"674","height":"671","url":"https:\/\/www.erresse-shop.it\/wp-content\/uploads\/2015\/03\/products-valdrada-h-2.jpg","type":"image\/jpeg"}],"twitter_card":"summary_large_image","schema":{"@context":"https:\/\/schema.org","@graph":[{"@type":"WebPage","@id":"https:\/\/www.erresse-shop.it\/de\/shop\/tisch\/teller-geschirr\/seletti-hybrid-obstteller-valdrada\/","url":"https:\/\/www.erresse-shop.it\/de\/shop\/tisch\/teller-geschirr\/seletti-hybrid-obstteller-valdrada\/","name":"SELETTI Hybrid Obstteller VALDRADA 20 cm - Erresse Shop","isPartOf":{"@id":"https:\/\/www.erresse-shop.it\/de\/#website"},"datePublished":"2015-03-14T16:23:03+00:00","dateModified":"2025-02-15T14:53:25+00:00","description":"Wenn sich Ost und West verbinden. Eine Sammlung, die die alte historische westliche und \u00f6stliche Keramikproduktion widerspiegelt. Hybride Dekore, die aus","breadcrumb":{"@id":"https:\/\/www.erresse-shop.it\/de\/shop\/tisch\/teller-geschirr\/seletti-hybrid-obstteller-valdrada\/#breadcrumb"},"inLanguage":"de-DE","potentialAction":[{"@type":"ReadAction","target":["https:\/\/www.erresse-shop.it\/de\/shop\/tisch\/teller-geschirr\/seletti-hybrid-obstteller-valdrada\/"]}]},{"@type":"BreadcrumbList","@id":"https:\/\/www.erresse-shop.it\/de\/shop\/tisch\/teller-geschirr\/seletti-hybrid-obstteller-valdrada\/#breadcrumb","itemListElement":[{"@type":"ListItem","position":1,"name":"Home","item":"https:\/\/www.erresse-shop.it\/de\/"},{"@type":"ListItem","position":2,"name":"Shop","item":"https:\/\/www.erresse-shop.it\/de\/shop\/"},{"@type":"ListItem","position":3,"name":"SELETTI Hybrid Obstteller VALDRADA 20 cm"}]},{"@type":"WebSite","@id":"https:\/\/www.erresse-shop.it\/de\/#website","url":"https:\/\/www.erresse-shop.it\/de\/","name":"Erresse Shop","description":"Articoli di qualit\u00e0 per la casa","potentialAction":[{"@type":"SearchAction","target":{"@type":"EntryPoint","urlTemplate":"https:\/\/www.erresse-shop.it\/de\/?s={search_term_string}"},"query-input":"required name=search_term_string"}],"inLanguage":"de-DE"}]}},"df_price":19.35,"df_sale_price":19.35,"df_regular_price":43,"df_image_link":"https:\/\/www.erresse-shop.it\/wp-content\/uploads\/2015\/03\/products-valdrada-h-2.jpg","_links":{"self":[{"href":"https:\/\/www.erresse-shop.it\/de\/wp-json\/wp\/v2\/product\/15653"}],"collection":[{"href":"https:\/\/www.erresse-shop.it\/de\/wp-json\/wp\/v2\/product"}],"about":[{"href":"https:\/\/www.erresse-shop.it\/de\/wp-json\/wp\/v2\/types\/product"}],"wp:featuredmedia":[{"embeddable":true,"href":"https:\/\/www.erresse-shop.it\/de\/wp-json\/wp\/v2\/media\/15654"}],"wp:attachment":[{"href":"https:\/\/www.erresse-shop.it\/de\/wp-json\/wp\/v2\/media?parent=15653"}],"wp:term":[{"taxonomy":"product_cat","embeddable":true,"href":"https:\/\/www.erresse-shop.it\/de\/wp-json\/wp\/v2\/product_cat?post=15653"},{"taxonomy":"product_tag","embeddable":true,"href":"https:\/\/www.erresse-shop.it\/de\/wp-json\/wp\/v2\/product_tag?post=15653"}],"curies":[{"name":"wp","href":"https:\/\/api.w.org\/{rel}","templated":true}]}}