{"id":156512,"date":"2022-05-04T09:34:27","date_gmt":"2022-05-04T09:34:30","guid":{"rendered":"https:\/\/www.erresse-shop.it\/?post_type=product&#038;p=156512"},"modified":"2025-01-16T10:40:40","modified_gmt":"2025-01-16T10:40:40","slug":"brabantia-mindset-aufbewahrungsbox-gris","status":"publish","type":"product","link":"https:\/\/www.erresse-shop.it\/de\/shop\/einrichtung-haus\/badezimmer\/brabantia-mindset-aufbewahrungsbox-gris\/","title":{"rendered":"BRABANTIA MindSet Aufbewahrungsbox  Gris"},"content":{"rendered":"<p>Es sind die kleinen Dinge, die uns gl\u00fccklich machen. Wie diese h\u00fcbsche MindSet Aufbewahrungsbox von Brabantia mit Deckel. Ein h\u00fcbsches Metallgef\u00e4\u00df f\u00fcr all die kleinen Dinge, die man zusammen aufbewahren m\u00f6chte. Ideal f\u00fcr Q-Tips oder Abschminkt\u00fccher: Der Deckel h\u00e4lt sie trocken und sch\u00fctzt sie vor Staub. Ein perfekter Beh\u00e4lter.<\/p>\n<p><strong>Vorteile und Merkmale<\/strong><\/p>\n<ul>\n<li>Organisation f\u00fcr kleine Gegenst\u00e4nde &#8211; ideal f\u00fcr Q-Tips, T\u00fccher, Schmuck oder Haarschmuck.<\/li>\n<li>Hygienisch &#8211; der Soft-Touch-Deckel h\u00e4lt Staub fern.<\/li>\n<li>Leicht zu reinigen &#8211; Metallgeh\u00e4use mit abnehmbarem Silikondeckel.<\/li>\n<li>Stabiler, kratzfester &#8211; solider Sockel.<\/li>\n<li>Raue Oberfl\u00e4che &#8211; moderne Mineralbeschichtung.<\/li>\n<li>Ideal f\u00fcr Nassbereiche &#8211; aus korrosionsfreien Materialien.<\/li>\n<li>Sorgloser Einsatz &#8211; 5 Jahre Garantie und Service.<\/li>\n<li>Eine nachhaltigere Wahl &#8211; hergestellt aus 32 % recyceltem Material, das nach Gebrauch zu 81 % wiederverwertet werden kann.<\/li>\n<\/ul>\n<p><strong>Abmessungen<\/strong><br \/>\nH\u00f6he: 9,5 cm<br \/>\nL\u00e4nge: 8 cm<br \/>\nBreite: 9,5 cm<\/p>\n<p><strong>Garantie<\/strong><br \/>\n5 Jahre<\/p>\n","protected":false},"excerpt":{"rendered":"<p><br data-mce-bogus=\"1\"><\/p>\n","protected":false},"featured_media":156521,"template":"","meta":{"_acf_changed":false,"inline_featured_image":false},"product_cat":[6817,19010],"product_tag":[25088,21369,24398,25022],"acf":[],"yoast_head":"<!-- This site is optimized with the Yoast SEO Premium plugin v18.6 (Yoast SEO v19.13) - https:\/\/yoast.com\/wordpress\/plugins\/seo\/ -->\n<title>BRABANTIA MindSet Aufbewahrungsbox Gris<\/title>\n<meta name=\"description\" content=\"Entdecken Sie BRABANTIA MindSet Aufbewahrungsbox\u00a0 Gris bei ErresseShop. Qualit\u00e4t, Stil und Funktionalit\u00e4t \u2013 jetzt online bestellen!\" \/>\n<meta name=\"robots\" content=\"index, follow, max-snippet:-1, max-image-preview:large, max-video-preview:-1\" \/>\n<link rel=\"canonical\" href=\"https:\/\/www.erresse-shop.it\/de\/shop\/einrichtung-haus\/badezimmer\/brabantia-mindset-aufbewahrungsbox-gris\/\" \/>\n<meta property=\"og:locale\" content=\"de_DE\" \/>\n<meta property=\"og:type\" content=\"article\" \/>\n<meta property=\"og:title\" content=\"BRABANTIA MindSet Aufbewahrungsbox Gris\" \/>\n<meta property=\"og:description\" content=\"Entdecken Sie BRABANTIA MindSet Aufbewahrungsbox\u00a0 Gris bei ErresseShop. Qualit\u00e4t, Stil und Funktionalit\u00e4t \u2013 jetzt online bestellen!\" \/>\n<meta property=\"og:url\" content=\"https:\/\/www.erresse-shop.it\/de\/shop\/einrichtung-haus\/badezimmer\/brabantia-mindset-aufbewahrungsbox-gris\/\" \/>\n<meta property=\"og:site_name\" content=\"Erresse Shop\" \/>\n<meta property=\"article:modified_time\" content=\"2025-01-16T10:40:40+00:00\" \/>\n<meta property=\"og:image\" content=\"https:\/\/www.erresse-shop.it\/wp-content\/uploads\/2022\/05\/BRABANTIA-MindSet-Contenitore-Portaoggetti-nero.jpg\" \/>\n\t<meta property=\"og:image:width\" content=\"1000\" \/>\n\t<meta property=\"og:image:height\" content=\"1000\" \/>\n\t<meta property=\"og:image:type\" content=\"image\/jpeg\" \/>\n<meta name=\"twitter:card\" content=\"summary_large_image\" \/>\n<script type=\"application\/ld+json\" class=\"yoast-schema-graph\">{\"@context\":\"https:\/\/schema.org\",\"@graph\":[{\"@type\":\"WebPage\",\"@id\":\"https:\/\/www.erresse-shop.it\/de\/shop\/einrichtung-haus\/badezimmer\/brabantia-mindset-aufbewahrungsbox-gris\/\",\"url\":\"https:\/\/www.erresse-shop.it\/de\/shop\/einrichtung-haus\/badezimmer\/brabantia-mindset-aufbewahrungsbox-gris\/\",\"name\":\"BRABANTIA MindSet Aufbewahrungsbox Gris\",\"isPartOf\":{\"@id\":\"https:\/\/www.erresse-shop.it\/de\/#website\"},\"datePublished\":\"2022-05-04T09:34:30+00:00\",\"dateModified\":\"2025-01-16T10:40:40+00:00\",\"description\":\"Entdecken Sie BRABANTIA MindSet Aufbewahrungsbox\u00a0 Gris bei ErresseShop. Qualit\u00e4t, Stil und Funktionalit\u00e4t \u2013 jetzt online bestellen!\",\"breadcrumb\":{\"@id\":\"https:\/\/www.erresse-shop.it\/de\/shop\/einrichtung-haus\/badezimmer\/brabantia-mindset-aufbewahrungsbox-gris\/#breadcrumb\"},\"inLanguage\":\"de-DE\",\"potentialAction\":[{\"@type\":\"ReadAction\",\"target\":[\"https:\/\/www.erresse-shop.it\/de\/shop\/einrichtung-haus\/badezimmer\/brabantia-mindset-aufbewahrungsbox-gris\/\"]}]},{\"@type\":\"BreadcrumbList\",\"@id\":\"https:\/\/www.erresse-shop.it\/de\/shop\/einrichtung-haus\/badezimmer\/brabantia-mindset-aufbewahrungsbox-gris\/#breadcrumb\",\"itemListElement\":[{\"@type\":\"ListItem\",\"position\":1,\"name\":\"Home\",\"item\":\"https:\/\/www.erresse-shop.it\/de\/\"},{\"@type\":\"ListItem\",\"position\":2,\"name\":\"Shop\",\"item\":\"https:\/\/www.erresse-shop.it\/de\/shop\/\"},{\"@type\":\"ListItem\",\"position\":3,\"name\":\"BRABANTIA MindSet Aufbewahrungsbox Gris\"}]},{\"@type\":\"WebSite\",\"@id\":\"https:\/\/www.erresse-shop.it\/de\/#website\",\"url\":\"https:\/\/www.erresse-shop.it\/de\/\",\"name\":\"Erresse Shop\",\"description\":\"Articoli di qualit\u00e0 per la casa\",\"potentialAction\":[{\"@type\":\"SearchAction\",\"target\":{\"@type\":\"EntryPoint\",\"urlTemplate\":\"https:\/\/www.erresse-shop.it\/de\/?s={search_term_string}\"},\"query-input\":\"required name=search_term_string\"}],\"inLanguage\":\"de-DE\"}]}<\/script>\n<!-- \/ Yoast SEO Premium plugin. -->","yoast_head_json":{"title":"BRABANTIA MindSet Aufbewahrungsbox Gris","description":"Entdecken Sie BRABANTIA MindSet Aufbewahrungsbox\u00a0 Gris bei ErresseShop. Qualit\u00e4t, Stil und Funktionalit\u00e4t \u2013 jetzt online bestellen!","robots":{"index":"index","follow":"follow","max-snippet":"max-snippet:-1","max-image-preview":"max-image-preview:large","max-video-preview":"max-video-preview:-1"},"canonical":"https:\/\/www.erresse-shop.it\/de\/shop\/einrichtung-haus\/badezimmer\/brabantia-mindset-aufbewahrungsbox-gris\/","og_locale":"de_DE","og_type":"article","og_title":"BRABANTIA MindSet Aufbewahrungsbox Gris","og_description":"Entdecken Sie BRABANTIA MindSet Aufbewahrungsbox\u00a0 Gris bei ErresseShop. Qualit\u00e4t, Stil und Funktionalit\u00e4t \u2013 jetzt online bestellen!","og_url":"https:\/\/www.erresse-shop.it\/de\/shop\/einrichtung-haus\/badezimmer\/brabantia-mindset-aufbewahrungsbox-gris\/","og_site_name":"Erresse Shop","article_modified_time":"2025-01-16T10:40:40+00:00","og_image":[{"width":1000,"height":1000,"url":"https:\/\/www.erresse-shop.it\/wp-content\/uploads\/2022\/05\/BRABANTIA-MindSet-Contenitore-Portaoggetti-nero.jpg","type":"image\/jpeg"}],"twitter_card":"summary_large_image","schema":{"@context":"https:\/\/schema.org","@graph":[{"@type":"WebPage","@id":"https:\/\/www.erresse-shop.it\/de\/shop\/einrichtung-haus\/badezimmer\/brabantia-mindset-aufbewahrungsbox-gris\/","url":"https:\/\/www.erresse-shop.it\/de\/shop\/einrichtung-haus\/badezimmer\/brabantia-mindset-aufbewahrungsbox-gris\/","name":"BRABANTIA MindSet Aufbewahrungsbox Gris","isPartOf":{"@id":"https:\/\/www.erresse-shop.it\/de\/#website"},"datePublished":"2022-05-04T09:34:30+00:00","dateModified":"2025-01-16T10:40:40+00:00","description":"Entdecken Sie BRABANTIA MindSet Aufbewahrungsbox\u00a0 Gris bei ErresseShop. Qualit\u00e4t, Stil und Funktionalit\u00e4t \u2013 jetzt online bestellen!","breadcrumb":{"@id":"https:\/\/www.erresse-shop.it\/de\/shop\/einrichtung-haus\/badezimmer\/brabantia-mindset-aufbewahrungsbox-gris\/#breadcrumb"},"inLanguage":"de-DE","potentialAction":[{"@type":"ReadAction","target":["https:\/\/www.erresse-shop.it\/de\/shop\/einrichtung-haus\/badezimmer\/brabantia-mindset-aufbewahrungsbox-gris\/"]}]},{"@type":"BreadcrumbList","@id":"https:\/\/www.erresse-shop.it\/de\/shop\/einrichtung-haus\/badezimmer\/brabantia-mindset-aufbewahrungsbox-gris\/#breadcrumb","itemListElement":[{"@type":"ListItem","position":1,"name":"Home","item":"https:\/\/www.erresse-shop.it\/de\/"},{"@type":"ListItem","position":2,"name":"Shop","item":"https:\/\/www.erresse-shop.it\/de\/shop\/"},{"@type":"ListItem","position":3,"name":"BRABANTIA MindSet Aufbewahrungsbox Gris"}]},{"@type":"WebSite","@id":"https:\/\/www.erresse-shop.it\/de\/#website","url":"https:\/\/www.erresse-shop.it\/de\/","name":"Erresse Shop","description":"Articoli di qualit\u00e0 per la casa","potentialAction":[{"@type":"SearchAction","target":{"@type":"EntryPoint","urlTemplate":"https:\/\/www.erresse-shop.it\/de\/?s={search_term_string}"},"query-input":"required name=search_term_string"}],"inLanguage":"de-DE"}]}},"df_price":10.95,"df_sale_price":10.95,"df_regular_price":21.9,"df_image_link":"https:\/\/www.erresse-shop.it\/wp-content\/uploads\/2022\/05\/BRABANTIA-MindSet-Contenitore-Portaoggetti-nero-300x300.jpg","_links":{"self":[{"href":"https:\/\/www.erresse-shop.it\/de\/wp-json\/wp\/v2\/product\/156512"}],"collection":[{"href":"https:\/\/www.erresse-shop.it\/de\/wp-json\/wp\/v2\/product"}],"about":[{"href":"https:\/\/www.erresse-shop.it\/de\/wp-json\/wp\/v2\/types\/product"}],"wp:featuredmedia":[{"embeddable":true,"href":"https:\/\/www.erresse-shop.it\/de\/wp-json\/wp\/v2\/media\/156521"}],"wp:attachment":[{"href":"https:\/\/www.erresse-shop.it\/de\/wp-json\/wp\/v2\/media?parent=156512"}],"wp:term":[{"taxonomy":"product_cat","embeddable":true,"href":"https:\/\/www.erresse-shop.it\/de\/wp-json\/wp\/v2\/product_cat?post=156512"},{"taxonomy":"product_tag","embeddable":true,"href":"https:\/\/www.erresse-shop.it\/de\/wp-json\/wp\/v2\/product_tag?post=156512"}],"curies":[{"name":"wp","href":"https:\/\/api.w.org\/{rel}","templated":true}]}}