{"id":156418,"date":"2022-05-04T07:27:34","date_gmt":"2022-05-04T07:27:35","guid":{"rendered":"https:\/\/www.erresse-shop.it\/?post_type=product&#038;p=156418"},"modified":"2025-01-16T10:40:39","modified_gmt":"2025-01-16T10:40:39","slug":"brabantia-mindset-zahnburstenhalter-weis","status":"publish","type":"product","link":"https:\/\/www.erresse-shop.it\/de\/shop\/einrichtung-haus\/badezimmer\/brabantia-mindset-zahnburstenhalter-weis\/","title":{"rendered":"BRABANTIA MindSet Zahnb\u00fcrstenhalter wei\u00df"},"content":{"rendered":"<p>Denken Sie an ein organisiertes Waschbecken? Der robuste und stabile MindSet Zahnb\u00fcrstenhalter von Brabantia h\u00e4lt Ihre Zahnb\u00fcrsten und Zahnpasta zusammen, sch\u00f6n gerade, trocken und sauber. Funktioniert auch hervorragend mit elektrischen Zahnb\u00fcrsten!<\/p>\n<p><strong>Vorteile und Merkmale<\/strong><\/p>\n<ul>\n<li>Gro\u00df &#8211; f\u00fcr mehrere Zahnb\u00fcrsten und eine Tube Zahnpasta oder 2 elektrische Zahnb\u00fcrsten.<\/li>\n<li>Leicht zu reinigen &#8211; Metallgeh\u00e4use mit herausnehmbarem Kunststoffbecher im Inneren.<\/li>\n<li>Stabil, kratzfest &#8211; solide Basis.<\/li>\n<li>Raue Oberfl\u00e4che &#8211; moderne Mineralbeschichtung.<\/li>\n<li>Ideal f\u00fcr Nassbereiche &#8211; aus korrosionsfreien Materialien.<\/li>\n<li>Sorgloser Einsatz &#8211; 5 Jahre Garantie und Service.<\/li>\n<li>Eine nachhaltigere Wahl &#8211; hergestellt aus 28 % recyceltem Material, nach Gebrauch zu 96 % recycelbar.<\/li>\n<\/ul>\n<p><strong>Abmessungen<\/strong><br \/>\nH\u00f6he: 9,4 cm<br \/>\nL\u00e4nge: 8,1 cm<br \/>\nBreite: 8,1 cm<\/p>\n<p><strong>Garantie<\/strong><br \/>\n5 Jahre Garantie<\/p>\n","protected":false},"excerpt":{"rendered":"<p><br data-mce-bogus=\"1\"><\/p>\n","protected":false},"featured_media":156427,"template":"","meta":{"_acf_changed":false,"inline_featured_image":false},"product_cat":[6817,19010],"product_tag":[25088,21369,23911,24398,25022],"acf":[],"yoast_head":"<!-- This site is optimized with the Yoast SEO Premium plugin v18.6 (Yoast SEO v19.13) - https:\/\/yoast.com\/wordpress\/plugins\/seo\/ -->\n<title>BRABANTIA MindSet Zahnb\u00fcrstenhalter wei\u00df<\/title>\n<meta name=\"description\" content=\"Entdecken Sie BRABANTIA MindSet Zahnb\u00fcrstenhalter wei\u00df bei ErresseShop. Qualit\u00e4t, Stil und Funktionalit\u00e4t \u2013 jetzt online bestellen!\" \/>\n<meta name=\"robots\" content=\"index, follow, max-snippet:-1, max-image-preview:large, max-video-preview:-1\" \/>\n<link rel=\"canonical\" href=\"https:\/\/www.erresse-shop.it\/de\/shop\/einrichtung-haus\/badezimmer\/brabantia-mindset-zahnburstenhalter-weis\/\" \/>\n<meta property=\"og:locale\" content=\"de_DE\" \/>\n<meta property=\"og:type\" content=\"article\" \/>\n<meta property=\"og:title\" content=\"BRABANTIA MindSet Zahnb\u00fcrstenhalter wei\u00df\" \/>\n<meta property=\"og:description\" content=\"Entdecken Sie BRABANTIA MindSet Zahnb\u00fcrstenhalter wei\u00df bei ErresseShop. Qualit\u00e4t, Stil und Funktionalit\u00e4t \u2013 jetzt online bestellen!\" \/>\n<meta property=\"og:url\" content=\"https:\/\/www.erresse-shop.it\/de\/shop\/einrichtung-haus\/badezimmer\/brabantia-mindset-zahnburstenhalter-weis\/\" \/>\n<meta property=\"og:site_name\" content=\"Erresse Shop\" \/>\n<meta property=\"article:modified_time\" content=\"2025-01-16T10:40:39+00:00\" \/>\n<meta property=\"og:image\" content=\"https:\/\/www.erresse-shop.it\/wp-content\/uploads\/2022\/05\/BRABANTIA-MindSet-Portaspazzolino-bianco-2.jpg\" \/>\n\t<meta property=\"og:image:width\" content=\"1000\" \/>\n\t<meta property=\"og:image:height\" content=\"1000\" \/>\n\t<meta property=\"og:image:type\" content=\"image\/jpeg\" \/>\n<meta name=\"twitter:card\" content=\"summary_large_image\" \/>\n<script type=\"application\/ld+json\" class=\"yoast-schema-graph\">{\"@context\":\"https:\/\/schema.org\",\"@graph\":[{\"@type\":\"WebPage\",\"@id\":\"https:\/\/www.erresse-shop.it\/de\/shop\/einrichtung-haus\/badezimmer\/brabantia-mindset-zahnburstenhalter-weis\/\",\"url\":\"https:\/\/www.erresse-shop.it\/de\/shop\/einrichtung-haus\/badezimmer\/brabantia-mindset-zahnburstenhalter-weis\/\",\"name\":\"BRABANTIA MindSet Zahnb\u00fcrstenhalter wei\u00df\",\"isPartOf\":{\"@id\":\"https:\/\/www.erresse-shop.it\/de\/#website\"},\"datePublished\":\"2022-05-04T07:27:35+00:00\",\"dateModified\":\"2025-01-16T10:40:39+00:00\",\"description\":\"Entdecken Sie BRABANTIA MindSet Zahnb\u00fcrstenhalter wei\u00df bei ErresseShop. Qualit\u00e4t, Stil und Funktionalit\u00e4t \u2013 jetzt online bestellen!\",\"breadcrumb\":{\"@id\":\"https:\/\/www.erresse-shop.it\/de\/shop\/einrichtung-haus\/badezimmer\/brabantia-mindset-zahnburstenhalter-weis\/#breadcrumb\"},\"inLanguage\":\"de-DE\",\"potentialAction\":[{\"@type\":\"ReadAction\",\"target\":[\"https:\/\/www.erresse-shop.it\/de\/shop\/einrichtung-haus\/badezimmer\/brabantia-mindset-zahnburstenhalter-weis\/\"]}]},{\"@type\":\"BreadcrumbList\",\"@id\":\"https:\/\/www.erresse-shop.it\/de\/shop\/einrichtung-haus\/badezimmer\/brabantia-mindset-zahnburstenhalter-weis\/#breadcrumb\",\"itemListElement\":[{\"@type\":\"ListItem\",\"position\":1,\"name\":\"Home\",\"item\":\"https:\/\/www.erresse-shop.it\/de\/\"},{\"@type\":\"ListItem\",\"position\":2,\"name\":\"Shop\",\"item\":\"https:\/\/www.erresse-shop.it\/de\/shop\/\"},{\"@type\":\"ListItem\",\"position\":3,\"name\":\"BRABANTIA MindSet Zahnb\u00fcrstenhalter wei\u00df\"}]},{\"@type\":\"WebSite\",\"@id\":\"https:\/\/www.erresse-shop.it\/de\/#website\",\"url\":\"https:\/\/www.erresse-shop.it\/de\/\",\"name\":\"Erresse Shop\",\"description\":\"Articoli di qualit\u00e0 per la casa\",\"potentialAction\":[{\"@type\":\"SearchAction\",\"target\":{\"@type\":\"EntryPoint\",\"urlTemplate\":\"https:\/\/www.erresse-shop.it\/de\/?s={search_term_string}\"},\"query-input\":\"required name=search_term_string\"}],\"inLanguage\":\"de-DE\"}]}<\/script>\n<!-- \/ Yoast SEO Premium plugin. -->","yoast_head_json":{"title":"BRABANTIA MindSet Zahnb\u00fcrstenhalter wei\u00df","description":"Entdecken Sie BRABANTIA MindSet Zahnb\u00fcrstenhalter wei\u00df bei ErresseShop. Qualit\u00e4t, Stil und Funktionalit\u00e4t \u2013 jetzt online bestellen!","robots":{"index":"index","follow":"follow","max-snippet":"max-snippet:-1","max-image-preview":"max-image-preview:large","max-video-preview":"max-video-preview:-1"},"canonical":"https:\/\/www.erresse-shop.it\/de\/shop\/einrichtung-haus\/badezimmer\/brabantia-mindset-zahnburstenhalter-weis\/","og_locale":"de_DE","og_type":"article","og_title":"BRABANTIA MindSet Zahnb\u00fcrstenhalter wei\u00df","og_description":"Entdecken Sie BRABANTIA MindSet Zahnb\u00fcrstenhalter wei\u00df bei ErresseShop. Qualit\u00e4t, Stil und Funktionalit\u00e4t \u2013 jetzt online bestellen!","og_url":"https:\/\/www.erresse-shop.it\/de\/shop\/einrichtung-haus\/badezimmer\/brabantia-mindset-zahnburstenhalter-weis\/","og_site_name":"Erresse Shop","article_modified_time":"2025-01-16T10:40:39+00:00","og_image":[{"width":1000,"height":1000,"url":"https:\/\/www.erresse-shop.it\/wp-content\/uploads\/2022\/05\/BRABANTIA-MindSet-Portaspazzolino-bianco-2.jpg","type":"image\/jpeg"}],"twitter_card":"summary_large_image","schema":{"@context":"https:\/\/schema.org","@graph":[{"@type":"WebPage","@id":"https:\/\/www.erresse-shop.it\/de\/shop\/einrichtung-haus\/badezimmer\/brabantia-mindset-zahnburstenhalter-weis\/","url":"https:\/\/www.erresse-shop.it\/de\/shop\/einrichtung-haus\/badezimmer\/brabantia-mindset-zahnburstenhalter-weis\/","name":"BRABANTIA MindSet Zahnb\u00fcrstenhalter wei\u00df","isPartOf":{"@id":"https:\/\/www.erresse-shop.it\/de\/#website"},"datePublished":"2022-05-04T07:27:35+00:00","dateModified":"2025-01-16T10:40:39+00:00","description":"Entdecken Sie BRABANTIA MindSet Zahnb\u00fcrstenhalter wei\u00df bei ErresseShop. Qualit\u00e4t, Stil und Funktionalit\u00e4t \u2013 jetzt online bestellen!","breadcrumb":{"@id":"https:\/\/www.erresse-shop.it\/de\/shop\/einrichtung-haus\/badezimmer\/brabantia-mindset-zahnburstenhalter-weis\/#breadcrumb"},"inLanguage":"de-DE","potentialAction":[{"@type":"ReadAction","target":["https:\/\/www.erresse-shop.it\/de\/shop\/einrichtung-haus\/badezimmer\/brabantia-mindset-zahnburstenhalter-weis\/"]}]},{"@type":"BreadcrumbList","@id":"https:\/\/www.erresse-shop.it\/de\/shop\/einrichtung-haus\/badezimmer\/brabantia-mindset-zahnburstenhalter-weis\/#breadcrumb","itemListElement":[{"@type":"ListItem","position":1,"name":"Home","item":"https:\/\/www.erresse-shop.it\/de\/"},{"@type":"ListItem","position":2,"name":"Shop","item":"https:\/\/www.erresse-shop.it\/de\/shop\/"},{"@type":"ListItem","position":3,"name":"BRABANTIA MindSet Zahnb\u00fcrstenhalter wei\u00df"}]},{"@type":"WebSite","@id":"https:\/\/www.erresse-shop.it\/de\/#website","url":"https:\/\/www.erresse-shop.it\/de\/","name":"Erresse Shop","description":"Articoli di qualit\u00e0 per la casa","potentialAction":[{"@type":"SearchAction","target":{"@type":"EntryPoint","urlTemplate":"https:\/\/www.erresse-shop.it\/de\/?s={search_term_string}"},"query-input":"required name=search_term_string"}],"inLanguage":"de-DE"}]}},"df_price":10.975,"df_sale_price":10.975,"df_regular_price":21.95,"df_image_link":"https:\/\/www.erresse-shop.it\/wp-content\/uploads\/2022\/05\/BRABANTIA-MindSet-Portaspazzolino-bianco-2-300x300.jpg","_links":{"self":[{"href":"https:\/\/www.erresse-shop.it\/de\/wp-json\/wp\/v2\/product\/156418"}],"collection":[{"href":"https:\/\/www.erresse-shop.it\/de\/wp-json\/wp\/v2\/product"}],"about":[{"href":"https:\/\/www.erresse-shop.it\/de\/wp-json\/wp\/v2\/types\/product"}],"wp:featuredmedia":[{"embeddable":true,"href":"https:\/\/www.erresse-shop.it\/de\/wp-json\/wp\/v2\/media\/156427"}],"wp:attachment":[{"href":"https:\/\/www.erresse-shop.it\/de\/wp-json\/wp\/v2\/media?parent=156418"}],"wp:term":[{"taxonomy":"product_cat","embeddable":true,"href":"https:\/\/www.erresse-shop.it\/de\/wp-json\/wp\/v2\/product_cat?post=156418"},{"taxonomy":"product_tag","embeddable":true,"href":"https:\/\/www.erresse-shop.it\/de\/wp-json\/wp\/v2\/product_tag?post=156418"}],"curies":[{"name":"wp","href":"https:\/\/api.w.org\/{rel}","templated":true}]}}