{"id":156310,"date":"2022-05-04T06:18:00","date_gmt":"2022-05-04T06:18:22","guid":{"rendered":"https:\/\/www.erresse-shop.it\/?post_type=product&#038;p=156310"},"modified":"2025-01-22T07:32:44","modified_gmt":"2025-01-22T07:32:44","slug":"brabantia-mindset-seifenspender-grau","status":"publish","type":"product","link":"https:\/\/www.erresse-shop.it\/de\/shop\/kuche\/brabantia-mindset-seifenspender-grau\/","title":{"rendered":"BRABANTIA MindSet Seifenspender Grau"},"content":{"rendered":"<p>Bringen Sie mit dem exzellenten MindSet Seifenspender von Brabantia gro\u00dfen Stil in das kleinste Zimmer, das Badezimmer oder die K\u00fcche. Ein edles Accessoire aus Glas und Metall f\u00fcr alle, die Wert auf Handhygiene und Design legen. Dieses kleine Schmuckst\u00fcck spendet nicht nur Seife, sondern strahlt auch Qualit\u00e4t aus, von der gro\u00dfen Nachf\u00fcll\u00f6ffnung bis zum transparenten Halter. Ein brillantes Beispiel f\u00fcr das praktische Design von Brabantia.<\/p>\n<p><strong>Vorteile und Merkmale<\/strong><\/p>\n<ul>\n<li>Praktisches Fassungsverm\u00f6gen &#8211; kompatibel mit den meisten Nachf\u00fcllpacks, 200 ml.<\/li>\n<li>Einfaches (Nach-)Laden &#8211; gro\u00dfe \u00d6ffnung zum Nachf\u00fcllen<\/li>\n<li>Reinigen &#8211; Anti-Tropf-Pumpen-Mechanismus.<\/li>\n<li>Multifunktional &#8211; die gro\u00dfe D\u00fcse eignet sich auch f\u00fcr Lotionen.<\/li>\n<li>Leicht zu reinigen &#8211; Metallgeh\u00e4use mit abnehmbarem Glashalter, Mechanismus wird durch Pumpen von hei\u00dfem Wasser gereinigt.<\/li>\n<li>Alles unter Kontrolle &#8211; transparenter Seifentank aus Glas.<\/li>\n<li>Strukturierte Oberfl\u00e4che &#8211; moderne Mineralbeschichtung.<\/li>\n<li>Ideal f\u00fcr Nassbereiche &#8211; aus korrosionsfreien Materialien.<\/li>\n<li>Problemlose Nutzung &#8211; 5 Jahre Service und Garantie.<\/li>\n<li>Eine nachhaltigere Wahl &#8211; hergestellt aus 13 % recyceltem Material, das nach Gebrauch zu 84 % recycelt werden kann.<\/li>\n<\/ul>\n<p><strong>Abmessungen<br \/>\n<\/strong>H\u00f6he: 11 cm<br \/>\nL\u00e4nge: 9,5 cm<br \/>\nBreite: 8 cm<\/p>\n<p><strong>Garantie<\/strong><br \/>\n5 Jahre<\/p>\n","protected":false},"excerpt":{"rendered":"<p><br data-mce-bogus=\"1\"><\/p>\n","protected":false},"featured_media":156319,"template":"","meta":{"_acf_changed":false,"inline_featured_image":false},"product_cat":[6742],"product_tag":[24366],"acf":[],"yoast_head":"<!-- This site is optimized with the Yoast SEO Premium plugin v18.6 (Yoast SEO v19.13) - https:\/\/yoast.com\/wordpress\/plugins\/seo\/ -->\n<title>BRABANTIA MindSet Seifenspender Grau<\/title>\n<meta name=\"description\" content=\"Entdecken Sie BRABANTIA MindSet Seifenspender Grau bei ErresseShop. Qualit\u00e4t, Stil und Funktionalit\u00e4t \u2013 jetzt online bestellen!\" \/>\n<meta name=\"robots\" content=\"index, follow, max-snippet:-1, max-image-preview:large, max-video-preview:-1\" \/>\n<link rel=\"canonical\" href=\"https:\/\/www.erresse-shop.it\/de\/shop\/kuche\/brabantia-mindset-seifenspender-grau\/\" \/>\n<meta property=\"og:locale\" content=\"de_DE\" \/>\n<meta property=\"og:type\" content=\"article\" \/>\n<meta property=\"og:title\" content=\"BRABANTIA MindSet Seifenspender Grau\" \/>\n<meta property=\"og:description\" content=\"Entdecken Sie BRABANTIA MindSet Seifenspender Grau bei ErresseShop. Qualit\u00e4t, Stil und Funktionalit\u00e4t \u2013 jetzt online bestellen!\" \/>\n<meta property=\"og:url\" content=\"https:\/\/www.erresse-shop.it\/de\/shop\/kuche\/brabantia-mindset-seifenspender-grau\/\" \/>\n<meta property=\"og:site_name\" content=\"Erresse Shop\" \/>\n<meta property=\"article:modified_time\" content=\"2025-01-22T07:32:44+00:00\" \/>\n<meta property=\"og:image\" content=\"https:\/\/www.erresse-shop.it\/wp-content\/uploads\/2022\/05\/BRABANTIA-MindSet-Dosatore-di-sapone.jpg\" \/>\n\t<meta property=\"og:image:width\" content=\"1000\" \/>\n\t<meta property=\"og:image:height\" content=\"1000\" \/>\n\t<meta property=\"og:image:type\" content=\"image\/jpeg\" \/>\n<meta name=\"twitter:card\" content=\"summary_large_image\" \/>\n<script type=\"application\/ld+json\" class=\"yoast-schema-graph\">{\"@context\":\"https:\/\/schema.org\",\"@graph\":[{\"@type\":\"WebPage\",\"@id\":\"https:\/\/www.erresse-shop.it\/de\/shop\/kuche\/brabantia-mindset-seifenspender-grau\/\",\"url\":\"https:\/\/www.erresse-shop.it\/de\/shop\/kuche\/brabantia-mindset-seifenspender-grau\/\",\"name\":\"BRABANTIA MindSet Seifenspender Grau\",\"isPartOf\":{\"@id\":\"https:\/\/www.erresse-shop.it\/de\/#website\"},\"datePublished\":\"2022-05-04T06:18:22+00:00\",\"dateModified\":\"2025-01-22T07:32:44+00:00\",\"description\":\"Entdecken Sie BRABANTIA MindSet Seifenspender Grau bei ErresseShop. Qualit\u00e4t, Stil und Funktionalit\u00e4t \u2013 jetzt online bestellen!\",\"breadcrumb\":{\"@id\":\"https:\/\/www.erresse-shop.it\/de\/shop\/kuche\/brabantia-mindset-seifenspender-grau\/#breadcrumb\"},\"inLanguage\":\"de-DE\",\"potentialAction\":[{\"@type\":\"ReadAction\",\"target\":[\"https:\/\/www.erresse-shop.it\/de\/shop\/kuche\/brabantia-mindset-seifenspender-grau\/\"]}]},{\"@type\":\"BreadcrumbList\",\"@id\":\"https:\/\/www.erresse-shop.it\/de\/shop\/kuche\/brabantia-mindset-seifenspender-grau\/#breadcrumb\",\"itemListElement\":[{\"@type\":\"ListItem\",\"position\":1,\"name\":\"Home\",\"item\":\"https:\/\/www.erresse-shop.it\/de\/\"},{\"@type\":\"ListItem\",\"position\":2,\"name\":\"Shop\",\"item\":\"https:\/\/www.erresse-shop.it\/de\/shop\/\"},{\"@type\":\"ListItem\",\"position\":3,\"name\":\"BRABANTIA MindSet Seifenspender Grau\"}]},{\"@type\":\"WebSite\",\"@id\":\"https:\/\/www.erresse-shop.it\/de\/#website\",\"url\":\"https:\/\/www.erresse-shop.it\/de\/\",\"name\":\"Erresse Shop\",\"description\":\"Articoli di qualit\u00e0 per la casa\",\"potentialAction\":[{\"@type\":\"SearchAction\",\"target\":{\"@type\":\"EntryPoint\",\"urlTemplate\":\"https:\/\/www.erresse-shop.it\/de\/?s={search_term_string}\"},\"query-input\":\"required name=search_term_string\"}],\"inLanguage\":\"de-DE\"}]}<\/script>\n<!-- \/ Yoast SEO Premium plugin. -->","yoast_head_json":{"title":"BRABANTIA MindSet Seifenspender Grau","description":"Entdecken Sie BRABANTIA MindSet Seifenspender Grau bei ErresseShop. Qualit\u00e4t, Stil und Funktionalit\u00e4t \u2013 jetzt online bestellen!","robots":{"index":"index","follow":"follow","max-snippet":"max-snippet:-1","max-image-preview":"max-image-preview:large","max-video-preview":"max-video-preview:-1"},"canonical":"https:\/\/www.erresse-shop.it\/de\/shop\/kuche\/brabantia-mindset-seifenspender-grau\/","og_locale":"de_DE","og_type":"article","og_title":"BRABANTIA MindSet Seifenspender Grau","og_description":"Entdecken Sie BRABANTIA MindSet Seifenspender Grau bei ErresseShop. Qualit\u00e4t, Stil und Funktionalit\u00e4t \u2013 jetzt online bestellen!","og_url":"https:\/\/www.erresse-shop.it\/de\/shop\/kuche\/brabantia-mindset-seifenspender-grau\/","og_site_name":"Erresse Shop","article_modified_time":"2025-01-22T07:32:44+00:00","og_image":[{"width":1000,"height":1000,"url":"https:\/\/www.erresse-shop.it\/wp-content\/uploads\/2022\/05\/BRABANTIA-MindSet-Dosatore-di-sapone.jpg","type":"image\/jpeg"}],"twitter_card":"summary_large_image","schema":{"@context":"https:\/\/schema.org","@graph":[{"@type":"WebPage","@id":"https:\/\/www.erresse-shop.it\/de\/shop\/kuche\/brabantia-mindset-seifenspender-grau\/","url":"https:\/\/www.erresse-shop.it\/de\/shop\/kuche\/brabantia-mindset-seifenspender-grau\/","name":"BRABANTIA MindSet Seifenspender Grau","isPartOf":{"@id":"https:\/\/www.erresse-shop.it\/de\/#website"},"datePublished":"2022-05-04T06:18:22+00:00","dateModified":"2025-01-22T07:32:44+00:00","description":"Entdecken Sie BRABANTIA MindSet Seifenspender Grau bei ErresseShop. Qualit\u00e4t, Stil und Funktionalit\u00e4t \u2013 jetzt online bestellen!","breadcrumb":{"@id":"https:\/\/www.erresse-shop.it\/de\/shop\/kuche\/brabantia-mindset-seifenspender-grau\/#breadcrumb"},"inLanguage":"de-DE","potentialAction":[{"@type":"ReadAction","target":["https:\/\/www.erresse-shop.it\/de\/shop\/kuche\/brabantia-mindset-seifenspender-grau\/"]}]},{"@type":"BreadcrumbList","@id":"https:\/\/www.erresse-shop.it\/de\/shop\/kuche\/brabantia-mindset-seifenspender-grau\/#breadcrumb","itemListElement":[{"@type":"ListItem","position":1,"name":"Home","item":"https:\/\/www.erresse-shop.it\/de\/"},{"@type":"ListItem","position":2,"name":"Shop","item":"https:\/\/www.erresse-shop.it\/de\/shop\/"},{"@type":"ListItem","position":3,"name":"BRABANTIA MindSet Seifenspender Grau"}]},{"@type":"WebSite","@id":"https:\/\/www.erresse-shop.it\/de\/#website","url":"https:\/\/www.erresse-shop.it\/de\/","name":"Erresse Shop","description":"Articoli di qualit\u00e0 per la casa","potentialAction":[{"@type":"SearchAction","target":{"@type":"EntryPoint","urlTemplate":"https:\/\/www.erresse-shop.it\/de\/?s={search_term_string}"},"query-input":"required name=search_term_string"}],"inLanguage":"de-DE"}]}},"df_price":19,"df_sale_price":19,"df_regular_price":27.95,"df_image_link":"https:\/\/www.erresse-shop.it\/wp-content\/uploads\/2022\/05\/BRABANTIA-MindSet-Dosatore-di-sapone-300x300.jpg","_links":{"self":[{"href":"https:\/\/www.erresse-shop.it\/de\/wp-json\/wp\/v2\/product\/156310"}],"collection":[{"href":"https:\/\/www.erresse-shop.it\/de\/wp-json\/wp\/v2\/product"}],"about":[{"href":"https:\/\/www.erresse-shop.it\/de\/wp-json\/wp\/v2\/types\/product"}],"wp:featuredmedia":[{"embeddable":true,"href":"https:\/\/www.erresse-shop.it\/de\/wp-json\/wp\/v2\/media\/156319"}],"wp:attachment":[{"href":"https:\/\/www.erresse-shop.it\/de\/wp-json\/wp\/v2\/media?parent=156310"}],"wp:term":[{"taxonomy":"product_cat","embeddable":true,"href":"https:\/\/www.erresse-shop.it\/de\/wp-json\/wp\/v2\/product_cat?post=156310"},{"taxonomy":"product_tag","embeddable":true,"href":"https:\/\/www.erresse-shop.it\/de\/wp-json\/wp\/v2\/product_tag?post=156310"}],"curies":[{"name":"wp","href":"https:\/\/api.w.org\/{rel}","templated":true}]}}