{"id":155732,"date":"2022-04-29T14:09:10","date_gmt":"2022-04-29T14:09:30","guid":{"rendered":"https:\/\/www.erresse-shop.it\/?post_type=product&#038;p=155732"},"modified":"2025-01-16T10:40:38","modified_gmt":"2025-01-16T10:40:38","slug":"brabantia-mindset-duschwanne-mit-abstreifer-grau","status":"publish","type":"product","link":"https:\/\/www.erresse-shop.it\/de\/shop\/einrichtung-haus\/badezimmer\/brabantia-mindset-duschwanne-mit-abstreifer-grau\/","title":{"rendered":"BRABANTIA MindSet Duschwanne mit Abstreifer grau"},"content":{"rendered":"<p>Organisieren Sie Ihre Dusche auf einen Schlag komplett &#8211; schenken Sie sich diese clevere MindSet-Duschwanne mit Abzieher von Brabantia. Der Halter kann fr\u00f6hlich Ihr Shampoo oder Haargel halten. Der kleine Abzieher hat ein minimalistisches Design und ist f\u00fcr die m\u00fchelose Reinigung der Duscht\u00fcr und der Fliesen gedacht. Alles aufger\u00e4umt? Legen Sie es zur\u00fcck in die Halterung.<\/p>\n<p><strong>Vorteile und Merkmale<\/strong><\/p>\n<ul>\n<li>Alles zur Hand &#8211; bewahren Sie Ihr Shampoo, Duschgel oder Duschgel in der Halterung auf.<\/li>\n<li>Hygienisch &#8211; Wasser l\u00e4uft durch die praktischen L\u00f6cher im Boden ab.<\/li>\n<li>Streifenfrei &#8211; inklusive Silikonabstreifer.<\/li>\n<li>Einfach aufzubewahren &#8211; stecken Sie den Abzieher einfach in die Halterung.<\/li>\n<li>Einfach aufzuh\u00e4ngen &#8211; Wandhalterung, Anleitung und Montagematerial im Lieferumfang enthalten.<\/li>\n<li>Ideal f\u00fcr Nassbereiche &#8211; hergestellt aus korrosionsfreien Materialien.<\/li>\n<li>Stabil &#8211; kann bis zu 2 kg halten.<\/li>\n<li>Sorgenfreier Einsatz &#8211; 10 Jahre Garantie und Service auf den Halter und 5 Jahre auf die Saugleiste.<\/li>\n<li>Eine nachhaltigere Wahl &#8211; hergestellt aus 10 % recyceltem Material, das nach dem Gebrauch zu 90 % recycelt werden kann.<\/li>\n<\/ul>\n<p><strong>Abmessungen<\/strong><br \/>\nH\u00f6he: 7,3 cm<br \/>\nL\u00e4nge: 9 cm<br \/>\nBreite: 42,1 cm<\/p>\n<p><strong>Gew\u00e4hrleistungsmonate<\/strong><br \/>\n5 Jahre<\/p>\n","protected":false},"excerpt":{"rendered":"<p><br data-mce-bogus=\"1\"><\/p>\n","protected":false},"featured_media":155741,"template":"","meta":{"_acf_changed":false,"inline_featured_image":false},"product_cat":[6817,19010],"product_tag":[25088,21369,24398,25022],"acf":[],"yoast_head":"<!-- This site is optimized with the Yoast SEO Premium plugin v18.6 (Yoast SEO v19.13) - https:\/\/yoast.com\/wordpress\/plugins\/seo\/ -->\n<title>BRABANTIA MindSet Duschwanne mit Abstreifer grau<\/title>\n<meta name=\"description\" content=\"Entdecken Sie BRABANTIA MindSet Duschwanne mit Abstreifer grau bei ErresseShop. Qualit\u00e4t, Stil und Funktionalit\u00e4t \u2013 jetzt online bestellen!\" \/>\n<meta name=\"robots\" content=\"index, follow, max-snippet:-1, max-image-preview:large, max-video-preview:-1\" \/>\n<link rel=\"canonical\" href=\"https:\/\/www.erresse-shop.it\/de\/shop\/einrichtung-haus\/badezimmer\/brabantia-mindset-duschwanne-mit-abstreifer-grau\/\" \/>\n<meta property=\"og:locale\" content=\"de_DE\" \/>\n<meta property=\"og:type\" content=\"article\" \/>\n<meta property=\"og:title\" content=\"BRABANTIA MindSet Duschwanne mit Abstreifer grau\" \/>\n<meta property=\"og:description\" content=\"Entdecken Sie BRABANTIA MindSet Duschwanne mit Abstreifer grau bei ErresseShop. Qualit\u00e4t, Stil und Funktionalit\u00e4t \u2013 jetzt online bestellen!\" \/>\n<meta property=\"og:url\" content=\"https:\/\/www.erresse-shop.it\/de\/shop\/einrichtung-haus\/badezimmer\/brabantia-mindset-duschwanne-mit-abstreifer-grau\/\" \/>\n<meta property=\"og:site_name\" content=\"Erresse Shop\" \/>\n<meta property=\"article:modified_time\" content=\"2025-01-16T10:40:38+00:00\" \/>\n<meta property=\"og:image\" content=\"https:\/\/www.erresse-shop.it\/wp-content\/uploads\/2022\/04\/BRABANTIA-MindSet-Portaoggetti-da-doccia-nero-2.jpg\" \/>\n\t<meta property=\"og:image:width\" content=\"1000\" \/>\n\t<meta property=\"og:image:height\" content=\"1000\" \/>\n\t<meta property=\"og:image:type\" content=\"image\/jpeg\" \/>\n<meta name=\"twitter:card\" content=\"summary_large_image\" \/>\n<script type=\"application\/ld+json\" class=\"yoast-schema-graph\">{\"@context\":\"https:\/\/schema.org\",\"@graph\":[{\"@type\":\"WebPage\",\"@id\":\"https:\/\/www.erresse-shop.it\/de\/shop\/einrichtung-haus\/badezimmer\/brabantia-mindset-duschwanne-mit-abstreifer-grau\/\",\"url\":\"https:\/\/www.erresse-shop.it\/de\/shop\/einrichtung-haus\/badezimmer\/brabantia-mindset-duschwanne-mit-abstreifer-grau\/\",\"name\":\"BRABANTIA MindSet Duschwanne mit Abstreifer grau\",\"isPartOf\":{\"@id\":\"https:\/\/www.erresse-shop.it\/de\/#website\"},\"datePublished\":\"2022-04-29T14:09:30+00:00\",\"dateModified\":\"2025-01-16T10:40:38+00:00\",\"description\":\"Entdecken Sie BRABANTIA MindSet Duschwanne mit Abstreifer grau bei ErresseShop. Qualit\u00e4t, Stil und Funktionalit\u00e4t \u2013 jetzt online bestellen!\",\"breadcrumb\":{\"@id\":\"https:\/\/www.erresse-shop.it\/de\/shop\/einrichtung-haus\/badezimmer\/brabantia-mindset-duschwanne-mit-abstreifer-grau\/#breadcrumb\"},\"inLanguage\":\"de-DE\",\"potentialAction\":[{\"@type\":\"ReadAction\",\"target\":[\"https:\/\/www.erresse-shop.it\/de\/shop\/einrichtung-haus\/badezimmer\/brabantia-mindset-duschwanne-mit-abstreifer-grau\/\"]}]},{\"@type\":\"BreadcrumbList\",\"@id\":\"https:\/\/www.erresse-shop.it\/de\/shop\/einrichtung-haus\/badezimmer\/brabantia-mindset-duschwanne-mit-abstreifer-grau\/#breadcrumb\",\"itemListElement\":[{\"@type\":\"ListItem\",\"position\":1,\"name\":\"Home\",\"item\":\"https:\/\/www.erresse-shop.it\/de\/\"},{\"@type\":\"ListItem\",\"position\":2,\"name\":\"Shop\",\"item\":\"https:\/\/www.erresse-shop.it\/de\/shop\/\"},{\"@type\":\"ListItem\",\"position\":3,\"name\":\"BRABANTIA MindSet Duschwanne mit Abstreifer grau\"}]},{\"@type\":\"WebSite\",\"@id\":\"https:\/\/www.erresse-shop.it\/de\/#website\",\"url\":\"https:\/\/www.erresse-shop.it\/de\/\",\"name\":\"Erresse Shop\",\"description\":\"Articoli di qualit\u00e0 per la casa\",\"potentialAction\":[{\"@type\":\"SearchAction\",\"target\":{\"@type\":\"EntryPoint\",\"urlTemplate\":\"https:\/\/www.erresse-shop.it\/de\/?s={search_term_string}\"},\"query-input\":\"required name=search_term_string\"}],\"inLanguage\":\"de-DE\"}]}<\/script>\n<!-- \/ Yoast SEO Premium plugin. -->","yoast_head_json":{"title":"BRABANTIA MindSet Duschwanne mit Abstreifer grau","description":"Entdecken Sie BRABANTIA MindSet Duschwanne mit Abstreifer grau bei ErresseShop. Qualit\u00e4t, Stil und Funktionalit\u00e4t \u2013 jetzt online bestellen!","robots":{"index":"index","follow":"follow","max-snippet":"max-snippet:-1","max-image-preview":"max-image-preview:large","max-video-preview":"max-video-preview:-1"},"canonical":"https:\/\/www.erresse-shop.it\/de\/shop\/einrichtung-haus\/badezimmer\/brabantia-mindset-duschwanne-mit-abstreifer-grau\/","og_locale":"de_DE","og_type":"article","og_title":"BRABANTIA MindSet Duschwanne mit Abstreifer grau","og_description":"Entdecken Sie BRABANTIA MindSet Duschwanne mit Abstreifer grau bei ErresseShop. Qualit\u00e4t, Stil und Funktionalit\u00e4t \u2013 jetzt online bestellen!","og_url":"https:\/\/www.erresse-shop.it\/de\/shop\/einrichtung-haus\/badezimmer\/brabantia-mindset-duschwanne-mit-abstreifer-grau\/","og_site_name":"Erresse Shop","article_modified_time":"2025-01-16T10:40:38+00:00","og_image":[{"width":1000,"height":1000,"url":"https:\/\/www.erresse-shop.it\/wp-content\/uploads\/2022\/04\/BRABANTIA-MindSet-Portaoggetti-da-doccia-nero-2.jpg","type":"image\/jpeg"}],"twitter_card":"summary_large_image","schema":{"@context":"https:\/\/schema.org","@graph":[{"@type":"WebPage","@id":"https:\/\/www.erresse-shop.it\/de\/shop\/einrichtung-haus\/badezimmer\/brabantia-mindset-duschwanne-mit-abstreifer-grau\/","url":"https:\/\/www.erresse-shop.it\/de\/shop\/einrichtung-haus\/badezimmer\/brabantia-mindset-duschwanne-mit-abstreifer-grau\/","name":"BRABANTIA MindSet Duschwanne mit Abstreifer grau","isPartOf":{"@id":"https:\/\/www.erresse-shop.it\/de\/#website"},"datePublished":"2022-04-29T14:09:30+00:00","dateModified":"2025-01-16T10:40:38+00:00","description":"Entdecken Sie BRABANTIA MindSet Duschwanne mit Abstreifer grau bei ErresseShop. Qualit\u00e4t, Stil und Funktionalit\u00e4t \u2013 jetzt online bestellen!","breadcrumb":{"@id":"https:\/\/www.erresse-shop.it\/de\/shop\/einrichtung-haus\/badezimmer\/brabantia-mindset-duschwanne-mit-abstreifer-grau\/#breadcrumb"},"inLanguage":"de-DE","potentialAction":[{"@type":"ReadAction","target":["https:\/\/www.erresse-shop.it\/de\/shop\/einrichtung-haus\/badezimmer\/brabantia-mindset-duschwanne-mit-abstreifer-grau\/"]}]},{"@type":"BreadcrumbList","@id":"https:\/\/www.erresse-shop.it\/de\/shop\/einrichtung-haus\/badezimmer\/brabantia-mindset-duschwanne-mit-abstreifer-grau\/#breadcrumb","itemListElement":[{"@type":"ListItem","position":1,"name":"Home","item":"https:\/\/www.erresse-shop.it\/de\/"},{"@type":"ListItem","position":2,"name":"Shop","item":"https:\/\/www.erresse-shop.it\/de\/shop\/"},{"@type":"ListItem","position":3,"name":"BRABANTIA MindSet Duschwanne mit Abstreifer grau"}]},{"@type":"WebSite","@id":"https:\/\/www.erresse-shop.it\/de\/#website","url":"https:\/\/www.erresse-shop.it\/de\/","name":"Erresse Shop","description":"Articoli di qualit\u00e0 per la casa","potentialAction":[{"@type":"SearchAction","target":{"@type":"EntryPoint","urlTemplate":"https:\/\/www.erresse-shop.it\/de\/?s={search_term_string}"},"query-input":"required name=search_term_string"}],"inLanguage":"de-DE"}]}},"df_price":27.5,"df_sale_price":27.5,"df_regular_price":55,"df_image_link":"https:\/\/www.erresse-shop.it\/wp-content\/uploads\/2022\/04\/BRABANTIA-MindSet-Portaoggetti-da-doccia-nero-2-300x300.jpg","_links":{"self":[{"href":"https:\/\/www.erresse-shop.it\/de\/wp-json\/wp\/v2\/product\/155732"}],"collection":[{"href":"https:\/\/www.erresse-shop.it\/de\/wp-json\/wp\/v2\/product"}],"about":[{"href":"https:\/\/www.erresse-shop.it\/de\/wp-json\/wp\/v2\/types\/product"}],"wp:featuredmedia":[{"embeddable":true,"href":"https:\/\/www.erresse-shop.it\/de\/wp-json\/wp\/v2\/media\/155741"}],"wp:attachment":[{"href":"https:\/\/www.erresse-shop.it\/de\/wp-json\/wp\/v2\/media?parent=155732"}],"wp:term":[{"taxonomy":"product_cat","embeddable":true,"href":"https:\/\/www.erresse-shop.it\/de\/wp-json\/wp\/v2\/product_cat?post=155732"},{"taxonomy":"product_tag","embeddable":true,"href":"https:\/\/www.erresse-shop.it\/de\/wp-json\/wp\/v2\/product_tag?post=155732"}],"curies":[{"name":"wp","href":"https:\/\/api.w.org\/{rel}","templated":true}]}}