{"id":155463,"date":"2022-04-28T12:13:54","date_gmt":"2022-04-28T12:13:54","guid":{"rendered":"https:\/\/www.erresse-shop.it\/?post_type=product&#038;p=155463"},"modified":"2025-01-22T06:36:34","modified_gmt":"2025-01-22T06:36:34","slug":"vulcanus-mehrfachgrill-pro910","status":"publish","type":"product","link":"https:\/\/www.erresse-shop.it\/de\/shop\/kleine-elektrogeraete\/grills-und-barbecues\/vulcanus-mehrfachgrill-pro910\/","title":{"rendered":"VULCANUS Mehrfachgrill PRO910"},"content":{"rendered":"<p>Ein massiver gusseiserner Grill verwandelt Ihren Grill in einen echten Herd, ideal f\u00fcr die Zubereitung vieler schmackhafter Gerichte &#8211; und zum Grillen direkt \u00fcber dem Feuer.<\/p>\n<p>Wenn Sie das runde Mittelgitter entfernen, k\u00f6nnen Sie einen Topf in die \u00d6ffnung stellen, um sensationelle Eint\u00f6pfe zu kochen.<\/p>\n<p><strong>WARUM DAS VULCANUS-MULTIGRID KAUFEN?<\/strong><\/p>\n<p>-Hochwertiges und langlebiges massives Gusseisen<br \/>\n-Kompatibel mit einer breiten Palette von Zubeh\u00f6r, die st\u00e4ndig erweitert wird<br \/>\n-Zwei einstellbare H\u00f6hen<br \/>\n-kann auch au\u00dferhalb von Vulcanus mit seinem Zubeh\u00f6r verwendet werden<\/p>\n<p>Ausf\u00fchrung: \u00d6l<\/p>\n<p>Material: Kesselstahl<\/p>\n<p>Abmessungen: 413 x 413 x 128 (\u00d8 300) mm<\/p>\n<p>Herkunft: Tschechische Republik<\/p>\n<p>Gewicht: 15kg<\/p>\n<p>Garantie: 5 Jahre<\/p>\n","protected":false},"excerpt":{"rendered":"<p>Ein massiver gusseiserner Grill verwandelt Ihren Grill in einen echten Herd, ideal f\u00fcr die Zubereitung vieler schmackhafter Gerichte &#8211; und<\/p>\n","protected":false},"featured_media":155392,"template":"","meta":{"_acf_changed":false,"inline_featured_image":false},"product_cat":[6703,13378],"product_tag":[13379],"acf":[],"yoast_head":"<!-- This site is optimized with the Yoast SEO Premium plugin v18.6 (Yoast SEO v19.13) - https:\/\/yoast.com\/wordpress\/plugins\/seo\/ -->\n<title>VULCANUS Mehrfachgrill PRO910<\/title>\n<meta name=\"description\" content=\"Entdecken Sie VULCANUS Mehrfachgrill PRO910 bei ErresseShop. Qualit\u00e4t, Stil und Funktionalit\u00e4t \u2013 jetzt online bestellen!\" \/>\n<meta name=\"robots\" content=\"index, follow, max-snippet:-1, max-image-preview:large, max-video-preview:-1\" \/>\n<link rel=\"canonical\" href=\"https:\/\/www.erresse-shop.it\/de\/shop\/kleine-elektrogeraete\/grills-und-barbecues\/vulcanus-mehrfachgrill-pro910\/\" \/>\n<meta property=\"og:locale\" content=\"de_DE\" \/>\n<meta property=\"og:type\" content=\"article\" \/>\n<meta property=\"og:title\" content=\"VULCANUS Mehrfachgrill PRO910\" \/>\n<meta property=\"og:description\" content=\"Entdecken Sie VULCANUS Mehrfachgrill PRO910 bei ErresseShop. Qualit\u00e4t, Stil und Funktionalit\u00e4t \u2013 jetzt online bestellen!\" \/>\n<meta property=\"og:url\" content=\"https:\/\/www.erresse-shop.it\/de\/shop\/kleine-elektrogeraete\/grills-und-barbecues\/vulcanus-mehrfachgrill-pro910\/\" \/>\n<meta property=\"og:site_name\" content=\"Erresse Shop\" \/>\n<meta property=\"article:modified_time\" content=\"2025-01-22T06:36:34+00:00\" \/>\n<meta property=\"og:image\" content=\"https:\/\/www.erresse-shop.it\/wp-content\/uploads\/2022\/04\/VULCANUS-Griglia-Multipla-PRO730.jpg\" \/>\n\t<meta property=\"og:image:width\" content=\"1000\" \/>\n\t<meta property=\"og:image:height\" content=\"1000\" \/>\n\t<meta property=\"og:image:type\" content=\"image\/jpeg\" \/>\n<meta name=\"twitter:card\" content=\"summary_large_image\" \/>\n<script type=\"application\/ld+json\" class=\"yoast-schema-graph\">{\"@context\":\"https:\/\/schema.org\",\"@graph\":[{\"@type\":\"WebPage\",\"@id\":\"https:\/\/www.erresse-shop.it\/de\/shop\/kleine-elektrogeraete\/grills-und-barbecues\/vulcanus-mehrfachgrill-pro910\/\",\"url\":\"https:\/\/www.erresse-shop.it\/de\/shop\/kleine-elektrogeraete\/grills-und-barbecues\/vulcanus-mehrfachgrill-pro910\/\",\"name\":\"VULCANUS Mehrfachgrill PRO910\",\"isPartOf\":{\"@id\":\"https:\/\/www.erresse-shop.it\/de\/#website\"},\"datePublished\":\"2022-04-28T12:13:54+00:00\",\"dateModified\":\"2025-01-22T06:36:34+00:00\",\"description\":\"Entdecken Sie VULCANUS Mehrfachgrill PRO910 bei ErresseShop. Qualit\u00e4t, Stil und Funktionalit\u00e4t \u2013 jetzt online bestellen!\",\"breadcrumb\":{\"@id\":\"https:\/\/www.erresse-shop.it\/de\/shop\/kleine-elektrogeraete\/grills-und-barbecues\/vulcanus-mehrfachgrill-pro910\/#breadcrumb\"},\"inLanguage\":\"de-DE\",\"potentialAction\":[{\"@type\":\"ReadAction\",\"target\":[\"https:\/\/www.erresse-shop.it\/de\/shop\/kleine-elektrogeraete\/grills-und-barbecues\/vulcanus-mehrfachgrill-pro910\/\"]}]},{\"@type\":\"BreadcrumbList\",\"@id\":\"https:\/\/www.erresse-shop.it\/de\/shop\/kleine-elektrogeraete\/grills-und-barbecues\/vulcanus-mehrfachgrill-pro910\/#breadcrumb\",\"itemListElement\":[{\"@type\":\"ListItem\",\"position\":1,\"name\":\"Home\",\"item\":\"https:\/\/www.erresse-shop.it\/de\/\"},{\"@type\":\"ListItem\",\"position\":2,\"name\":\"Shop\",\"item\":\"https:\/\/www.erresse-shop.it\/de\/shop\/\"},{\"@type\":\"ListItem\",\"position\":3,\"name\":\"VULCANUS Mehrfachgrill PRO910\"}]},{\"@type\":\"WebSite\",\"@id\":\"https:\/\/www.erresse-shop.it\/de\/#website\",\"url\":\"https:\/\/www.erresse-shop.it\/de\/\",\"name\":\"Erresse Shop\",\"description\":\"Articoli di qualit\u00e0 per la casa\",\"potentialAction\":[{\"@type\":\"SearchAction\",\"target\":{\"@type\":\"EntryPoint\",\"urlTemplate\":\"https:\/\/www.erresse-shop.it\/de\/?s={search_term_string}\"},\"query-input\":\"required name=search_term_string\"}],\"inLanguage\":\"de-DE\"}]}<\/script>\n<!-- \/ Yoast SEO Premium plugin. -->","yoast_head_json":{"title":"VULCANUS Mehrfachgrill PRO910","description":"Entdecken Sie VULCANUS Mehrfachgrill PRO910 bei ErresseShop. Qualit\u00e4t, Stil und Funktionalit\u00e4t \u2013 jetzt online bestellen!","robots":{"index":"index","follow":"follow","max-snippet":"max-snippet:-1","max-image-preview":"max-image-preview:large","max-video-preview":"max-video-preview:-1"},"canonical":"https:\/\/www.erresse-shop.it\/de\/shop\/kleine-elektrogeraete\/grills-und-barbecues\/vulcanus-mehrfachgrill-pro910\/","og_locale":"de_DE","og_type":"article","og_title":"VULCANUS Mehrfachgrill PRO910","og_description":"Entdecken Sie VULCANUS Mehrfachgrill PRO910 bei ErresseShop. Qualit\u00e4t, Stil und Funktionalit\u00e4t \u2013 jetzt online bestellen!","og_url":"https:\/\/www.erresse-shop.it\/de\/shop\/kleine-elektrogeraete\/grills-und-barbecues\/vulcanus-mehrfachgrill-pro910\/","og_site_name":"Erresse Shop","article_modified_time":"2025-01-22T06:36:34+00:00","og_image":[{"width":1000,"height":1000,"url":"https:\/\/www.erresse-shop.it\/wp-content\/uploads\/2022\/04\/VULCANUS-Griglia-Multipla-PRO730.jpg","type":"image\/jpeg"}],"twitter_card":"summary_large_image","schema":{"@context":"https:\/\/schema.org","@graph":[{"@type":"WebPage","@id":"https:\/\/www.erresse-shop.it\/de\/shop\/kleine-elektrogeraete\/grills-und-barbecues\/vulcanus-mehrfachgrill-pro910\/","url":"https:\/\/www.erresse-shop.it\/de\/shop\/kleine-elektrogeraete\/grills-und-barbecues\/vulcanus-mehrfachgrill-pro910\/","name":"VULCANUS Mehrfachgrill PRO910","isPartOf":{"@id":"https:\/\/www.erresse-shop.it\/de\/#website"},"datePublished":"2022-04-28T12:13:54+00:00","dateModified":"2025-01-22T06:36:34+00:00","description":"Entdecken Sie VULCANUS Mehrfachgrill PRO910 bei ErresseShop. Qualit\u00e4t, Stil und Funktionalit\u00e4t \u2013 jetzt online bestellen!","breadcrumb":{"@id":"https:\/\/www.erresse-shop.it\/de\/shop\/kleine-elektrogeraete\/grills-und-barbecues\/vulcanus-mehrfachgrill-pro910\/#breadcrumb"},"inLanguage":"de-DE","potentialAction":[{"@type":"ReadAction","target":["https:\/\/www.erresse-shop.it\/de\/shop\/kleine-elektrogeraete\/grills-und-barbecues\/vulcanus-mehrfachgrill-pro910\/"]}]},{"@type":"BreadcrumbList","@id":"https:\/\/www.erresse-shop.it\/de\/shop\/kleine-elektrogeraete\/grills-und-barbecues\/vulcanus-mehrfachgrill-pro910\/#breadcrumb","itemListElement":[{"@type":"ListItem","position":1,"name":"Home","item":"https:\/\/www.erresse-shop.it\/de\/"},{"@type":"ListItem","position":2,"name":"Shop","item":"https:\/\/www.erresse-shop.it\/de\/shop\/"},{"@type":"ListItem","position":3,"name":"VULCANUS Mehrfachgrill PRO910"}]},{"@type":"WebSite","@id":"https:\/\/www.erresse-shop.it\/de\/#website","url":"https:\/\/www.erresse-shop.it\/de\/","name":"Erresse Shop","description":"Articoli di qualit\u00e0 per la casa","potentialAction":[{"@type":"SearchAction","target":{"@type":"EntryPoint","urlTemplate":"https:\/\/www.erresse-shop.it\/de\/?s={search_term_string}"},"query-input":"required name=search_term_string"}],"inLanguage":"de-DE"}]}},"df_price":290,"df_sale_price":290,"df_regular_price":290,"df_image_link":"https:\/\/www.erresse-shop.it\/wp-content\/uploads\/2022\/04\/VULCANUS-Griglia-Multipla-PRO730-300x300.jpg","_links":{"self":[{"href":"https:\/\/www.erresse-shop.it\/de\/wp-json\/wp\/v2\/product\/155463"}],"collection":[{"href":"https:\/\/www.erresse-shop.it\/de\/wp-json\/wp\/v2\/product"}],"about":[{"href":"https:\/\/www.erresse-shop.it\/de\/wp-json\/wp\/v2\/types\/product"}],"wp:featuredmedia":[{"embeddable":true,"href":"https:\/\/www.erresse-shop.it\/de\/wp-json\/wp\/v2\/media\/155392"}],"wp:attachment":[{"href":"https:\/\/www.erresse-shop.it\/de\/wp-json\/wp\/v2\/media?parent=155463"}],"wp:term":[{"taxonomy":"product_cat","embeddable":true,"href":"https:\/\/www.erresse-shop.it\/de\/wp-json\/wp\/v2\/product_cat?post=155463"},{"taxonomy":"product_tag","embeddable":true,"href":"https:\/\/www.erresse-shop.it\/de\/wp-json\/wp\/v2\/product_tag?post=155463"}],"curies":[{"name":"wp","href":"https:\/\/api.w.org\/{rel}","templated":true}]}}