{"id":155226,"date":"2022-04-28T09:57:08","date_gmt":"2022-04-28T09:57:10","guid":{"rendered":"https:\/\/www.erresse-shop.it\/?post_type=product&#038;p=155226"},"modified":"2025-01-16T08:02:12","modified_gmt":"2025-01-16T08:02:12","slug":"berkel-schneidebrett-mit-edelstahlplatte-red-line-220-und-250","status":"publish","type":"product","link":"https:\/\/www.erresse-shop.it\/de\/shop\/kuche\/schneidebretter\/berkel-schneidebrett-mit-edelstahlplatte-red-line-220-und-250\/","title":{"rendered":"BERKEL Schneidebrett mit Edelstahlplatte Red Line 220 und 250"},"content":{"rendered":"<p>Das RED LINE Schneidebrett, das von den Designern selbst speziell f\u00fcr Red Line 220 und 250 entworfen wurde, gleitet auf die Platte und passt perfekt in die Zwischenr\u00e4ume. Die Scheiben gleiten von der Klinge und liegen direkt auf dem Schneidebrett. Auf der h\u00f6lzernen Kante befindet sich die ber\u00fchmte Berkel-Signatur.<\/p>\n<p>Abmessungen: 290 x 205 x 24 mm<\/p>\n<p>Material: Esche und rostfreier Stahl<\/p>\n","protected":false},"excerpt":{"rendered":"<p>Das RED LINE Schneidebrett, das von den Designern selbst speziell f\u00fcr Red Line 220 und 250 entworfen wurde, gleitet auf<\/p>\n","protected":false},"featured_media":162454,"template":"","meta":{"_acf_changed":false,"inline_featured_image":false},"product_cat":[6703,6742,6769,17346],"product_tag":[17354,17290,11718,19129,17355,21822],"acf":[],"yoast_head":"<!-- This site is optimized with the Yoast SEO Premium plugin v18.6 (Yoast SEO v19.13) - https:\/\/yoast.com\/wordpress\/plugins\/seo\/ -->\n<title>BERKEL Schneidebrett mit Edelstahlplatte Red Line 220 und 250<\/title>\n<meta name=\"description\" content=\"Entdecken Sie BERKEL Schneidebrett mit Edelstahlplatte Red Line 220 und 250 bei ErresseShop. Qualit\u00e4t, Stil und Funktionalit\u00e4t \u2013 jetzt online bestellen!\" \/>\n<meta name=\"robots\" content=\"index, follow, max-snippet:-1, max-image-preview:large, max-video-preview:-1\" \/>\n<link rel=\"canonical\" href=\"https:\/\/www.erresse-shop.it\/de\/shop\/kuche\/schneidebretter\/berkel-schneidebrett-mit-edelstahlplatte-red-line-220-und-250\/\" \/>\n<meta property=\"og:locale\" content=\"de_DE\" \/>\n<meta property=\"og:type\" content=\"article\" \/>\n<meta property=\"og:title\" content=\"BERKEL Schneidebrett mit Edelstahlplatte Red Line 220 und 250\" \/>\n<meta property=\"og:description\" content=\"Entdecken Sie BERKEL Schneidebrett mit Edelstahlplatte Red Line 220 und 250 bei ErresseShop. Qualit\u00e4t, Stil und Funktionalit\u00e4t \u2013 jetzt online bestellen!\" \/>\n<meta property=\"og:url\" content=\"https:\/\/www.erresse-shop.it\/de\/shop\/kuche\/schneidebretter\/berkel-schneidebrett-mit-edelstahlplatte-red-line-220-und-250\/\" \/>\n<meta property=\"og:site_name\" content=\"Erresse Shop\" \/>\n<meta property=\"article:modified_time\" content=\"2025-01-16T08:02:12+00:00\" \/>\n<meta property=\"og:image\" content=\"https:\/\/www.erresse-shop.it\/wp-content\/uploads\/2022\/04\/BERKEL-Tagliere-Con-Piastra-Inox-Red-Line-220-e-250-2.jpg\" \/>\n\t<meta property=\"og:image:width\" content=\"800\" \/>\n\t<meta property=\"og:image:height\" content=\"800\" \/>\n\t<meta property=\"og:image:type\" content=\"image\/jpeg\" \/>\n<meta name=\"twitter:card\" content=\"summary_large_image\" \/>\n<script type=\"application\/ld+json\" class=\"yoast-schema-graph\">{\"@context\":\"https:\/\/schema.org\",\"@graph\":[{\"@type\":\"WebPage\",\"@id\":\"https:\/\/www.erresse-shop.it\/de\/shop\/kuche\/schneidebretter\/berkel-schneidebrett-mit-edelstahlplatte-red-line-220-und-250\/\",\"url\":\"https:\/\/www.erresse-shop.it\/de\/shop\/kuche\/schneidebretter\/berkel-schneidebrett-mit-edelstahlplatte-red-line-220-und-250\/\",\"name\":\"BERKEL Schneidebrett mit Edelstahlplatte Red Line 220 und 250\",\"isPartOf\":{\"@id\":\"https:\/\/www.erresse-shop.it\/de\/#website\"},\"datePublished\":\"2022-04-28T09:57:10+00:00\",\"dateModified\":\"2025-01-16T08:02:12+00:00\",\"description\":\"Entdecken Sie BERKEL Schneidebrett mit Edelstahlplatte Red Line 220 und 250 bei ErresseShop. Qualit\u00e4t, Stil und Funktionalit\u00e4t \u2013 jetzt online bestellen!\",\"breadcrumb\":{\"@id\":\"https:\/\/www.erresse-shop.it\/de\/shop\/kuche\/schneidebretter\/berkel-schneidebrett-mit-edelstahlplatte-red-line-220-und-250\/#breadcrumb\"},\"inLanguage\":\"de-DE\",\"potentialAction\":[{\"@type\":\"ReadAction\",\"target\":[\"https:\/\/www.erresse-shop.it\/de\/shop\/kuche\/schneidebretter\/berkel-schneidebrett-mit-edelstahlplatte-red-line-220-und-250\/\"]}]},{\"@type\":\"BreadcrumbList\",\"@id\":\"https:\/\/www.erresse-shop.it\/de\/shop\/kuche\/schneidebretter\/berkel-schneidebrett-mit-edelstahlplatte-red-line-220-und-250\/#breadcrumb\",\"itemListElement\":[{\"@type\":\"ListItem\",\"position\":1,\"name\":\"Home\",\"item\":\"https:\/\/www.erresse-shop.it\/de\/\"},{\"@type\":\"ListItem\",\"position\":2,\"name\":\"Shop\",\"item\":\"https:\/\/www.erresse-shop.it\/de\/shop\/\"},{\"@type\":\"ListItem\",\"position\":3,\"name\":\"BERKEL Schneidebrett mit Edelstahlplatte Red Line 220 und 250\"}]},{\"@type\":\"WebSite\",\"@id\":\"https:\/\/www.erresse-shop.it\/de\/#website\",\"url\":\"https:\/\/www.erresse-shop.it\/de\/\",\"name\":\"Erresse Shop\",\"description\":\"Articoli di qualit\u00e0 per la casa\",\"potentialAction\":[{\"@type\":\"SearchAction\",\"target\":{\"@type\":\"EntryPoint\",\"urlTemplate\":\"https:\/\/www.erresse-shop.it\/de\/?s={search_term_string}\"},\"query-input\":\"required name=search_term_string\"}],\"inLanguage\":\"de-DE\"}]}<\/script>\n<!-- \/ Yoast SEO Premium plugin. -->","yoast_head_json":{"title":"BERKEL Schneidebrett mit Edelstahlplatte Red Line 220 und 250","description":"Entdecken Sie BERKEL Schneidebrett mit Edelstahlplatte Red Line 220 und 250 bei ErresseShop. Qualit\u00e4t, Stil und Funktionalit\u00e4t \u2013 jetzt online bestellen!","robots":{"index":"index","follow":"follow","max-snippet":"max-snippet:-1","max-image-preview":"max-image-preview:large","max-video-preview":"max-video-preview:-1"},"canonical":"https:\/\/www.erresse-shop.it\/de\/shop\/kuche\/schneidebretter\/berkel-schneidebrett-mit-edelstahlplatte-red-line-220-und-250\/","og_locale":"de_DE","og_type":"article","og_title":"BERKEL Schneidebrett mit Edelstahlplatte Red Line 220 und 250","og_description":"Entdecken Sie BERKEL Schneidebrett mit Edelstahlplatte Red Line 220 und 250 bei ErresseShop. Qualit\u00e4t, Stil und Funktionalit\u00e4t \u2013 jetzt online bestellen!","og_url":"https:\/\/www.erresse-shop.it\/de\/shop\/kuche\/schneidebretter\/berkel-schneidebrett-mit-edelstahlplatte-red-line-220-und-250\/","og_site_name":"Erresse Shop","article_modified_time":"2025-01-16T08:02:12+00:00","og_image":[{"width":800,"height":800,"url":"https:\/\/www.erresse-shop.it\/wp-content\/uploads\/2022\/04\/BERKEL-Tagliere-Con-Piastra-Inox-Red-Line-220-e-250-2.jpg","type":"image\/jpeg"}],"twitter_card":"summary_large_image","schema":{"@context":"https:\/\/schema.org","@graph":[{"@type":"WebPage","@id":"https:\/\/www.erresse-shop.it\/de\/shop\/kuche\/schneidebretter\/berkel-schneidebrett-mit-edelstahlplatte-red-line-220-und-250\/","url":"https:\/\/www.erresse-shop.it\/de\/shop\/kuche\/schneidebretter\/berkel-schneidebrett-mit-edelstahlplatte-red-line-220-und-250\/","name":"BERKEL Schneidebrett mit Edelstahlplatte Red Line 220 und 250","isPartOf":{"@id":"https:\/\/www.erresse-shop.it\/de\/#website"},"datePublished":"2022-04-28T09:57:10+00:00","dateModified":"2025-01-16T08:02:12+00:00","description":"Entdecken Sie BERKEL Schneidebrett mit Edelstahlplatte Red Line 220 und 250 bei ErresseShop. Qualit\u00e4t, Stil und Funktionalit\u00e4t \u2013 jetzt online bestellen!","breadcrumb":{"@id":"https:\/\/www.erresse-shop.it\/de\/shop\/kuche\/schneidebretter\/berkel-schneidebrett-mit-edelstahlplatte-red-line-220-und-250\/#breadcrumb"},"inLanguage":"de-DE","potentialAction":[{"@type":"ReadAction","target":["https:\/\/www.erresse-shop.it\/de\/shop\/kuche\/schneidebretter\/berkel-schneidebrett-mit-edelstahlplatte-red-line-220-und-250\/"]}]},{"@type":"BreadcrumbList","@id":"https:\/\/www.erresse-shop.it\/de\/shop\/kuche\/schneidebretter\/berkel-schneidebrett-mit-edelstahlplatte-red-line-220-und-250\/#breadcrumb","itemListElement":[{"@type":"ListItem","position":1,"name":"Home","item":"https:\/\/www.erresse-shop.it\/de\/"},{"@type":"ListItem","position":2,"name":"Shop","item":"https:\/\/www.erresse-shop.it\/de\/shop\/"},{"@type":"ListItem","position":3,"name":"BERKEL Schneidebrett mit Edelstahlplatte Red Line 220 und 250"}]},{"@type":"WebSite","@id":"https:\/\/www.erresse-shop.it\/de\/#website","url":"https:\/\/www.erresse-shop.it\/de\/","name":"Erresse Shop","description":"Articoli di qualit\u00e0 per la casa","potentialAction":[{"@type":"SearchAction","target":{"@type":"EntryPoint","urlTemplate":"https:\/\/www.erresse-shop.it\/de\/?s={search_term_string}"},"query-input":"required name=search_term_string"}],"inLanguage":"de-DE"}]}},"df_price":64.5,"df_sale_price":64.5,"df_regular_price":129,"df_image_link":"https:\/\/www.erresse-shop.it\/wp-content\/uploads\/2022\/04\/BERKEL-Tagliere-Con-Piastra-Inox-Red-Line-220-e-250-2-300x300.jpg","_links":{"self":[{"href":"https:\/\/www.erresse-shop.it\/de\/wp-json\/wp\/v2\/product\/155226"}],"collection":[{"href":"https:\/\/www.erresse-shop.it\/de\/wp-json\/wp\/v2\/product"}],"about":[{"href":"https:\/\/www.erresse-shop.it\/de\/wp-json\/wp\/v2\/types\/product"}],"wp:featuredmedia":[{"embeddable":true,"href":"https:\/\/www.erresse-shop.it\/de\/wp-json\/wp\/v2\/media\/162454"}],"wp:attachment":[{"href":"https:\/\/www.erresse-shop.it\/de\/wp-json\/wp\/v2\/media?parent=155226"}],"wp:term":[{"taxonomy":"product_cat","embeddable":true,"href":"https:\/\/www.erresse-shop.it\/de\/wp-json\/wp\/v2\/product_cat?post=155226"},{"taxonomy":"product_tag","embeddable":true,"href":"https:\/\/www.erresse-shop.it\/de\/wp-json\/wp\/v2\/product_tag?post=155226"}],"curies":[{"name":"wp","href":"https:\/\/api.w.org\/{rel}","templated":true}]}}