{"id":154860,"date":"2022-04-27T14:06:44","date_gmt":"2022-04-27T14:06:55","guid":{"rendered":"https:\/\/www.erresse-shop.it\/?post_type=product&#038;p=154860"},"modified":"2025-01-16T08:02:06","modified_gmt":"2025-01-16T08:02:06","slug":"berkel-tribute-red-schwungradhobel","status":"publish","type":"product","link":"https:\/\/www.erresse-shop.it\/de\/shop\/kleine-elektrogeraete\/aufschnittmaschinen\/berkel-tribute-red-schwungradhobel\/","title":{"rendered":"BERKEL Tribute Red Schwungradhobel"},"content":{"rendered":"<p>Die Berkel Tribute ist eine handbetriebene Schneidemaschine mit Schwungrad, eine Neuauflage des historischen Berkel Modells B aus den 1920er Jahren, das einst in Indiana (USA) hergestellt wurde. Diese Schwungradschneidemaschine mit verchromten Edelstahldetails und NFC-Etikett f\u00fcr das Echtheitszertifikat ist in der Farbe Rot erh\u00e4ltlich und ist eine Hommage an Tradition und Eleganz, die auf die neueste Technologie trifft. Ideal f\u00fcr alle, die ein Produkt ben\u00f6tigen, das f\u00fcr den intensiven Gebrauch geeignet ist, sowohl f\u00fcr die Gastronomie als auch f\u00fcr den Hausgebrauch. Dieses Schneidemodell mit einer Klinge von 300 mm Durchmesser und eingebautem Sch\u00e4rfer erm\u00f6glicht es Ihnen, einen gleichm\u00e4\u00dfigen und professionellen Schnitt von Aufschnitt zu erhalten, ohne dabei auf ein wertvolles Design zu verzichten.<\/p>\n<p><strong>PERFORMANCE<\/strong><\/p>\n<ul>\n<li>Geh\u00e4usestruktur aus spezieller Aluminiumlegierung und rostfreiem Stahl sowie Gummif\u00fc\u00dfe f\u00fcr maximale Stabilit\u00e4t w\u00e4hrend des Gebrauchs<\/li>\n<li>F\u00fc\u00dfe k\u00f6nnen in verschiedenen Konfigurationen montiert werden<\/li>\n<li>300-mm-Klinge aus verchromtem Stahl 100cr6 mit professionellem Profil: reduziert den Abfall und sorgt f\u00fcr gleichm\u00e4\u00dfige Schnitte<\/li>\n<li>Schnellvorschubsystem und millimetrischer Platteneinstellknopf f\u00fcr perfekte Produktpositionierung<\/li>\n<li>Klassisches Berkel-Turmdesign, solide Konstruktion und Eleganz vereint<\/li>\n<li>Goldfarbene Verzierungen auf allen lackierten Teilen<\/li>\n<li>Klassisches Berkel-Schwungrad mit quadratischem Profil und interner<\/li>\n<li>Auswuchtung, um die Drehung in jeder Position zu blockieren<\/li>\n<li>Abnehmbarer Sch\u00e4rfer bereits mit zweistufigem Sch\u00e4rfsystem f\u00fcr h\u00f6chste Pr\u00e4zision ausgestattet<\/li>\n<li>Einstellknopf f\u00fcr die Scheibendicke mit 11 Positionen zum Einstellen der Scheibendicke zwischen 0 mm und 1,5 mm<\/li>\n<li>Mindestdicke der letzten Scheibe zur Minimierung des Produktabfalls<\/li>\n<li>Gro\u00dfer Stahl-Scheibenschutz mit einfachem Einhaken zum leichteren Abl\u00f6sen der Scheiben<\/li>\n<li>Nicht abnehmbarer NFC-TAG im Geh\u00e4use zur Gew\u00e4hrleistung der Originalit\u00e4t<\/li>\n<\/ul>\n<p><strong>REINIGUNG UND HYGIENE<\/strong><\/p>\n<ul>\n<li>Professionelle Platte und Unterplatte aus Edelstahl mit Ausl\u00f6sesystem f\u00fcr maximale Reinigung<\/li>\n<li>Unterst\u00fctzter Schieber aus verchromtem Stahl f\u00fcr optimale Produktblockierung<\/li>\n<li>Gro\u00dfz\u00fcgiger Reinigungsraum und hinterer Abfallbeh\u00e4lter<\/li>\n<li>Schnelles Entnahmesystem der Klappe zur einfachen Reinigung<\/li>\n<li>Abnehmbare, sp\u00fclmaschinenfeste Handschuhe aus Edelstahl<\/li>\n<\/ul>\n<p><strong>SICHERHEIT<\/strong><\/p>\n<ul>\n<li>Gesamtschutzring der Klinge aus verchromtem Stahl<\/li>\n<li>Manuelles Entriegelungssystem des Klingenschutzrings f\u00fcr sicheren Betrieb<\/li>\n<li>Ergonomische Bedienelemente aus schwarz eloxiertem Aluminium, die den Griff erleichtern und den Kraftaufwand des Bedieners minimieren<\/li>\n<\/ul>\n<p><strong>TECHNISCHE DATEN<\/strong><br \/>\nGewicht 52 kg<br \/>\nH\u00f6he [B] 700 mm<br \/>\nTiefe [C] 805 mm<br \/>\nBreite [A] 670 mm<br \/>\nDurchmesser der Klinge 300 mm<br \/>\nMaterial der Schneideklinge 100Cr6<br \/>\nSchnittst\u00e4rke 0 &#8211; 1,5 mm<br \/>\nSchneidkapazit\u00e4t (kreisf\u00f6rmig) 210 mm<br \/>\nSchnittkapazit\u00e4t (rechteckig) 270&#215;210 mm<br \/>\nDetails: Schraubmechanismus f\u00fcr Klingenschutzbewegung; Bemalter Berkeldekor und Signatur<br \/>\nAbnehmbare Teile: Messerschutz; Handschuhfach; Abdeckplatte<br \/>\nAnspitzer: enthalten, zwei Bewegungen<\/p>\n<p><span style=\"text-decoration: underline;\"><strong>Nicht zum Verkauf au\u00dferhalb Europas<\/strong><\/span><\/p>\n","protected":false},"excerpt":{"rendered":"<p>Die Berkel Tribute ist eine handbetriebene Schneidemaschine mit Schwungrad, eine Neuauflage des historischen Berkel Modells B aus den 1920er Jahren,<\/p>\n","protected":false},"featured_media":162276,"template":"","meta":{"_acf_changed":false,"inline_featured_image":false},"product_cat":[6703,17346],"product_tag":[17354,17290,24681,11718,19129,17355],"acf":[],"yoast_head":"<!-- This site is optimized with the Yoast SEO Premium plugin v18.6 (Yoast SEO v19.13) - https:\/\/yoast.com\/wordpress\/plugins\/seo\/ -->\n<title>BERKEL Tribute Red Schwungradhobel<\/title>\n<meta name=\"description\" content=\"Entdecken Sie BERKEL Tribute Red Schwungradhobel bei ErresseShop. Qualit\u00e4t, Stil und Funktionalit\u00e4t \u2013 jetzt online bestellen!\" \/>\n<meta name=\"robots\" content=\"index, follow, max-snippet:-1, max-image-preview:large, max-video-preview:-1\" \/>\n<link rel=\"canonical\" href=\"https:\/\/www.erresse-shop.it\/de\/shop\/kleine-elektrogeraete\/aufschnittmaschinen\/berkel-tribute-red-schwungradhobel\/\" \/>\n<meta property=\"og:locale\" content=\"de_DE\" \/>\n<meta property=\"og:type\" content=\"article\" \/>\n<meta property=\"og:title\" content=\"BERKEL Tribute Red Schwungradhobel\" \/>\n<meta property=\"og:description\" content=\"Entdecken Sie BERKEL Tribute Red Schwungradhobel bei ErresseShop. Qualit\u00e4t, Stil und Funktionalit\u00e4t \u2013 jetzt online bestellen!\" \/>\n<meta property=\"og:url\" content=\"https:\/\/www.erresse-shop.it\/de\/shop\/kleine-elektrogeraete\/aufschnittmaschinen\/berkel-tribute-red-schwungradhobel\/\" \/>\n<meta property=\"og:site_name\" content=\"Erresse Shop\" \/>\n<meta property=\"article:modified_time\" content=\"2025-01-16T08:02:06+00:00\" \/>\n<meta property=\"og:image\" content=\"https:\/\/www.erresse-shop.it\/wp-content\/uploads\/2021\/11\/BERKEL-Affettatrice-Volano-Tribute-Rosso-1.jpg\" \/>\n\t<meta property=\"og:image:width\" content=\"800\" \/>\n\t<meta property=\"og:image:height\" content=\"800\" \/>\n\t<meta property=\"og:image:type\" content=\"image\/jpeg\" \/>\n<meta name=\"twitter:card\" content=\"summary_large_image\" \/>\n<script type=\"application\/ld+json\" class=\"yoast-schema-graph\">{\"@context\":\"https:\/\/schema.org\",\"@graph\":[{\"@type\":\"WebPage\",\"@id\":\"https:\/\/www.erresse-shop.it\/de\/shop\/kleine-elektrogeraete\/aufschnittmaschinen\/berkel-tribute-red-schwungradhobel\/\",\"url\":\"https:\/\/www.erresse-shop.it\/de\/shop\/kleine-elektrogeraete\/aufschnittmaschinen\/berkel-tribute-red-schwungradhobel\/\",\"name\":\"BERKEL Tribute Red Schwungradhobel\",\"isPartOf\":{\"@id\":\"https:\/\/www.erresse-shop.it\/de\/#website\"},\"datePublished\":\"2022-04-27T14:06:55+00:00\",\"dateModified\":\"2025-01-16T08:02:06+00:00\",\"description\":\"Entdecken Sie BERKEL Tribute Red Schwungradhobel bei ErresseShop. Qualit\u00e4t, Stil und Funktionalit\u00e4t \u2013 jetzt online bestellen!\",\"breadcrumb\":{\"@id\":\"https:\/\/www.erresse-shop.it\/de\/shop\/kleine-elektrogeraete\/aufschnittmaschinen\/berkel-tribute-red-schwungradhobel\/#breadcrumb\"},\"inLanguage\":\"de-DE\",\"potentialAction\":[{\"@type\":\"ReadAction\",\"target\":[\"https:\/\/www.erresse-shop.it\/de\/shop\/kleine-elektrogeraete\/aufschnittmaschinen\/berkel-tribute-red-schwungradhobel\/\"]}]},{\"@type\":\"BreadcrumbList\",\"@id\":\"https:\/\/www.erresse-shop.it\/de\/shop\/kleine-elektrogeraete\/aufschnittmaschinen\/berkel-tribute-red-schwungradhobel\/#breadcrumb\",\"itemListElement\":[{\"@type\":\"ListItem\",\"position\":1,\"name\":\"Home\",\"item\":\"https:\/\/www.erresse-shop.it\/de\/\"},{\"@type\":\"ListItem\",\"position\":2,\"name\":\"Shop\",\"item\":\"https:\/\/www.erresse-shop.it\/de\/shop\/\"},{\"@type\":\"ListItem\",\"position\":3,\"name\":\"BERKEL Tribute Red Schwungradhobel\"}]},{\"@type\":\"WebSite\",\"@id\":\"https:\/\/www.erresse-shop.it\/de\/#website\",\"url\":\"https:\/\/www.erresse-shop.it\/de\/\",\"name\":\"Erresse Shop\",\"description\":\"Articoli di qualit\u00e0 per la casa\",\"potentialAction\":[{\"@type\":\"SearchAction\",\"target\":{\"@type\":\"EntryPoint\",\"urlTemplate\":\"https:\/\/www.erresse-shop.it\/de\/?s={search_term_string}\"},\"query-input\":\"required name=search_term_string\"}],\"inLanguage\":\"de-DE\"}]}<\/script>\n<!-- \/ Yoast SEO Premium plugin. -->","yoast_head_json":{"title":"BERKEL Tribute Red Schwungradhobel","description":"Entdecken Sie BERKEL Tribute Red Schwungradhobel bei ErresseShop. Qualit\u00e4t, Stil und Funktionalit\u00e4t \u2013 jetzt online bestellen!","robots":{"index":"index","follow":"follow","max-snippet":"max-snippet:-1","max-image-preview":"max-image-preview:large","max-video-preview":"max-video-preview:-1"},"canonical":"https:\/\/www.erresse-shop.it\/de\/shop\/kleine-elektrogeraete\/aufschnittmaschinen\/berkel-tribute-red-schwungradhobel\/","og_locale":"de_DE","og_type":"article","og_title":"BERKEL Tribute Red Schwungradhobel","og_description":"Entdecken Sie BERKEL Tribute Red Schwungradhobel bei ErresseShop. Qualit\u00e4t, Stil und Funktionalit\u00e4t \u2013 jetzt online bestellen!","og_url":"https:\/\/www.erresse-shop.it\/de\/shop\/kleine-elektrogeraete\/aufschnittmaschinen\/berkel-tribute-red-schwungradhobel\/","og_site_name":"Erresse Shop","article_modified_time":"2025-01-16T08:02:06+00:00","og_image":[{"width":800,"height":800,"url":"https:\/\/www.erresse-shop.it\/wp-content\/uploads\/2021\/11\/BERKEL-Affettatrice-Volano-Tribute-Rosso-1.jpg","type":"image\/jpeg"}],"twitter_card":"summary_large_image","schema":{"@context":"https:\/\/schema.org","@graph":[{"@type":"WebPage","@id":"https:\/\/www.erresse-shop.it\/de\/shop\/kleine-elektrogeraete\/aufschnittmaschinen\/berkel-tribute-red-schwungradhobel\/","url":"https:\/\/www.erresse-shop.it\/de\/shop\/kleine-elektrogeraete\/aufschnittmaschinen\/berkel-tribute-red-schwungradhobel\/","name":"BERKEL Tribute Red Schwungradhobel","isPartOf":{"@id":"https:\/\/www.erresse-shop.it\/de\/#website"},"datePublished":"2022-04-27T14:06:55+00:00","dateModified":"2025-01-16T08:02:06+00:00","description":"Entdecken Sie BERKEL Tribute Red Schwungradhobel bei ErresseShop. Qualit\u00e4t, Stil und Funktionalit\u00e4t \u2013 jetzt online bestellen!","breadcrumb":{"@id":"https:\/\/www.erresse-shop.it\/de\/shop\/kleine-elektrogeraete\/aufschnittmaschinen\/berkel-tribute-red-schwungradhobel\/#breadcrumb"},"inLanguage":"de-DE","potentialAction":[{"@type":"ReadAction","target":["https:\/\/www.erresse-shop.it\/de\/shop\/kleine-elektrogeraete\/aufschnittmaschinen\/berkel-tribute-red-schwungradhobel\/"]}]},{"@type":"BreadcrumbList","@id":"https:\/\/www.erresse-shop.it\/de\/shop\/kleine-elektrogeraete\/aufschnittmaschinen\/berkel-tribute-red-schwungradhobel\/#breadcrumb","itemListElement":[{"@type":"ListItem","position":1,"name":"Home","item":"https:\/\/www.erresse-shop.it\/de\/"},{"@type":"ListItem","position":2,"name":"Shop","item":"https:\/\/www.erresse-shop.it\/de\/shop\/"},{"@type":"ListItem","position":3,"name":"BERKEL Tribute Red Schwungradhobel"}]},{"@type":"WebSite","@id":"https:\/\/www.erresse-shop.it\/de\/#website","url":"https:\/\/www.erresse-shop.it\/de\/","name":"Erresse Shop","description":"Articoli di qualit\u00e0 per la casa","potentialAction":[{"@type":"SearchAction","target":{"@type":"EntryPoint","urlTemplate":"https:\/\/www.erresse-shop.it\/de\/?s={search_term_string}"},"query-input":"required name=search_term_string"}],"inLanguage":"de-DE"}]}},"df_price":4409.5,"df_sale_price":4409.5,"df_regular_price":8819,"df_image_link":"https:\/\/www.erresse-shop.it\/wp-content\/uploads\/2021\/11\/BERKEL-Affettatrice-Volano-Tribute-Rosso-1-300x300.jpg","_links":{"self":[{"href":"https:\/\/www.erresse-shop.it\/de\/wp-json\/wp\/v2\/product\/154860"}],"collection":[{"href":"https:\/\/www.erresse-shop.it\/de\/wp-json\/wp\/v2\/product"}],"about":[{"href":"https:\/\/www.erresse-shop.it\/de\/wp-json\/wp\/v2\/types\/product"}],"wp:featuredmedia":[{"embeddable":true,"href":"https:\/\/www.erresse-shop.it\/de\/wp-json\/wp\/v2\/media\/162276"}],"wp:attachment":[{"href":"https:\/\/www.erresse-shop.it\/de\/wp-json\/wp\/v2\/media?parent=154860"}],"wp:term":[{"taxonomy":"product_cat","embeddable":true,"href":"https:\/\/www.erresse-shop.it\/de\/wp-json\/wp\/v2\/product_cat?post=154860"},{"taxonomy":"product_tag","embeddable":true,"href":"https:\/\/www.erresse-shop.it\/de\/wp-json\/wp\/v2\/product_tag?post=154860"}],"curies":[{"name":"wp","href":"https:\/\/api.w.org\/{rel}","templated":true}]}}