{"id":15465,"date":"2015-02-10T19:18:45","date_gmt":"2015-02-10T19:18:45","guid":{"rendered":"https:\/\/www.erresse-shop.it\/?post_type=product&#038;p=15465"},"modified":"2025-09-22T09:10:20","modified_gmt":"2025-09-22T09:10:20","slug":"staub-cocotte-rund-22cm-graphit-grau","status":"publish","type":"product","link":"https:\/\/www.erresse-shop.it\/de\/shop\/toepfe-pfannen\/schalldaempfer-und-kokotten\/staub-cocotte-rund-22cm-graphit-grau\/","title":{"rendered":"STAUB Runde Cocotte aus Gusseisen 22 cm Graphit Grau"},"content":{"rendered":"<p>Slow Cooking liegt wieder im Trend und begeistert junge K\u00f6che ebenso wie erfahrene K\u00f6che. Die besonderen Aromen von langsam gegartem Fleisch und Gem\u00fcse entfalten sich wunderbar in einem Schmortopf wie dieser graphitgrauen, runden Cocotte. Es wurde von Staub mit einem einfachen und attraktiven Design und aus Materialien von au\u00dfergew\u00f6hnlicher Qualit\u00e4t hergestellt. Mit einem Durchmesser von 22 cm ist dieser Kochtopf aus der Serie La Cocotte der ideale Topf f\u00fcr kleinere Familien oder f\u00fcr individuelle Zubereitungen. Mit einem Fassungsverm\u00f6gen von 2,6 Litern k\u00f6nnen Sie Gem\u00fcse, Fisch oder Fleisch in kleinen Mengen zubereiten. Die Innenseite der Cocotte ist mit mattschwarzer Emaille beschichtet, um einen perfekten Schmoreffekt zu erzielen, der den nat\u00fcrlichen Geschmack der Zutaten hervorhebt. Die Eigenschaften des Produkts verbessern sich mit jeder Anwendung schrittweise. Selbstverst\u00e4ndlich k\u00f6nnen Sie die Cocotte von Staub auf jedem Herd verwenden. Dank der Kombination aus Gusseisen und Emaille wird die Hitze im Inneren der Cocotte optimal verteilt. Gusseisen l\u00e4sst sich schnell und einfach reinigen und ist robust und langlebig. Probieren Sie die praktische Cocotte von Staub und bereiten Sie wunderbare Eint\u00f6pfe ganz einfach in Ihrer eigenen K\u00fcche zu.<\/p>\n<ul>\n<li>Ideal zum Anbraten und langsamen Garen von Fleisch, Fisch oder Gem\u00fcse<\/li>\n<li>F\u00fcr ein saftiges und zartes Garergebnis dank Deckel<\/li>\n<li>Die mattschwarze Innenemaillierung eignet sich optimal f\u00fcr eine besonders knusprige Br\u00e4unung und ist sehr widerstandsf\u00e4hig<\/li>\n<li>F\u00fcr alle Herdarten geeignet, auch Induktion, auch f\u00fcr den Backofen\/Grill geeignet<\/li>\n<\/ul>\n<p><strong>Produktmerkmale:<\/strong><\/p>\n<div Klasse=\"Dimensionen-Inhalt\">\n<div Klasse=\"Produkt-Hauptattribute\">\n<ul>\n<li class=\"attribute\"><span class=\"label\">Hitzebest\u00e4ndigkeit: <\/span><span class=\"value\">260 \u00baC<\/span><\/li>\n<li class=\"attribute\"><span class=\"label\">K\u00e4ltebest\u00e4ndigkeit: <\/span><span class=\"value\">-20 \u00baC<\/span><\/li>\n<li class=\"attribute\"><span class=\"label\">Material: <\/span><span class=\"value\">Gusseisen<\/span><\/li>\n<li class=\"attribute\"><span class=\"label\">Innenbeschichtung: <\/span><span class=\"value\">Emaille<\/span><\/li>\n<li class=\"attribute\"><span class=\"label\">Vorhandener Deckel: <\/span><span class=\"value\">ja<\/span><\/li>\n<li class=\"attribute\"><span class=\"label\">Induktion: <\/span><span class=\"value\">Ja<\/span><\/li>\n<li class=\"attribute\"><span class=\"label\">Ofenfest: <\/span><span class=\"value\">Ja<\/span><\/li>\n<li class=\"attribute\"><span class=\"label\">Gefrierschrankgeeignet: <\/span><span class=\"value\">Ja<\/span><\/li>\n<li class=\"attribute\"><span class=\"label\">Herdplattengeeignet: <\/span><span class=\"value\">Ja<\/span><\/li>\n<li class=\"attribute\"><span class=\"label\">Sp\u00fclmaschinenfest: <\/span><span class=\"value\">Ja<\/span><\/li>\n<\/ul>\n<\/div>\n<\/div>\n<div Klasse=\"Dimensionen-Inhalt\">\n<p><strong><span class=\"dimensions\">Abmessungen:<\/span><\/strong><\/p>\n<div Klasse=\"Produkt-Hauptattribute\">\n<ul>\n<li class=\"attribute\"><span class=\"label\">Nettogewicht: <\/span><span class=\"value\">3,95 kg<\/span><\/li>\n<li class=\"attribute\"><span class=\"label\">Fassungsverm\u00f6gen: <\/span><span class=\"value\">2,60 l<\/span><\/li>\n<li class=\"attribute\"><span class=\"label\">Produktl\u00e4nge: <\/span><span class=\"value\">28,40 cm<\/span><\/li>\n<li class=\"attribute\"><span class=\"label\">Produktbreite: <\/span><span class=\"value\">22,00 cm<\/span><\/li>\n<li class=\"attribute\"><span class=\"label\">Produkth\u00f6he: <\/span><span class=\"value\">14,70 cm<\/span><\/li>\n<li class=\"attribute\"><span class=\"label\">H\u00f6he ohne Deckel: <\/span><span class=\"value\">9,90 cm<\/span><\/li>\n<li class=\"attribute\"><span class=\"label\">Oberer Durchmesser: <\/span><span class=\"value\">22,00 cm<\/span><\/li>\n<li class=\"attribute\"><span class=\"label\">Bodendurchmesser: <\/span><span class=\"value\">17,10 cm<\/span><\/li>\n<li class=\"attribute\"><span class=\"label\">Griffl\u00e4nge: <\/span><span class=\"value\">3,00 cm<\/span><\/li>\n<\/ul>\n<\/div>\n<\/div>\n","protected":false},"excerpt":{"rendered":"<p>Slow Cooking liegt wieder im Trend und begeistert junge K\u00f6che ebenso wie erfahrene K\u00f6che. Die besonderen Aromen von langsam gegartem<\/p>\n","protected":false},"featured_media":476264,"template":"","meta":{"_acf_changed":false,"inline_featured_image":false},"product_cat":[6709,14793],"product_tag":[11387,11381,11385,12205],"acf":[],"yoast_head":"<!-- This site is optimized with the Yoast SEO Premium plugin v18.6 (Yoast SEO v19.13) - https:\/\/yoast.com\/wordpress\/plugins\/seo\/ -->\n<title>STAUB Runde Cocotte aus Gusseisen 22 cm Graphit Grau - Erresse Shop<\/title>\n<meta name=\"description\" content=\"Slow Cooking liegt wieder im Trend und begeistert junge K\u00f6che ebenso wie erfahrene K\u00f6che. Die besonderen Aromen von langsam gegartem Fleisch und Gem\u00fcse\" \/>\n<meta name=\"robots\" content=\"index, follow, max-snippet:-1, max-image-preview:large, max-video-preview:-1\" \/>\n<link rel=\"canonical\" href=\"https:\/\/www.erresse-shop.it\/de\/shop\/toepfe-pfannen\/schalldaempfer-und-kokotten\/staub-cocotte-rund-22cm-graphit-grau\/\" \/>\n<meta property=\"og:locale\" content=\"de_DE\" \/>\n<meta property=\"og:type\" content=\"article\" \/>\n<meta property=\"og:title\" content=\"STAUB Runde Cocotte aus Gusseisen 22 cm Graphit Grau\" \/>\n<meta property=\"og:description\" content=\"Slow Cooking liegt wieder im Trend und begeistert junge K\u00f6che ebenso wie erfahrene K\u00f6che. Die besonderen Aromen von langsam gegartem Fleisch und Gem\u00fcse\" \/>\n<meta property=\"og:url\" content=\"https:\/\/www.erresse-shop.it\/de\/shop\/toepfe-pfannen\/schalldaempfer-und-kokotten\/staub-cocotte-rund-22cm-graphit-grau\/\" \/>\n<meta property=\"og:site_name\" content=\"Erresse Shop\" \/>\n<meta property=\"article:modified_time\" content=\"2025-09-22T09:10:20+00:00\" \/>\n<meta property=\"og:image\" content=\"https:\/\/www.erresse-shop.it\/wp-content\/uploads\/2015\/02\/STAUB-Cocotte-Tonda-Ghisa-22-cm-Grigio-Grafite.jpg\" \/>\n\t<meta property=\"og:image:width\" content=\"1200\" \/>\n\t<meta property=\"og:image:height\" content=\"1200\" \/>\n\t<meta property=\"og:image:type\" content=\"image\/jpeg\" \/>\n<meta name=\"twitter:card\" content=\"summary_large_image\" \/>\n<script type=\"application\/ld+json\" class=\"yoast-schema-graph\">{\"@context\":\"https:\/\/schema.org\",\"@graph\":[{\"@type\":\"WebPage\",\"@id\":\"https:\/\/www.erresse-shop.it\/de\/shop\/toepfe-pfannen\/schalldaempfer-und-kokotten\/staub-cocotte-rund-22cm-graphit-grau\/\",\"url\":\"https:\/\/www.erresse-shop.it\/de\/shop\/toepfe-pfannen\/schalldaempfer-und-kokotten\/staub-cocotte-rund-22cm-graphit-grau\/\",\"name\":\"STAUB Runde Cocotte aus Gusseisen 22 cm Graphit Grau - Erresse Shop\",\"isPartOf\":{\"@id\":\"https:\/\/www.erresse-shop.it\/de\/#website\"},\"datePublished\":\"2015-02-10T19:18:45+00:00\",\"dateModified\":\"2025-09-22T09:10:20+00:00\",\"description\":\"Slow Cooking liegt wieder im Trend und begeistert junge K\u00f6che ebenso wie erfahrene K\u00f6che. Die besonderen Aromen von langsam gegartem Fleisch und Gem\u00fcse\",\"breadcrumb\":{\"@id\":\"https:\/\/www.erresse-shop.it\/de\/shop\/toepfe-pfannen\/schalldaempfer-und-kokotten\/staub-cocotte-rund-22cm-graphit-grau\/#breadcrumb\"},\"inLanguage\":\"de-DE\",\"potentialAction\":[{\"@type\":\"ReadAction\",\"target\":[\"https:\/\/www.erresse-shop.it\/de\/shop\/toepfe-pfannen\/schalldaempfer-und-kokotten\/staub-cocotte-rund-22cm-graphit-grau\/\"]}]},{\"@type\":\"BreadcrumbList\",\"@id\":\"https:\/\/www.erresse-shop.it\/de\/shop\/toepfe-pfannen\/schalldaempfer-und-kokotten\/staub-cocotte-rund-22cm-graphit-grau\/#breadcrumb\",\"itemListElement\":[{\"@type\":\"ListItem\",\"position\":1,\"name\":\"Home\",\"item\":\"https:\/\/www.erresse-shop.it\/de\/\"},{\"@type\":\"ListItem\",\"position\":2,\"name\":\"Shop\",\"item\":\"https:\/\/www.erresse-shop.it\/de\/shop\/\"},{\"@type\":\"ListItem\",\"position\":3,\"name\":\"STAUB Runde Cocotte aus Gusseisen 22 cm Graphit Grau\"}]},{\"@type\":\"WebSite\",\"@id\":\"https:\/\/www.erresse-shop.it\/de\/#website\",\"url\":\"https:\/\/www.erresse-shop.it\/de\/\",\"name\":\"Erresse Shop\",\"description\":\"Articoli di qualit\u00e0 per la casa\",\"potentialAction\":[{\"@type\":\"SearchAction\",\"target\":{\"@type\":\"EntryPoint\",\"urlTemplate\":\"https:\/\/www.erresse-shop.it\/de\/?s={search_term_string}\"},\"query-input\":\"required name=search_term_string\"}],\"inLanguage\":\"de-DE\"}]}<\/script>\n<!-- \/ Yoast SEO Premium plugin. -->","yoast_head_json":{"title":"STAUB Runde Cocotte aus Gusseisen 22 cm Graphit Grau - Erresse Shop","description":"Slow Cooking liegt wieder im Trend und begeistert junge K\u00f6che ebenso wie erfahrene K\u00f6che. Die besonderen Aromen von langsam gegartem Fleisch und Gem\u00fcse","robots":{"index":"index","follow":"follow","max-snippet":"max-snippet:-1","max-image-preview":"max-image-preview:large","max-video-preview":"max-video-preview:-1"},"canonical":"https:\/\/www.erresse-shop.it\/de\/shop\/toepfe-pfannen\/schalldaempfer-und-kokotten\/staub-cocotte-rund-22cm-graphit-grau\/","og_locale":"de_DE","og_type":"article","og_title":"STAUB Runde Cocotte aus Gusseisen 22 cm Graphit Grau","og_description":"Slow Cooking liegt wieder im Trend und begeistert junge K\u00f6che ebenso wie erfahrene K\u00f6che. Die besonderen Aromen von langsam gegartem Fleisch und Gem\u00fcse","og_url":"https:\/\/www.erresse-shop.it\/de\/shop\/toepfe-pfannen\/schalldaempfer-und-kokotten\/staub-cocotte-rund-22cm-graphit-grau\/","og_site_name":"Erresse Shop","article_modified_time":"2025-09-22T09:10:20+00:00","og_image":[{"width":1200,"height":1200,"url":"https:\/\/www.erresse-shop.it\/wp-content\/uploads\/2015\/02\/STAUB-Cocotte-Tonda-Ghisa-22-cm-Grigio-Grafite.jpg","type":"image\/jpeg"}],"twitter_card":"summary_large_image","schema":{"@context":"https:\/\/schema.org","@graph":[{"@type":"WebPage","@id":"https:\/\/www.erresse-shop.it\/de\/shop\/toepfe-pfannen\/schalldaempfer-und-kokotten\/staub-cocotte-rund-22cm-graphit-grau\/","url":"https:\/\/www.erresse-shop.it\/de\/shop\/toepfe-pfannen\/schalldaempfer-und-kokotten\/staub-cocotte-rund-22cm-graphit-grau\/","name":"STAUB Runde Cocotte aus Gusseisen 22 cm Graphit Grau - Erresse Shop","isPartOf":{"@id":"https:\/\/www.erresse-shop.it\/de\/#website"},"datePublished":"2015-02-10T19:18:45+00:00","dateModified":"2025-09-22T09:10:20+00:00","description":"Slow Cooking liegt wieder im Trend und begeistert junge K\u00f6che ebenso wie erfahrene K\u00f6che. Die besonderen Aromen von langsam gegartem Fleisch und Gem\u00fcse","breadcrumb":{"@id":"https:\/\/www.erresse-shop.it\/de\/shop\/toepfe-pfannen\/schalldaempfer-und-kokotten\/staub-cocotte-rund-22cm-graphit-grau\/#breadcrumb"},"inLanguage":"de-DE","potentialAction":[{"@type":"ReadAction","target":["https:\/\/www.erresse-shop.it\/de\/shop\/toepfe-pfannen\/schalldaempfer-und-kokotten\/staub-cocotte-rund-22cm-graphit-grau\/"]}]},{"@type":"BreadcrumbList","@id":"https:\/\/www.erresse-shop.it\/de\/shop\/toepfe-pfannen\/schalldaempfer-und-kokotten\/staub-cocotte-rund-22cm-graphit-grau\/#breadcrumb","itemListElement":[{"@type":"ListItem","position":1,"name":"Home","item":"https:\/\/www.erresse-shop.it\/de\/"},{"@type":"ListItem","position":2,"name":"Shop","item":"https:\/\/www.erresse-shop.it\/de\/shop\/"},{"@type":"ListItem","position":3,"name":"STAUB Runde Cocotte aus Gusseisen 22 cm Graphit Grau"}]},{"@type":"WebSite","@id":"https:\/\/www.erresse-shop.it\/de\/#website","url":"https:\/\/www.erresse-shop.it\/de\/","name":"Erresse Shop","description":"Articoli di qualit\u00e0 per la casa","potentialAction":[{"@type":"SearchAction","target":{"@type":"EntryPoint","urlTemplate":"https:\/\/www.erresse-shop.it\/de\/?s={search_term_string}"},"query-input":"required name=search_term_string"}],"inLanguage":"de-DE"}]}},"df_price":159,"df_sale_price":159,"df_regular_price":249,"df_image_link":"https:\/\/www.erresse-shop.it\/wp-content\/uploads\/2015\/02\/STAUB-Cocotte-Tonda-Ghisa-22-cm-Grigio-Grafite-300x300.jpg","_links":{"self":[{"href":"https:\/\/www.erresse-shop.it\/de\/wp-json\/wp\/v2\/product\/15465"}],"collection":[{"href":"https:\/\/www.erresse-shop.it\/de\/wp-json\/wp\/v2\/product"}],"about":[{"href":"https:\/\/www.erresse-shop.it\/de\/wp-json\/wp\/v2\/types\/product"}],"wp:featuredmedia":[{"embeddable":true,"href":"https:\/\/www.erresse-shop.it\/de\/wp-json\/wp\/v2\/media\/476264"}],"wp:attachment":[{"href":"https:\/\/www.erresse-shop.it\/de\/wp-json\/wp\/v2\/media?parent=15465"}],"wp:term":[{"taxonomy":"product_cat","embeddable":true,"href":"https:\/\/www.erresse-shop.it\/de\/wp-json\/wp\/v2\/product_cat?post=15465"},{"taxonomy":"product_tag","embeddable":true,"href":"https:\/\/www.erresse-shop.it\/de\/wp-json\/wp\/v2\/product_tag?post=15465"}],"curies":[{"name":"wp","href":"https:\/\/api.w.org\/{rel}","templated":true}]}}