{"id":150927,"date":"2022-04-11T07:52:47","date_gmt":"2022-04-11T07:52:48","guid":{"rendered":"https:\/\/www.erresse-shop.it\/?post_type=product&#038;p=150927"},"modified":"2025-05-22T05:46:22","modified_gmt":"2025-05-22T05:46:22","slug":"sage-creatista-plus","status":"publish","type":"product","link":"https:\/\/www.erresse-shop.it\/de\/shop\/kleine-elektrogeraete\/kaffeemaschinen-espresso\/pads-und-kapseln\/sage-creatista-plus\/","title":{"rendered":"SAGE Creatista Plus"},"content":{"rendered":"<p>Nespresso Creatista Plus bietet Ihnen die M\u00f6glichkeit, Ihren Lieblingskaffee zu Hause genauso gut zuzubereiten wie in der Bar. Die Creatista Plus mit ihrem eleganten Design und der Edelstahloberfl\u00e4che verf\u00fcgt \u00fcber eine 3-sek\u00fcndige Aufw\u00e4rmzeit, 8 Texturstufen und 11 Milchtemperaturstufen. Jede Maschine wird mit einem Milchk\u00e4nnchen aus Edelstahl geliefert.<\/p>\n<p><strong>Mikrobl\u00e4schen-Schaum wie an der Bar:<\/strong><\/p>\n<p>Dank der vollautomatischen Dampffunktion k\u00f6nnen Sie bequem von zu Hause aus die perfekte Milch f\u00fcr die Zubereitung von Milchkaffee in der von Ihnen gew\u00fcnschten Temperatur zubereiten.<\/p>\n<p><strong>Komfort ohne Kompromisse:<\/strong><\/p>\n<p>Der ganze Komfort einer Nespresso-Kapselkaffeemaschine, erstmals kombiniert mit der fortschrittlichen Mikroblasen-Milchaufsch\u00e4umungstechnologie von Sage.<\/p>\n<p><strong>Kreieren Sie ganz einfach Ihren Lieblingskaffee:<\/strong><\/p>\n<p>Egal, ob Sie einen schwarzen Kaffee bevorzugen oder ihn mit perfekt strukturierter Milch servieren, das intuitive digitale Display f\u00fchrt Sie durch die verschiedenen Kaffeezubereitungen und erm\u00f6glicht es Ihnen, diese zu personalisieren.<\/p>\n<p><strong>Auto-Clean-Funktion:<\/strong><\/p>\n<p>Der automatische Dampfstrahler f\u00fchrt einen Waschgang f\u00fcr die Grundreinigung durch.<\/p>\n<p><strong>Kaffeezubereitungen<\/strong>:<\/p>\n<p>Ristretto, Espresso, Lungo, Latte, Cappuccino, Latte macchiato<\/p>\n<p>Stromversorgung: 1500 Watt<\/p>\n<p>Abmessungen (BxTxH): 40,8 x 17,1 x 31 cm<\/p>\n<p>Konstruktionsmaterialien: Ausf\u00fchrung in Edelstahl<\/p>\n<p>Gewicht: 5,2 kg<\/p>\n<p>Fassungsverm\u00f6gen: 1,5 l abnehmbarer Beh\u00e4lter<\/p>\n<p>Kapselbeh\u00e4lter: 12 gebrauchte Kapseln<\/p>\n<p>Tropfschale: Herausnehmbare Schale und Anzeige f\u00fcr volle Schale<\/p>\n<p>Pumpendruck: 19 bar Druck<\/p>\n<p>Heizsystem: ThermoJet\u00ae-Heizelement<\/p>\n<p>Aufheizzeit: 3 Sekunden<\/p>\n<p>Spannung: 220-240 Volt<\/p>\n<p><strong>Einstellungen<\/strong>:<\/p>\n<ul>\n<li>3 programmierbare Gr\u00f6\u00dfen<\/li>\n<li>8 Texturstufen und 11 Milchtemperaturstufen<\/li>\n<li>Programmierbare Wasserh\u00e4rte<\/li>\n<\/ul>\n<p><strong>Zubeh\u00f6r:<\/strong><\/p>\n<ul>\n<li>Edelstahl-Milchk\u00e4nnchen und eine Auswahl an Nespresso-Kapseln zum Probieren<\/li>\n<li>Abnehmbarer Becherhalter<\/li>\n<li>BPA-freie Materialien<\/li>\n<li>Digitales Farbdisplay<\/li>\n<\/ul>\n<p>Garantie: 2 Jahre f\u00fcr Reparatur oder Ersatz (Deckung direkt durch Nespresso)<\/p>\n<p><strong>Nicht zum Verkauf au\u00dferhalb Europas<\/strong><\/p>\n","protected":false},"excerpt":{"rendered":"<p>Nespresso Creatista Plus bietet Ihnen die M\u00f6glichkeit, Ihren Lieblingskaffee zu Hause genauso gut zuzubereiten wie in der Bar. Die Creatista<\/p>\n","protected":false},"featured_media":150938,"template":"","meta":{"_acf_changed":false,"inline_featured_image":false},"product_cat":[6733,6703,25381],"product_tag":[23564,23587],"acf":[],"yoast_head":"<!-- This site is optimized with the Yoast SEO Premium plugin v18.6 (Yoast SEO v19.13) - https:\/\/yoast.com\/wordpress\/plugins\/seo\/ -->\n<title>SAGE Creatista Plus - Erresse Shop<\/title>\n<meta name=\"description\" content=\"Nespresso Creatista Plus bietet Ihnen die M\u00f6glichkeit, Ihren Lieblingskaffee zu Hause genauso gut zuzubereiten wie in der Bar. Die Creatista Plus mit\" \/>\n<meta name=\"robots\" content=\"index, follow, max-snippet:-1, max-image-preview:large, max-video-preview:-1\" \/>\n<link rel=\"canonical\" href=\"https:\/\/www.erresse-shop.it\/de\/shop\/kleine-elektrogeraete\/kaffeemaschinen-espresso\/pads-und-kapseln\/sage-creatista-plus\/\" \/>\n<meta property=\"og:locale\" content=\"de_DE\" \/>\n<meta property=\"og:type\" content=\"article\" \/>\n<meta property=\"og:title\" content=\"SAGE Creatista Plus\" \/>\n<meta property=\"og:description\" content=\"Nespresso Creatista Plus bietet Ihnen die M\u00f6glichkeit, Ihren Lieblingskaffee zu Hause genauso gut zuzubereiten wie in der Bar. Die Creatista Plus mit\" \/>\n<meta property=\"og:url\" content=\"https:\/\/www.erresse-shop.it\/de\/shop\/kleine-elektrogeraete\/kaffeemaschinen-espresso\/pads-und-kapseln\/sage-creatista-plus\/\" \/>\n<meta property=\"og:site_name\" content=\"Erresse Shop\" \/>\n<meta property=\"article:modified_time\" content=\"2025-05-22T05:46:22+00:00\" \/>\n<meta property=\"og:image\" content=\"https:\/\/www.erresse-shop.it\/wp-content\/uploads\/2022\/04\/Creatista-Plus-1.jpg\" \/>\n\t<meta property=\"og:image:width\" content=\"1000\" \/>\n\t<meta property=\"og:image:height\" content=\"1000\" \/>\n\t<meta property=\"og:image:type\" content=\"image\/jpeg\" \/>\n<meta name=\"twitter:card\" content=\"summary_large_image\" \/>\n<script type=\"application\/ld+json\" class=\"yoast-schema-graph\">{\"@context\":\"https:\/\/schema.org\",\"@graph\":[{\"@type\":\"WebPage\",\"@id\":\"https:\/\/www.erresse-shop.it\/de\/shop\/kleine-elektrogeraete\/kaffeemaschinen-espresso\/pads-und-kapseln\/sage-creatista-plus\/\",\"url\":\"https:\/\/www.erresse-shop.it\/de\/shop\/kleine-elektrogeraete\/kaffeemaschinen-espresso\/pads-und-kapseln\/sage-creatista-plus\/\",\"name\":\"SAGE Creatista Plus - Erresse Shop\",\"isPartOf\":{\"@id\":\"https:\/\/www.erresse-shop.it\/de\/#website\"},\"datePublished\":\"2022-04-11T07:52:48+00:00\",\"dateModified\":\"2025-05-22T05:46:22+00:00\",\"description\":\"Nespresso Creatista Plus bietet Ihnen die M\u00f6glichkeit, Ihren Lieblingskaffee zu Hause genauso gut zuzubereiten wie in der Bar. Die Creatista Plus mit\",\"breadcrumb\":{\"@id\":\"https:\/\/www.erresse-shop.it\/de\/shop\/kleine-elektrogeraete\/kaffeemaschinen-espresso\/pads-und-kapseln\/sage-creatista-plus\/#breadcrumb\"},\"inLanguage\":\"de-DE\",\"potentialAction\":[{\"@type\":\"ReadAction\",\"target\":[\"https:\/\/www.erresse-shop.it\/de\/shop\/kleine-elektrogeraete\/kaffeemaschinen-espresso\/pads-und-kapseln\/sage-creatista-plus\/\"]}]},{\"@type\":\"BreadcrumbList\",\"@id\":\"https:\/\/www.erresse-shop.it\/de\/shop\/kleine-elektrogeraete\/kaffeemaschinen-espresso\/pads-und-kapseln\/sage-creatista-plus\/#breadcrumb\",\"itemListElement\":[{\"@type\":\"ListItem\",\"position\":1,\"name\":\"Home\",\"item\":\"https:\/\/www.erresse-shop.it\/de\/\"},{\"@type\":\"ListItem\",\"position\":2,\"name\":\"Shop\",\"item\":\"https:\/\/www.erresse-shop.it\/de\/shop\/\"},{\"@type\":\"ListItem\",\"position\":3,\"name\":\"SAGE Creatista Plus\"}]},{\"@type\":\"WebSite\",\"@id\":\"https:\/\/www.erresse-shop.it\/de\/#website\",\"url\":\"https:\/\/www.erresse-shop.it\/de\/\",\"name\":\"Erresse Shop\",\"description\":\"Articoli di qualit\u00e0 per la casa\",\"potentialAction\":[{\"@type\":\"SearchAction\",\"target\":{\"@type\":\"EntryPoint\",\"urlTemplate\":\"https:\/\/www.erresse-shop.it\/de\/?s={search_term_string}\"},\"query-input\":\"required name=search_term_string\"}],\"inLanguage\":\"de-DE\"}]}<\/script>\n<!-- \/ Yoast SEO Premium plugin. -->","yoast_head_json":{"title":"SAGE Creatista Plus - Erresse Shop","description":"Nespresso Creatista Plus bietet Ihnen die M\u00f6glichkeit, Ihren Lieblingskaffee zu Hause genauso gut zuzubereiten wie in der Bar. Die Creatista Plus mit","robots":{"index":"index","follow":"follow","max-snippet":"max-snippet:-1","max-image-preview":"max-image-preview:large","max-video-preview":"max-video-preview:-1"},"canonical":"https:\/\/www.erresse-shop.it\/de\/shop\/kleine-elektrogeraete\/kaffeemaschinen-espresso\/pads-und-kapseln\/sage-creatista-plus\/","og_locale":"de_DE","og_type":"article","og_title":"SAGE Creatista Plus","og_description":"Nespresso Creatista Plus bietet Ihnen die M\u00f6glichkeit, Ihren Lieblingskaffee zu Hause genauso gut zuzubereiten wie in der Bar. Die Creatista Plus mit","og_url":"https:\/\/www.erresse-shop.it\/de\/shop\/kleine-elektrogeraete\/kaffeemaschinen-espresso\/pads-und-kapseln\/sage-creatista-plus\/","og_site_name":"Erresse Shop","article_modified_time":"2025-05-22T05:46:22+00:00","og_image":[{"width":1000,"height":1000,"url":"https:\/\/www.erresse-shop.it\/wp-content\/uploads\/2022\/04\/Creatista-Plus-1.jpg","type":"image\/jpeg"}],"twitter_card":"summary_large_image","schema":{"@context":"https:\/\/schema.org","@graph":[{"@type":"WebPage","@id":"https:\/\/www.erresse-shop.it\/de\/shop\/kleine-elektrogeraete\/kaffeemaschinen-espresso\/pads-und-kapseln\/sage-creatista-plus\/","url":"https:\/\/www.erresse-shop.it\/de\/shop\/kleine-elektrogeraete\/kaffeemaschinen-espresso\/pads-und-kapseln\/sage-creatista-plus\/","name":"SAGE Creatista Plus - Erresse Shop","isPartOf":{"@id":"https:\/\/www.erresse-shop.it\/de\/#website"},"datePublished":"2022-04-11T07:52:48+00:00","dateModified":"2025-05-22T05:46:22+00:00","description":"Nespresso Creatista Plus bietet Ihnen die M\u00f6glichkeit, Ihren Lieblingskaffee zu Hause genauso gut zuzubereiten wie in der Bar. Die Creatista Plus mit","breadcrumb":{"@id":"https:\/\/www.erresse-shop.it\/de\/shop\/kleine-elektrogeraete\/kaffeemaschinen-espresso\/pads-und-kapseln\/sage-creatista-plus\/#breadcrumb"},"inLanguage":"de-DE","potentialAction":[{"@type":"ReadAction","target":["https:\/\/www.erresse-shop.it\/de\/shop\/kleine-elektrogeraete\/kaffeemaschinen-espresso\/pads-und-kapseln\/sage-creatista-plus\/"]}]},{"@type":"BreadcrumbList","@id":"https:\/\/www.erresse-shop.it\/de\/shop\/kleine-elektrogeraete\/kaffeemaschinen-espresso\/pads-und-kapseln\/sage-creatista-plus\/#breadcrumb","itemListElement":[{"@type":"ListItem","position":1,"name":"Home","item":"https:\/\/www.erresse-shop.it\/de\/"},{"@type":"ListItem","position":2,"name":"Shop","item":"https:\/\/www.erresse-shop.it\/de\/shop\/"},{"@type":"ListItem","position":3,"name":"SAGE Creatista Plus"}]},{"@type":"WebSite","@id":"https:\/\/www.erresse-shop.it\/de\/#website","url":"https:\/\/www.erresse-shop.it\/de\/","name":"Erresse Shop","description":"Articoli di qualit\u00e0 per la casa","potentialAction":[{"@type":"SearchAction","target":{"@type":"EntryPoint","urlTemplate":"https:\/\/www.erresse-shop.it\/de\/?s={search_term_string}"},"query-input":"required name=search_term_string"}],"inLanguage":"de-DE"}]}},"df_price":529,"df_sale_price":529,"df_regular_price":549.9,"df_image_link":"https:\/\/www.erresse-shop.it\/wp-content\/uploads\/2022\/04\/Creatista-Plus-1-300x300.jpg","_links":{"self":[{"href":"https:\/\/www.erresse-shop.it\/de\/wp-json\/wp\/v2\/product\/150927"}],"collection":[{"href":"https:\/\/www.erresse-shop.it\/de\/wp-json\/wp\/v2\/product"}],"about":[{"href":"https:\/\/www.erresse-shop.it\/de\/wp-json\/wp\/v2\/types\/product"}],"wp:featuredmedia":[{"embeddable":true,"href":"https:\/\/www.erresse-shop.it\/de\/wp-json\/wp\/v2\/media\/150938"}],"wp:attachment":[{"href":"https:\/\/www.erresse-shop.it\/de\/wp-json\/wp\/v2\/media?parent=150927"}],"wp:term":[{"taxonomy":"product_cat","embeddable":true,"href":"https:\/\/www.erresse-shop.it\/de\/wp-json\/wp\/v2\/product_cat?post=150927"},{"taxonomy":"product_tag","embeddable":true,"href":"https:\/\/www.erresse-shop.it\/de\/wp-json\/wp\/v2\/product_tag?post=150927"}],"curies":[{"name":"wp","href":"https:\/\/api.w.org\/{rel}","templated":true}]}}