{"id":150875,"date":"2022-04-11T07:14:15","date_gmt":"2022-04-11T07:14:16","guid":{"rendered":"https:\/\/www.erresse-shop.it\/?post_type=product&#038;p=150875"},"modified":"2025-05-22T05:49:29","modified_gmt":"2025-05-22T05:49:29","slug":"sage-the-smart-oven-pizzaiolo","status":"publish","type":"product","link":"https:\/\/www.erresse-shop.it\/de\/shop\/kleine-elektrogeraete\/oefen\/sage-the-smart-oven-pizzaiolo\/","title":{"rendered":"SAGE The Smart Oven Pizzaiolo"},"content":{"rendered":"<p>Der Pizzaiolo ist der erste Elektroofen f\u00fcr den Hausgebrauch, der eine Temperatur von bis zu 400 \u00b0C erreicht, um eine Pizza in 2 Minuten mit einem authentischen Geschmack zu backen, als k\u00e4me sie gerade aus einem Holzofen. Das Ger\u00e4t ahmt die drei Arten von W\u00e4rme nach, die in einem gemauerten Ofen erzeugt werden: konduktiv, strahlend und konvektiv. Das Element iQ System reproduziert auch die ideale Umgebung f\u00fcr die Zubereitung verschiedener Pizzasorten: New York, Pan (Pfanne), Thin &amp; Crispy und Frozen.<\/p>\n<p><strong>Zubeh\u00f6r<\/strong>:<\/p>\n<ul>\n<li>Pizzaschaufel<\/li>\n<\/ul>\n<p><strong>Einstellungen<\/strong>:<\/p>\n<ul>\n<li>7 vorprogrammierte Einstellungen und manueller Modus<\/li>\n<\/ul>\n<p>Fassungsverm\u00f6gen: 30 cm Pizza<\/p>\n<p>Stromversorgung: 1890W &#8211; 2250W<\/p>\n<p>Abmessungen (BxTxH): 47,2 x 46,5 x 27,3 cm<\/p>\n<p>Spannung: 220-240 V<\/p>\n<p>Baumaterial: Rostfreier Stahl<\/p>\n<p>Garantie: 2 Jahre f\u00fcr Reparatur oder Ersatz<\/p>\n<p><strong>Nicht zum Verkauf au\u00dferhalb Europas<\/strong><\/p>\n","protected":false},"excerpt":{"rendered":"<p>Der Pizzaiolo ist der erste Elektroofen f\u00fcr den Hausgebrauch, der eine Temperatur von bis zu 400 \u00b0C erreicht, um eine<\/p>\n","protected":false},"featured_media":150892,"template":"","meta":{"_acf_changed":false,"inline_featured_image":false},"product_cat":[6703,15659],"product_tag":[12236],"acf":[],"yoast_head":"<!-- This site is optimized with the Yoast SEO Premium plugin v18.6 (Yoast SEO v19.13) - https:\/\/yoast.com\/wordpress\/plugins\/seo\/ -->\n<title>SAGE The Smart Oven Pizzaiolo - Erresse Shop<\/title>\n<meta name=\"description\" content=\"Der Pizzaiolo ist der erste Elektroofen f\u00fcr den Hausgebrauch, der eine Temperatur von bis zu 400 \u00b0C erreicht, um eine Pizza in 2 Minuten mit einem\" \/>\n<meta name=\"robots\" content=\"index, follow, max-snippet:-1, max-image-preview:large, max-video-preview:-1\" \/>\n<link rel=\"canonical\" href=\"https:\/\/www.erresse-shop.it\/de\/shop\/kleine-elektrogeraete\/oefen\/sage-the-smart-oven-pizzaiolo\/\" \/>\n<meta property=\"og:locale\" content=\"de_DE\" \/>\n<meta property=\"og:type\" content=\"article\" \/>\n<meta property=\"og:title\" content=\"SAGE The Smart Oven Pizzaiolo\" \/>\n<meta property=\"og:description\" content=\"Der Pizzaiolo ist der erste Elektroofen f\u00fcr den Hausgebrauch, der eine Temperatur von bis zu 400 \u00b0C erreicht, um eine Pizza in 2 Minuten mit einem\" \/>\n<meta property=\"og:url\" content=\"https:\/\/www.erresse-shop.it\/de\/shop\/kleine-elektrogeraete\/oefen\/sage-the-smart-oven-pizzaiolo\/\" \/>\n<meta property=\"og:site_name\" content=\"Erresse Shop\" \/>\n<meta property=\"article:modified_time\" content=\"2025-05-22T05:49:29+00:00\" \/>\n<meta property=\"og:image\" content=\"https:\/\/www.erresse-shop.it\/wp-content\/uploads\/2022\/04\/The-Smart-Oven.jpg\" \/>\n\t<meta property=\"og:image:width\" content=\"1000\" \/>\n\t<meta property=\"og:image:height\" content=\"1000\" \/>\n\t<meta property=\"og:image:type\" content=\"image\/jpeg\" \/>\n<meta name=\"twitter:card\" content=\"summary_large_image\" \/>\n<script type=\"application\/ld+json\" class=\"yoast-schema-graph\">{\"@context\":\"https:\/\/schema.org\",\"@graph\":[{\"@type\":\"WebPage\",\"@id\":\"https:\/\/www.erresse-shop.it\/de\/shop\/kleine-elektrogeraete\/oefen\/sage-the-smart-oven-pizzaiolo\/\",\"url\":\"https:\/\/www.erresse-shop.it\/de\/shop\/kleine-elektrogeraete\/oefen\/sage-the-smart-oven-pizzaiolo\/\",\"name\":\"SAGE The Smart Oven Pizzaiolo - Erresse Shop\",\"isPartOf\":{\"@id\":\"https:\/\/www.erresse-shop.it\/de\/#website\"},\"datePublished\":\"2022-04-11T07:14:16+00:00\",\"dateModified\":\"2025-05-22T05:49:29+00:00\",\"description\":\"Der Pizzaiolo ist der erste Elektroofen f\u00fcr den Hausgebrauch, der eine Temperatur von bis zu 400 \u00b0C erreicht, um eine Pizza in 2 Minuten mit einem\",\"breadcrumb\":{\"@id\":\"https:\/\/www.erresse-shop.it\/de\/shop\/kleine-elektrogeraete\/oefen\/sage-the-smart-oven-pizzaiolo\/#breadcrumb\"},\"inLanguage\":\"de-DE\",\"potentialAction\":[{\"@type\":\"ReadAction\",\"target\":[\"https:\/\/www.erresse-shop.it\/de\/shop\/kleine-elektrogeraete\/oefen\/sage-the-smart-oven-pizzaiolo\/\"]}]},{\"@type\":\"BreadcrumbList\",\"@id\":\"https:\/\/www.erresse-shop.it\/de\/shop\/kleine-elektrogeraete\/oefen\/sage-the-smart-oven-pizzaiolo\/#breadcrumb\",\"itemListElement\":[{\"@type\":\"ListItem\",\"position\":1,\"name\":\"Home\",\"item\":\"https:\/\/www.erresse-shop.it\/de\/\"},{\"@type\":\"ListItem\",\"position\":2,\"name\":\"Shop\",\"item\":\"https:\/\/www.erresse-shop.it\/de\/shop\/\"},{\"@type\":\"ListItem\",\"position\":3,\"name\":\"SAGE The Smart Oven Pizzaiolo\"}]},{\"@type\":\"WebSite\",\"@id\":\"https:\/\/www.erresse-shop.it\/de\/#website\",\"url\":\"https:\/\/www.erresse-shop.it\/de\/\",\"name\":\"Erresse Shop\",\"description\":\"Articoli di qualit\u00e0 per la casa\",\"potentialAction\":[{\"@type\":\"SearchAction\",\"target\":{\"@type\":\"EntryPoint\",\"urlTemplate\":\"https:\/\/www.erresse-shop.it\/de\/?s={search_term_string}\"},\"query-input\":\"required name=search_term_string\"}],\"inLanguage\":\"de-DE\"}]}<\/script>\n<!-- \/ Yoast SEO Premium plugin. -->","yoast_head_json":{"title":"SAGE The Smart Oven Pizzaiolo - Erresse Shop","description":"Der Pizzaiolo ist der erste Elektroofen f\u00fcr den Hausgebrauch, der eine Temperatur von bis zu 400 \u00b0C erreicht, um eine Pizza in 2 Minuten mit einem","robots":{"index":"index","follow":"follow","max-snippet":"max-snippet:-1","max-image-preview":"max-image-preview:large","max-video-preview":"max-video-preview:-1"},"canonical":"https:\/\/www.erresse-shop.it\/de\/shop\/kleine-elektrogeraete\/oefen\/sage-the-smart-oven-pizzaiolo\/","og_locale":"de_DE","og_type":"article","og_title":"SAGE The Smart Oven Pizzaiolo","og_description":"Der Pizzaiolo ist der erste Elektroofen f\u00fcr den Hausgebrauch, der eine Temperatur von bis zu 400 \u00b0C erreicht, um eine Pizza in 2 Minuten mit einem","og_url":"https:\/\/www.erresse-shop.it\/de\/shop\/kleine-elektrogeraete\/oefen\/sage-the-smart-oven-pizzaiolo\/","og_site_name":"Erresse Shop","article_modified_time":"2025-05-22T05:49:29+00:00","og_image":[{"width":1000,"height":1000,"url":"https:\/\/www.erresse-shop.it\/wp-content\/uploads\/2022\/04\/The-Smart-Oven.jpg","type":"image\/jpeg"}],"twitter_card":"summary_large_image","schema":{"@context":"https:\/\/schema.org","@graph":[{"@type":"WebPage","@id":"https:\/\/www.erresse-shop.it\/de\/shop\/kleine-elektrogeraete\/oefen\/sage-the-smart-oven-pizzaiolo\/","url":"https:\/\/www.erresse-shop.it\/de\/shop\/kleine-elektrogeraete\/oefen\/sage-the-smart-oven-pizzaiolo\/","name":"SAGE The Smart Oven Pizzaiolo - Erresse Shop","isPartOf":{"@id":"https:\/\/www.erresse-shop.it\/de\/#website"},"datePublished":"2022-04-11T07:14:16+00:00","dateModified":"2025-05-22T05:49:29+00:00","description":"Der Pizzaiolo ist der erste Elektroofen f\u00fcr den Hausgebrauch, der eine Temperatur von bis zu 400 \u00b0C erreicht, um eine Pizza in 2 Minuten mit einem","breadcrumb":{"@id":"https:\/\/www.erresse-shop.it\/de\/shop\/kleine-elektrogeraete\/oefen\/sage-the-smart-oven-pizzaiolo\/#breadcrumb"},"inLanguage":"de-DE","potentialAction":[{"@type":"ReadAction","target":["https:\/\/www.erresse-shop.it\/de\/shop\/kleine-elektrogeraete\/oefen\/sage-the-smart-oven-pizzaiolo\/"]}]},{"@type":"BreadcrumbList","@id":"https:\/\/www.erresse-shop.it\/de\/shop\/kleine-elektrogeraete\/oefen\/sage-the-smart-oven-pizzaiolo\/#breadcrumb","itemListElement":[{"@type":"ListItem","position":1,"name":"Home","item":"https:\/\/www.erresse-shop.it\/de\/"},{"@type":"ListItem","position":2,"name":"Shop","item":"https:\/\/www.erresse-shop.it\/de\/shop\/"},{"@type":"ListItem","position":3,"name":"SAGE The Smart Oven Pizzaiolo"}]},{"@type":"WebSite","@id":"https:\/\/www.erresse-shop.it\/de\/#website","url":"https:\/\/www.erresse-shop.it\/de\/","name":"Erresse Shop","description":"Articoli di qualit\u00e0 per la casa","potentialAction":[{"@type":"SearchAction","target":{"@type":"EntryPoint","urlTemplate":"https:\/\/www.erresse-shop.it\/de\/?s={search_term_string}"},"query-input":"required name=search_term_string"}],"inLanguage":"de-DE"}]}},"df_price":569,"df_sale_price":569,"df_regular_price":829.9,"df_image_link":"https:\/\/www.erresse-shop.it\/wp-content\/uploads\/2022\/04\/The-Smart-Oven-300x300.jpg","_links":{"self":[{"href":"https:\/\/www.erresse-shop.it\/de\/wp-json\/wp\/v2\/product\/150875"}],"collection":[{"href":"https:\/\/www.erresse-shop.it\/de\/wp-json\/wp\/v2\/product"}],"about":[{"href":"https:\/\/www.erresse-shop.it\/de\/wp-json\/wp\/v2\/types\/product"}],"wp:featuredmedia":[{"embeddable":true,"href":"https:\/\/www.erresse-shop.it\/de\/wp-json\/wp\/v2\/media\/150892"}],"wp:attachment":[{"href":"https:\/\/www.erresse-shop.it\/de\/wp-json\/wp\/v2\/media?parent=150875"}],"wp:term":[{"taxonomy":"product_cat","embeddable":true,"href":"https:\/\/www.erresse-shop.it\/de\/wp-json\/wp\/v2\/product_cat?post=150875"},{"taxonomy":"product_tag","embeddable":true,"href":"https:\/\/www.erresse-shop.it\/de\/wp-json\/wp\/v2\/product_tag?post=150875"}],"curies":[{"name":"wp","href":"https:\/\/api.w.org\/{rel}","templated":true}]}}