{"id":150416,"date":"2022-04-08T14:36:37","date_gmt":"2022-04-08T14:36:40","guid":{"rendered":"https:\/\/www.erresse-shop.it\/?post_type=product&#038;p=150416"},"modified":"2024-05-28T11:11:11","modified_gmt":"2024-05-28T11:11:11","slug":"sage-the-smart-waffle-pro","status":"publish","type":"product","link":"https:\/\/www.erresse-shop.it\/de\/shop\/kleine-elektrogeraete\/grills-und-barbecues\/sage-the-smart-waffle-pro\/","title":{"rendered":"SAGE The Smart Waffle Pro"},"content":{"rendered":"<p>Die Griddle berechnet automatisch die richtige Garzeit f\u00fcr Waffeln aller Art und f\u00fcr die von Ihnen gew\u00fcnschte Br\u00e4unung. Sobald der Deckel geschlossen ist, beginnen der Timer und die Fortschrittsanzeige automatisch herunterzuz\u00e4hlen. Die LCD-Anzeige leuchtet orange, um anzuzeigen, dass der Garvorgang begonnen hat.<\/p>\n<p><strong>Waffel-IQ<\/strong><\/p>\n<p>Das intelligente System, das automatisch die richtige Garzeit f\u00fcr die gew\u00e4hlte Waffelart einstellt, einschlie\u00dflich Belgium, Classic, Chocolate, Buttermilk und Custom.<\/p>\n<p><strong>Browning-Kontrolle:<\/strong><\/p>\n<p>Hell oder dunkel? W\u00e4hlen Sie aus 12 verschiedenen Einstellungen, um Ihre Waffeln genau richtig zuzubereiten.<\/p>\n<p><strong>Anti-Glasur-Rille<\/strong>:<\/p>\n<p>Der Waffelteig neigt dazu, aus dem Waffeleisen auf die Grillplatte zu schwappen. Dank dieser ausgekl\u00fcgelten Funktion wird \u00fcbersch\u00fcssiger Teig unter Kontrolle gehalten.<\/p>\n<p><strong>Gleichm\u00e4\u00dfige W\u00e4rme mit Thermal Pro:<\/strong><\/p>\n<p>Keine knusprigen R\u00e4nder und kein roher Teig mehr in der Mitte: Die Smart Waffle\u2122 Pro verteilt die Hitze gleichm\u00e4\u00dfig \u00fcber die Kochplatten.<\/p>\n<p><strong>Ein bisschen mehr Knopf:<\/strong><\/p>\n<p>Diese Funktion, die auf Kundenr\u00fcckmeldungen beruht und in vielen Sage\u00ae-Produkten zu finden ist, erm\u00f6glicht es Ihnen, den Br\u00e4unungsgrad etwas zu erh\u00f6hen, ohne den Kochzyklus neu starten zu m\u00fcssen.<\/p>\n<p><strong>Antihaft-Oberfl\u00e4che:<\/strong><\/p>\n<p>Dank der hochwertigen PFOA-freien Antihaftbeschichtung bleibt kein klebriger Teig an den Kochplatten haften.<\/p>\n<p>Die Garzeit wird automatisch nach der Art der Waffel und dem gew\u00fcnschten Br\u00e4unungsgrad berechnet.<\/p>\n<p>Stromversorgung: 1000 Watt<\/p>\n<p>H\u00f6henverstellbar: Die unteren Stufen reduzieren das Gewicht auf empfindliche Lebensmittel und verhindern, dass die F\u00fcllung aus den Sandwiches ausl\u00e4uft.<\/p>\n<p>Verl\u00e4ngert die Garzeit geringf\u00fcgig f\u00fcr die perfekte Waffel, ohne dass der Timer zur\u00fcckgesetzt werden muss<\/p>\n<p>Kapazit\u00e4t: 2 F\u00e4cher<\/p>\n<p>Materialien: Geh\u00e4use aus Edelstahl, Kochplatten aus Aluminiumdruckguss, tiefe Kochplatten f\u00fcr dickere, fluffigere Waffeln.<br \/>\nSpannung: 220-240 Volt<br \/>\nZubeh\u00f6r: BPA-freier Messbecher zum einfachen Ausgie\u00dfen des Teigs ohne Verschmutzung<br \/>\nEinstellungen: 4 verschiedene Einstellungen f\u00fcr die Art der Waffel und 12 verschiedene Einstellungen f\u00fcr den Br\u00e4unungsgrad<\/p>\n<p>Garantie: 2 Jahre f\u00fcr Reparatur oder Ersatz<\/p>\n<p><span style=\"text-decoration: underline;\"><strong>Nicht zum Verkauf au\u00dferhalb Europas<\/strong><\/span><\/p>\n","protected":false},"excerpt":{"rendered":"<p><br data-mce-bogus=\"1\"><\/p>\n","protected":false},"featured_media":150825,"template":"","meta":{"_acf_changed":false,"inline_featured_image":false},"product_cat":[6703,13378],"product_tag":[23911,24416,21023],"acf":[],"yoast_head":"<!-- This site is optimized with the Yoast SEO Premium plugin v18.6 (Yoast SEO v19.13) - https:\/\/yoast.com\/wordpress\/plugins\/seo\/ -->\n<title>SAGE The Smart Waffle Pro - Erresse Shop<\/title>\n<meta name=\"robots\" content=\"index, follow, max-snippet:-1, max-image-preview:large, max-video-preview:-1\" \/>\n<link rel=\"canonical\" href=\"https:\/\/www.erresse-shop.it\/de\/shop\/kleine-elektrogeraete\/grills-und-barbecues\/sage-the-smart-waffle-pro\/\" \/>\n<meta property=\"og:locale\" content=\"de_DE\" \/>\n<meta property=\"og:type\" content=\"article\" \/>\n<meta property=\"og:title\" content=\"SAGE The Smart Waffle Pro\" \/>\n<meta property=\"og:url\" content=\"https:\/\/www.erresse-shop.it\/de\/shop\/kleine-elektrogeraete\/grills-und-barbecues\/sage-the-smart-waffle-pro\/\" \/>\n<meta property=\"og:site_name\" content=\"Erresse Shop\" \/>\n<meta property=\"article:modified_time\" content=\"2024-05-28T11:11:11+00:00\" \/>\n<meta property=\"og:image\" content=\"https:\/\/www.erresse-shop.it\/wp-content\/uploads\/2022\/04\/The-waffle-pro-1-1.jpg\" \/>\n\t<meta property=\"og:image:width\" content=\"1000\" \/>\n\t<meta property=\"og:image:height\" content=\"1000\" \/>\n\t<meta property=\"og:image:type\" content=\"image\/jpeg\" \/>\n<meta name=\"twitter:card\" content=\"summary_large_image\" \/>\n<script type=\"application\/ld+json\" class=\"yoast-schema-graph\">{\"@context\":\"https:\/\/schema.org\",\"@graph\":[{\"@type\":\"WebPage\",\"@id\":\"https:\/\/www.erresse-shop.it\/de\/shop\/kleine-elektrogeraete\/grills-und-barbecues\/sage-the-smart-waffle-pro\/\",\"url\":\"https:\/\/www.erresse-shop.it\/de\/shop\/kleine-elektrogeraete\/grills-und-barbecues\/sage-the-smart-waffle-pro\/\",\"name\":\"SAGE The Smart Waffle Pro - Erresse Shop\",\"isPartOf\":{\"@id\":\"https:\/\/www.erresse-shop.it\/de\/#website\"},\"datePublished\":\"2022-04-08T14:36:40+00:00\",\"dateModified\":\"2024-05-28T11:11:11+00:00\",\"breadcrumb\":{\"@id\":\"https:\/\/www.erresse-shop.it\/de\/shop\/kleine-elektrogeraete\/grills-und-barbecues\/sage-the-smart-waffle-pro\/#breadcrumb\"},\"inLanguage\":\"de-DE\",\"potentialAction\":[{\"@type\":\"ReadAction\",\"target\":[\"https:\/\/www.erresse-shop.it\/de\/shop\/kleine-elektrogeraete\/grills-und-barbecues\/sage-the-smart-waffle-pro\/\"]}]},{\"@type\":\"BreadcrumbList\",\"@id\":\"https:\/\/www.erresse-shop.it\/de\/shop\/kleine-elektrogeraete\/grills-und-barbecues\/sage-the-smart-waffle-pro\/#breadcrumb\",\"itemListElement\":[{\"@type\":\"ListItem\",\"position\":1,\"name\":\"Home\",\"item\":\"https:\/\/www.erresse-shop.it\/de\/\"},{\"@type\":\"ListItem\",\"position\":2,\"name\":\"Shop\",\"item\":\"https:\/\/www.erresse-shop.it\/de\/shop\/\"},{\"@type\":\"ListItem\",\"position\":3,\"name\":\"SAGE The Smart Waffle Pro\"}]},{\"@type\":\"WebSite\",\"@id\":\"https:\/\/www.erresse-shop.it\/de\/#website\",\"url\":\"https:\/\/www.erresse-shop.it\/de\/\",\"name\":\"Erresse Shop\",\"description\":\"Articoli di qualit\u00e0 per la casa\",\"potentialAction\":[{\"@type\":\"SearchAction\",\"target\":{\"@type\":\"EntryPoint\",\"urlTemplate\":\"https:\/\/www.erresse-shop.it\/de\/?s={search_term_string}\"},\"query-input\":\"required name=search_term_string\"}],\"inLanguage\":\"de-DE\"}]}<\/script>\n<!-- \/ Yoast SEO Premium plugin. -->","yoast_head_json":{"title":"SAGE The Smart Waffle Pro - Erresse Shop","robots":{"index":"index","follow":"follow","max-snippet":"max-snippet:-1","max-image-preview":"max-image-preview:large","max-video-preview":"max-video-preview:-1"},"canonical":"https:\/\/www.erresse-shop.it\/de\/shop\/kleine-elektrogeraete\/grills-und-barbecues\/sage-the-smart-waffle-pro\/","og_locale":"de_DE","og_type":"article","og_title":"SAGE The Smart Waffle Pro","og_url":"https:\/\/www.erresse-shop.it\/de\/shop\/kleine-elektrogeraete\/grills-und-barbecues\/sage-the-smart-waffle-pro\/","og_site_name":"Erresse Shop","article_modified_time":"2024-05-28T11:11:11+00:00","og_image":[{"width":1000,"height":1000,"url":"https:\/\/www.erresse-shop.it\/wp-content\/uploads\/2022\/04\/The-waffle-pro-1-1.jpg","type":"image\/jpeg"}],"twitter_card":"summary_large_image","schema":{"@context":"https:\/\/schema.org","@graph":[{"@type":"WebPage","@id":"https:\/\/www.erresse-shop.it\/de\/shop\/kleine-elektrogeraete\/grills-und-barbecues\/sage-the-smart-waffle-pro\/","url":"https:\/\/www.erresse-shop.it\/de\/shop\/kleine-elektrogeraete\/grills-und-barbecues\/sage-the-smart-waffle-pro\/","name":"SAGE The Smart Waffle Pro - Erresse Shop","isPartOf":{"@id":"https:\/\/www.erresse-shop.it\/de\/#website"},"datePublished":"2022-04-08T14:36:40+00:00","dateModified":"2024-05-28T11:11:11+00:00","breadcrumb":{"@id":"https:\/\/www.erresse-shop.it\/de\/shop\/kleine-elektrogeraete\/grills-und-barbecues\/sage-the-smart-waffle-pro\/#breadcrumb"},"inLanguage":"de-DE","potentialAction":[{"@type":"ReadAction","target":["https:\/\/www.erresse-shop.it\/de\/shop\/kleine-elektrogeraete\/grills-und-barbecues\/sage-the-smart-waffle-pro\/"]}]},{"@type":"BreadcrumbList","@id":"https:\/\/www.erresse-shop.it\/de\/shop\/kleine-elektrogeraete\/grills-und-barbecues\/sage-the-smart-waffle-pro\/#breadcrumb","itemListElement":[{"@type":"ListItem","position":1,"name":"Home","item":"https:\/\/www.erresse-shop.it\/de\/"},{"@type":"ListItem","position":2,"name":"Shop","item":"https:\/\/www.erresse-shop.it\/de\/shop\/"},{"@type":"ListItem","position":3,"name":"SAGE The Smart Waffle Pro"}]},{"@type":"WebSite","@id":"https:\/\/www.erresse-shop.it\/de\/#website","url":"https:\/\/www.erresse-shop.it\/de\/","name":"Erresse Shop","description":"Articoli di qualit\u00e0 per la casa","potentialAction":[{"@type":"SearchAction","target":{"@type":"EntryPoint","urlTemplate":"https:\/\/www.erresse-shop.it\/de\/?s={search_term_string}"},"query-input":"required name=search_term_string"}],"inLanguage":"de-DE"}]}},"df_price":199.95,"df_sale_price":199.95,"df_regular_price":219.9,"df_image_link":"https:\/\/www.erresse-shop.it\/wp-content\/uploads\/2022\/04\/The-waffle-pro-1-1-300x300.jpg","_links":{"self":[{"href":"https:\/\/www.erresse-shop.it\/de\/wp-json\/wp\/v2\/product\/150416"}],"collection":[{"href":"https:\/\/www.erresse-shop.it\/de\/wp-json\/wp\/v2\/product"}],"about":[{"href":"https:\/\/www.erresse-shop.it\/de\/wp-json\/wp\/v2\/types\/product"}],"wp:featuredmedia":[{"embeddable":true,"href":"https:\/\/www.erresse-shop.it\/de\/wp-json\/wp\/v2\/media\/150825"}],"wp:attachment":[{"href":"https:\/\/www.erresse-shop.it\/de\/wp-json\/wp\/v2\/media?parent=150416"}],"wp:term":[{"taxonomy":"product_cat","embeddable":true,"href":"https:\/\/www.erresse-shop.it\/de\/wp-json\/wp\/v2\/product_cat?post=150416"},{"taxonomy":"product_tag","embeddable":true,"href":"https:\/\/www.erresse-shop.it\/de\/wp-json\/wp\/v2\/product_tag?post=150416"}],"curies":[{"name":"wp","href":"https:\/\/api.w.org\/{rel}","templated":true}]}}