{"id":150373,"date":"2022-04-08T13:15:04","date_gmt":"2022-04-08T13:15:06","guid":{"rendered":"https:\/\/www.erresse-shop.it\/?post_type=product&#038;p=150373"},"modified":"2024-06-11T00:02:58","modified_gmt":"2024-06-11T00:02:58","slug":"sage-the-smart-grill-pro","status":"publish","type":"product","link":"https:\/\/www.erresse-shop.it\/de\/shop\/kleine-elektrogeraete\/grills-und-barbecues\/sage-the-smart-grill-pro\/","title":{"rendered":"SAGE The Smart Grill Pro"},"content":{"rendered":"<p>Sie brauchen keinen Garten mehr, um zu grillen: Dank der besseren Hitzeregulierung, der integrierten Elemente und der herausnehmbaren Platten k\u00f6nnen Sie leckere Grillgerichte zubereiten, indem Sie einfach Platz auf Ihrer K\u00fcchenarbeitsplatte schaffen. Der intelligente Temperaturf\u00fchler zeigt Ihnen an, wann Ihr Fleisch fertig ist und wann Sie es ruhen lassen sollten. \u00d6ffnen Sie die Platten, um den Grill im BBQ-Modus zu verwenden.<\/p>\n<p><strong>Platten mit IQ-Elementen<\/strong><\/p>\n<p>Mit den 2400-W-Heizelementen, die in die Platten integriert sind und nicht darunter liegen, und einem elektronischen Thermostat, das selbst geringe Temperaturschwankungen schnell erkennt, gart und br\u00e4t dieser Grill Steaks mit gleichbleibend hoher Hitze. Dadurch wird die Vorw\u00e4rm- und Garzeit erheblich verk\u00fcrzt.<\/p>\n<p><strong>Intelligente Einstellungen mit Ruheindikator:<\/strong><\/p>\n<p>F\u00fcnf verschiedene Einstellungen, darunter Rind-, Lamm-, Schweine-, Gefl\u00fcgel- und Fischfleisch, sind mit programmierten Temperaturen f\u00fcr die gew\u00e4hlte Kochstufe verbunden und zeigen an, wann es Zeit ist, die gekochten Zutaten ruhen zu lassen. Der F\u00fchler ist mit der LCD-Einstellung verbunden, so dass Sie die gew\u00fcnschte Kochstufe ausw\u00e4hlen k\u00f6nnen; das Produkt zeigt Ihnen trotzdem an, wenn die Speisen auf dem Teller die richtige Temperatur erreicht haben.<\/p>\n<p><strong>Temperaturf\u00fchler:<\/strong><\/p>\n<p>Eine eingebaute Sonde misst die genaue Temperatur des Fleisches und \u00fcbertr\u00e4gt die Informationen elektronisch auf das LCD-Display, um Sie zu warnen, wenn es Zeit ist, das Fleisch ruhen zu lassen. Die f\u00fcnf Fleischeinstellungen sind mit einer programmierten Temperatur f\u00fcr jede Garstufe verbunden, von &#8220;blutig&#8221; bis &#8220;durchgebraten&#8221;.<\/p>\n<p><strong>Verwendung des BBQ-Modus:<\/strong><\/p>\n<p>\u00d6ffnen Sie den Grill, um eine 660 cm\u00b2 gro\u00dfe Arbeitsfl\u00e4che zu schaffen, die sich perfekt zum Grillen von Meeresfr\u00fcchten und Steaks oder zur Zubereitung von leckeren Pfannkuchen und gegrillten Eiern eignet. Die Tropfschale funktioniert sowohl im BBQ-Modus als auch im herk\u00f6mmlichen Gebrauch.<\/p>\n<p><strong>Abnehmbare Platten:<\/strong><\/p>\n<p>Die PFOA-freien, abnehmbaren Platten lassen sich herausnehmen und einfach und bequem von Hand waschen.<\/p>\n<p>Stromversorgung: 2400 Watt<br \/>\nAbmessungen (BxTxH): 36,7 x 17 x 39,2 cm<br \/>\nH\u00f6henverstellbar: Die unteren Stufen reduzieren das Gewicht auf empfindliche Lebensmittel und verhindern, dass die F\u00fcllung aus den Sandwiches ausl\u00e4uft.<br \/>\nTellerdesign: Abnehmbar mit Antihaftbeschichtung<br \/>\nAntihaftplatte: Hochwertige PFOA-freie Antihaftbeschichtung f\u00fcr schnelle und einfache Reinigung<br \/>\nKippen der Platten: Erm\u00f6glicht die Einstellung des Neigungswinkels des Bodens, um Fett abtropfen zu lassen oder um Eier, Pfannkuchen und getoastete Sandwiches perfekt zuzubereiten<br \/>\nSpannung: 220-240 Volt<\/p>\n<p>Nr. 5 Fleischeinstellungen mit Kochstufe<\/p>\n<p>Garantie: 2 Jahre f\u00fcr Reparatur oder Ersatz<br \/>\n<strong>Nicht zum Verkauf au\u00dferhalb Europas<\/strong><\/p>\n","protected":false},"excerpt":{"rendered":"<p><br data-mce-bogus=\"1\"><\/p>\n","protected":false},"featured_media":150854,"template":"","meta":{"_acf_changed":false,"inline_featured_image":false},"product_cat":[6703,13378],"product_tag":[23911,12210,22070,21008],"acf":[],"yoast_head":"<!-- This site is optimized with the Yoast SEO Premium plugin v18.6 (Yoast SEO v19.13) - https:\/\/yoast.com\/wordpress\/plugins\/seo\/ -->\n<title>SAGE The Smart Grill Pro - Erresse Shop<\/title>\n<meta name=\"robots\" content=\"index, follow, max-snippet:-1, max-image-preview:large, max-video-preview:-1\" \/>\n<link rel=\"canonical\" href=\"https:\/\/www.erresse-shop.it\/de\/shop\/kleine-elektrogeraete\/grills-und-barbecues\/sage-the-smart-grill-pro\/\" \/>\n<meta property=\"og:locale\" content=\"de_DE\" \/>\n<meta property=\"og:type\" content=\"article\" \/>\n<meta property=\"og:title\" content=\"SAGE The Smart Grill Pro\" \/>\n<meta property=\"og:url\" content=\"https:\/\/www.erresse-shop.it\/de\/shop\/kleine-elektrogeraete\/grills-und-barbecues\/sage-the-smart-grill-pro\/\" \/>\n<meta property=\"og:site_name\" content=\"Erresse Shop\" \/>\n<meta property=\"article:modified_time\" content=\"2024-06-11T00:02:58+00:00\" \/>\n<meta property=\"og:image\" content=\"https:\/\/www.erresse-shop.it\/wp-content\/uploads\/2022\/04\/The-Smart-Grill-Pro-3.jpg\" \/>\n\t<meta property=\"og:image:width\" content=\"1000\" \/>\n\t<meta property=\"og:image:height\" content=\"1000\" \/>\n\t<meta property=\"og:image:type\" content=\"image\/jpeg\" \/>\n<meta name=\"twitter:card\" content=\"summary_large_image\" \/>\n<script type=\"application\/ld+json\" class=\"yoast-schema-graph\">{\"@context\":\"https:\/\/schema.org\",\"@graph\":[{\"@type\":\"WebPage\",\"@id\":\"https:\/\/www.erresse-shop.it\/de\/shop\/kleine-elektrogeraete\/grills-und-barbecues\/sage-the-smart-grill-pro\/\",\"url\":\"https:\/\/www.erresse-shop.it\/de\/shop\/kleine-elektrogeraete\/grills-und-barbecues\/sage-the-smart-grill-pro\/\",\"name\":\"SAGE The Smart Grill Pro - Erresse Shop\",\"isPartOf\":{\"@id\":\"https:\/\/www.erresse-shop.it\/de\/#website\"},\"datePublished\":\"2022-04-08T13:15:06+00:00\",\"dateModified\":\"2024-06-11T00:02:58+00:00\",\"breadcrumb\":{\"@id\":\"https:\/\/www.erresse-shop.it\/de\/shop\/kleine-elektrogeraete\/grills-und-barbecues\/sage-the-smart-grill-pro\/#breadcrumb\"},\"inLanguage\":\"de-DE\",\"potentialAction\":[{\"@type\":\"ReadAction\",\"target\":[\"https:\/\/www.erresse-shop.it\/de\/shop\/kleine-elektrogeraete\/grills-und-barbecues\/sage-the-smart-grill-pro\/\"]}]},{\"@type\":\"BreadcrumbList\",\"@id\":\"https:\/\/www.erresse-shop.it\/de\/shop\/kleine-elektrogeraete\/grills-und-barbecues\/sage-the-smart-grill-pro\/#breadcrumb\",\"itemListElement\":[{\"@type\":\"ListItem\",\"position\":1,\"name\":\"Home\",\"item\":\"https:\/\/www.erresse-shop.it\/de\/\"},{\"@type\":\"ListItem\",\"position\":2,\"name\":\"Shop\",\"item\":\"https:\/\/www.erresse-shop.it\/de\/shop\/\"},{\"@type\":\"ListItem\",\"position\":3,\"name\":\"SAGE The Smart Grill Pro\"}]},{\"@type\":\"WebSite\",\"@id\":\"https:\/\/www.erresse-shop.it\/de\/#website\",\"url\":\"https:\/\/www.erresse-shop.it\/de\/\",\"name\":\"Erresse Shop\",\"description\":\"Articoli di qualit\u00e0 per la casa\",\"potentialAction\":[{\"@type\":\"SearchAction\",\"target\":{\"@type\":\"EntryPoint\",\"urlTemplate\":\"https:\/\/www.erresse-shop.it\/de\/?s={search_term_string}\"},\"query-input\":\"required name=search_term_string\"}],\"inLanguage\":\"de-DE\"}]}<\/script>\n<!-- \/ Yoast SEO Premium plugin. -->","yoast_head_json":{"title":"SAGE The Smart Grill Pro - Erresse Shop","robots":{"index":"index","follow":"follow","max-snippet":"max-snippet:-1","max-image-preview":"max-image-preview:large","max-video-preview":"max-video-preview:-1"},"canonical":"https:\/\/www.erresse-shop.it\/de\/shop\/kleine-elektrogeraete\/grills-und-barbecues\/sage-the-smart-grill-pro\/","og_locale":"de_DE","og_type":"article","og_title":"SAGE The Smart Grill Pro","og_url":"https:\/\/www.erresse-shop.it\/de\/shop\/kleine-elektrogeraete\/grills-und-barbecues\/sage-the-smart-grill-pro\/","og_site_name":"Erresse Shop","article_modified_time":"2024-06-11T00:02:58+00:00","og_image":[{"width":1000,"height":1000,"url":"https:\/\/www.erresse-shop.it\/wp-content\/uploads\/2022\/04\/The-Smart-Grill-Pro-3.jpg","type":"image\/jpeg"}],"twitter_card":"summary_large_image","schema":{"@context":"https:\/\/schema.org","@graph":[{"@type":"WebPage","@id":"https:\/\/www.erresse-shop.it\/de\/shop\/kleine-elektrogeraete\/grills-und-barbecues\/sage-the-smart-grill-pro\/","url":"https:\/\/www.erresse-shop.it\/de\/shop\/kleine-elektrogeraete\/grills-und-barbecues\/sage-the-smart-grill-pro\/","name":"SAGE The Smart Grill Pro - Erresse Shop","isPartOf":{"@id":"https:\/\/www.erresse-shop.it\/de\/#website"},"datePublished":"2022-04-08T13:15:06+00:00","dateModified":"2024-06-11T00:02:58+00:00","breadcrumb":{"@id":"https:\/\/www.erresse-shop.it\/de\/shop\/kleine-elektrogeraete\/grills-und-barbecues\/sage-the-smart-grill-pro\/#breadcrumb"},"inLanguage":"de-DE","potentialAction":[{"@type":"ReadAction","target":["https:\/\/www.erresse-shop.it\/de\/shop\/kleine-elektrogeraete\/grills-und-barbecues\/sage-the-smart-grill-pro\/"]}]},{"@type":"BreadcrumbList","@id":"https:\/\/www.erresse-shop.it\/de\/shop\/kleine-elektrogeraete\/grills-und-barbecues\/sage-the-smart-grill-pro\/#breadcrumb","itemListElement":[{"@type":"ListItem","position":1,"name":"Home","item":"https:\/\/www.erresse-shop.it\/de\/"},{"@type":"ListItem","position":2,"name":"Shop","item":"https:\/\/www.erresse-shop.it\/de\/shop\/"},{"@type":"ListItem","position":3,"name":"SAGE The Smart Grill Pro"}]},{"@type":"WebSite","@id":"https:\/\/www.erresse-shop.it\/de\/#website","url":"https:\/\/www.erresse-shop.it\/de\/","name":"Erresse Shop","description":"Articoli di qualit\u00e0 per la casa","potentialAction":[{"@type":"SearchAction","target":{"@type":"EntryPoint","urlTemplate":"https:\/\/www.erresse-shop.it\/de\/?s={search_term_string}"},"query-input":"required name=search_term_string"}],"inLanguage":"de-DE"}]}},"df_price":369.95,"df_sale_price":369.95,"df_regular_price":419.9,"df_image_link":"https:\/\/www.erresse-shop.it\/wp-content\/uploads\/2022\/04\/The-Smart-Grill-Pro-3-300x300.jpg","_links":{"self":[{"href":"https:\/\/www.erresse-shop.it\/de\/wp-json\/wp\/v2\/product\/150373"}],"collection":[{"href":"https:\/\/www.erresse-shop.it\/de\/wp-json\/wp\/v2\/product"}],"about":[{"href":"https:\/\/www.erresse-shop.it\/de\/wp-json\/wp\/v2\/types\/product"}],"wp:featuredmedia":[{"embeddable":true,"href":"https:\/\/www.erresse-shop.it\/de\/wp-json\/wp\/v2\/media\/150854"}],"wp:attachment":[{"href":"https:\/\/www.erresse-shop.it\/de\/wp-json\/wp\/v2\/media?parent=150373"}],"wp:term":[{"taxonomy":"product_cat","embeddable":true,"href":"https:\/\/www.erresse-shop.it\/de\/wp-json\/wp\/v2\/product_cat?post=150373"},{"taxonomy":"product_tag","embeddable":true,"href":"https:\/\/www.erresse-shop.it\/de\/wp-json\/wp\/v2\/product_tag?post=150373"}],"curies":[{"name":"wp","href":"https:\/\/api.w.org\/{rel}","templated":true}]}}