{"id":150350,"date":"2022-04-08T12:31:19","date_gmt":"2022-04-08T12:31:20","guid":{"rendered":"https:\/\/www.erresse-shop.it\/?post_type=product&#038;p=150350"},"modified":"2024-06-03T00:01:30","modified_gmt":"2024-06-03T00:01:30","slug":"sage-the-fast-slow-pro","status":"publish","type":"product","link":"https:\/\/www.erresse-shop.it\/de\/shop\/kleine-elektrogeraete\/kuechenmaschinen\/sage-the-fast-slow-pro\/","title":{"rendered":"SAGE The Fast Slow Pro"},"content":{"rendered":"<p>Manche Lebensmittel m\u00fcssen langsam gegart werden, andere eignen sich perfekt f\u00fcr das Druckgaren. Der Fast Slow Pro stellt Zeit, Temperatur und Druck automatisch zwischen verschiedenen Kochmodi ein, von schnell bis langsam, um den besten Geschmack und die beste Textur der Zutaten zu erzielen. Pers\u00f6nliche Einstellungen f\u00fcr Ihre Lieblingsrezepte erm\u00f6glichen es Ihnen, die Werte f\u00fcr Temperatur, Druck und Garzeit zu speichern.<\/p>\n<p><strong>Multifunktionales Kochen<\/strong><\/p>\n<p><strong>Automatische Dampfablass-Einstellung:<\/strong><\/p>\n<p>Schnellkochen? Mach dir keine Sorgen! Dank des automatischen Dampfablasssystems sind Ihre H\u00e4nde immer von den Dampfd\u00fcsen entfernt. Das Ger\u00e4t stellt automatisch die richtige Ausl\u00f6semethode ein und w\u00e4hlt zwischen Quick, Pulse oder Natural, um die besten Ergebnisse zu erzielen.<\/p>\n<p><strong>Dreifaches Sicherheitssystem Deckel:<\/strong><\/p>\n<p>Konstruktion aus rostfreiem Stahl mit dreifachem Sicherheitssystem. Abnehmbarer, sp\u00fclmaschinenfester Scharnierdeckel mit einfach einzusetzender Silikondichtung: m\u00fchelose Reinigung und Montage.<\/p>\n<p><strong>Leicht zu reinigen:<\/strong><\/p>\n<p>Der Deckel ist abnehmbar und zur einfachen Reinigung sp\u00fclmaschinenfest. Das keramikbeschichtete Kochgef\u00e4\u00df kann auch als Servierplatte verwendet werden. Keramik ist ein nat\u00fcrliches Material und daher frei von PFOA und PTFE.<\/p>\n<p><strong>LCD-Anzeige:<\/strong><\/p>\n<p>Das LCD-Display zeigt an, was im Inneren des Kochers vor sich geht: Druck- und Temperaturanzeige, Countdown-Timer und Dampfablassanzeige. Die 8 Druckstufen reichen von 1,5 bis 12 psi.<\/p>\n<p>Stromversorgung: 1100 Watt<\/p>\n<p>Abmessungen (BxTxH): 35 x 35 x 32 cm<\/p>\n<p>Fassungsverm\u00f6gen: Maximales Volumen &#8211; 6 l. Nutzbares Volumen &#8211; 4L. Mindestvolumen &#8211; 1L.<\/p>\n<p>Zwei Sensoren: Zwei Sensoren an der Ober- und Unterseite des Ger\u00e4ts \u00fcberwachen die Zutaten f\u00fcr eine genauere Temperatur- und Druckregelung, w\u00e4hrend die Dampfabgabe automatisch an die Lebensmittel angepasst wird, um deren Geschmack und Textur zu verbessern.<\/p>\n<p>Warmhaltefunktion: Diese Funktion wird nach Beendigung des Garvorgangs aktiviert und h\u00e4lt die Speisen warm, damit sie servierbereit sind, wenn Sie es sind.<\/p>\n<p>Spannung: 220-240 Volt<\/p>\n<p>Dreifaches Sicherheitssystem: Deckel mit Sicherheitsverschluss, Sicherheitsventil und Druckablassknopf.<\/p>\n<p>Konstruktionsmaterialien: Geb\u00fcrsteter Edelstahl<\/p>\n<p>Garantie: 2 Jahre f\u00fcr Reparatur, Ersatz oder Erstattung (nach alleinigem Ermessen von Sage Appliances)<\/p>\n<p><strong>Einstellungen:<\/strong><\/p>\n<ul>\n<li>Automatischer Dampfablass<\/li>\n<li>11 Einstellungen f\u00fcr das Druckgaren sowie eine benutzerdefinierte Einstellung f\u00fcr Ihre Lieblingsrezepte. Einstellungen f\u00fcr langsames Garen Hoch oder Niedrig von 2 bis 12 Stunden<\/li>\n<\/ul>\n<p><strong>Zubeh\u00f6r<\/strong>:<\/p>\n<ul>\n<li>Dampfgareinsatz aus Edelstahl<\/li>\n<li>Untersetzer aus Edelstahl<\/li>\n<\/ul>\n<p><strong>Nicht zum Verkauf au\u00dferhalb Europas<\/strong><\/p>\n","protected":false},"excerpt":{"rendered":"<p><br data-mce-bogus=\"1\"><\/p>\n","protected":false},"featured_media":150359,"template":"","meta":{"_acf_changed":false,"inline_featured_image":false},"product_cat":[6703,6721],"product_tag":[12327],"acf":[],"yoast_head":"<!-- This site is optimized with the Yoast SEO Premium plugin v18.6 (Yoast SEO v19.13) - https:\/\/yoast.com\/wordpress\/plugins\/seo\/ -->\n<title>SAGE The Fast Slow Pro - Erresse Shop<\/title>\n<meta name=\"robots\" content=\"index, follow, max-snippet:-1, max-image-preview:large, max-video-preview:-1\" \/>\n<link rel=\"canonical\" href=\"https:\/\/www.erresse-shop.it\/de\/shop\/kleine-elektrogeraete\/kuechenmaschinen\/sage-the-fast-slow-pro\/\" \/>\n<meta property=\"og:locale\" content=\"de_DE\" \/>\n<meta property=\"og:type\" content=\"article\" \/>\n<meta property=\"og:title\" content=\"SAGE The Fast Slow Pro\" \/>\n<meta property=\"og:url\" content=\"https:\/\/www.erresse-shop.it\/de\/shop\/kleine-elektrogeraete\/kuechenmaschinen\/sage-the-fast-slow-pro\/\" \/>\n<meta property=\"og:site_name\" content=\"Erresse Shop\" \/>\n<meta property=\"article:modified_time\" content=\"2024-06-03T00:01:30+00:00\" \/>\n<meta property=\"og:image\" content=\"https:\/\/www.erresse-shop.it\/wp-content\/uploads\/2022\/04\/The-Fast-Slow-Pro.jpg\" \/>\n\t<meta property=\"og:image:width\" content=\"992\" \/>\n\t<meta property=\"og:image:height\" content=\"992\" \/>\n\t<meta property=\"og:image:type\" content=\"image\/jpeg\" \/>\n<meta name=\"twitter:card\" content=\"summary_large_image\" \/>\n<script type=\"application\/ld+json\" class=\"yoast-schema-graph\">{\"@context\":\"https:\/\/schema.org\",\"@graph\":[{\"@type\":\"WebPage\",\"@id\":\"https:\/\/www.erresse-shop.it\/de\/shop\/kleine-elektrogeraete\/kuechenmaschinen\/sage-the-fast-slow-pro\/\",\"url\":\"https:\/\/www.erresse-shop.it\/de\/shop\/kleine-elektrogeraete\/kuechenmaschinen\/sage-the-fast-slow-pro\/\",\"name\":\"SAGE The Fast Slow Pro - Erresse Shop\",\"isPartOf\":{\"@id\":\"https:\/\/www.erresse-shop.it\/de\/#website\"},\"datePublished\":\"2022-04-08T12:31:20+00:00\",\"dateModified\":\"2024-06-03T00:01:30+00:00\",\"breadcrumb\":{\"@id\":\"https:\/\/www.erresse-shop.it\/de\/shop\/kleine-elektrogeraete\/kuechenmaschinen\/sage-the-fast-slow-pro\/#breadcrumb\"},\"inLanguage\":\"de-DE\",\"potentialAction\":[{\"@type\":\"ReadAction\",\"target\":[\"https:\/\/www.erresse-shop.it\/de\/shop\/kleine-elektrogeraete\/kuechenmaschinen\/sage-the-fast-slow-pro\/\"]}]},{\"@type\":\"BreadcrumbList\",\"@id\":\"https:\/\/www.erresse-shop.it\/de\/shop\/kleine-elektrogeraete\/kuechenmaschinen\/sage-the-fast-slow-pro\/#breadcrumb\",\"itemListElement\":[{\"@type\":\"ListItem\",\"position\":1,\"name\":\"Home\",\"item\":\"https:\/\/www.erresse-shop.it\/de\/\"},{\"@type\":\"ListItem\",\"position\":2,\"name\":\"Shop\",\"item\":\"https:\/\/www.erresse-shop.it\/de\/shop\/\"},{\"@type\":\"ListItem\",\"position\":3,\"name\":\"SAGE The Fast Slow Pro\"}]},{\"@type\":\"WebSite\",\"@id\":\"https:\/\/www.erresse-shop.it\/de\/#website\",\"url\":\"https:\/\/www.erresse-shop.it\/de\/\",\"name\":\"Erresse Shop\",\"description\":\"Articoli di qualit\u00e0 per la casa\",\"potentialAction\":[{\"@type\":\"SearchAction\",\"target\":{\"@type\":\"EntryPoint\",\"urlTemplate\":\"https:\/\/www.erresse-shop.it\/de\/?s={search_term_string}\"},\"query-input\":\"required name=search_term_string\"}],\"inLanguage\":\"de-DE\"}]}<\/script>\n<!-- \/ Yoast SEO Premium plugin. -->","yoast_head_json":{"title":"SAGE The Fast Slow Pro - Erresse Shop","robots":{"index":"index","follow":"follow","max-snippet":"max-snippet:-1","max-image-preview":"max-image-preview:large","max-video-preview":"max-video-preview:-1"},"canonical":"https:\/\/www.erresse-shop.it\/de\/shop\/kleine-elektrogeraete\/kuechenmaschinen\/sage-the-fast-slow-pro\/","og_locale":"de_DE","og_type":"article","og_title":"SAGE The Fast Slow Pro","og_url":"https:\/\/www.erresse-shop.it\/de\/shop\/kleine-elektrogeraete\/kuechenmaschinen\/sage-the-fast-slow-pro\/","og_site_name":"Erresse Shop","article_modified_time":"2024-06-03T00:01:30+00:00","og_image":[{"width":992,"height":992,"url":"https:\/\/www.erresse-shop.it\/wp-content\/uploads\/2022\/04\/The-Fast-Slow-Pro.jpg","type":"image\/jpeg"}],"twitter_card":"summary_large_image","schema":{"@context":"https:\/\/schema.org","@graph":[{"@type":"WebPage","@id":"https:\/\/www.erresse-shop.it\/de\/shop\/kleine-elektrogeraete\/kuechenmaschinen\/sage-the-fast-slow-pro\/","url":"https:\/\/www.erresse-shop.it\/de\/shop\/kleine-elektrogeraete\/kuechenmaschinen\/sage-the-fast-slow-pro\/","name":"SAGE The Fast Slow Pro - Erresse Shop","isPartOf":{"@id":"https:\/\/www.erresse-shop.it\/de\/#website"},"datePublished":"2022-04-08T12:31:20+00:00","dateModified":"2024-06-03T00:01:30+00:00","breadcrumb":{"@id":"https:\/\/www.erresse-shop.it\/de\/shop\/kleine-elektrogeraete\/kuechenmaschinen\/sage-the-fast-slow-pro\/#breadcrumb"},"inLanguage":"de-DE","potentialAction":[{"@type":"ReadAction","target":["https:\/\/www.erresse-shop.it\/de\/shop\/kleine-elektrogeraete\/kuechenmaschinen\/sage-the-fast-slow-pro\/"]}]},{"@type":"BreadcrumbList","@id":"https:\/\/www.erresse-shop.it\/de\/shop\/kleine-elektrogeraete\/kuechenmaschinen\/sage-the-fast-slow-pro\/#breadcrumb","itemListElement":[{"@type":"ListItem","position":1,"name":"Home","item":"https:\/\/www.erresse-shop.it\/de\/"},{"@type":"ListItem","position":2,"name":"Shop","item":"https:\/\/www.erresse-shop.it\/de\/shop\/"},{"@type":"ListItem","position":3,"name":"SAGE The Fast Slow Pro"}]},{"@type":"WebSite","@id":"https:\/\/www.erresse-shop.it\/de\/#website","url":"https:\/\/www.erresse-shop.it\/de\/","name":"Erresse Shop","description":"Articoli di qualit\u00e0 per la casa","potentialAction":[{"@type":"SearchAction","target":{"@type":"EntryPoint","urlTemplate":"https:\/\/www.erresse-shop.it\/de\/?s={search_term_string}"},"query-input":"required name=search_term_string"}],"inLanguage":"de-DE"}]}},"df_price":229.95,"df_sale_price":229.95,"df_regular_price":259.9,"df_image_link":"https:\/\/www.erresse-shop.it\/wp-content\/uploads\/2022\/04\/The-Fast-Slow-Pro-300x300.jpg","_links":{"self":[{"href":"https:\/\/www.erresse-shop.it\/de\/wp-json\/wp\/v2\/product\/150350"}],"collection":[{"href":"https:\/\/www.erresse-shop.it\/de\/wp-json\/wp\/v2\/product"}],"about":[{"href":"https:\/\/www.erresse-shop.it\/de\/wp-json\/wp\/v2\/types\/product"}],"wp:featuredmedia":[{"embeddable":true,"href":"https:\/\/www.erresse-shop.it\/de\/wp-json\/wp\/v2\/media\/150359"}],"wp:attachment":[{"href":"https:\/\/www.erresse-shop.it\/de\/wp-json\/wp\/v2\/media?parent=150350"}],"wp:term":[{"taxonomy":"product_cat","embeddable":true,"href":"https:\/\/www.erresse-shop.it\/de\/wp-json\/wp\/v2\/product_cat?post=150350"},{"taxonomy":"product_tag","embeddable":true,"href":"https:\/\/www.erresse-shop.it\/de\/wp-json\/wp\/v2\/product_tag?post=150350"}],"curies":[{"name":"wp","href":"https:\/\/api.w.org\/{rel}","templated":true}]}}