{"id":150187,"date":"2022-04-08T07:55:35","date_gmt":"2022-04-08T07:55:37","guid":{"rendered":"https:\/\/www.erresse-shop.it\/?post_type=product&#038;p=150187"},"modified":"2023-07-31T00:11:04","modified_gmt":"2023-07-31T00:11:04","slug":"seletti-toiletpaper-klappbarer-liegestuhl-lady-on-carpet","status":"publish","type":"product","link":"https:\/\/www.erresse-shop.it\/de\/shop\/einrichtung-haus\/stuehle-und-sessel\/seletti-toiletpaper-klappbarer-liegestuhl-lady-on-carpet\/","title":{"rendered":"SELETTI Toiletpaper Klappbarer Liegestuhl Lady on Carpet"},"content":{"rendered":"<p>Setzen Sie sich, nehmen Sie Ihre Lieblingszeitschrift zur Hand und schl\u00fcrfen Sie Ihr Getr\u00e4nk, als ob niemand zuschauen w\u00fcrde. Auf den neuen Liegest\u00fchlen werden Sie sich immer wie im Urlaub f\u00fchlen.<\/p>\n<p>Hergestellt in der EU<br \/>\nUV-best\u00e4ndig<br \/>\nHochwertiges Buchenholz<br \/>\nAbmessungen: geschlossen 122 x 58 x 4 cm \/ maximale \u00d6ffnung 87 x 58 x H. 81 cm<\/p>\n","protected":false},"excerpt":{"rendered":"<p>Setzen Sie sich, nehmen Sie Ihre Lieblingszeitschrift zur Hand und schl\u00fcrfen Sie Ihr Getr\u00e4nk, als ob niemand zuschauen w\u00fcrde. Auf<\/p>\n","protected":false},"featured_media":150229,"template":"","meta":{"_acf_changed":false,"inline_featured_image":false},"product_cat":[6817,14438],"product_tag":[24604,25022,13106],"acf":[],"yoast_head":"<!-- This site is optimized with the Yoast SEO Premium plugin v18.6 (Yoast SEO v19.13) - https:\/\/yoast.com\/wordpress\/plugins\/seo\/ -->\n<title>SELETTI Toiletpaper Klappbarer Liegestuhl Lady on Carpet - Erresse Shop<\/title>\n<meta name=\"description\" content=\"Setzen Sie sich, nehmen Sie Ihre Lieblingszeitschrift zur Hand und schl\u00fcrfen Sie Ihr Getr\u00e4nk, als ob niemand zuschauen w\u00fcrde. Auf den neuen Liegest\u00fchlen\" \/>\n<meta name=\"robots\" content=\"index, follow, max-snippet:-1, max-image-preview:large, max-video-preview:-1\" \/>\n<link rel=\"canonical\" href=\"https:\/\/www.erresse-shop.it\/de\/shop\/einrichtung-haus\/stuehle-und-sessel\/seletti-toiletpaper-klappbarer-liegestuhl-lady-on-carpet\/\" \/>\n<meta property=\"og:locale\" content=\"de_DE\" \/>\n<meta property=\"og:type\" content=\"article\" \/>\n<meta property=\"og:title\" content=\"SELETTI Toiletpaper Klappbarer Liegestuhl Lady on Carpet\" \/>\n<meta property=\"og:description\" content=\"Setzen Sie sich, nehmen Sie Ihre Lieblingszeitschrift zur Hand und schl\u00fcrfen Sie Ihr Getr\u00e4nk, als ob niemand zuschauen w\u00fcrde. Auf den neuen Liegest\u00fchlen\" \/>\n<meta property=\"og:url\" content=\"https:\/\/www.erresse-shop.it\/de\/shop\/einrichtung-haus\/stuehle-und-sessel\/seletti-toiletpaper-klappbarer-liegestuhl-lady-on-carpet\/\" \/>\n<meta property=\"og:site_name\" content=\"Erresse Shop\" \/>\n<meta property=\"article:modified_time\" content=\"2023-07-31T00:11:04+00:00\" \/>\n<meta property=\"og:image\" content=\"https:\/\/www.erresse-shop.it\/wp-content\/uploads\/2022\/04\/Seletti-Sdraio-Pieghevole-lady-on-carpet.jpg\" \/>\n\t<meta property=\"og:image:width\" content=\"900\" \/>\n\t<meta property=\"og:image:height\" content=\"1200\" \/>\n\t<meta property=\"og:image:type\" content=\"image\/jpeg\" \/>\n<meta name=\"twitter:card\" content=\"summary_large_image\" \/>\n<script type=\"application\/ld+json\" class=\"yoast-schema-graph\">{\"@context\":\"https:\/\/schema.org\",\"@graph\":[{\"@type\":\"WebPage\",\"@id\":\"https:\/\/www.erresse-shop.it\/de\/shop\/einrichtung-haus\/stuehle-und-sessel\/seletti-toiletpaper-klappbarer-liegestuhl-lady-on-carpet\/\",\"url\":\"https:\/\/www.erresse-shop.it\/de\/shop\/einrichtung-haus\/stuehle-und-sessel\/seletti-toiletpaper-klappbarer-liegestuhl-lady-on-carpet\/\",\"name\":\"SELETTI Toiletpaper Klappbarer Liegestuhl Lady on Carpet - Erresse Shop\",\"isPartOf\":{\"@id\":\"https:\/\/www.erresse-shop.it\/de\/#website\"},\"datePublished\":\"2022-04-08T07:55:37+00:00\",\"dateModified\":\"2023-07-31T00:11:04+00:00\",\"description\":\"Setzen Sie sich, nehmen Sie Ihre Lieblingszeitschrift zur Hand und schl\u00fcrfen Sie Ihr Getr\u00e4nk, als ob niemand zuschauen w\u00fcrde. Auf den neuen Liegest\u00fchlen\",\"breadcrumb\":{\"@id\":\"https:\/\/www.erresse-shop.it\/de\/shop\/einrichtung-haus\/stuehle-und-sessel\/seletti-toiletpaper-klappbarer-liegestuhl-lady-on-carpet\/#breadcrumb\"},\"inLanguage\":\"de-DE\",\"potentialAction\":[{\"@type\":\"ReadAction\",\"target\":[\"https:\/\/www.erresse-shop.it\/de\/shop\/einrichtung-haus\/stuehle-und-sessel\/seletti-toiletpaper-klappbarer-liegestuhl-lady-on-carpet\/\"]}]},{\"@type\":\"BreadcrumbList\",\"@id\":\"https:\/\/www.erresse-shop.it\/de\/shop\/einrichtung-haus\/stuehle-und-sessel\/seletti-toiletpaper-klappbarer-liegestuhl-lady-on-carpet\/#breadcrumb\",\"itemListElement\":[{\"@type\":\"ListItem\",\"position\":1,\"name\":\"Home\",\"item\":\"https:\/\/www.erresse-shop.it\/de\/\"},{\"@type\":\"ListItem\",\"position\":2,\"name\":\"Shop\",\"item\":\"https:\/\/www.erresse-shop.it\/de\/shop\/\"},{\"@type\":\"ListItem\",\"position\":3,\"name\":\"SELETTI Toiletpaper Klappbarer Liegestuhl Lady on Carpet\"}]},{\"@type\":\"WebSite\",\"@id\":\"https:\/\/www.erresse-shop.it\/de\/#website\",\"url\":\"https:\/\/www.erresse-shop.it\/de\/\",\"name\":\"Erresse Shop\",\"description\":\"Articoli di qualit\u00e0 per la casa\",\"potentialAction\":[{\"@type\":\"SearchAction\",\"target\":{\"@type\":\"EntryPoint\",\"urlTemplate\":\"https:\/\/www.erresse-shop.it\/de\/?s={search_term_string}\"},\"query-input\":\"required name=search_term_string\"}],\"inLanguage\":\"de-DE\"}]}<\/script>\n<!-- \/ Yoast SEO Premium plugin. -->","yoast_head_json":{"title":"SELETTI Toiletpaper Klappbarer Liegestuhl Lady on Carpet - Erresse Shop","description":"Setzen Sie sich, nehmen Sie Ihre Lieblingszeitschrift zur Hand und schl\u00fcrfen Sie Ihr Getr\u00e4nk, als ob niemand zuschauen w\u00fcrde. Auf den neuen Liegest\u00fchlen","robots":{"index":"index","follow":"follow","max-snippet":"max-snippet:-1","max-image-preview":"max-image-preview:large","max-video-preview":"max-video-preview:-1"},"canonical":"https:\/\/www.erresse-shop.it\/de\/shop\/einrichtung-haus\/stuehle-und-sessel\/seletti-toiletpaper-klappbarer-liegestuhl-lady-on-carpet\/","og_locale":"de_DE","og_type":"article","og_title":"SELETTI Toiletpaper Klappbarer Liegestuhl Lady on Carpet","og_description":"Setzen Sie sich, nehmen Sie Ihre Lieblingszeitschrift zur Hand und schl\u00fcrfen Sie Ihr Getr\u00e4nk, als ob niemand zuschauen w\u00fcrde. Auf den neuen Liegest\u00fchlen","og_url":"https:\/\/www.erresse-shop.it\/de\/shop\/einrichtung-haus\/stuehle-und-sessel\/seletti-toiletpaper-klappbarer-liegestuhl-lady-on-carpet\/","og_site_name":"Erresse Shop","article_modified_time":"2023-07-31T00:11:04+00:00","og_image":[{"width":900,"height":1200,"url":"https:\/\/www.erresse-shop.it\/wp-content\/uploads\/2022\/04\/Seletti-Sdraio-Pieghevole-lady-on-carpet.jpg","type":"image\/jpeg"}],"twitter_card":"summary_large_image","schema":{"@context":"https:\/\/schema.org","@graph":[{"@type":"WebPage","@id":"https:\/\/www.erresse-shop.it\/de\/shop\/einrichtung-haus\/stuehle-und-sessel\/seletti-toiletpaper-klappbarer-liegestuhl-lady-on-carpet\/","url":"https:\/\/www.erresse-shop.it\/de\/shop\/einrichtung-haus\/stuehle-und-sessel\/seletti-toiletpaper-klappbarer-liegestuhl-lady-on-carpet\/","name":"SELETTI Toiletpaper Klappbarer Liegestuhl Lady on Carpet - Erresse Shop","isPartOf":{"@id":"https:\/\/www.erresse-shop.it\/de\/#website"},"datePublished":"2022-04-08T07:55:37+00:00","dateModified":"2023-07-31T00:11:04+00:00","description":"Setzen Sie sich, nehmen Sie Ihre Lieblingszeitschrift zur Hand und schl\u00fcrfen Sie Ihr Getr\u00e4nk, als ob niemand zuschauen w\u00fcrde. Auf den neuen Liegest\u00fchlen","breadcrumb":{"@id":"https:\/\/www.erresse-shop.it\/de\/shop\/einrichtung-haus\/stuehle-und-sessel\/seletti-toiletpaper-klappbarer-liegestuhl-lady-on-carpet\/#breadcrumb"},"inLanguage":"de-DE","potentialAction":[{"@type":"ReadAction","target":["https:\/\/www.erresse-shop.it\/de\/shop\/einrichtung-haus\/stuehle-und-sessel\/seletti-toiletpaper-klappbarer-liegestuhl-lady-on-carpet\/"]}]},{"@type":"BreadcrumbList","@id":"https:\/\/www.erresse-shop.it\/de\/shop\/einrichtung-haus\/stuehle-und-sessel\/seletti-toiletpaper-klappbarer-liegestuhl-lady-on-carpet\/#breadcrumb","itemListElement":[{"@type":"ListItem","position":1,"name":"Home","item":"https:\/\/www.erresse-shop.it\/de\/"},{"@type":"ListItem","position":2,"name":"Shop","item":"https:\/\/www.erresse-shop.it\/de\/shop\/"},{"@type":"ListItem","position":3,"name":"SELETTI Toiletpaper Klappbarer Liegestuhl Lady on Carpet"}]},{"@type":"WebSite","@id":"https:\/\/www.erresse-shop.it\/de\/#website","url":"https:\/\/www.erresse-shop.it\/de\/","name":"Erresse Shop","description":"Articoli di qualit\u00e0 per la casa","potentialAction":[{"@type":"SearchAction","target":{"@type":"EntryPoint","urlTemplate":"https:\/\/www.erresse-shop.it\/de\/?s={search_term_string}"},"query-input":"required name=search_term_string"}],"inLanguage":"de-DE"}]}},"df_price":62.550000000000004,"df_sale_price":62.550000000000004,"df_regular_price":139,"df_image_link":"https:\/\/www.erresse-shop.it\/wp-content\/uploads\/2022\/04\/Seletti-Sdraio-Pieghevole-lady-on-carpet-225x300.jpg","_links":{"self":[{"href":"https:\/\/www.erresse-shop.it\/de\/wp-json\/wp\/v2\/product\/150187"}],"collection":[{"href":"https:\/\/www.erresse-shop.it\/de\/wp-json\/wp\/v2\/product"}],"about":[{"href":"https:\/\/www.erresse-shop.it\/de\/wp-json\/wp\/v2\/types\/product"}],"wp:featuredmedia":[{"embeddable":true,"href":"https:\/\/www.erresse-shop.it\/de\/wp-json\/wp\/v2\/media\/150229"}],"wp:attachment":[{"href":"https:\/\/www.erresse-shop.it\/de\/wp-json\/wp\/v2\/media?parent=150187"}],"wp:term":[{"taxonomy":"product_cat","embeddable":true,"href":"https:\/\/www.erresse-shop.it\/de\/wp-json\/wp\/v2\/product_cat?post=150187"},{"taxonomy":"product_tag","embeddable":true,"href":"https:\/\/www.erresse-shop.it\/de\/wp-json\/wp\/v2\/product_tag?post=150187"}],"curies":[{"name":"wp","href":"https:\/\/api.w.org\/{rel}","templated":true}]}}