{"id":150156,"date":"2022-04-08T07:41:11","date_gmt":"2022-04-08T07:41:12","guid":{"rendered":"https:\/\/www.erresse-shop.it\/?post_type=product&#038;p=150156"},"modified":"2025-05-15T10:46:15","modified_gmt":"2025-05-15T10:46:15","slug":"sage-the-oracle-copia-copia__trashed","status":"publish","type":"product","link":"https:\/\/www.erresse-shop.it\/de\/shop\/kleine-elektrogeraete\/kaffeemaschinen-espresso\/sage-the-oracle-copia-copia__trashed\/","title":{"rendered":"SAGE The Duo Temp Pro"},"content":{"rendered":"<p>Um ein ausgewogenes Aroma zu erzielen, ist es wichtig, eine gleichm\u00e4\u00dfige Extraktion mit niedrigem Druck vor der Infusion vorzunehmen, genau wie bei professionellen Maschinen. Das Geheimnis eines guten Espressos oder Cappuccinos ist die richtige Balance zwischen s\u00fc\u00dfen, sauren und bitteren Noten. Der Duo-Temp Pro bringt den vollen Geschmack eines hochwertigen Kaffees direkt zu Ihnen nach Hause.<\/p>\n<p><strong>Pr\u00e4zise Extraktion<\/strong><br \/>\nDie Pre-Infusion mit niedrigem Druck stellt sicher, dass alle Aromen w\u00e4hrend der Extraktion gleichm\u00e4\u00dfig extrahiert werden, um ein ausgewogenes Endergebnis zu erzielen.<\/p>\n<p><strong>Milchschaum mit Mikroblasen<\/strong><br \/>\nDas Heizelement mit 1600 W erzeugt Dampf, der Mikrobl\u00e4schen aufsch\u00e4umt &#8211; ideal, um Aromen zu verst\u00e4rken und Milchkaffee zuzubereiten.<\/p>\n<p><strong>Wartungsleuchten<\/strong><br \/>\nUnsere Maschinen lassen Sie wissen, wenn sie Aufmerksamkeit brauchen. Reinigungs- und Tropfschalenentleerungsmeldungen machen die Routinewartung zum Kinderspiel.<\/p>\n<p><strong>Produktspezifikationen<\/strong><\/p>\n<ul>\n<li>Stromversorgung: 1600 Watt<\/li>\n<li>Fassungsverm\u00f6gen des Wassertanks: 1,8 l<\/li>\n<li>Abmessungen (BxTxH): 32 x 25,7 x 33,4 cm<\/li>\n<li>Garantie: 2 Jahre Garantie auf Reparatur, Ersatz oder R\u00fcckerstattung (nach alleinigem Ermessen von Sage Appliances)<\/li>\n<li>Einstellungen: Manuelle Kontrolle der Absaugmenge<\/li>\n<li>Konstruktionsmaterial: Geb\u00fcrsteter rostfreier Stahl<\/li>\n<li>15-bar-Pumpe aus italienischer Produktion<\/li>\n<li>Spannung: 220-240 Volt<\/li>\n<\/ul>\n<p><strong>Inklusive Zubeh\u00f6r:<\/strong><\/p>\n<ul>\n<li>54 mm Filterhalter<\/li>\n<li>Integrierter Presser<\/li>\n<li>Pr\u00e4zisions-Dosierger\u00e4t<\/li>\n<li>Razor Einfach- und Doppelwandfilter f\u00fcr 1 und 2 Tassen (4)<\/li>\n<li>Milchk\u00e4nnchen aus Edelstahl<\/li>\n<li>Inbusschl\u00fcssel<\/li>\n<li>Wasserfilter mit St\u00e4nder<\/li>\n<\/ul>\n<p><strong>Nicht zum Verkauf au\u00dferhalb Europas<\/strong><\/p>\n<div class=\"su-youtube su-u-responsive-media-yes\"><iframe loading=\"lazy\" width=\"500\" height=\"200\" src=\"https:\/\/www.youtube.com\/embed\/axLqwiJKL1c?\" frameborder=\"0\" allowfullscreen allow=\"autoplay; encrypted-media; picture-in-picture\" title=\"\"><\/iframe><\/div>\n","protected":false},"excerpt":{"rendered":"<p><br data-mce-bogus=\"1\"><\/p>\n","protected":false},"featured_media":150165,"template":"","meta":{"_acf_changed":false,"inline_featured_image":false},"product_cat":[6733,6703],"product_tag":[18756,18757,13966,18758],"acf":[],"yoast_head":"<!-- This site is optimized with the Yoast SEO Premium plugin v18.6 (Yoast SEO v19.13) - https:\/\/yoast.com\/wordpress\/plugins\/seo\/ -->\n<title>SAGE The Duo Temp Pro - Erresse Shop<\/title>\n<meta name=\"robots\" content=\"index, follow, max-snippet:-1, max-image-preview:large, max-video-preview:-1\" \/>\n<link rel=\"canonical\" href=\"https:\/\/www.erresse-shop.it\/de\/shop\/kleine-elektrogeraete\/kaffeemaschinen-espresso\/sage-the-oracle-copia-copia__trashed\/\" \/>\n<meta property=\"og:locale\" content=\"de_DE\" \/>\n<meta property=\"og:type\" content=\"article\" \/>\n<meta property=\"og:title\" content=\"SAGE The Duo Temp Pro\" \/>\n<meta property=\"og:url\" content=\"https:\/\/www.erresse-shop.it\/de\/shop\/kleine-elektrogeraete\/kaffeemaschinen-espresso\/sage-the-oracle-copia-copia__trashed\/\" \/>\n<meta property=\"og:site_name\" content=\"Erresse Shop\" \/>\n<meta property=\"article:modified_time\" content=\"2025-05-15T10:46:15+00:00\" \/>\n<meta property=\"og:image\" content=\"https:\/\/www.erresse-shop.it\/wp-content\/uploads\/2022\/04\/The-Duo-Temp-Pro-4.jpg\" \/>\n\t<meta property=\"og:image:width\" content=\"992\" \/>\n\t<meta property=\"og:image:height\" content=\"992\" \/>\n\t<meta property=\"og:image:type\" content=\"image\/jpeg\" \/>\n<meta name=\"twitter:card\" content=\"summary_large_image\" \/>\n<script type=\"application\/ld+json\" class=\"yoast-schema-graph\">{\"@context\":\"https:\/\/schema.org\",\"@graph\":[{\"@type\":\"WebPage\",\"@id\":\"https:\/\/www.erresse-shop.it\/de\/shop\/kleine-elektrogeraete\/kaffeemaschinen-espresso\/sage-the-oracle-copia-copia__trashed\/\",\"url\":\"https:\/\/www.erresse-shop.it\/de\/shop\/kleine-elektrogeraete\/kaffeemaschinen-espresso\/sage-the-oracle-copia-copia__trashed\/\",\"name\":\"SAGE The Duo Temp Pro - Erresse Shop\",\"isPartOf\":{\"@id\":\"https:\/\/www.erresse-shop.it\/de\/#website\"},\"datePublished\":\"2022-04-08T07:41:12+00:00\",\"dateModified\":\"2025-05-15T10:46:15+00:00\",\"breadcrumb\":{\"@id\":\"https:\/\/www.erresse-shop.it\/de\/shop\/kleine-elektrogeraete\/kaffeemaschinen-espresso\/sage-the-oracle-copia-copia__trashed\/#breadcrumb\"},\"inLanguage\":\"de-DE\",\"potentialAction\":[{\"@type\":\"ReadAction\",\"target\":[\"https:\/\/www.erresse-shop.it\/de\/shop\/kleine-elektrogeraete\/kaffeemaschinen-espresso\/sage-the-oracle-copia-copia__trashed\/\"]}]},{\"@type\":\"BreadcrumbList\",\"@id\":\"https:\/\/www.erresse-shop.it\/de\/shop\/kleine-elektrogeraete\/kaffeemaschinen-espresso\/sage-the-oracle-copia-copia__trashed\/#breadcrumb\",\"itemListElement\":[{\"@type\":\"ListItem\",\"position\":1,\"name\":\"Home\",\"item\":\"https:\/\/www.erresse-shop.it\/de\/\"},{\"@type\":\"ListItem\",\"position\":2,\"name\":\"Shop\",\"item\":\"https:\/\/www.erresse-shop.it\/de\/shop\/\"},{\"@type\":\"ListItem\",\"position\":3,\"name\":\"SAGE The Duo Temp Pro\"}]},{\"@type\":\"WebSite\",\"@id\":\"https:\/\/www.erresse-shop.it\/de\/#website\",\"url\":\"https:\/\/www.erresse-shop.it\/de\/\",\"name\":\"Erresse Shop\",\"description\":\"Articoli di qualit\u00e0 per la casa\",\"potentialAction\":[{\"@type\":\"SearchAction\",\"target\":{\"@type\":\"EntryPoint\",\"urlTemplate\":\"https:\/\/www.erresse-shop.it\/de\/?s={search_term_string}\"},\"query-input\":\"required name=search_term_string\"}],\"inLanguage\":\"de-DE\"}]}<\/script>\n<!-- \/ Yoast SEO Premium plugin. -->","yoast_head_json":{"title":"SAGE The Duo Temp Pro - Erresse Shop","robots":{"index":"index","follow":"follow","max-snippet":"max-snippet:-1","max-image-preview":"max-image-preview:large","max-video-preview":"max-video-preview:-1"},"canonical":"https:\/\/www.erresse-shop.it\/de\/shop\/kleine-elektrogeraete\/kaffeemaschinen-espresso\/sage-the-oracle-copia-copia__trashed\/","og_locale":"de_DE","og_type":"article","og_title":"SAGE The Duo Temp Pro","og_url":"https:\/\/www.erresse-shop.it\/de\/shop\/kleine-elektrogeraete\/kaffeemaschinen-espresso\/sage-the-oracle-copia-copia__trashed\/","og_site_name":"Erresse Shop","article_modified_time":"2025-05-15T10:46:15+00:00","og_image":[{"width":992,"height":992,"url":"https:\/\/www.erresse-shop.it\/wp-content\/uploads\/2022\/04\/The-Duo-Temp-Pro-4.jpg","type":"image\/jpeg"}],"twitter_card":"summary_large_image","schema":{"@context":"https:\/\/schema.org","@graph":[{"@type":"WebPage","@id":"https:\/\/www.erresse-shop.it\/de\/shop\/kleine-elektrogeraete\/kaffeemaschinen-espresso\/sage-the-oracle-copia-copia__trashed\/","url":"https:\/\/www.erresse-shop.it\/de\/shop\/kleine-elektrogeraete\/kaffeemaschinen-espresso\/sage-the-oracle-copia-copia__trashed\/","name":"SAGE The Duo Temp Pro - Erresse Shop","isPartOf":{"@id":"https:\/\/www.erresse-shop.it\/de\/#website"},"datePublished":"2022-04-08T07:41:12+00:00","dateModified":"2025-05-15T10:46:15+00:00","breadcrumb":{"@id":"https:\/\/www.erresse-shop.it\/de\/shop\/kleine-elektrogeraete\/kaffeemaschinen-espresso\/sage-the-oracle-copia-copia__trashed\/#breadcrumb"},"inLanguage":"de-DE","potentialAction":[{"@type":"ReadAction","target":["https:\/\/www.erresse-shop.it\/de\/shop\/kleine-elektrogeraete\/kaffeemaschinen-espresso\/sage-the-oracle-copia-copia__trashed\/"]}]},{"@type":"BreadcrumbList","@id":"https:\/\/www.erresse-shop.it\/de\/shop\/kleine-elektrogeraete\/kaffeemaschinen-espresso\/sage-the-oracle-copia-copia__trashed\/#breadcrumb","itemListElement":[{"@type":"ListItem","position":1,"name":"Home","item":"https:\/\/www.erresse-shop.it\/de\/"},{"@type":"ListItem","position":2,"name":"Shop","item":"https:\/\/www.erresse-shop.it\/de\/shop\/"},{"@type":"ListItem","position":3,"name":"SAGE The Duo Temp Pro"}]},{"@type":"WebSite","@id":"https:\/\/www.erresse-shop.it\/de\/#website","url":"https:\/\/www.erresse-shop.it\/de\/","name":"Erresse Shop","description":"Articoli di qualit\u00e0 per la casa","potentialAction":[{"@type":"SearchAction","target":{"@type":"EntryPoint","urlTemplate":"https:\/\/www.erresse-shop.it\/de\/?s={search_term_string}"},"query-input":"required name=search_term_string"}],"inLanguage":"de-DE"}]}},"df_price":429.9,"df_sale_price":429.9,"df_regular_price":429.9,"df_image_link":"https:\/\/www.erresse-shop.it\/wp-content\/uploads\/2022\/04\/The-Duo-Temp-Pro-4-300x300.jpg","_links":{"self":[{"href":"https:\/\/www.erresse-shop.it\/de\/wp-json\/wp\/v2\/product\/150156"}],"collection":[{"href":"https:\/\/www.erresse-shop.it\/de\/wp-json\/wp\/v2\/product"}],"about":[{"href":"https:\/\/www.erresse-shop.it\/de\/wp-json\/wp\/v2\/types\/product"}],"wp:featuredmedia":[{"embeddable":true,"href":"https:\/\/www.erresse-shop.it\/de\/wp-json\/wp\/v2\/media\/150165"}],"wp:attachment":[{"href":"https:\/\/www.erresse-shop.it\/de\/wp-json\/wp\/v2\/media?parent=150156"}],"wp:term":[{"taxonomy":"product_cat","embeddable":true,"href":"https:\/\/www.erresse-shop.it\/de\/wp-json\/wp\/v2\/product_cat?post=150156"},{"taxonomy":"product_tag","embeddable":true,"href":"https:\/\/www.erresse-shop.it\/de\/wp-json\/wp\/v2\/product_tag?post=150156"}],"curies":[{"name":"wp","href":"https:\/\/api.w.org\/{rel}","templated":true}]}}