{"id":149967,"date":"2022-04-07T12:50:00","date_gmt":"2022-04-07T12:50:01","guid":{"rendered":"https:\/\/www.erresse-shop.it\/?post_type=product&#038;p=149967"},"modified":"2024-10-09T08:30:06","modified_gmt":"2024-10-09T08:30:06","slug":"sage-the-oracle-touch","status":"publish","type":"product","link":"https:\/\/www.erresse-shop.it\/de\/shop\/kleine-elektrogeraete\/kaffeemaschinen-espresso\/automatisch\/sage-the-oracle-touch\/","title":{"rendered":"SAGE The Oracle Touch"},"content":{"rendered":"<p>Dank der automatischen Touchscreen-Bedienung war die Zubereitung Ihres Lieblingskaffees noch nie so einfach. Es sind nur drei Schritte erforderlich: Mahlen, Extraktion und Milchaufsch\u00e4umen. Sie k\u00f6nnen die Kaffeest\u00e4rke und den Milchschaum oder die Temperatur ganz einfach an Ihren Geschmack anpassen und die Einstellungen dann unter Ihrem Namen speichern. Sie k\u00f6nnen bis zu 8 personalisierte Kaffeesorten erstellen und speichern.<\/p>\n<p><strong>Bl\u00e4ttern, ausw\u00e4hlen, genie\u00dfen<\/strong><br \/>\nDank eines vollautomatischen Prozesses k\u00f6nnen Sie schnell und einfach Ihren Lieblingskaffee ausw\u00e4hlen: Ob schwarzer Kaffee, Milchkaffee oder Cappuccino, von nun an k\u00f6nnen Sie echten Kaffee der dritten Generation zu Hause genie\u00dfen, wann immer Sie wollen.<\/p>\n<p><strong>Dosis<\/strong><br \/>\nDas integrierte Kegelmahlwerk mahlt, dosiert und presst automatisch 22 Gramm Kaffee, genau wie die Profi-Maschine in Ihrer Lieblings-Kaffeebar.<\/p>\n<p><strong>Pr\u00e4zise Steuerung der Wassertemperatur<\/strong><br \/>\nDas Sicherheitsventil ist ein Merkmal von Oracle Touch, das normalerweise kommerziellen Maschinen vorbehalten ist. Er begrenzt den maximalen Druck w\u00e4hrend der Extraktion und verhindert so, dass der Kaffee einen bitteren Geschmack annimmt. Au\u00dferdem verf\u00fcgt er \u00fcber eine Niederdruck-Vorbr\u00fchfunktion, die den Druck allm\u00e4hlich erh\u00f6ht, um das Kaffeemehl sanft auszudehnen und eine gleichm\u00e4\u00dfige Extraktion zu erreichen.<\/p>\n<p><strong>Optimaler Wasserdruck<\/strong><br \/>\nDas Sicherheitsventil ist ein Merkmal von Oracle Touch, das normalerweise kommerziellen Maschinen vorbehalten ist. Er begrenzt den maximalen Druck w\u00e4hrend der Extraktion und verhindert so, dass der Kaffee bitter schmeckt. Au\u00dferdem verf\u00fcgt er \u00fcber eine Niederdruck-Vorbr\u00fchfunktion, die den Druck allm\u00e4hlich erh\u00f6ht, um das Kaffeemehl sanft auszudehnen und eine gleichm\u00e4\u00dfige Extraktion zu erreichen.<\/p>\n<p><strong>Ausreichender Dampfdruck<\/strong><br \/>\nQualit\u00e4tskaffee ist das Ergebnis eines delikaten Gleichgewichts zwischen dem Aroma des Espressos und der S\u00fc\u00dfe der Milch, die reich an Mikrobl\u00e4schen ist. Die Dampfd\u00fcse, die von einem speziellen Dampfkessel gespeist wird, sch\u00e4umt die Milch automatisch nach Ihrem Geschmack und mit der von Ihnen gew\u00fcnschten Temperatur auf. Das Ergebnis ist ein samtiger Schaum, der den Geschmack des Kaffees unterstreicht, genau wie an der Bar. Und es reinigt sich selbst!<\/p>\n<p><strong>One-Touch-Funktion f\u00fcr Americano<\/strong><br \/>\nMit der innovativen One-Touch-Funktion k\u00f6nnen Sie einen perfekten Americano zubereiten: Die Maschine br\u00fcht zun\u00e4chst einen doppelten Espresso und f\u00fcllt dann \u00fcber einen speziellen Auslauf die Tasse separat mit hei\u00dfem Wasser, wie es professionelle Maschinen tun w\u00fcrden.<\/p>\n<p>Stromversorgung: 2400 Watt<br \/>\nFassungsverm\u00f6gen des Becherhalters: 280 Gramm<br \/>\nAbmessungen (BxTxH): 39,2 x 37,3 x 45,4 cm<br \/>\nPre-Infusion-Funktion: Diese Funktion erh\u00f6ht schrittweise den Wasserdruck, um den gemahlenen Kaffee sanft auszudehnen und eine gleichm\u00e4\u00dfige Extraktion zu gew\u00e4hrleisten.<br \/>\nGarantie: 2 Jahre Garantie auf Reparatur, Ersatz oder R\u00fcckerstattung (nach alleinigem Ermessen von Sage Appliances)<br \/>\nIntegrierte Kaffeem\u00fchle: Integrierte konische Kaffeem\u00fchle aus Edelstahl<br \/>\nKonstruktionsmaterialien: Geb\u00fcrsteter Edelstahl; Doppelkessel aus Edelstahl<br \/>\nSpannung: 220-240 Volt<br \/>\nTimer: Der Espresso-Timer zeigt die Dauer der Extraktion an, damit Sie immer optimale Ergebnisse erzielen.<br \/>\nSicherheitsventil: Diese f\u00fcr professionelle Maschinen typische Funktion begrenzt den Druck der italienischen 15-bar-Pumpe w\u00e4hrend der Extraktion, damit der Kaffee nicht bitter wird.<\/p>\n<p><strong>Inklusive Zubeh\u00f6r:<\/strong><\/p>\n<ul>\n<li>Kleiner Filterhalter<\/li>\n<li>Kompletter 58-mm-Filterhalter aus Edelstahl<\/li>\n<li>1 und 2 Tassen-Einwandfilter<\/li>\n<li>480-ml-Edelstahl-Milchk\u00e4nnchen<\/li>\n<li>Ersatzteile f\u00fcr das Dampfrohr<\/li>\n<li>Reinigungsset<\/li>\n<li>Teststreifen f\u00fcr Wasserh\u00e4rte<\/li>\n<li>Wasserfilter mit Halter<\/li>\n<\/ul>\n<p><strong>Einstellungen:<\/strong><\/p>\n<ul>\n<li>Touchscreen-Bedienung<\/li>\n<li>5 vorprogrammierte Lieblingseinstellungen<\/li>\n<li>Erstellen, Speichern und Benennen von 8 anpassbaren Einstellungen<\/li>\n<li>Einstellbarer Mahlgradregler<\/li>\n<li>Programmierbare Temperatur und Milchschaum<\/li>\n<li>Einfacher oder doppelter Espresso<\/li>\n<li>Hei\u00dfes Wasser<\/li>\n<\/ul>\n<p><strong>Dreifaches Heizsystem:<\/strong><\/p>\n<ul>\n<li>Dedizierter Dampfkessel mit integriertem W\u00e4rmetauscher f\u00fcr erh\u00f6hte thermische Stabilit\u00e4t.<\/li>\n<li>Spezieller Espressokocher mit digitaler PID-Regelung f\u00fcr pr\u00e4zise Wassertemperatur.<\/li>\n<li>Beheizte Br\u00fchgruppe: Eingebautes PID-gesteuertes Element sorgt f\u00fcr thermische Stabilit\u00e4t.<\/li>\n<\/ul>\n<p><strong>Nicht au\u00dferhalb Europas verkauft<\/strong><\/p>\n<div class=\"su-youtube su-u-responsive-media-yes\"><iframe loading=\"lazy\" width=\"500\" height=\"200\" src=\"https:\/\/www.youtube.com\/embed\/axLqwiJKL1c?\" frameborder=\"0\" allowfullscreen allow=\"autoplay; encrypted-media; picture-in-picture\" title=\"\"><\/iframe><\/div>\n","protected":false},"excerpt":{"rendered":"<p><br data-mce-bogus=\"1\"><\/p>\n","protected":false},"featured_media":156051,"template":"","meta":{"_acf_changed":false,"inline_featured_image":false},"product_cat":[6733,6703,25361],"product_tag":[23569,18756,18757,23564,18758],"acf":[],"yoast_head":"<!-- This site is optimized with the Yoast SEO Premium plugin v18.6 (Yoast SEO v19.13) - https:\/\/yoast.com\/wordpress\/plugins\/seo\/ -->\n<title>SAGE The Oracle Touch - Erresse Shop<\/title>\n<meta name=\"robots\" content=\"index, follow, max-snippet:-1, max-image-preview:large, max-video-preview:-1\" \/>\n<link rel=\"canonical\" href=\"https:\/\/www.erresse-shop.it\/de\/shop\/kleine-elektrogeraete\/kaffeemaschinen-espresso\/automatisch\/sage-the-oracle-touch\/\" \/>\n<meta property=\"og:locale\" content=\"de_DE\" \/>\n<meta property=\"og:type\" content=\"article\" \/>\n<meta property=\"og:title\" content=\"SAGE The Oracle Touch\" \/>\n<meta property=\"og:url\" content=\"https:\/\/www.erresse-shop.it\/de\/shop\/kleine-elektrogeraete\/kaffeemaschinen-espresso\/automatisch\/sage-the-oracle-touch\/\" \/>\n<meta property=\"og:site_name\" content=\"Erresse Shop\" \/>\n<meta property=\"article:modified_time\" content=\"2024-10-09T08:30:06+00:00\" \/>\n<meta property=\"og:image\" content=\"https:\/\/www.erresse-shop.it\/wp-content\/uploads\/2022\/04\/SAGE-The-Oracle-Touch.jpg\" \/>\n\t<meta property=\"og:image:width\" content=\"992\" \/>\n\t<meta property=\"og:image:height\" content=\"992\" \/>\n\t<meta property=\"og:image:type\" content=\"image\/jpeg\" \/>\n<meta name=\"twitter:card\" content=\"summary_large_image\" \/>\n<script type=\"application\/ld+json\" class=\"yoast-schema-graph\">{\"@context\":\"https:\/\/schema.org\",\"@graph\":[{\"@type\":\"WebPage\",\"@id\":\"https:\/\/www.erresse-shop.it\/de\/shop\/kleine-elektrogeraete\/kaffeemaschinen-espresso\/automatisch\/sage-the-oracle-touch\/\",\"url\":\"https:\/\/www.erresse-shop.it\/de\/shop\/kleine-elektrogeraete\/kaffeemaschinen-espresso\/automatisch\/sage-the-oracle-touch\/\",\"name\":\"SAGE The Oracle Touch - Erresse Shop\",\"isPartOf\":{\"@id\":\"https:\/\/www.erresse-shop.it\/de\/#website\"},\"datePublished\":\"2022-04-07T12:50:01+00:00\",\"dateModified\":\"2024-10-09T08:30:06+00:00\",\"breadcrumb\":{\"@id\":\"https:\/\/www.erresse-shop.it\/de\/shop\/kleine-elektrogeraete\/kaffeemaschinen-espresso\/automatisch\/sage-the-oracle-touch\/#breadcrumb\"},\"inLanguage\":\"de-DE\",\"potentialAction\":[{\"@type\":\"ReadAction\",\"target\":[\"https:\/\/www.erresse-shop.it\/de\/shop\/kleine-elektrogeraete\/kaffeemaschinen-espresso\/automatisch\/sage-the-oracle-touch\/\"]}]},{\"@type\":\"BreadcrumbList\",\"@id\":\"https:\/\/www.erresse-shop.it\/de\/shop\/kleine-elektrogeraete\/kaffeemaschinen-espresso\/automatisch\/sage-the-oracle-touch\/#breadcrumb\",\"itemListElement\":[{\"@type\":\"ListItem\",\"position\":1,\"name\":\"Home\",\"item\":\"https:\/\/www.erresse-shop.it\/de\/\"},{\"@type\":\"ListItem\",\"position\":2,\"name\":\"Shop\",\"item\":\"https:\/\/www.erresse-shop.it\/de\/shop\/\"},{\"@type\":\"ListItem\",\"position\":3,\"name\":\"SAGE The Oracle Touch\"}]},{\"@type\":\"WebSite\",\"@id\":\"https:\/\/www.erresse-shop.it\/de\/#website\",\"url\":\"https:\/\/www.erresse-shop.it\/de\/\",\"name\":\"Erresse Shop\",\"description\":\"Articoli di qualit\u00e0 per la casa\",\"potentialAction\":[{\"@type\":\"SearchAction\",\"target\":{\"@type\":\"EntryPoint\",\"urlTemplate\":\"https:\/\/www.erresse-shop.it\/de\/?s={search_term_string}\"},\"query-input\":\"required name=search_term_string\"}],\"inLanguage\":\"de-DE\"}]}<\/script>\n<!-- \/ Yoast SEO Premium plugin. -->","yoast_head_json":{"title":"SAGE The Oracle Touch - Erresse Shop","robots":{"index":"index","follow":"follow","max-snippet":"max-snippet:-1","max-image-preview":"max-image-preview:large","max-video-preview":"max-video-preview:-1"},"canonical":"https:\/\/www.erresse-shop.it\/de\/shop\/kleine-elektrogeraete\/kaffeemaschinen-espresso\/automatisch\/sage-the-oracle-touch\/","og_locale":"de_DE","og_type":"article","og_title":"SAGE The Oracle Touch","og_url":"https:\/\/www.erresse-shop.it\/de\/shop\/kleine-elektrogeraete\/kaffeemaschinen-espresso\/automatisch\/sage-the-oracle-touch\/","og_site_name":"Erresse Shop","article_modified_time":"2024-10-09T08:30:06+00:00","og_image":[{"width":992,"height":992,"url":"https:\/\/www.erresse-shop.it\/wp-content\/uploads\/2022\/04\/SAGE-The-Oracle-Touch.jpg","type":"image\/jpeg"}],"twitter_card":"summary_large_image","schema":{"@context":"https:\/\/schema.org","@graph":[{"@type":"WebPage","@id":"https:\/\/www.erresse-shop.it\/de\/shop\/kleine-elektrogeraete\/kaffeemaschinen-espresso\/automatisch\/sage-the-oracle-touch\/","url":"https:\/\/www.erresse-shop.it\/de\/shop\/kleine-elektrogeraete\/kaffeemaschinen-espresso\/automatisch\/sage-the-oracle-touch\/","name":"SAGE The Oracle Touch - Erresse Shop","isPartOf":{"@id":"https:\/\/www.erresse-shop.it\/de\/#website"},"datePublished":"2022-04-07T12:50:01+00:00","dateModified":"2024-10-09T08:30:06+00:00","breadcrumb":{"@id":"https:\/\/www.erresse-shop.it\/de\/shop\/kleine-elektrogeraete\/kaffeemaschinen-espresso\/automatisch\/sage-the-oracle-touch\/#breadcrumb"},"inLanguage":"de-DE","potentialAction":[{"@type":"ReadAction","target":["https:\/\/www.erresse-shop.it\/de\/shop\/kleine-elektrogeraete\/kaffeemaschinen-espresso\/automatisch\/sage-the-oracle-touch\/"]}]},{"@type":"BreadcrumbList","@id":"https:\/\/www.erresse-shop.it\/de\/shop\/kleine-elektrogeraete\/kaffeemaschinen-espresso\/automatisch\/sage-the-oracle-touch\/#breadcrumb","itemListElement":[{"@type":"ListItem","position":1,"name":"Home","item":"https:\/\/www.erresse-shop.it\/de\/"},{"@type":"ListItem","position":2,"name":"Shop","item":"https:\/\/www.erresse-shop.it\/de\/shop\/"},{"@type":"ListItem","position":3,"name":"SAGE The Oracle Touch"}]},{"@type":"WebSite","@id":"https:\/\/www.erresse-shop.it\/de\/#website","url":"https:\/\/www.erresse-shop.it\/de\/","name":"Erresse Shop","description":"Articoli di qualit\u00e0 per la casa","potentialAction":[{"@type":"SearchAction","target":{"@type":"EntryPoint","urlTemplate":"https:\/\/www.erresse-shop.it\/de\/?s={search_term_string}"},"query-input":"required name=search_term_string"}],"inLanguage":"de-DE"}]}},"df_price":2599.9,"df_sale_price":2599.9,"df_regular_price":2599.9,"df_image_link":"https:\/\/www.erresse-shop.it\/wp-content\/uploads\/2022\/04\/SAGE-The-Oracle-Touch-300x300.jpg","_links":{"self":[{"href":"https:\/\/www.erresse-shop.it\/de\/wp-json\/wp\/v2\/product\/149967"}],"collection":[{"href":"https:\/\/www.erresse-shop.it\/de\/wp-json\/wp\/v2\/product"}],"about":[{"href":"https:\/\/www.erresse-shop.it\/de\/wp-json\/wp\/v2\/types\/product"}],"wp:featuredmedia":[{"embeddable":true,"href":"https:\/\/www.erresse-shop.it\/de\/wp-json\/wp\/v2\/media\/156051"}],"wp:attachment":[{"href":"https:\/\/www.erresse-shop.it\/de\/wp-json\/wp\/v2\/media?parent=149967"}],"wp:term":[{"taxonomy":"product_cat","embeddable":true,"href":"https:\/\/www.erresse-shop.it\/de\/wp-json\/wp\/v2\/product_cat?post=149967"},{"taxonomy":"product_tag","embeddable":true,"href":"https:\/\/www.erresse-shop.it\/de\/wp-json\/wp\/v2\/product_tag?post=149967"}],"curies":[{"name":"wp","href":"https:\/\/api.w.org\/{rel}","templated":true}]}}