{"id":149563,"date":"2022-04-06T08:56:53","date_gmt":"2022-04-06T08:56:54","guid":{"rendered":"https:\/\/www.erresse-shop.it\/?post_type=product&#038;p=149563"},"modified":"2025-05-30T12:38:22","modified_gmt":"2025-05-30T12:38:22","slug":"sage-the-duo-temp-pro","status":"publish","type":"product","link":"https:\/\/www.erresse-shop.it\/de\/shop\/kleine-elektrogeraete\/kaffeemaschinen-espresso\/handbuecher\/sage-the-duo-temp-pro\/","title":{"rendered":"SAGE The Duo Temp Pro"},"content":{"rendered":"<p>Ein ausgewogener Geschmack basiert auf eine konstante Extraktion und einer Pre-Infusion mit geringem Druck. Die richtige Balance zwischen s\u00fc\u00dflichem Geschmack, leichter S\u00e4ure und einem bitteren Geschmack sorgt f\u00fcr einen leckeren Espresso oder Cappuccino.<\/p>\n<p><strong>Pr\u00e4zise Espresso-Extraktion<\/strong><br \/>\nGeringer Druck tr\u00e4gt dazu bei, dass alle Geschmacksnoten gleichm\u00e4\u00dfig extrahiert werden \u2013 f\u00fcr einen ausgewogenen Geschmack.<\/p>\n<p><strong>Mikromilchschaum-Texturierung<\/strong><br \/>\nDas 1600W leistungsstarke Element liefert ausreichend Dampf, mit dem Sie Mikromilchschaum kreieren und Geschmacksnoten betonen k\u00f6nnen. Au\u00dferdem ist der Milchschaum ideal f\u00fcr Latte Art.<\/p>\n<p><strong>Wartung<\/strong><br \/>\nUnsere Maschinen lassen Sie wissen, wenn sie ein bisschen mehr Aufmerksamkeit brauchen. Reinigungs- und Abtropfschalen-Hinweise machen die Routinewartung zu einem Kinderspiel.<\/p>\n<p>15 Bar Pumpe hergestellt in Italien.<br \/>\nAbmessung (BxTxH): 32 x 25.7 x 33.4 cm<br \/>\nEinstellungen: Manuelle Kontrolle \u00fcber die Espressomenge.<br \/>\nGarantie: 2 Jahre Produktgarantie (Reparatur, Austausch oder Erstattung liegen im Ermessen von Sage Appliances)<br \/>\nF\u00fcllmenge Wasserbeh\u00e4lter: 1.8 L<br \/>\nLeistung: 1600 Watts<br \/>\nMaterialien: Geb\u00fcrsteter Edelstahl<br \/>\nSpannung: 220\u2013240 Volts<\/p>\n<p><strong>Inklusive Zubeh\u00f6r:<\/strong><\/p>\n<ul>\n<li>54-mm-Siebtr\u00e4ger<\/li>\n<li>Tamper<\/li>\n<li>Razor f\u00fcr die perfekte Dosierung<\/li>\n<li>1 Cup &amp; 2 Cup Korbfilter<\/li>\n<li>Edelstahl-Milchkanne<\/li>\n<li>Inbus-Schl\u00fcssel<\/li>\n<li>Wasserfilter inkl. Halter<\/li>\n<\/ul>\n<p><strong>Nicht au\u00dferhalb Europas verkauft<\/strong><\/p>\n","protected":false},"excerpt":{"rendered":"<p>Ein ausgewogener Geschmack basiert auf eine konstante Extraktion und einer Pre-Infusion mit geringem Druck. Die richtige Balance zwischen s\u00fc\u00dflichem Geschmack,<\/p>\n","protected":false},"featured_media":149580,"template":"","meta":{"_acf_changed":false,"inline_featured_image":false},"product_cat":[6733,6703,25366],"product_tag":[18756,18757,23564,13966,23582,18758],"acf":[],"yoast_head":"<!-- This site is optimized with the Yoast SEO Premium plugin v18.6 (Yoast SEO v19.13) - https:\/\/yoast.com\/wordpress\/plugins\/seo\/ -->\n<title>SAGE The Duo Temp Pro - Erresse Shop<\/title>\n<meta name=\"description\" content=\"Ein ausgewogener Geschmack basiert auf eine konstante Extraktion und einer Pre-Infusion mit geringem Druck. Die richtige Balance zwischen s\u00fc\u00dflichem\" \/>\n<meta name=\"robots\" content=\"index, follow, max-snippet:-1, max-image-preview:large, max-video-preview:-1\" \/>\n<link rel=\"canonical\" href=\"https:\/\/www.erresse-shop.it\/de\/shop\/kleine-elektrogeraete\/kaffeemaschinen-espresso\/handbuecher\/sage-the-duo-temp-pro\/\" \/>\n<meta property=\"og:locale\" content=\"de_DE\" \/>\n<meta property=\"og:type\" content=\"article\" \/>\n<meta property=\"og:title\" content=\"SAGE The Duo Temp Pro\" \/>\n<meta property=\"og:description\" content=\"Ein ausgewogener Geschmack basiert auf eine konstante Extraktion und einer Pre-Infusion mit geringem Druck. Die richtige Balance zwischen s\u00fc\u00dflichem\" \/>\n<meta property=\"og:url\" content=\"https:\/\/www.erresse-shop.it\/de\/shop\/kleine-elektrogeraete\/kaffeemaschinen-espresso\/handbuecher\/sage-the-duo-temp-pro\/\" \/>\n<meta property=\"og:site_name\" content=\"Erresse Shop\" \/>\n<meta property=\"article:modified_time\" content=\"2025-05-30T12:38:22+00:00\" \/>\n<meta property=\"og:image\" content=\"https:\/\/www.erresse-shop.it\/wp-content\/uploads\/2022\/04\/The-Duo-Temp-Pro.jpg\" \/>\n\t<meta property=\"og:image:width\" content=\"992\" \/>\n\t<meta property=\"og:image:height\" content=\"992\" \/>\n\t<meta property=\"og:image:type\" content=\"image\/jpeg\" \/>\n<meta name=\"twitter:card\" content=\"summary_large_image\" \/>\n<script type=\"application\/ld+json\" class=\"yoast-schema-graph\">{\"@context\":\"https:\/\/schema.org\",\"@graph\":[{\"@type\":\"WebPage\",\"@id\":\"https:\/\/www.erresse-shop.it\/de\/shop\/kleine-elektrogeraete\/kaffeemaschinen-espresso\/handbuecher\/sage-the-duo-temp-pro\/\",\"url\":\"https:\/\/www.erresse-shop.it\/de\/shop\/kleine-elektrogeraete\/kaffeemaschinen-espresso\/handbuecher\/sage-the-duo-temp-pro\/\",\"name\":\"SAGE The Duo Temp Pro - Erresse Shop\",\"isPartOf\":{\"@id\":\"https:\/\/www.erresse-shop.it\/de\/#website\"},\"datePublished\":\"2022-04-06T08:56:54+00:00\",\"dateModified\":\"2025-05-30T12:38:22+00:00\",\"description\":\"Ein ausgewogener Geschmack basiert auf eine konstante Extraktion und einer Pre-Infusion mit geringem Druck. Die richtige Balance zwischen s\u00fc\u00dflichem\",\"breadcrumb\":{\"@id\":\"https:\/\/www.erresse-shop.it\/de\/shop\/kleine-elektrogeraete\/kaffeemaschinen-espresso\/handbuecher\/sage-the-duo-temp-pro\/#breadcrumb\"},\"inLanguage\":\"de-DE\",\"potentialAction\":[{\"@type\":\"ReadAction\",\"target\":[\"https:\/\/www.erresse-shop.it\/de\/shop\/kleine-elektrogeraete\/kaffeemaschinen-espresso\/handbuecher\/sage-the-duo-temp-pro\/\"]}]},{\"@type\":\"BreadcrumbList\",\"@id\":\"https:\/\/www.erresse-shop.it\/de\/shop\/kleine-elektrogeraete\/kaffeemaschinen-espresso\/handbuecher\/sage-the-duo-temp-pro\/#breadcrumb\",\"itemListElement\":[{\"@type\":\"ListItem\",\"position\":1,\"name\":\"Home\",\"item\":\"https:\/\/www.erresse-shop.it\/de\/\"},{\"@type\":\"ListItem\",\"position\":2,\"name\":\"Shop\",\"item\":\"https:\/\/www.erresse-shop.it\/de\/shop\/\"},{\"@type\":\"ListItem\",\"position\":3,\"name\":\"SAGE The Duo Temp Pro\"}]},{\"@type\":\"WebSite\",\"@id\":\"https:\/\/www.erresse-shop.it\/de\/#website\",\"url\":\"https:\/\/www.erresse-shop.it\/de\/\",\"name\":\"Erresse Shop\",\"description\":\"Articoli di qualit\u00e0 per la casa\",\"potentialAction\":[{\"@type\":\"SearchAction\",\"target\":{\"@type\":\"EntryPoint\",\"urlTemplate\":\"https:\/\/www.erresse-shop.it\/de\/?s={search_term_string}\"},\"query-input\":\"required name=search_term_string\"}],\"inLanguage\":\"de-DE\"}]}<\/script>\n<!-- \/ Yoast SEO Premium plugin. -->","yoast_head_json":{"title":"SAGE The Duo Temp Pro - Erresse Shop","description":"Ein ausgewogener Geschmack basiert auf eine konstante Extraktion und einer Pre-Infusion mit geringem Druck. Die richtige Balance zwischen s\u00fc\u00dflichem","robots":{"index":"index","follow":"follow","max-snippet":"max-snippet:-1","max-image-preview":"max-image-preview:large","max-video-preview":"max-video-preview:-1"},"canonical":"https:\/\/www.erresse-shop.it\/de\/shop\/kleine-elektrogeraete\/kaffeemaschinen-espresso\/handbuecher\/sage-the-duo-temp-pro\/","og_locale":"de_DE","og_type":"article","og_title":"SAGE The Duo Temp Pro","og_description":"Ein ausgewogener Geschmack basiert auf eine konstante Extraktion und einer Pre-Infusion mit geringem Druck. Die richtige Balance zwischen s\u00fc\u00dflichem","og_url":"https:\/\/www.erresse-shop.it\/de\/shop\/kleine-elektrogeraete\/kaffeemaschinen-espresso\/handbuecher\/sage-the-duo-temp-pro\/","og_site_name":"Erresse Shop","article_modified_time":"2025-05-30T12:38:22+00:00","og_image":[{"width":992,"height":992,"url":"https:\/\/www.erresse-shop.it\/wp-content\/uploads\/2022\/04\/The-Duo-Temp-Pro.jpg","type":"image\/jpeg"}],"twitter_card":"summary_large_image","schema":{"@context":"https:\/\/schema.org","@graph":[{"@type":"WebPage","@id":"https:\/\/www.erresse-shop.it\/de\/shop\/kleine-elektrogeraete\/kaffeemaschinen-espresso\/handbuecher\/sage-the-duo-temp-pro\/","url":"https:\/\/www.erresse-shop.it\/de\/shop\/kleine-elektrogeraete\/kaffeemaschinen-espresso\/handbuecher\/sage-the-duo-temp-pro\/","name":"SAGE The Duo Temp Pro - Erresse Shop","isPartOf":{"@id":"https:\/\/www.erresse-shop.it\/de\/#website"},"datePublished":"2022-04-06T08:56:54+00:00","dateModified":"2025-05-30T12:38:22+00:00","description":"Ein ausgewogener Geschmack basiert auf eine konstante Extraktion und einer Pre-Infusion mit geringem Druck. Die richtige Balance zwischen s\u00fc\u00dflichem","breadcrumb":{"@id":"https:\/\/www.erresse-shop.it\/de\/shop\/kleine-elektrogeraete\/kaffeemaschinen-espresso\/handbuecher\/sage-the-duo-temp-pro\/#breadcrumb"},"inLanguage":"de-DE","potentialAction":[{"@type":"ReadAction","target":["https:\/\/www.erresse-shop.it\/de\/shop\/kleine-elektrogeraete\/kaffeemaschinen-espresso\/handbuecher\/sage-the-duo-temp-pro\/"]}]},{"@type":"BreadcrumbList","@id":"https:\/\/www.erresse-shop.it\/de\/shop\/kleine-elektrogeraete\/kaffeemaschinen-espresso\/handbuecher\/sage-the-duo-temp-pro\/#breadcrumb","itemListElement":[{"@type":"ListItem","position":1,"name":"Home","item":"https:\/\/www.erresse-shop.it\/de\/"},{"@type":"ListItem","position":2,"name":"Shop","item":"https:\/\/www.erresse-shop.it\/de\/shop\/"},{"@type":"ListItem","position":3,"name":"SAGE The Duo Temp Pro"}]},{"@type":"WebSite","@id":"https:\/\/www.erresse-shop.it\/de\/#website","url":"https:\/\/www.erresse-shop.it\/de\/","name":"Erresse Shop","description":"Articoli di qualit\u00e0 per la casa","potentialAction":[{"@type":"SearchAction","target":{"@type":"EntryPoint","urlTemplate":"https:\/\/www.erresse-shop.it\/de\/?s={search_term_string}"},"query-input":"required name=search_term_string"}],"inLanguage":"de-DE"}]}},"df_price":429.9,"df_sale_price":429.9,"df_regular_price":429.9,"df_image_link":"https:\/\/www.erresse-shop.it\/wp-content\/uploads\/2022\/04\/The-Duo-Temp-Pro-300x300.jpg","_links":{"self":[{"href":"https:\/\/www.erresse-shop.it\/de\/wp-json\/wp\/v2\/product\/149563"}],"collection":[{"href":"https:\/\/www.erresse-shop.it\/de\/wp-json\/wp\/v2\/product"}],"about":[{"href":"https:\/\/www.erresse-shop.it\/de\/wp-json\/wp\/v2\/types\/product"}],"wp:featuredmedia":[{"embeddable":true,"href":"https:\/\/www.erresse-shop.it\/de\/wp-json\/wp\/v2\/media\/149580"}],"wp:attachment":[{"href":"https:\/\/www.erresse-shop.it\/de\/wp-json\/wp\/v2\/media?parent=149563"}],"wp:term":[{"taxonomy":"product_cat","embeddable":true,"href":"https:\/\/www.erresse-shop.it\/de\/wp-json\/wp\/v2\/product_cat?post=149563"},{"taxonomy":"product_tag","embeddable":true,"href":"https:\/\/www.erresse-shop.it\/de\/wp-json\/wp\/v2\/product_tag?post=149563"}],"curies":[{"name":"wp","href":"https:\/\/api.w.org\/{rel}","templated":true}]}}