{"id":149378,"date":"2022-04-05T13:24:55","date_gmt":"2022-04-05T13:24:58","guid":{"rendered":"https:\/\/www.erresse-shop.it\/?post_type=product&#038;p=149378"},"modified":"2025-01-17T17:58:27","modified_gmt":"2025-01-17T17:58:27","slug":"versace-home-vase-26-cm-le-jardin-de-versace","status":"publish","type":"product","link":"https:\/\/www.erresse-shop.it\/de\/shop\/einrichtung-haus\/vasen\/versace-home-vase-26-cm-le-jardin-de-versace\/","title":{"rendered":"VERSACE HOME Vase 26 cm Le Jardin de Versace"},"content":{"rendered":"<p><strong>H\u00f6he:<\/strong> 26 cm<\/p>\n<p>Die Vase aus der Kollektion Le Jardin de Versace mit ihrem eleganten Design entf\u00fchrt uns in einen imagin\u00e4ren und fantastischen Garten, in dem wir die lebendige Essenz der Natur einatmen k\u00f6nnen.<br \/>\nDie floralen Verzierungen machen dieses St\u00fcck zu einem echten Hingucker. Ideal zum Aufstellen auf Tischen oder Arbeitsfl\u00e4chen.<\/p>\n","protected":false},"excerpt":{"rendered":"<p>H\u00f6he: 26 cm Die Vase aus der Kollektion Le Jardin de Versace mit ihrem eleganten Design entf\u00fchrt uns in einen<\/p>\n","protected":false},"featured_media":149387,"template":"","meta":{"_acf_changed":false,"inline_featured_image":false},"product_cat":[6817,14421],"product_tag":[25182,23691,24681,17840,25022,11847,17841],"acf":[],"yoast_head":"<!-- This site is optimized with the Yoast SEO Premium plugin v18.6 (Yoast SEO v19.13) - https:\/\/yoast.com\/wordpress\/plugins\/seo\/ -->\n<title>VERSACE HOME Vase 26 cm Le Jardin de Versace<\/title>\n<meta name=\"description\" content=\"Entdecken Sie VERSACE HOME Vase 26 cm Le Jardin de Versace bei ErresseShop. Qualit\u00e4t, Stil und Funktionalit\u00e4t \u2013 jetzt online bestellen!\" \/>\n<meta name=\"robots\" content=\"index, follow, max-snippet:-1, max-image-preview:large, max-video-preview:-1\" \/>\n<link rel=\"canonical\" href=\"https:\/\/www.erresse-shop.it\/de\/shop\/einrichtung-haus\/vasen\/versace-home-vase-26-cm-le-jardin-de-versace\/\" \/>\n<meta property=\"og:locale\" content=\"de_DE\" \/>\n<meta property=\"og:type\" content=\"article\" \/>\n<meta property=\"og:title\" content=\"VERSACE HOME Vase 26 cm Le Jardin de Versace\" \/>\n<meta property=\"og:description\" content=\"Entdecken Sie VERSACE HOME Vase 26 cm Le Jardin de Versace bei ErresseShop. Qualit\u00e4t, Stil und Funktionalit\u00e4t \u2013 jetzt online bestellen!\" \/>\n<meta property=\"og:url\" content=\"https:\/\/www.erresse-shop.it\/de\/shop\/einrichtung-haus\/vasen\/versace-home-vase-26-cm-le-jardin-de-versace\/\" \/>\n<meta property=\"og:site_name\" content=\"Erresse Shop\" \/>\n<meta property=\"article:modified_time\" content=\"2025-01-17T17:58:27+00:00\" \/>\n<meta property=\"og:image\" content=\"https:\/\/www.erresse-shop.it\/wp-content\/uploads\/2022\/04\/Versace-Home-Vaso-Le-Jardin-de-Versace-26-cm.jpg\" \/>\n\t<meta property=\"og:image:width\" content=\"1000\" \/>\n\t<meta property=\"og:image:height\" content=\"1000\" \/>\n\t<meta property=\"og:image:type\" content=\"image\/jpeg\" \/>\n<meta name=\"twitter:card\" content=\"summary_large_image\" \/>\n<script type=\"application\/ld+json\" class=\"yoast-schema-graph\">{\"@context\":\"https:\/\/schema.org\",\"@graph\":[{\"@type\":\"WebPage\",\"@id\":\"https:\/\/www.erresse-shop.it\/de\/shop\/einrichtung-haus\/vasen\/versace-home-vase-26-cm-le-jardin-de-versace\/\",\"url\":\"https:\/\/www.erresse-shop.it\/de\/shop\/einrichtung-haus\/vasen\/versace-home-vase-26-cm-le-jardin-de-versace\/\",\"name\":\"VERSACE HOME Vase 26 cm Le Jardin de Versace\",\"isPartOf\":{\"@id\":\"https:\/\/www.erresse-shop.it\/de\/#website\"},\"datePublished\":\"2022-04-05T13:24:58+00:00\",\"dateModified\":\"2025-01-17T17:58:27+00:00\",\"description\":\"Entdecken Sie VERSACE HOME Vase 26 cm Le Jardin de Versace bei ErresseShop. Qualit\u00e4t, Stil und Funktionalit\u00e4t \u2013 jetzt online bestellen!\",\"breadcrumb\":{\"@id\":\"https:\/\/www.erresse-shop.it\/de\/shop\/einrichtung-haus\/vasen\/versace-home-vase-26-cm-le-jardin-de-versace\/#breadcrumb\"},\"inLanguage\":\"de-DE\",\"potentialAction\":[{\"@type\":\"ReadAction\",\"target\":[\"https:\/\/www.erresse-shop.it\/de\/shop\/einrichtung-haus\/vasen\/versace-home-vase-26-cm-le-jardin-de-versace\/\"]}]},{\"@type\":\"BreadcrumbList\",\"@id\":\"https:\/\/www.erresse-shop.it\/de\/shop\/einrichtung-haus\/vasen\/versace-home-vase-26-cm-le-jardin-de-versace\/#breadcrumb\",\"itemListElement\":[{\"@type\":\"ListItem\",\"position\":1,\"name\":\"Home\",\"item\":\"https:\/\/www.erresse-shop.it\/de\/\"},{\"@type\":\"ListItem\",\"position\":2,\"name\":\"Shop\",\"item\":\"https:\/\/www.erresse-shop.it\/de\/shop\/\"},{\"@type\":\"ListItem\",\"position\":3,\"name\":\"VERSACE HOME Vase 26 cm Le Jardin de Versace\"}]},{\"@type\":\"WebSite\",\"@id\":\"https:\/\/www.erresse-shop.it\/de\/#website\",\"url\":\"https:\/\/www.erresse-shop.it\/de\/\",\"name\":\"Erresse Shop\",\"description\":\"Articoli di qualit\u00e0 per la casa\",\"potentialAction\":[{\"@type\":\"SearchAction\",\"target\":{\"@type\":\"EntryPoint\",\"urlTemplate\":\"https:\/\/www.erresse-shop.it\/de\/?s={search_term_string}\"},\"query-input\":\"required name=search_term_string\"}],\"inLanguage\":\"de-DE\"}]}<\/script>\n<!-- \/ Yoast SEO Premium plugin. -->","yoast_head_json":{"title":"VERSACE HOME Vase 26 cm Le Jardin de Versace","description":"Entdecken Sie VERSACE HOME Vase 26 cm Le Jardin de Versace bei ErresseShop. Qualit\u00e4t, Stil und Funktionalit\u00e4t \u2013 jetzt online bestellen!","robots":{"index":"index","follow":"follow","max-snippet":"max-snippet:-1","max-image-preview":"max-image-preview:large","max-video-preview":"max-video-preview:-1"},"canonical":"https:\/\/www.erresse-shop.it\/de\/shop\/einrichtung-haus\/vasen\/versace-home-vase-26-cm-le-jardin-de-versace\/","og_locale":"de_DE","og_type":"article","og_title":"VERSACE HOME Vase 26 cm Le Jardin de Versace","og_description":"Entdecken Sie VERSACE HOME Vase 26 cm Le Jardin de Versace bei ErresseShop. Qualit\u00e4t, Stil und Funktionalit\u00e4t \u2013 jetzt online bestellen!","og_url":"https:\/\/www.erresse-shop.it\/de\/shop\/einrichtung-haus\/vasen\/versace-home-vase-26-cm-le-jardin-de-versace\/","og_site_name":"Erresse Shop","article_modified_time":"2025-01-17T17:58:27+00:00","og_image":[{"width":1000,"height":1000,"url":"https:\/\/www.erresse-shop.it\/wp-content\/uploads\/2022\/04\/Versace-Home-Vaso-Le-Jardin-de-Versace-26-cm.jpg","type":"image\/jpeg"}],"twitter_card":"summary_large_image","schema":{"@context":"https:\/\/schema.org","@graph":[{"@type":"WebPage","@id":"https:\/\/www.erresse-shop.it\/de\/shop\/einrichtung-haus\/vasen\/versace-home-vase-26-cm-le-jardin-de-versace\/","url":"https:\/\/www.erresse-shop.it\/de\/shop\/einrichtung-haus\/vasen\/versace-home-vase-26-cm-le-jardin-de-versace\/","name":"VERSACE HOME Vase 26 cm Le Jardin de Versace","isPartOf":{"@id":"https:\/\/www.erresse-shop.it\/de\/#website"},"datePublished":"2022-04-05T13:24:58+00:00","dateModified":"2025-01-17T17:58:27+00:00","description":"Entdecken Sie VERSACE HOME Vase 26 cm Le Jardin de Versace bei ErresseShop. Qualit\u00e4t, Stil und Funktionalit\u00e4t \u2013 jetzt online bestellen!","breadcrumb":{"@id":"https:\/\/www.erresse-shop.it\/de\/shop\/einrichtung-haus\/vasen\/versace-home-vase-26-cm-le-jardin-de-versace\/#breadcrumb"},"inLanguage":"de-DE","potentialAction":[{"@type":"ReadAction","target":["https:\/\/www.erresse-shop.it\/de\/shop\/einrichtung-haus\/vasen\/versace-home-vase-26-cm-le-jardin-de-versace\/"]}]},{"@type":"BreadcrumbList","@id":"https:\/\/www.erresse-shop.it\/de\/shop\/einrichtung-haus\/vasen\/versace-home-vase-26-cm-le-jardin-de-versace\/#breadcrumb","itemListElement":[{"@type":"ListItem","position":1,"name":"Home","item":"https:\/\/www.erresse-shop.it\/de\/"},{"@type":"ListItem","position":2,"name":"Shop","item":"https:\/\/www.erresse-shop.it\/de\/shop\/"},{"@type":"ListItem","position":3,"name":"VERSACE HOME Vase 26 cm Le Jardin de Versace"}]},{"@type":"WebSite","@id":"https:\/\/www.erresse-shop.it\/de\/#website","url":"https:\/\/www.erresse-shop.it\/de\/","name":"Erresse Shop","description":"Articoli di qualit\u00e0 per la casa","potentialAction":[{"@type":"SearchAction","target":{"@type":"EntryPoint","urlTemplate":"https:\/\/www.erresse-shop.it\/de\/?s={search_term_string}"},"query-input":"required name=search_term_string"}],"inLanguage":"de-DE"}]}},"df_price":319,"df_sale_price":319,"df_regular_price":479,"df_image_link":"https:\/\/www.erresse-shop.it\/wp-content\/uploads\/2022\/04\/Versace-Home-Vaso-Le-Jardin-de-Versace-26-cm-300x300.jpg","_links":{"self":[{"href":"https:\/\/www.erresse-shop.it\/de\/wp-json\/wp\/v2\/product\/149378"}],"collection":[{"href":"https:\/\/www.erresse-shop.it\/de\/wp-json\/wp\/v2\/product"}],"about":[{"href":"https:\/\/www.erresse-shop.it\/de\/wp-json\/wp\/v2\/types\/product"}],"wp:featuredmedia":[{"embeddable":true,"href":"https:\/\/www.erresse-shop.it\/de\/wp-json\/wp\/v2\/media\/149387"}],"wp:attachment":[{"href":"https:\/\/www.erresse-shop.it\/de\/wp-json\/wp\/v2\/media?parent=149378"}],"wp:term":[{"taxonomy":"product_cat","embeddable":true,"href":"https:\/\/www.erresse-shop.it\/de\/wp-json\/wp\/v2\/product_cat?post=149378"},{"taxonomy":"product_tag","embeddable":true,"href":"https:\/\/www.erresse-shop.it\/de\/wp-json\/wp\/v2\/product_tag?post=149378"}],"curies":[{"name":"wp","href":"https:\/\/api.w.org\/{rel}","templated":true}]}}