{"id":148509,"date":"2022-04-01T09:22:24","date_gmt":"2022-04-01T09:22:25","guid":{"rendered":"https:\/\/www.erresse-shop.it\/?post_type=product&#038;p=148509"},"modified":"2023-06-20T09:45:26","modified_gmt":"2023-06-20T09:45:26","slug":"rosenthal-vase-der-phasen-vase-26-cm-matt-weis","status":"publish","type":"product","link":"https:\/\/www.erresse-shop.it\/de\/shop\/einrichtung-haus\/vasen\/rosenthal-vase-der-phasen-vase-26-cm-matt-weis\/","title":{"rendered":"ROSENTHAL Vase der Phasen Vase 26 cm Matt wei\u00df"},"content":{"rendered":"<p>Der von dem Designer Dror Benshetrit entworfene Entwurf stellt die verschiedenen Lebensabschnitte auf dekonstruierte Weise dar. Die Basis hat eine abgerundete, weiche Form, w\u00e4hrend die mittleren und oberen Teile wie zerbrochen sind, kurz vor dem Zerbr\u00f6ckeln, aber jeder Riss ist fachm\u00e4nnisch gefeilt und arrangiert, im Hinblick auf einen neuen Weg zu folgen.<\/p>\n<p>Phases ist also eine Vase von Rosenthal, die eine Metapher f\u00fcr das Leben ist und sich perfekt f\u00fcr die Einrichtung eines modernen, zeitgen\u00f6ssischen, aber auch klassischen Hauses eignet, das jeder Umgebung Charakter verleihen kann.<\/p>\n<p>Material: Porzellan<br \/>\nSammlung: Phasen<\/p>\n","protected":false},"excerpt":{"rendered":"<p>Der von dem Designer Dror Benshetrit entworfene Entwurf stellt die verschiedenen Lebensabschnitte auf dekonstruierte Weise dar. Die Basis hat eine<\/p>\n","protected":false},"featured_media":148518,"template":"","meta":{"_acf_changed":false,"inline_featured_image":false},"product_cat":[6817,14421],"product_tag":[23911,23691,11847,18594],"acf":[],"yoast_head":"<!-- This site is optimized with the Yoast SEO Premium plugin v18.6 (Yoast SEO v19.13) - https:\/\/yoast.com\/wordpress\/plugins\/seo\/ -->\n<title>ROSENTHAL Vase der Phasen Vase 26 cm Matt wei\u00df - Erresse Shop<\/title>\n<meta name=\"description\" content=\"Der von dem Designer Dror Benshetrit entworfene Entwurf stellt die verschiedenen Lebensabschnitte auf dekonstruierte Weise dar. Die Basis hat eine\" \/>\n<meta name=\"robots\" content=\"index, follow, max-snippet:-1, max-image-preview:large, max-video-preview:-1\" \/>\n<link rel=\"canonical\" href=\"https:\/\/www.erresse-shop.it\/de\/shop\/einrichtung-haus\/vasen\/rosenthal-vase-der-phasen-vase-26-cm-matt-weis\/\" \/>\n<meta property=\"og:locale\" content=\"de_DE\" \/>\n<meta property=\"og:type\" content=\"article\" \/>\n<meta property=\"og:title\" content=\"ROSENTHAL Vase der Phasen Vase 26 cm Matt wei\u00df\" \/>\n<meta property=\"og:description\" content=\"Der von dem Designer Dror Benshetrit entworfene Entwurf stellt die verschiedenen Lebensabschnitte auf dekonstruierte Weise dar. Die Basis hat eine\" \/>\n<meta property=\"og:url\" content=\"https:\/\/www.erresse-shop.it\/de\/shop\/einrichtung-haus\/vasen\/rosenthal-vase-der-phasen-vase-26-cm-matt-weis\/\" \/>\n<meta property=\"og:site_name\" content=\"Erresse Shop\" \/>\n<meta property=\"article:modified_time\" content=\"2023-06-20T09:45:26+00:00\" \/>\n<meta property=\"og:image\" content=\"https:\/\/www.erresse-shop.it\/wp-content\/uploads\/2022\/04\/Vaso-Vase-of-Phases-Weiss-30cm.jpg\" \/>\n\t<meta property=\"og:image:width\" content=\"1000\" \/>\n\t<meta property=\"og:image:height\" content=\"1000\" \/>\n\t<meta property=\"og:image:type\" content=\"image\/jpeg\" \/>\n<meta name=\"twitter:card\" content=\"summary_large_image\" \/>\n<script type=\"application\/ld+json\" class=\"yoast-schema-graph\">{\"@context\":\"https:\/\/schema.org\",\"@graph\":[{\"@type\":\"WebPage\",\"@id\":\"https:\/\/www.erresse-shop.it\/de\/shop\/einrichtung-haus\/vasen\/rosenthal-vase-der-phasen-vase-26-cm-matt-weis\/\",\"url\":\"https:\/\/www.erresse-shop.it\/de\/shop\/einrichtung-haus\/vasen\/rosenthal-vase-der-phasen-vase-26-cm-matt-weis\/\",\"name\":\"ROSENTHAL Vase der Phasen Vase 26 cm Matt wei\u00df - Erresse Shop\",\"isPartOf\":{\"@id\":\"https:\/\/www.erresse-shop.it\/de\/#website\"},\"datePublished\":\"2022-04-01T09:22:25+00:00\",\"dateModified\":\"2023-06-20T09:45:26+00:00\",\"description\":\"Der von dem Designer Dror Benshetrit entworfene Entwurf stellt die verschiedenen Lebensabschnitte auf dekonstruierte Weise dar. Die Basis hat eine\",\"breadcrumb\":{\"@id\":\"https:\/\/www.erresse-shop.it\/de\/shop\/einrichtung-haus\/vasen\/rosenthal-vase-der-phasen-vase-26-cm-matt-weis\/#breadcrumb\"},\"inLanguage\":\"de-DE\",\"potentialAction\":[{\"@type\":\"ReadAction\",\"target\":[\"https:\/\/www.erresse-shop.it\/de\/shop\/einrichtung-haus\/vasen\/rosenthal-vase-der-phasen-vase-26-cm-matt-weis\/\"]}]},{\"@type\":\"BreadcrumbList\",\"@id\":\"https:\/\/www.erresse-shop.it\/de\/shop\/einrichtung-haus\/vasen\/rosenthal-vase-der-phasen-vase-26-cm-matt-weis\/#breadcrumb\",\"itemListElement\":[{\"@type\":\"ListItem\",\"position\":1,\"name\":\"Home\",\"item\":\"https:\/\/www.erresse-shop.it\/de\/\"},{\"@type\":\"ListItem\",\"position\":2,\"name\":\"Shop\",\"item\":\"https:\/\/www.erresse-shop.it\/de\/shop\/\"},{\"@type\":\"ListItem\",\"position\":3,\"name\":\"ROSENTHAL Vase der Phasen Vase 26 cm Matt wei\u00df\"}]},{\"@type\":\"WebSite\",\"@id\":\"https:\/\/www.erresse-shop.it\/de\/#website\",\"url\":\"https:\/\/www.erresse-shop.it\/de\/\",\"name\":\"Erresse Shop\",\"description\":\"Articoli di qualit\u00e0 per la casa\",\"potentialAction\":[{\"@type\":\"SearchAction\",\"target\":{\"@type\":\"EntryPoint\",\"urlTemplate\":\"https:\/\/www.erresse-shop.it\/de\/?s={search_term_string}\"},\"query-input\":\"required name=search_term_string\"}],\"inLanguage\":\"de-DE\"}]}<\/script>\n<!-- \/ Yoast SEO Premium plugin. -->","yoast_head_json":{"title":"ROSENTHAL Vase der Phasen Vase 26 cm Matt wei\u00df - Erresse Shop","description":"Der von dem Designer Dror Benshetrit entworfene Entwurf stellt die verschiedenen Lebensabschnitte auf dekonstruierte Weise dar. Die Basis hat eine","robots":{"index":"index","follow":"follow","max-snippet":"max-snippet:-1","max-image-preview":"max-image-preview:large","max-video-preview":"max-video-preview:-1"},"canonical":"https:\/\/www.erresse-shop.it\/de\/shop\/einrichtung-haus\/vasen\/rosenthal-vase-der-phasen-vase-26-cm-matt-weis\/","og_locale":"de_DE","og_type":"article","og_title":"ROSENTHAL Vase der Phasen Vase 26 cm Matt wei\u00df","og_description":"Der von dem Designer Dror Benshetrit entworfene Entwurf stellt die verschiedenen Lebensabschnitte auf dekonstruierte Weise dar. Die Basis hat eine","og_url":"https:\/\/www.erresse-shop.it\/de\/shop\/einrichtung-haus\/vasen\/rosenthal-vase-der-phasen-vase-26-cm-matt-weis\/","og_site_name":"Erresse Shop","article_modified_time":"2023-06-20T09:45:26+00:00","og_image":[{"width":1000,"height":1000,"url":"https:\/\/www.erresse-shop.it\/wp-content\/uploads\/2022\/04\/Vaso-Vase-of-Phases-Weiss-30cm.jpg","type":"image\/jpeg"}],"twitter_card":"summary_large_image","schema":{"@context":"https:\/\/schema.org","@graph":[{"@type":"WebPage","@id":"https:\/\/www.erresse-shop.it\/de\/shop\/einrichtung-haus\/vasen\/rosenthal-vase-der-phasen-vase-26-cm-matt-weis\/","url":"https:\/\/www.erresse-shop.it\/de\/shop\/einrichtung-haus\/vasen\/rosenthal-vase-der-phasen-vase-26-cm-matt-weis\/","name":"ROSENTHAL Vase der Phasen Vase 26 cm Matt wei\u00df - Erresse Shop","isPartOf":{"@id":"https:\/\/www.erresse-shop.it\/de\/#website"},"datePublished":"2022-04-01T09:22:25+00:00","dateModified":"2023-06-20T09:45:26+00:00","description":"Der von dem Designer Dror Benshetrit entworfene Entwurf stellt die verschiedenen Lebensabschnitte auf dekonstruierte Weise dar. Die Basis hat eine","breadcrumb":{"@id":"https:\/\/www.erresse-shop.it\/de\/shop\/einrichtung-haus\/vasen\/rosenthal-vase-der-phasen-vase-26-cm-matt-weis\/#breadcrumb"},"inLanguage":"de-DE","potentialAction":[{"@type":"ReadAction","target":["https:\/\/www.erresse-shop.it\/de\/shop\/einrichtung-haus\/vasen\/rosenthal-vase-der-phasen-vase-26-cm-matt-weis\/"]}]},{"@type":"BreadcrumbList","@id":"https:\/\/www.erresse-shop.it\/de\/shop\/einrichtung-haus\/vasen\/rosenthal-vase-der-phasen-vase-26-cm-matt-weis\/#breadcrumb","itemListElement":[{"@type":"ListItem","position":1,"name":"Home","item":"https:\/\/www.erresse-shop.it\/de\/"},{"@type":"ListItem","position":2,"name":"Shop","item":"https:\/\/www.erresse-shop.it\/de\/shop\/"},{"@type":"ListItem","position":3,"name":"ROSENTHAL Vase der Phasen Vase 26 cm Matt wei\u00df"}]},{"@type":"WebSite","@id":"https:\/\/www.erresse-shop.it\/de\/#website","url":"https:\/\/www.erresse-shop.it\/de\/","name":"Erresse Shop","description":"Articoli di qualit\u00e0 per la casa","potentialAction":[{"@type":"SearchAction","target":{"@type":"EntryPoint","urlTemplate":"https:\/\/www.erresse-shop.it\/de\/?s={search_term_string}"},"query-input":"required name=search_term_string"}],"inLanguage":"de-DE"}]}},"df_price":90.75000000000001,"df_sale_price":90.75000000000001,"df_regular_price":165,"df_image_link":"https:\/\/www.erresse-shop.it\/wp-content\/uploads\/2022\/04\/Vaso-Vase-of-Phases-Weiss-30cm-300x300.jpg","_links":{"self":[{"href":"https:\/\/www.erresse-shop.it\/de\/wp-json\/wp\/v2\/product\/148509"}],"collection":[{"href":"https:\/\/www.erresse-shop.it\/de\/wp-json\/wp\/v2\/product"}],"about":[{"href":"https:\/\/www.erresse-shop.it\/de\/wp-json\/wp\/v2\/types\/product"}],"wp:featuredmedia":[{"embeddable":true,"href":"https:\/\/www.erresse-shop.it\/de\/wp-json\/wp\/v2\/media\/148518"}],"wp:attachment":[{"href":"https:\/\/www.erresse-shop.it\/de\/wp-json\/wp\/v2\/media?parent=148509"}],"wp:term":[{"taxonomy":"product_cat","embeddable":true,"href":"https:\/\/www.erresse-shop.it\/de\/wp-json\/wp\/v2\/product_cat?post=148509"},{"taxonomy":"product_tag","embeddable":true,"href":"https:\/\/www.erresse-shop.it\/de\/wp-json\/wp\/v2\/product_tag?post=148509"}],"curies":[{"name":"wp","href":"https:\/\/api.w.org\/{rel}","templated":true}]}}