{"id":148396,"date":"2022-04-01T07:36:52","date_gmt":"2022-04-01T07:36:53","guid":{"rendered":"https:\/\/www.erresse-shop.it\/?post_type=product&#038;p=148396"},"modified":"2023-06-20T09:45:43","modified_gmt":"2023-06-20T09:45:43","slug":"rosenthal-vase-falda-27-cm-weis","status":"publish","type":"product","link":"https:\/\/www.erresse-shop.it\/de\/shop\/einrichtung-haus\/vasen\/rosenthal-vase-falda-27-cm-weis\/","title":{"rendered":"ROSENTHAL Vase Falda 27 cm Wei\u00df"},"content":{"rendered":"<p>Rosenthal hat mit Falda Weiss eine unverwechselbare und faszinierende Kollektion geschaffen. Dieses elegante und moderne M\u00f6belst\u00fcck hat eine abgerundete, leuchtende Form, w\u00e4hrend sich das Oberteil wie die Krempe eines Kleides \u00f6ffnet.<br \/>\nDas Zusammenspiel von hellen und dunklen Farben macht diese Vase einzigartig und ideal f\u00fcr eine moderne oder klassische Einrichtung.<\/p>\n<p>Material: Porzellan<br \/>\nSammlung: Falda Weiss<\/p>\n","protected":false},"excerpt":{"rendered":"<p>Rosenthal hat mit Falda Weiss eine unverwechselbare und faszinierende Kollektion geschaffen. Dieses elegante und moderne M\u00f6belst\u00fcck hat eine abgerundete, leuchtende<\/p>\n","protected":false},"featured_media":148405,"template":"","meta":{"_acf_changed":false,"inline_featured_image":false},"product_cat":[6817,14421],"product_tag":[23911,23691,11847],"acf":[],"yoast_head":"<!-- This site is optimized with the Yoast SEO Premium plugin v18.6 (Yoast SEO v19.13) - https:\/\/yoast.com\/wordpress\/plugins\/seo\/ -->\n<title>ROSENTHAL Vase Falda 27 cm Wei\u00df - Erresse Shop<\/title>\n<meta name=\"description\" content=\"Rosenthal hat mit Falda Weiss eine unverwechselbare und faszinierende Kollektion geschaffen. Dieses elegante und moderne M\u00f6belst\u00fcck hat eine abgerundete,\" \/>\n<meta name=\"robots\" content=\"index, follow, max-snippet:-1, max-image-preview:large, max-video-preview:-1\" \/>\n<link rel=\"canonical\" href=\"https:\/\/www.erresse-shop.it\/de\/shop\/einrichtung-haus\/vasen\/rosenthal-vase-falda-27-cm-weis\/\" \/>\n<meta property=\"og:locale\" content=\"de_DE\" \/>\n<meta property=\"og:type\" content=\"article\" \/>\n<meta property=\"og:title\" content=\"ROSENTHAL Vase Falda 27 cm Wei\u00df\" \/>\n<meta property=\"og:description\" content=\"Rosenthal hat mit Falda Weiss eine unverwechselbare und faszinierende Kollektion geschaffen. Dieses elegante und moderne M\u00f6belst\u00fcck hat eine abgerundete,\" \/>\n<meta property=\"og:url\" content=\"https:\/\/www.erresse-shop.it\/de\/shop\/einrichtung-haus\/vasen\/rosenthal-vase-falda-27-cm-weis\/\" \/>\n<meta property=\"og:site_name\" content=\"Erresse Shop\" \/>\n<meta property=\"article:modified_time\" content=\"2023-06-20T09:45:43+00:00\" \/>\n<meta property=\"og:image\" content=\"https:\/\/www.erresse-shop.it\/wp-content\/uploads\/2022\/04\/Vaso-Falda-Weiss-27cm-2.jpg\" \/>\n\t<meta property=\"og:image:width\" content=\"1000\" \/>\n\t<meta property=\"og:image:height\" content=\"1000\" \/>\n\t<meta property=\"og:image:type\" content=\"image\/jpeg\" \/>\n<meta name=\"twitter:card\" content=\"summary_large_image\" \/>\n<script type=\"application\/ld+json\" class=\"yoast-schema-graph\">{\"@context\":\"https:\/\/schema.org\",\"@graph\":[{\"@type\":\"WebPage\",\"@id\":\"https:\/\/www.erresse-shop.it\/de\/shop\/einrichtung-haus\/vasen\/rosenthal-vase-falda-27-cm-weis\/\",\"url\":\"https:\/\/www.erresse-shop.it\/de\/shop\/einrichtung-haus\/vasen\/rosenthal-vase-falda-27-cm-weis\/\",\"name\":\"ROSENTHAL Vase Falda 27 cm Wei\u00df - Erresse Shop\",\"isPartOf\":{\"@id\":\"https:\/\/www.erresse-shop.it\/de\/#website\"},\"datePublished\":\"2022-04-01T07:36:53+00:00\",\"dateModified\":\"2023-06-20T09:45:43+00:00\",\"description\":\"Rosenthal hat mit Falda Weiss eine unverwechselbare und faszinierende Kollektion geschaffen. Dieses elegante und moderne M\u00f6belst\u00fcck hat eine abgerundete,\",\"breadcrumb\":{\"@id\":\"https:\/\/www.erresse-shop.it\/de\/shop\/einrichtung-haus\/vasen\/rosenthal-vase-falda-27-cm-weis\/#breadcrumb\"},\"inLanguage\":\"de-DE\",\"potentialAction\":[{\"@type\":\"ReadAction\",\"target\":[\"https:\/\/www.erresse-shop.it\/de\/shop\/einrichtung-haus\/vasen\/rosenthal-vase-falda-27-cm-weis\/\"]}]},{\"@type\":\"BreadcrumbList\",\"@id\":\"https:\/\/www.erresse-shop.it\/de\/shop\/einrichtung-haus\/vasen\/rosenthal-vase-falda-27-cm-weis\/#breadcrumb\",\"itemListElement\":[{\"@type\":\"ListItem\",\"position\":1,\"name\":\"Home\",\"item\":\"https:\/\/www.erresse-shop.it\/de\/\"},{\"@type\":\"ListItem\",\"position\":2,\"name\":\"Shop\",\"item\":\"https:\/\/www.erresse-shop.it\/de\/shop\/\"},{\"@type\":\"ListItem\",\"position\":3,\"name\":\"ROSENTHAL Vase Falda 27 cm Wei\u00df\"}]},{\"@type\":\"WebSite\",\"@id\":\"https:\/\/www.erresse-shop.it\/de\/#website\",\"url\":\"https:\/\/www.erresse-shop.it\/de\/\",\"name\":\"Erresse Shop\",\"description\":\"Articoli di qualit\u00e0 per la casa\",\"potentialAction\":[{\"@type\":\"SearchAction\",\"target\":{\"@type\":\"EntryPoint\",\"urlTemplate\":\"https:\/\/www.erresse-shop.it\/de\/?s={search_term_string}\"},\"query-input\":\"required name=search_term_string\"}],\"inLanguage\":\"de-DE\"}]}<\/script>\n<!-- \/ Yoast SEO Premium plugin. -->","yoast_head_json":{"title":"ROSENTHAL Vase Falda 27 cm Wei\u00df - Erresse Shop","description":"Rosenthal hat mit Falda Weiss eine unverwechselbare und faszinierende Kollektion geschaffen. Dieses elegante und moderne M\u00f6belst\u00fcck hat eine abgerundete,","robots":{"index":"index","follow":"follow","max-snippet":"max-snippet:-1","max-image-preview":"max-image-preview:large","max-video-preview":"max-video-preview:-1"},"canonical":"https:\/\/www.erresse-shop.it\/de\/shop\/einrichtung-haus\/vasen\/rosenthal-vase-falda-27-cm-weis\/","og_locale":"de_DE","og_type":"article","og_title":"ROSENTHAL Vase Falda 27 cm Wei\u00df","og_description":"Rosenthal hat mit Falda Weiss eine unverwechselbare und faszinierende Kollektion geschaffen. Dieses elegante und moderne M\u00f6belst\u00fcck hat eine abgerundete,","og_url":"https:\/\/www.erresse-shop.it\/de\/shop\/einrichtung-haus\/vasen\/rosenthal-vase-falda-27-cm-weis\/","og_site_name":"Erresse Shop","article_modified_time":"2023-06-20T09:45:43+00:00","og_image":[{"width":1000,"height":1000,"url":"https:\/\/www.erresse-shop.it\/wp-content\/uploads\/2022\/04\/Vaso-Falda-Weiss-27cm-2.jpg","type":"image\/jpeg"}],"twitter_card":"summary_large_image","schema":{"@context":"https:\/\/schema.org","@graph":[{"@type":"WebPage","@id":"https:\/\/www.erresse-shop.it\/de\/shop\/einrichtung-haus\/vasen\/rosenthal-vase-falda-27-cm-weis\/","url":"https:\/\/www.erresse-shop.it\/de\/shop\/einrichtung-haus\/vasen\/rosenthal-vase-falda-27-cm-weis\/","name":"ROSENTHAL Vase Falda 27 cm Wei\u00df - Erresse Shop","isPartOf":{"@id":"https:\/\/www.erresse-shop.it\/de\/#website"},"datePublished":"2022-04-01T07:36:53+00:00","dateModified":"2023-06-20T09:45:43+00:00","description":"Rosenthal hat mit Falda Weiss eine unverwechselbare und faszinierende Kollektion geschaffen. Dieses elegante und moderne M\u00f6belst\u00fcck hat eine abgerundete,","breadcrumb":{"@id":"https:\/\/www.erresse-shop.it\/de\/shop\/einrichtung-haus\/vasen\/rosenthal-vase-falda-27-cm-weis\/#breadcrumb"},"inLanguage":"de-DE","potentialAction":[{"@type":"ReadAction","target":["https:\/\/www.erresse-shop.it\/de\/shop\/einrichtung-haus\/vasen\/rosenthal-vase-falda-27-cm-weis\/"]}]},{"@type":"BreadcrumbList","@id":"https:\/\/www.erresse-shop.it\/de\/shop\/einrichtung-haus\/vasen\/rosenthal-vase-falda-27-cm-weis\/#breadcrumb","itemListElement":[{"@type":"ListItem","position":1,"name":"Home","item":"https:\/\/www.erresse-shop.it\/de\/"},{"@type":"ListItem","position":2,"name":"Shop","item":"https:\/\/www.erresse-shop.it\/de\/shop\/"},{"@type":"ListItem","position":3,"name":"ROSENTHAL Vase Falda 27 cm Wei\u00df"}]},{"@type":"WebSite","@id":"https:\/\/www.erresse-shop.it\/de\/#website","url":"https:\/\/www.erresse-shop.it\/de\/","name":"Erresse Shop","description":"Articoli di qualit\u00e0 per la casa","potentialAction":[{"@type":"SearchAction","target":{"@type":"EntryPoint","urlTemplate":"https:\/\/www.erresse-shop.it\/de\/?s={search_term_string}"},"query-input":"required name=search_term_string"}],"inLanguage":"de-DE"}]}},"df_price":264,"df_sale_price":264,"df_regular_price":480,"df_image_link":"https:\/\/www.erresse-shop.it\/wp-content\/uploads\/2022\/04\/Vaso-Falda-Weiss-27cm-2-300x300.jpg","_links":{"self":[{"href":"https:\/\/www.erresse-shop.it\/de\/wp-json\/wp\/v2\/product\/148396"}],"collection":[{"href":"https:\/\/www.erresse-shop.it\/de\/wp-json\/wp\/v2\/product"}],"about":[{"href":"https:\/\/www.erresse-shop.it\/de\/wp-json\/wp\/v2\/types\/product"}],"wp:featuredmedia":[{"embeddable":true,"href":"https:\/\/www.erresse-shop.it\/de\/wp-json\/wp\/v2\/media\/148405"}],"wp:attachment":[{"href":"https:\/\/www.erresse-shop.it\/de\/wp-json\/wp\/v2\/media?parent=148396"}],"wp:term":[{"taxonomy":"product_cat","embeddable":true,"href":"https:\/\/www.erresse-shop.it\/de\/wp-json\/wp\/v2\/product_cat?post=148396"},{"taxonomy":"product_tag","embeddable":true,"href":"https:\/\/www.erresse-shop.it\/de\/wp-json\/wp\/v2\/product_tag?post=148396"}],"curies":[{"name":"wp","href":"https:\/\/api.w.org\/{rel}","templated":true}]}}