{"id":148305,"date":"2022-04-01T06:27:20","date_gmt":"2022-04-01T06:27:22","guid":{"rendered":"https:\/\/www.erresse-shop.it\/?post_type=product&#038;p=148305"},"modified":"2023-07-08T00:14:59","modified_gmt":"2023-07-08T00:14:59","slug":"rosenthal-la-chute-vase-26-cm-gold","status":"publish","type":"product","link":"https:\/\/www.erresse-shop.it\/de\/shop\/einrichtung-haus\/vasen\/rosenthal-la-chute-vase-26-cm-gold\/","title":{"rendered":"ROSENTHAL La Chute Vase 26 cm Gold"},"content":{"rendered":"<p>La Chute ist eine dekorative Vase, die von C\u00e9dric Ragot f\u00fcr Rosenthal entworfen wurde. Es handelt sich um ein Porzellanobjekt mit einer glatten, leuchtenden Oberfl\u00e4che.<br \/>\nDie Vereinigung zweier K\u00f6rper, die im Akt der Verschmelzung miteinander gefangen sind, kristallisiert sich in Zeit und Raum. Die Vase La Chute beschreibt das Konzept der Sch\u00f6pfung und der Unendlichkeit und h\u00e4lt einen unwiederholbaren Moment f\u00fcr immer fest. Dieses unverzichtbare, plastische und malerische Accessoire verleiht der Umgebung, in der es aufgestellt wird, eine einzigartige Note.<\/p>\n<p><strong>Material:<\/strong> Porzellan<br \/>\n<strong>Sammlung:<\/strong> La Chute<\/p>\n","protected":false},"excerpt":{"rendered":"<p>La Chute ist eine dekorative Vase, die von C\u00e9dric Ragot f\u00fcr Rosenthal entworfen wurde. Es handelt sich um ein Porzellanobjekt<\/p>\n","protected":false},"featured_media":148314,"template":"","meta":{"_acf_changed":false,"inline_featured_image":false},"product_cat":[6817,14421],"product_tag":[23911,23691,18563,11847],"acf":[],"yoast_head":"<!-- This site is optimized with the Yoast SEO Premium plugin v18.6 (Yoast SEO v19.13) - https:\/\/yoast.com\/wordpress\/plugins\/seo\/ -->\n<title>ROSENTHAL La Chute Vase 26 cm Gold - Erresse Shop<\/title>\n<meta name=\"description\" content=\"La Chute ist eine dekorative Vase, die von C\u00e9dric Ragot f\u00fcr Rosenthal entworfen wurde. Es handelt sich um ein Porzellanobjekt mit einer glatten,\" \/>\n<meta name=\"robots\" content=\"index, follow, max-snippet:-1, max-image-preview:large, max-video-preview:-1\" \/>\n<link rel=\"canonical\" href=\"https:\/\/www.erresse-shop.it\/de\/shop\/einrichtung-haus\/vasen\/rosenthal-la-chute-vase-26-cm-gold\/\" \/>\n<meta property=\"og:locale\" content=\"de_DE\" \/>\n<meta property=\"og:type\" content=\"article\" \/>\n<meta property=\"og:title\" content=\"ROSENTHAL La Chute Vase 26 cm Gold\" \/>\n<meta property=\"og:description\" content=\"La Chute ist eine dekorative Vase, die von C\u00e9dric Ragot f\u00fcr Rosenthal entworfen wurde. Es handelt sich um ein Porzellanobjekt mit einer glatten,\" \/>\n<meta property=\"og:url\" content=\"https:\/\/www.erresse-shop.it\/de\/shop\/einrichtung-haus\/vasen\/rosenthal-la-chute-vase-26-cm-gold\/\" \/>\n<meta property=\"og:site_name\" content=\"Erresse Shop\" \/>\n<meta property=\"article:modified_time\" content=\"2023-07-08T00:14:59+00:00\" \/>\n<meta property=\"og:image\" content=\"https:\/\/www.erresse-shop.it\/wp-content\/uploads\/2022\/04\/Vaso-La-Chute-Gold-26cm-1.jpg\" \/>\n\t<meta property=\"og:image:width\" content=\"1000\" \/>\n\t<meta property=\"og:image:height\" content=\"1000\" \/>\n\t<meta property=\"og:image:type\" content=\"image\/jpeg\" \/>\n<meta name=\"twitter:card\" content=\"summary_large_image\" \/>\n<script type=\"application\/ld+json\" class=\"yoast-schema-graph\">{\"@context\":\"https:\/\/schema.org\",\"@graph\":[{\"@type\":\"WebPage\",\"@id\":\"https:\/\/www.erresse-shop.it\/de\/shop\/einrichtung-haus\/vasen\/rosenthal-la-chute-vase-26-cm-gold\/\",\"url\":\"https:\/\/www.erresse-shop.it\/de\/shop\/einrichtung-haus\/vasen\/rosenthal-la-chute-vase-26-cm-gold\/\",\"name\":\"ROSENTHAL La Chute Vase 26 cm Gold - Erresse Shop\",\"isPartOf\":{\"@id\":\"https:\/\/www.erresse-shop.it\/de\/#website\"},\"datePublished\":\"2022-04-01T06:27:22+00:00\",\"dateModified\":\"2023-07-08T00:14:59+00:00\",\"description\":\"La Chute ist eine dekorative Vase, die von C\u00e9dric Ragot f\u00fcr Rosenthal entworfen wurde. Es handelt sich um ein Porzellanobjekt mit einer glatten,\",\"breadcrumb\":{\"@id\":\"https:\/\/www.erresse-shop.it\/de\/shop\/einrichtung-haus\/vasen\/rosenthal-la-chute-vase-26-cm-gold\/#breadcrumb\"},\"inLanguage\":\"de-DE\",\"potentialAction\":[{\"@type\":\"ReadAction\",\"target\":[\"https:\/\/www.erresse-shop.it\/de\/shop\/einrichtung-haus\/vasen\/rosenthal-la-chute-vase-26-cm-gold\/\"]}]},{\"@type\":\"BreadcrumbList\",\"@id\":\"https:\/\/www.erresse-shop.it\/de\/shop\/einrichtung-haus\/vasen\/rosenthal-la-chute-vase-26-cm-gold\/#breadcrumb\",\"itemListElement\":[{\"@type\":\"ListItem\",\"position\":1,\"name\":\"Home\",\"item\":\"https:\/\/www.erresse-shop.it\/de\/\"},{\"@type\":\"ListItem\",\"position\":2,\"name\":\"Shop\",\"item\":\"https:\/\/www.erresse-shop.it\/de\/shop\/\"},{\"@type\":\"ListItem\",\"position\":3,\"name\":\"ROSENTHAL La Chute Vase 26 cm Gold\"}]},{\"@type\":\"WebSite\",\"@id\":\"https:\/\/www.erresse-shop.it\/de\/#website\",\"url\":\"https:\/\/www.erresse-shop.it\/de\/\",\"name\":\"Erresse Shop\",\"description\":\"Articoli di qualit\u00e0 per la casa\",\"potentialAction\":[{\"@type\":\"SearchAction\",\"target\":{\"@type\":\"EntryPoint\",\"urlTemplate\":\"https:\/\/www.erresse-shop.it\/de\/?s={search_term_string}\"},\"query-input\":\"required name=search_term_string\"}],\"inLanguage\":\"de-DE\"}]}<\/script>\n<!-- \/ Yoast SEO Premium plugin. -->","yoast_head_json":{"title":"ROSENTHAL La Chute Vase 26 cm Gold - Erresse Shop","description":"La Chute ist eine dekorative Vase, die von C\u00e9dric Ragot f\u00fcr Rosenthal entworfen wurde. Es handelt sich um ein Porzellanobjekt mit einer glatten,","robots":{"index":"index","follow":"follow","max-snippet":"max-snippet:-1","max-image-preview":"max-image-preview:large","max-video-preview":"max-video-preview:-1"},"canonical":"https:\/\/www.erresse-shop.it\/de\/shop\/einrichtung-haus\/vasen\/rosenthal-la-chute-vase-26-cm-gold\/","og_locale":"de_DE","og_type":"article","og_title":"ROSENTHAL La Chute Vase 26 cm Gold","og_description":"La Chute ist eine dekorative Vase, die von C\u00e9dric Ragot f\u00fcr Rosenthal entworfen wurde. Es handelt sich um ein Porzellanobjekt mit einer glatten,","og_url":"https:\/\/www.erresse-shop.it\/de\/shop\/einrichtung-haus\/vasen\/rosenthal-la-chute-vase-26-cm-gold\/","og_site_name":"Erresse Shop","article_modified_time":"2023-07-08T00:14:59+00:00","og_image":[{"width":1000,"height":1000,"url":"https:\/\/www.erresse-shop.it\/wp-content\/uploads\/2022\/04\/Vaso-La-Chute-Gold-26cm-1.jpg","type":"image\/jpeg"}],"twitter_card":"summary_large_image","schema":{"@context":"https:\/\/schema.org","@graph":[{"@type":"WebPage","@id":"https:\/\/www.erresse-shop.it\/de\/shop\/einrichtung-haus\/vasen\/rosenthal-la-chute-vase-26-cm-gold\/","url":"https:\/\/www.erresse-shop.it\/de\/shop\/einrichtung-haus\/vasen\/rosenthal-la-chute-vase-26-cm-gold\/","name":"ROSENTHAL La Chute Vase 26 cm Gold - Erresse Shop","isPartOf":{"@id":"https:\/\/www.erresse-shop.it\/de\/#website"},"datePublished":"2022-04-01T06:27:22+00:00","dateModified":"2023-07-08T00:14:59+00:00","description":"La Chute ist eine dekorative Vase, die von C\u00e9dric Ragot f\u00fcr Rosenthal entworfen wurde. Es handelt sich um ein Porzellanobjekt mit einer glatten,","breadcrumb":{"@id":"https:\/\/www.erresse-shop.it\/de\/shop\/einrichtung-haus\/vasen\/rosenthal-la-chute-vase-26-cm-gold\/#breadcrumb"},"inLanguage":"de-DE","potentialAction":[{"@type":"ReadAction","target":["https:\/\/www.erresse-shop.it\/de\/shop\/einrichtung-haus\/vasen\/rosenthal-la-chute-vase-26-cm-gold\/"]}]},{"@type":"BreadcrumbList","@id":"https:\/\/www.erresse-shop.it\/de\/shop\/einrichtung-haus\/vasen\/rosenthal-la-chute-vase-26-cm-gold\/#breadcrumb","itemListElement":[{"@type":"ListItem","position":1,"name":"Home","item":"https:\/\/www.erresse-shop.it\/de\/"},{"@type":"ListItem","position":2,"name":"Shop","item":"https:\/\/www.erresse-shop.it\/de\/shop\/"},{"@type":"ListItem","position":3,"name":"ROSENTHAL La Chute Vase 26 cm Gold"}]},{"@type":"WebSite","@id":"https:\/\/www.erresse-shop.it\/de\/#website","url":"https:\/\/www.erresse-shop.it\/de\/","name":"Erresse Shop","description":"Articoli di qualit\u00e0 per la casa","potentialAction":[{"@type":"SearchAction","target":{"@type":"EntryPoint","urlTemplate":"https:\/\/www.erresse-shop.it\/de\/?s={search_term_string}"},"query-input":"required name=search_term_string"}],"inLanguage":"de-DE"}]}},"df_price":197.45000000000002,"df_sale_price":197.45000000000002,"df_regular_price":359,"df_image_link":"https:\/\/www.erresse-shop.it\/wp-content\/uploads\/2022\/04\/Vaso-La-Chute-Gold-26cm-1-300x300.jpg","_links":{"self":[{"href":"https:\/\/www.erresse-shop.it\/de\/wp-json\/wp\/v2\/product\/148305"}],"collection":[{"href":"https:\/\/www.erresse-shop.it\/de\/wp-json\/wp\/v2\/product"}],"about":[{"href":"https:\/\/www.erresse-shop.it\/de\/wp-json\/wp\/v2\/types\/product"}],"wp:featuredmedia":[{"embeddable":true,"href":"https:\/\/www.erresse-shop.it\/de\/wp-json\/wp\/v2\/media\/148314"}],"wp:attachment":[{"href":"https:\/\/www.erresse-shop.it\/de\/wp-json\/wp\/v2\/media?parent=148305"}],"wp:term":[{"taxonomy":"product_cat","embeddable":true,"href":"https:\/\/www.erresse-shop.it\/de\/wp-json\/wp\/v2\/product_cat?post=148305"},{"taxonomy":"product_tag","embeddable":true,"href":"https:\/\/www.erresse-shop.it\/de\/wp-json\/wp\/v2\/product_tag?post=148305"}],"curies":[{"name":"wp","href":"https:\/\/api.w.org\/{rel}","templated":true}]}}