{"id":148270,"date":"2022-03-31T14:35:16","date_gmt":"2022-03-31T14:35:18","guid":{"rendered":"https:\/\/www.erresse-shop.it\/?post_type=product&#038;p=148270"},"modified":"2025-01-22T07:20:27","modified_gmt":"2025-01-22T07:20:27","slug":"zwilling-4er-set-glatte-steakmesser","status":"publish","type":"product","link":"https:\/\/www.erresse-shop.it\/de\/shop\/kuche\/messer\/zwilling-4er-set-glatte-steakmesser\/","title":{"rendered":"ZWILLING 4er-Set glatte Steakmesser"},"content":{"rendered":"<p>Das <strong>ZWILLING\u00ae<\/strong> Steakmesser 4er-Set ist ideal f\u00fcr Liebhaber eines guten Steaks. Es besticht nicht nur durch die hohe Qualit\u00e4t seiner Materialien und die Sch\u00e4rfe der Klingen, mit denen man m\u00fchelos in das Fleisch eindringen kann, sondern auch durch das von Matteo Thun und Antonio Rodriguez entworfene Design. Die Messerklingen dieses ZWILLING\u00ae Sets sind 12 cm lang und aus robustem und langlebigem Edelstahl gefertigt. Die Griffe sind aus Acrylnitril-Butadien-Styrol oder ABS gefertigt. Dieses Material ist au\u00dferdem sehr robust und widerstandsf\u00e4hig gegen \u00e4u\u00dfere Einfl\u00fcsse. Selbst nach jahrelangem Gebrauch behalten die ABS-Griffe ihre \u00c4sthetik. Sie sind am Ende etwas breiter, was sie bequemer und beim Schneiden weniger rutschig macht. Griff und Klinge sind durch drei Nieten miteinander verbunden und verleihen dem Messerset ein klassisches Aussehen, das seit vielen Jahren beliebt ist und es auch in Zukunft sein wird.<\/p>\n<ul>\n<li>Robuste, korrosionsbest\u00e4ndige und flexible Klingen aus rostfreiem Spezialstahl<\/li>\n<li>Perfekt ausgewuchtete Klingen f\u00fcr erm\u00fcdungsfreies Arbeiten<\/li>\n<li>Ergonomische Griffe mit Drei-Nieten-Design<\/li>\n<li>Hochwertiger Holzklotz, daher auch perfekt als Geschenk geeignet<\/li>\n<\/ul>\n","protected":false},"excerpt":{"rendered":"<p>Das ZWILLING\u00ae Steakmesser 4er-Set ist ideal f\u00fcr Liebhaber eines guten Steaks. Es besticht nicht nur durch die hohe Qualit\u00e4t seiner<\/p>\n","protected":false},"featured_media":148297,"template":"","meta":{"_acf_changed":false,"inline_featured_image":false},"product_cat":[6742,6706,6766],"product_tag":[11395,11397,11529,24604,11405,11861,15405,17319,23248,11658],"acf":[],"yoast_head":"<!-- This site is optimized with the Yoast SEO Premium plugin v18.6 (Yoast SEO v19.13) - https:\/\/yoast.com\/wordpress\/plugins\/seo\/ -->\n<title>ZWILLING 4er-Set glatte Steakmesser<\/title>\n<meta name=\"description\" content=\"Entdecken Sie ZWILLING 4er-Set glatte Steakmesser bei ErresseShop. Qualit\u00e4t, Stil und Funktionalit\u00e4t \u2013 jetzt online bestellen!\" \/>\n<meta name=\"robots\" content=\"index, follow, max-snippet:-1, max-image-preview:large, max-video-preview:-1\" \/>\n<link rel=\"canonical\" href=\"https:\/\/www.erresse-shop.it\/de\/shop\/kuche\/messer\/zwilling-4er-set-glatte-steakmesser\/\" \/>\n<meta property=\"og:locale\" content=\"de_DE\" \/>\n<meta property=\"og:type\" content=\"article\" \/>\n<meta property=\"og:title\" content=\"ZWILLING 4er-Set glatte Steakmesser\" \/>\n<meta property=\"og:description\" content=\"Entdecken Sie ZWILLING 4er-Set glatte Steakmesser bei ErresseShop. Qualit\u00e4t, Stil und Funktionalit\u00e4t \u2013 jetzt online bestellen!\" \/>\n<meta property=\"og:url\" content=\"https:\/\/www.erresse-shop.it\/de\/shop\/kuche\/messer\/zwilling-4er-set-glatte-steakmesser\/\" \/>\n<meta property=\"og:site_name\" content=\"Erresse Shop\" \/>\n<meta property=\"article:modified_time\" content=\"2025-01-22T07:20:27+00:00\" \/>\n<meta property=\"og:image\" content=\"https:\/\/www.erresse-shop.it\/wp-content\/uploads\/2022\/03\/ZWILLING-Set-4-coltelli-bistecca-liscio-Professional-S.jpg\" \/>\n\t<meta property=\"og:image:width\" content=\"1000\" \/>\n\t<meta property=\"og:image:height\" content=\"1000\" \/>\n\t<meta property=\"og:image:type\" content=\"image\/jpeg\" \/>\n<meta name=\"twitter:card\" content=\"summary_large_image\" \/>\n<script type=\"application\/ld+json\" class=\"yoast-schema-graph\">{\"@context\":\"https:\/\/schema.org\",\"@graph\":[{\"@type\":\"WebPage\",\"@id\":\"https:\/\/www.erresse-shop.it\/de\/shop\/kuche\/messer\/zwilling-4er-set-glatte-steakmesser\/\",\"url\":\"https:\/\/www.erresse-shop.it\/de\/shop\/kuche\/messer\/zwilling-4er-set-glatte-steakmesser\/\",\"name\":\"ZWILLING 4er-Set glatte Steakmesser\",\"isPartOf\":{\"@id\":\"https:\/\/www.erresse-shop.it\/de\/#website\"},\"datePublished\":\"2022-03-31T14:35:18+00:00\",\"dateModified\":\"2025-01-22T07:20:27+00:00\",\"description\":\"Entdecken Sie ZWILLING 4er-Set glatte Steakmesser bei ErresseShop. Qualit\u00e4t, Stil und Funktionalit\u00e4t \u2013 jetzt online bestellen!\",\"breadcrumb\":{\"@id\":\"https:\/\/www.erresse-shop.it\/de\/shop\/kuche\/messer\/zwilling-4er-set-glatte-steakmesser\/#breadcrumb\"},\"inLanguage\":\"de-DE\",\"potentialAction\":[{\"@type\":\"ReadAction\",\"target\":[\"https:\/\/www.erresse-shop.it\/de\/shop\/kuche\/messer\/zwilling-4er-set-glatte-steakmesser\/\"]}]},{\"@type\":\"BreadcrumbList\",\"@id\":\"https:\/\/www.erresse-shop.it\/de\/shop\/kuche\/messer\/zwilling-4er-set-glatte-steakmesser\/#breadcrumb\",\"itemListElement\":[{\"@type\":\"ListItem\",\"position\":1,\"name\":\"Home\",\"item\":\"https:\/\/www.erresse-shop.it\/de\/\"},{\"@type\":\"ListItem\",\"position\":2,\"name\":\"Shop\",\"item\":\"https:\/\/www.erresse-shop.it\/de\/shop\/\"},{\"@type\":\"ListItem\",\"position\":3,\"name\":\"ZWILLING 4er-Set glatte Steakmesser\"}]},{\"@type\":\"WebSite\",\"@id\":\"https:\/\/www.erresse-shop.it\/de\/#website\",\"url\":\"https:\/\/www.erresse-shop.it\/de\/\",\"name\":\"Erresse Shop\",\"description\":\"Articoli di qualit\u00e0 per la casa\",\"potentialAction\":[{\"@type\":\"SearchAction\",\"target\":{\"@type\":\"EntryPoint\",\"urlTemplate\":\"https:\/\/www.erresse-shop.it\/de\/?s={search_term_string}\"},\"query-input\":\"required name=search_term_string\"}],\"inLanguage\":\"de-DE\"}]}<\/script>\n<!-- \/ Yoast SEO Premium plugin. -->","yoast_head_json":{"title":"ZWILLING 4er-Set glatte Steakmesser","description":"Entdecken Sie ZWILLING 4er-Set glatte Steakmesser bei ErresseShop. Qualit\u00e4t, Stil und Funktionalit\u00e4t \u2013 jetzt online bestellen!","robots":{"index":"index","follow":"follow","max-snippet":"max-snippet:-1","max-image-preview":"max-image-preview:large","max-video-preview":"max-video-preview:-1"},"canonical":"https:\/\/www.erresse-shop.it\/de\/shop\/kuche\/messer\/zwilling-4er-set-glatte-steakmesser\/","og_locale":"de_DE","og_type":"article","og_title":"ZWILLING 4er-Set glatte Steakmesser","og_description":"Entdecken Sie ZWILLING 4er-Set glatte Steakmesser bei ErresseShop. Qualit\u00e4t, Stil und Funktionalit\u00e4t \u2013 jetzt online bestellen!","og_url":"https:\/\/www.erresse-shop.it\/de\/shop\/kuche\/messer\/zwilling-4er-set-glatte-steakmesser\/","og_site_name":"Erresse Shop","article_modified_time":"2025-01-22T07:20:27+00:00","og_image":[{"width":1000,"height":1000,"url":"https:\/\/www.erresse-shop.it\/wp-content\/uploads\/2022\/03\/ZWILLING-Set-4-coltelli-bistecca-liscio-Professional-S.jpg","type":"image\/jpeg"}],"twitter_card":"summary_large_image","schema":{"@context":"https:\/\/schema.org","@graph":[{"@type":"WebPage","@id":"https:\/\/www.erresse-shop.it\/de\/shop\/kuche\/messer\/zwilling-4er-set-glatte-steakmesser\/","url":"https:\/\/www.erresse-shop.it\/de\/shop\/kuche\/messer\/zwilling-4er-set-glatte-steakmesser\/","name":"ZWILLING 4er-Set glatte Steakmesser","isPartOf":{"@id":"https:\/\/www.erresse-shop.it\/de\/#website"},"datePublished":"2022-03-31T14:35:18+00:00","dateModified":"2025-01-22T07:20:27+00:00","description":"Entdecken Sie ZWILLING 4er-Set glatte Steakmesser bei ErresseShop. Qualit\u00e4t, Stil und Funktionalit\u00e4t \u2013 jetzt online bestellen!","breadcrumb":{"@id":"https:\/\/www.erresse-shop.it\/de\/shop\/kuche\/messer\/zwilling-4er-set-glatte-steakmesser\/#breadcrumb"},"inLanguage":"de-DE","potentialAction":[{"@type":"ReadAction","target":["https:\/\/www.erresse-shop.it\/de\/shop\/kuche\/messer\/zwilling-4er-set-glatte-steakmesser\/"]}]},{"@type":"BreadcrumbList","@id":"https:\/\/www.erresse-shop.it\/de\/shop\/kuche\/messer\/zwilling-4er-set-glatte-steakmesser\/#breadcrumb","itemListElement":[{"@type":"ListItem","position":1,"name":"Home","item":"https:\/\/www.erresse-shop.it\/de\/"},{"@type":"ListItem","position":2,"name":"Shop","item":"https:\/\/www.erresse-shop.it\/de\/shop\/"},{"@type":"ListItem","position":3,"name":"ZWILLING 4er-Set glatte Steakmesser"}]},{"@type":"WebSite","@id":"https:\/\/www.erresse-shop.it\/de\/#website","url":"https:\/\/www.erresse-shop.it\/de\/","name":"Erresse Shop","description":"Articoli di qualit\u00e0 per la casa","potentialAction":[{"@type":"SearchAction","target":{"@type":"EntryPoint","urlTemplate":"https:\/\/www.erresse-shop.it\/de\/?s={search_term_string}"},"query-input":"required name=search_term_string"}],"inLanguage":"de-DE"}]}},"df_price":27.475,"df_sale_price":27.475,"df_regular_price":54.95,"df_image_link":"https:\/\/www.erresse-shop.it\/wp-content\/uploads\/2022\/03\/ZWILLING-Set-4-coltelli-bistecca-liscio-Professional-S-300x300.jpg","_links":{"self":[{"href":"https:\/\/www.erresse-shop.it\/de\/wp-json\/wp\/v2\/product\/148270"}],"collection":[{"href":"https:\/\/www.erresse-shop.it\/de\/wp-json\/wp\/v2\/product"}],"about":[{"href":"https:\/\/www.erresse-shop.it\/de\/wp-json\/wp\/v2\/types\/product"}],"wp:featuredmedia":[{"embeddable":true,"href":"https:\/\/www.erresse-shop.it\/de\/wp-json\/wp\/v2\/media\/148297"}],"wp:attachment":[{"href":"https:\/\/www.erresse-shop.it\/de\/wp-json\/wp\/v2\/media?parent=148270"}],"wp:term":[{"taxonomy":"product_cat","embeddable":true,"href":"https:\/\/www.erresse-shop.it\/de\/wp-json\/wp\/v2\/product_cat?post=148270"},{"taxonomy":"product_tag","embeddable":true,"href":"https:\/\/www.erresse-shop.it\/de\/wp-json\/wp\/v2\/product_tag?post=148270"}],"curies":[{"name":"wp","href":"https:\/\/api.w.org\/{rel}","templated":true}]}}