{"id":148220,"date":"2022-03-31T13:55:44","date_gmt":"2022-03-31T13:55:45","guid":{"rendered":"https:\/\/www.erresse-shop.it\/?post_type=product&#038;p=148220"},"modified":"2025-01-17T11:09:13","modified_gmt":"2025-01-17T11:09:13","slug":"marcato-nudelmaschine-otello-champagne","status":"publish","type":"product","link":"https:\/\/www.erresse-shop.it\/de\/shop\/kuche\/nudelmaschinen\/marcato-nudelmaschine-otello-champagne\/","title":{"rendered":"MARCATO Nudelmaschine Otello Champagne"},"content":{"rendered":"<p><strong>Marcato Lebensstil<\/strong><\/p>\n<p>Die K\u00fcche ist der Ort, an dem man sich mit seinen Liebsten trifft, der Ort, an dem man sich nach einem Arbeitstag trifft, der Ort, an dem man sich um den Tisch versammelt. Die K\u00fcche sollte ein entspannender, familienfreundlicher Ort sein.<br \/>\nSeit 1930 stellen wir mit Leidenschaft Produkte her, die Menschen gl\u00fccklich machen! Die Kultur der gesunden Ern\u00e4hrung ist der erste Schritt zum Wohlbefinden: angefangen bei der Pasta aus einfachen und unverf\u00e4lschten Zutaten, dem Symbol der Mittelmeerdi\u00e4t. Alle Produkte von Marcato sind f\u00fcr Liebhaber von kunstvoll gefertigten Dingen und f\u00fcr diejenigen, die die Freude an einer gesunden und sicheren Ern\u00e4hrung wiederentdeckt haben.<\/p>\n<p>Otello ist eine Maschine in<strong> limitierter Auflage<\/strong>, die das urspr\u00fcngliche Projekt des Firmengr\u00fcnders feiert und das historische Design mit modernen Technologien, wertvollen Materialien und exklusiven Verarbeitungen neu interpretiert.<\/p>\n<p><strong>Der Entwurf<\/strong><\/p>\n<p>Im urspr\u00fcnglichen Entwurf pr\u00e4sentierte Otello Marcato avantgardistische L\u00f6sungen wie den Regler, mit dem die Dicke des Nudelblatts in 7 Positionen ver\u00e4ndert werden kann.<br \/>\nDie moderne Version der Maschine kombiniert das urspr\u00fcngliche Design mit modernen Oberfl\u00e4chen: Die Walzen sind aus einer eloxierten Aluminiumlegierung, w\u00e4hrend das Material der K\u00e4mme und Abstreifer aus Technopolymer besteht.<\/p>\n<p><strong>Der Wald<\/strong><\/p>\n<p>Die Sockel und Griffkn\u00f6pfe sind aus massivem Wengeholz gefertigt. Sie verleihen einen Vintage-Look, ohne auf die f\u00fcr Marcato-Produkte typische Stabilit\u00e4t und Widerstandsf\u00e4higkeit zu verzichten. Das Holz wird mit nat\u00fcrlichem \u00d6l behandelt, um seine Widerstandsf\u00e4higkeit und Haltbarkeit zu erh\u00f6hen.<\/p>\n<p><strong>Beendet<\/strong><\/p>\n<p>Die Struktur von Otello besteht aus verchromtem Aluminium mit PVD-Behandlung (Physical Vapor Deposition), einem Verfahren, bei dem eine d\u00fcnne Metallschicht auf das Chrom aufgetragen wird, was einen spektakul\u00e4ren \u00e4sthetischen Effekt und eine H\u00e4rtung der Oberfl\u00e4che garantiert.<\/p>\n<p><strong>Eine italienische Ikone<\/strong><\/p>\n<p>Otello ist ein Sammlerst\u00fcck in limitierter Auflage, das von uns entworfen und hergestellt wird, um italienisches Design weltweit zu repr\u00e4sentieren. Otello ist aber auch eine echte Frischnudelmaschine, mit der Sie Nudelbl\u00e4tter, Fettuccine und Tagliolini zubereiten k\u00f6nnen.<\/p>\n<p>Mit Otello k\u00f6nnen Sie Lasagne mit einer maximalen Breite von 150 mm, Fettuccine von 6,5 mm und Tagliolini von 1,5 mm herstellen.<\/p>\n<p><span style=\"text-decoration: underline;\"><strong>Zubeh\u00f6r<\/strong><\/span><\/p>\n<p>Otello wird mit einer Klemme verkauft, die einen festen Halt auf der Tischplatte erm\u00f6glicht.<\/p>\n","protected":false},"excerpt":{"rendered":"<p>Marcato Lebensstil Die K\u00fcche ist der Ort, an dem man sich mit seinen Liebsten trifft, der Ort, an dem man<\/p>\n","protected":false},"featured_media":148267,"template":"","meta":{"_acf_changed":false,"inline_featured_image":false},"product_cat":[6742,12942],"product_tag":[11913,14833,16811],"acf":[],"yoast_head":"<!-- This site is optimized with the Yoast SEO Premium plugin v18.6 (Yoast SEO v19.13) - https:\/\/yoast.com\/wordpress\/plugins\/seo\/ -->\n<title>MARCATO Nudelmaschine Otello Champagne<\/title>\n<meta name=\"description\" content=\"Entdecken Sie MARCATO Nudelmaschine Otello Champagne bei ErresseShop. Qualit\u00e4t, Stil und Funktionalit\u00e4t \u2013 jetzt online bestellen!\" \/>\n<meta name=\"robots\" content=\"index, follow, max-snippet:-1, max-image-preview:large, max-video-preview:-1\" \/>\n<link rel=\"canonical\" href=\"https:\/\/www.erresse-shop.it\/de\/shop\/kuche\/nudelmaschinen\/marcato-nudelmaschine-otello-champagne\/\" \/>\n<meta property=\"og:locale\" content=\"de_DE\" \/>\n<meta property=\"og:type\" content=\"article\" \/>\n<meta property=\"og:title\" content=\"MARCATO Nudelmaschine Otello Champagne\" \/>\n<meta property=\"og:description\" content=\"Entdecken Sie MARCATO Nudelmaschine Otello Champagne bei ErresseShop. Qualit\u00e4t, Stil und Funktionalit\u00e4t \u2013 jetzt online bestellen!\" \/>\n<meta property=\"og:url\" content=\"https:\/\/www.erresse-shop.it\/de\/shop\/kuche\/nudelmaschinen\/marcato-nudelmaschine-otello-champagne\/\" \/>\n<meta property=\"og:site_name\" content=\"Erresse Shop\" \/>\n<meta property=\"article:modified_time\" content=\"2025-01-17T11:09:13+00:00\" \/>\n<meta property=\"og:image\" content=\"https:\/\/www.erresse-shop.it\/wp-content\/uploads\/2022\/03\/MARCATO-Macchina-per-Pasta-Otello-Champagne.jpg\" \/>\n\t<meta property=\"og:image:width\" content=\"1000\" \/>\n\t<meta property=\"og:image:height\" content=\"1000\" \/>\n\t<meta property=\"og:image:type\" content=\"image\/jpeg\" \/>\n<meta name=\"twitter:card\" content=\"summary_large_image\" \/>\n<script type=\"application\/ld+json\" class=\"yoast-schema-graph\">{\"@context\":\"https:\/\/schema.org\",\"@graph\":[{\"@type\":\"WebPage\",\"@id\":\"https:\/\/www.erresse-shop.it\/de\/shop\/kuche\/nudelmaschinen\/marcato-nudelmaschine-otello-champagne\/\",\"url\":\"https:\/\/www.erresse-shop.it\/de\/shop\/kuche\/nudelmaschinen\/marcato-nudelmaschine-otello-champagne\/\",\"name\":\"MARCATO Nudelmaschine Otello Champagne\",\"isPartOf\":{\"@id\":\"https:\/\/www.erresse-shop.it\/de\/#website\"},\"datePublished\":\"2022-03-31T13:55:45+00:00\",\"dateModified\":\"2025-01-17T11:09:13+00:00\",\"description\":\"Entdecken Sie MARCATO Nudelmaschine Otello Champagne bei ErresseShop. Qualit\u00e4t, Stil und Funktionalit\u00e4t \u2013 jetzt online bestellen!\",\"breadcrumb\":{\"@id\":\"https:\/\/www.erresse-shop.it\/de\/shop\/kuche\/nudelmaschinen\/marcato-nudelmaschine-otello-champagne\/#breadcrumb\"},\"inLanguage\":\"de-DE\",\"potentialAction\":[{\"@type\":\"ReadAction\",\"target\":[\"https:\/\/www.erresse-shop.it\/de\/shop\/kuche\/nudelmaschinen\/marcato-nudelmaschine-otello-champagne\/\"]}]},{\"@type\":\"BreadcrumbList\",\"@id\":\"https:\/\/www.erresse-shop.it\/de\/shop\/kuche\/nudelmaschinen\/marcato-nudelmaschine-otello-champagne\/#breadcrumb\",\"itemListElement\":[{\"@type\":\"ListItem\",\"position\":1,\"name\":\"Home\",\"item\":\"https:\/\/www.erresse-shop.it\/de\/\"},{\"@type\":\"ListItem\",\"position\":2,\"name\":\"Shop\",\"item\":\"https:\/\/www.erresse-shop.it\/de\/shop\/\"},{\"@type\":\"ListItem\",\"position\":3,\"name\":\"MARCATO Nudelmaschine Otello Champagne\"}]},{\"@type\":\"WebSite\",\"@id\":\"https:\/\/www.erresse-shop.it\/de\/#website\",\"url\":\"https:\/\/www.erresse-shop.it\/de\/\",\"name\":\"Erresse Shop\",\"description\":\"Articoli di qualit\u00e0 per la casa\",\"potentialAction\":[{\"@type\":\"SearchAction\",\"target\":{\"@type\":\"EntryPoint\",\"urlTemplate\":\"https:\/\/www.erresse-shop.it\/de\/?s={search_term_string}\"},\"query-input\":\"required name=search_term_string\"}],\"inLanguage\":\"de-DE\"}]}<\/script>\n<!-- \/ Yoast SEO Premium plugin. -->","yoast_head_json":{"title":"MARCATO Nudelmaschine Otello Champagne","description":"Entdecken Sie MARCATO Nudelmaschine Otello Champagne bei ErresseShop. Qualit\u00e4t, Stil und Funktionalit\u00e4t \u2013 jetzt online bestellen!","robots":{"index":"index","follow":"follow","max-snippet":"max-snippet:-1","max-image-preview":"max-image-preview:large","max-video-preview":"max-video-preview:-1"},"canonical":"https:\/\/www.erresse-shop.it\/de\/shop\/kuche\/nudelmaschinen\/marcato-nudelmaschine-otello-champagne\/","og_locale":"de_DE","og_type":"article","og_title":"MARCATO Nudelmaschine Otello Champagne","og_description":"Entdecken Sie MARCATO Nudelmaschine Otello Champagne bei ErresseShop. Qualit\u00e4t, Stil und Funktionalit\u00e4t \u2013 jetzt online bestellen!","og_url":"https:\/\/www.erresse-shop.it\/de\/shop\/kuche\/nudelmaschinen\/marcato-nudelmaschine-otello-champagne\/","og_site_name":"Erresse Shop","article_modified_time":"2025-01-17T11:09:13+00:00","og_image":[{"width":1000,"height":1000,"url":"https:\/\/www.erresse-shop.it\/wp-content\/uploads\/2022\/03\/MARCATO-Macchina-per-Pasta-Otello-Champagne.jpg","type":"image\/jpeg"}],"twitter_card":"summary_large_image","schema":{"@context":"https:\/\/schema.org","@graph":[{"@type":"WebPage","@id":"https:\/\/www.erresse-shop.it\/de\/shop\/kuche\/nudelmaschinen\/marcato-nudelmaschine-otello-champagne\/","url":"https:\/\/www.erresse-shop.it\/de\/shop\/kuche\/nudelmaschinen\/marcato-nudelmaschine-otello-champagne\/","name":"MARCATO Nudelmaschine Otello Champagne","isPartOf":{"@id":"https:\/\/www.erresse-shop.it\/de\/#website"},"datePublished":"2022-03-31T13:55:45+00:00","dateModified":"2025-01-17T11:09:13+00:00","description":"Entdecken Sie MARCATO Nudelmaschine Otello Champagne bei ErresseShop. Qualit\u00e4t, Stil und Funktionalit\u00e4t \u2013 jetzt online bestellen!","breadcrumb":{"@id":"https:\/\/www.erresse-shop.it\/de\/shop\/kuche\/nudelmaschinen\/marcato-nudelmaschine-otello-champagne\/#breadcrumb"},"inLanguage":"de-DE","potentialAction":[{"@type":"ReadAction","target":["https:\/\/www.erresse-shop.it\/de\/shop\/kuche\/nudelmaschinen\/marcato-nudelmaschine-otello-champagne\/"]}]},{"@type":"BreadcrumbList","@id":"https:\/\/www.erresse-shop.it\/de\/shop\/kuche\/nudelmaschinen\/marcato-nudelmaschine-otello-champagne\/#breadcrumb","itemListElement":[{"@type":"ListItem","position":1,"name":"Home","item":"https:\/\/www.erresse-shop.it\/de\/"},{"@type":"ListItem","position":2,"name":"Shop","item":"https:\/\/www.erresse-shop.it\/de\/shop\/"},{"@type":"ListItem","position":3,"name":"MARCATO Nudelmaschine Otello Champagne"}]},{"@type":"WebSite","@id":"https:\/\/www.erresse-shop.it\/de\/#website","url":"https:\/\/www.erresse-shop.it\/de\/","name":"Erresse Shop","description":"Articoli di qualit\u00e0 per la casa","potentialAction":[{"@type":"SearchAction","target":{"@type":"EntryPoint","urlTemplate":"https:\/\/www.erresse-shop.it\/de\/?s={search_term_string}"},"query-input":"required name=search_term_string"}],"inLanguage":"de-DE"}]}},"df_price":184.95,"df_sale_price":184.95,"df_regular_price":369.9,"df_image_link":"https:\/\/www.erresse-shop.it\/wp-content\/uploads\/2022\/03\/MARCATO-Macchina-per-Pasta-Otello-Champagne-300x300.jpg","_links":{"self":[{"href":"https:\/\/www.erresse-shop.it\/de\/wp-json\/wp\/v2\/product\/148220"}],"collection":[{"href":"https:\/\/www.erresse-shop.it\/de\/wp-json\/wp\/v2\/product"}],"about":[{"href":"https:\/\/www.erresse-shop.it\/de\/wp-json\/wp\/v2\/types\/product"}],"wp:featuredmedia":[{"embeddable":true,"href":"https:\/\/www.erresse-shop.it\/de\/wp-json\/wp\/v2\/media\/148267"}],"wp:attachment":[{"href":"https:\/\/www.erresse-shop.it\/de\/wp-json\/wp\/v2\/media?parent=148220"}],"wp:term":[{"taxonomy":"product_cat","embeddable":true,"href":"https:\/\/www.erresse-shop.it\/de\/wp-json\/wp\/v2\/product_cat?post=148220"},{"taxonomy":"product_tag","embeddable":true,"href":"https:\/\/www.erresse-shop.it\/de\/wp-json\/wp\/v2\/product_tag?post=148220"}],"curies":[{"name":"wp","href":"https:\/\/api.w.org\/{rel}","templated":true}]}}